{"id":7507,"date":"2026-02-16T16:00:13","date_gmt":"2026-02-16T15:00:13","guid":{"rendered":"https:\/\/samovar.telecom-sudparis.eu\/index.php\/acmes-translated\/kokouvi-benoit-nougnanke-traduit\/"},"modified":"2026-02-16T16:00:13","modified_gmt":"2026-02-16T15:00:13","slug":"kokouvi-benoit-nougnanke-traduit","status":"publish","type":"page","link":"https:\/\/samovar.telecom-sudparis.eu\/index.php\/en\/acmes-translated\/kokouvi-benoit-nougnanke-traduit\/","title":{"rendered":"Kokouvi Benoit NOUGNANKE (traduit)"},"content":{"rendered":"<div class=\"bandeau-personnel MonLaboUser\"><img decoding=\"async\" src=\"https:\/\/samovar.telecom-sudparis.eu\/wp-content\/uploads\/2026\/02\/Kokouvi-Benoit-NOUGNANKE.jpg\" class=\"wp-image-6 alignleft img-arrondi wp-post-image\" height=\"150\" width=\"150\" alt=\" \" \/><div class=\"adresse\"><p>SAMOVAR - SAMOVAR<br \/>Telecom SudParis<br \/>\r\n9 rue Charles Fourier<br \/>\r\n91011 EVRY CEDEX<\/p><p>Fax : +33 (0) 1 60 76 20 80<\/p><\/div><div class=\"monlaboBlocTexte\"><h1>Kokouvi Benoit <span class=\"MonLabo-lastname\">NOUGNANKE<\/span><\/h1><div class=\"coordonnees\"><em>Ma\u00eetre de Conf\u00e9rences<\/em><br \/><span class=\"team-description\"><a href=\"https:\/\/samovar.telecom-sudparis.eu\/?page_id=3997\" class=\"MonLaboLink\"><span class=\"MonLabo_team_name\">SCN<\/span><\/a><\/span><\/div><div class=\"coordonnees\"><span class=\"MonLabo-email\">kokouvi-benoit.nougnanke[&#64;<span>-Code to remove to avoid SPAM-<\/span>]telecom-sudparis.eu<\/span><\/div><div class=\"external_url\"><h1 style=\"text-align: center;\"><a href=\"https:\/\/nougnanke.github.io\"><button class=\"btn btn-oldstyle\" type=\"button\">Site personnel<\/button><\/a><\/h1><\/div><\/div><\/div>\n\n\n\n<p><\/p>\n\n\n\n<div id=\"res_script\">\n<p class='Rubrique'>Article dans une revue<\/p>\n<p class='SousRubrique'>2023<\/p>\n<dl class='NoticeRes'>\n<dt class=\"ChampRes\">ref_biblio<\/dt><dd class=\"ValeurRes ref_biblio\">Benoit Nougnanke, Yann Labit, Marc Bruyere, Ulrich A\u00efvodji, Simone Ferlin. ML-Based Performance Modeling in SDN-Enabled Data Center Networks. <i>IEEE Transactions on Network and Service Management<\/i>, 2023, 20 (1), pp.815 - 829. <a target=\"_blank\" href=\"https:\/\/dx.doi.org\/10.1109\/tnsm.2022.3197789\">&#x27E8;10.1109\/tnsm.2022.3197789&#x27E9;<\/a>. <a target=\"_blank\" href=\"https:\/\/laas.hal.science\/hal-04928781v1\">&#x27E8;hal-04928781&#x27E9;<\/a><\/dd>\n<dt class=\"ChampRes\">Acc\u00e8s au texte int\u00e9gral et bibtex<\/dt>\n<dd class=\"ValeurRes Fichier_joint\">\n<a href=\"https:\/\/laas.hal.science\/hal-04928781\/file\/ML-Based_Performance_Modeling_in_SDN-Enabled_Data_Center_Networks.pdf\"  target=\"_blank\">\n<img decoding=\"async\" alt=\"https:\/\/laas.hal.science\/hal-04928781\/file\/ML-Based_Performance_Modeling_in_SDN-Enabled_Data_Center_Networks.pdf\" src=\"https:\/\/haltools.archives-ouvertes.fr\/images\/Haltools_pdf.png\" border=\"0\" title=\"https:\/\/laas.hal.science\/hal-04928781\/file\/ML-Based_Performance_Modeling_in_SDN-Enabled_Data_Center_Networks.pdf\" \/><\/a>\n<span class=\"LienBibtexACoteFulltext\"><a href=\"https:\/\/laas.hal.science\/hal-04928781v1\/bibtex\" target=\"_self\">\n<img decoding=\"async\" alt=\"BibTex\" src=\"https:\/\/haltools.archives-ouvertes.fr\/images\/Haltools_bibtex3.png\" border=\"0\"  title=\"BibTex\" \/><\/a>\n<\/span><\/dd>\n<\/dl>\n<p class='Rubrique'>Communication dans un congr\u00e8s<\/p>\n<p class='SousRubrique'>2025<\/p>\n<dl class='NoticeRes'>\n<dt class=\"ChampRes\">ref_biblio<\/dt><dd class=\"ValeurRes ref_biblio\">Ahmed Ben Ali, Yann Labit, Kokouvi Benoit Nougnanke. PIF: A PI-based AQM that ensures performance isolation in multi tenant cloud data centers. <i>IEEE NOMS 2025<\/i>, IEEE, May 2025, Honololu, United States. <a target=\"_blank\" href=\"https:\/\/dx.doi.org\/10.1109\/NOMS57970.2025.11073731\">&#x27E8;10.1109\/NOMS57970.2025.11073731&#x27E9;<\/a>. <a target=\"_blank\" href=\"https:\/\/laas.hal.science\/hal-04995732v1\">&#x27E8;hal-04995732&#x27E9;<\/a><\/dd>\n<dt class=\"ChampRes\">Acc\u00e8s au texte int\u00e9gral et bibtex<\/dt>\n<dd class=\"ValeurRes Fichier_joint\">\n<a href=\"https:\/\/laas.hal.science\/hal-04995732\/file\/2025026094.pdf\"  target=\"_blank\">\n<img decoding=\"async\" alt=\"https:\/\/laas.hal.science\/hal-04995732\/file\/2025026094.pdf\" src=\"https:\/\/haltools.archives-ouvertes.fr\/images\/Haltools_pdf.png\" border=\"0\" title=\"https:\/\/laas.hal.science\/hal-04995732\/file\/2025026094.pdf\" \/><\/a>\n<span class=\"LienBibtexACoteFulltext\"><a href=\"https:\/\/laas.hal.science\/hal-04995732v1\/bibtex\" target=\"_self\">\n<img decoding=\"async\" alt=\"BibTex\" src=\"https:\/\/haltools.archives-ouvertes.fr\/images\/Haltools_bibtex3.png\" border=\"0\"  title=\"BibTex\" \/><\/a>\n<\/span><\/dd>\n<\/dl>\n<dl class='NoticeRes'>\n<dt class=\"ChampRes\">ref_biblio<\/dt><dd class=\"ValeurRes ref_biblio\">Ahmed Ben Ali, Yann Labit, Kokouvi Benoit Nougnanke. Performance Isolation in Multi Tenant Cloud Data Centers. <i>IEEE NOMS 2025<\/i>, IEEE, May 2025, Honolulu, United States. <a target=\"_blank\" href=\"https:\/\/dx.doi.org\/10.1109\/NOMS57970.2025.11073739\">&#x27E8;10.1109\/NOMS57970.2025.11073739&#x27E9;<\/a>. <a target=\"_blank\" href=\"https:\/\/laas.hal.science\/hal-04995752v1\">&#x27E8;hal-04995752&#x27E9;<\/a><\/dd>\n<dt class=\"ChampRes\">Acc\u00e8s au texte int\u00e9gral et bibtex<\/dt>\n<dd class=\"ValeurRes Fichier_joint\">\n<a href=\"https:\/\/laas.hal.science\/hal-04995752\/file\/2025068911.pdf\"  target=\"_blank\">\n<img decoding=\"async\" alt=\"https:\/\/laas.hal.science\/hal-04995752\/file\/2025068911.pdf\" src=\"https:\/\/haltools.archives-ouvertes.fr\/images\/Haltools_pdf.png\" border=\"0\" title=\"https:\/\/laas.hal.science\/hal-04995752\/file\/2025068911.pdf\" \/><\/a>\n<span class=\"LienBibtexACoteFulltext\"><a href=\"https:\/\/laas.hal.science\/hal-04995752v1\/bibtex\" target=\"_self\">\n<img decoding=\"async\" alt=\"BibTex\" src=\"https:\/\/haltools.archives-ouvertes.fr\/images\/Haltools_bibtex3.png\" border=\"0\"  title=\"BibTex\" \/><\/a>\n<\/span><\/dd>\n<\/dl>\n<dl class='NoticeRes'>\n<dt class=\"ChampRes\">ref_biblio<\/dt><dd class=\"ValeurRes ref_biblio\">Benoit Nougnanke, Gregory Blanc, Thomas Robert. How dataset diversity affects generalization in ML-based NIDS. <i>30th European Symposium on Research in Computer Security (ESORICS)<\/i>, Sep 2025, Toulouse, France. pp.269 - 288, <a target=\"_blank\" href=\"https:\/\/dx.doi.org\/10.1007\/978-3-032-07884-1_14\">&#x27E8;10.1007\/978-3-032-07884-1_14&#x27E9;<\/a>. <a target=\"_blank\" href=\"https:\/\/hal.science\/hal-05194730v1\">&#x27E8;hal-05194730&#x27E9;<\/a><\/dd>\n<dt class=\"ChampRes\">Acc\u00e8s au texte int\u00e9gral et bibtex<\/dt>\n<dd class=\"ValeurRes Fichier_joint\">\n<a href=\"https:\/\/hal.science\/hal-05194730\/file\/ESORICS_2025_Paper_CR.pdf\"  target=\"_blank\">\n<img decoding=\"async\" alt=\"https:\/\/hal.science\/hal-05194730\/file\/ESORICS_2025_Paper_CR.pdf\" src=\"https:\/\/haltools.archives-ouvertes.fr\/images\/Haltools_pdf.png\" border=\"0\" title=\"https:\/\/hal.science\/hal-05194730\/file\/ESORICS_2025_Paper_CR.pdf\" \/><\/a>\n<span class=\"LienBibtexACoteFulltext\"><a href=\"https:\/\/hal.science\/hal-05194730v1\/bibtex\" target=\"_self\">\n<img decoding=\"async\" alt=\"BibTex\" src=\"https:\/\/haltools.archives-ouvertes.fr\/images\/Haltools_bibtex3.png\" border=\"0\"  title=\"BibTex\" \/><\/a>\n<\/span><\/dd>\n<\/dl>\n<p class='SousRubrique'>2024<\/p>\n<dl class='NoticeRes'>\n<dt class=\"ChampRes\">ref_biblio<\/dt><dd class=\"ValeurRes ref_biblio\">Kokouvi Benoit Nougnanke, Justin Loye, Jean-Fran\u00e7ois Baffier, Simone Ferlin, Marc Bruy\u00e8re, et al.. gPerfIsol: GNN-based Rate-Limits Allocation for Performance Isolation in Multi-tenant Cloud. <i>27th Conference on Innovation in Clouds, Internet and Networks (ICIN)<\/i>, IEEE, Mar 2024, PARIS, France. <a target=\"_blank\" href=\"https:\/\/dx.doi.org\/10.1109\/ICIN60470.2024.10494419\">&#x27E8;10.1109\/ICIN60470.2024.10494419&#x27E9;<\/a>. <a target=\"_blank\" href=\"https:\/\/laas.hal.science\/hal-04522767v1\">&#x27E8;hal-04522767&#x27E9;<\/a><\/dd>\n<dt class=\"ChampRes\">Acc\u00e8s au texte int\u00e9gral et bibtex<\/dt>\n<dd class=\"ValeurRes Fichier_joint\">\n<a href=\"https:\/\/laas.hal.science\/hal-04522767\/file\/a43-nougnanke%20final.pdf\"  target=\"_blank\">\n<img decoding=\"async\" alt=\"https:\/\/laas.hal.science\/hal-04522767\/file\/a43-nougnanke%20final.pdf\" src=\"https:\/\/haltools.archives-ouvertes.fr\/images\/Haltools_pdf.png\" border=\"0\" title=\"https:\/\/laas.hal.science\/hal-04522767\/file\/a43-nougnanke%20final.pdf\" \/><\/a>\n<span class=\"LienBibtexACoteFulltext\"><a href=\"https:\/\/laas.hal.science\/hal-04522767v1\/bibtex\" target=\"_self\">\n<img decoding=\"async\" alt=\"BibTex\" src=\"https:\/\/haltools.archives-ouvertes.fr\/images\/Haltools_bibtex3.png\" border=\"0\"  title=\"BibTex\" \/><\/a>\n<\/span><\/dd>\n<\/dl>\n<p class='SousRubrique'>2023<\/p>\n<dl class='NoticeRes'>\n<dt class=\"ChampRes\">ref_biblio<\/dt><dd class=\"ValeurRes ref_biblio\">Raoua Chakroun, Thierry Villemur, Kokouvi Benoit Nougnanke. Learning-Based Infrastructure To Vehicle Link Quality Estimation. <i>31st International Conference on Software, Telecommunications and Computer Networks (SoftCOM 2023)<\/i>, University of Split, FESB and Croatian Communications and Information Society (CCIS), Sep 2023, Split, Croatia. <a target=\"_blank\" href=\"https:\/\/laas.hal.science\/hal-04194050v1\">&#x27E8;hal-04194050&#x27E9;<\/a><\/dd>\n<dt class=\"ChampRes\">Acc\u00e8s au texte int\u00e9gral et bibtex<\/dt>\n<dd class=\"ValeurRes Fichier_joint\">\n<a href=\"https:\/\/laas.hal.science\/hal-04194050\/file\/Softcom_2023_RaouaChakroun_CameraReady.pdf\"  target=\"_blank\">\n<img decoding=\"async\" alt=\"https:\/\/laas.hal.science\/hal-04194050\/file\/Softcom_2023_RaouaChakroun_CameraReady.pdf\" src=\"https:\/\/haltools.archives-ouvertes.fr\/images\/Haltools_pdf.png\" border=\"0\" title=\"https:\/\/laas.hal.science\/hal-04194050\/file\/Softcom_2023_RaouaChakroun_CameraReady.pdf\" \/><\/a>\n<span class=\"LienBibtexACoteFulltext\"><a href=\"https:\/\/laas.hal.science\/hal-04194050v1\/bibtex\" target=\"_self\">\n<img decoding=\"async\" alt=\"BibTex\" src=\"https:\/\/haltools.archives-ouvertes.fr\/images\/Haltools_bibtex3.png\" border=\"0\"  title=\"BibTex\" \/><\/a>\n<\/span><\/dd>\n<\/dl>\n<p class='SousRubrique'>2021<\/p>\n<dl class='NoticeRes'>\n<dt class=\"ChampRes\">ref_biblio<\/dt><dd class=\"ValeurRes ref_biblio\">Kokouvi Benoit Nougnanke, Yann Labit, Marc Bruy\u00e8re, Simone Ferlin, Ulrich Matchi Aivodji. Learning-based Incast Performance Inference in Software-Defined Data Centers. <i>24th Conference on Innovation in Clouds, Internet and Networks<\/i>, Mar 2021, Paris (Virtual Conference), France. <a target=\"_blank\" href=\"https:\/\/dx.doi.org\/10.1109\/ICIN51074.2021.9385546\">&#x27E8;10.1109\/ICIN51074.2021.9385546&#x27E9;<\/a>. <a target=\"_blank\" href=\"https:\/\/laas.hal.science\/hal-03188914v1\">&#x27E8;hal-03188914&#x27E9;<\/a><\/dd>\n<dt class=\"ChampRes\">Acc\u00e8s au texte int\u00e9gral et bibtex<\/dt>\n<dd class=\"ValeurRes Fichier_joint\">\n<a href=\"https:\/\/laas.hal.science\/hal-03188914\/file\/Incast_ICIN_2021_HAL-LAAS.pdf\"  target=\"_blank\">\n<img decoding=\"async\" alt=\"https:\/\/laas.hal.science\/hal-03188914\/file\/Incast_ICIN_2021_HAL-LAAS.pdf\" src=\"https:\/\/haltools.archives-ouvertes.fr\/images\/Haltools_pdf.png\" border=\"0\" title=\"https:\/\/laas.hal.science\/hal-03188914\/file\/Incast_ICIN_2021_HAL-LAAS.pdf\" \/><\/a>\n<span class=\"LienBibtexACoteFulltext\"><a href=\"https:\/\/laas.hal.science\/hal-03188914v1\/bibtex\" target=\"_self\">\n<img decoding=\"async\" alt=\"BibTex\" src=\"https:\/\/haltools.archives-ouvertes.fr\/images\/Haltools_bibtex3.png\" border=\"0\"  title=\"BibTex\" \/><\/a>\n<\/span><\/dd>\n<\/dl>\n<dl class='NoticeRes'>\n<dt class=\"ChampRes\">ref_biblio<\/dt><dd class=\"ValeurRes ref_biblio\">Kokouvi Benoit Nougnanke, Yann Labit, Marc Bruyere. ML-based Incast Performance Optimization in Software-Defined Data Centers. <i>2021 IEEE 22nd International Conference on High Performance Switching and Routing (HPSR)<\/i>, Jun 2021, Paris, France. pp.1-6, <a target=\"_blank\" href=\"https:\/\/dx.doi.org\/10.1109\/HPSR52026.2021.9481836\">&#x27E8;10.1109\/HPSR52026.2021.9481836&#x27E9;<\/a>. <a target=\"_blank\" href=\"https:\/\/laas.hal.science\/hal-03349728v1\">&#x27E8;hal-03349728&#x27E9;<\/a><\/dd>\n<dt class=\"ChampRes\">Acc\u00e8s au texte int\u00e9gral et bibtex<\/dt>\n<dd class=\"ValeurRes Fichier_joint\">\n<a href=\"https:\/\/laas.hal.science\/hal-03349728\/file\/Incast_Elephant_HPSR2021_CReady%20%281%29.pdf\"  target=\"_blank\">\n<img decoding=\"async\" alt=\"https:\/\/laas.hal.science\/hal-03349728\/file\/Incast_Elephant_HPSR2021_CReady%20%281%29.pdf\" src=\"https:\/\/haltools.archives-ouvertes.fr\/images\/Haltools_pdf.png\" border=\"0\" title=\"https:\/\/laas.hal.science\/hal-03349728\/file\/Incast_Elephant_HPSR2021_CReady%20%281%29.pdf\" \/><\/a>\n<span class=\"LienBibtexACoteFulltext\"><a href=\"https:\/\/laas.hal.science\/hal-03349728v1\/bibtex\" target=\"_self\">\n<img decoding=\"async\" alt=\"BibTex\" src=\"https:\/\/haltools.archives-ouvertes.fr\/images\/Haltools_bibtex3.png\" border=\"0\"  title=\"BibTex\" \/><\/a>\n<\/span><\/dd>\n<\/dl>\n<p class='SousRubrique'>2020<\/p>\n<dl class='NoticeRes'>\n<dt class=\"ChampRes\">ref_biblio<\/dt><dd class=\"ValeurRes ref_biblio\">Kokouvi Benoit Nougnanke, Marc Bruy\u00e8re, Yann Labit. Low-Overhead Near-Real-Time Flow Statistics Collection in SDN. <i>2020 6th IEEE International Conference on Network Softwarization (NetSoft)<\/i>, Jun 2020, Ghent (Virtual Conference), Belgium. pp.155-159, <a target=\"_blank\" href=\"https:\/\/dx.doi.org\/10.1109\/NetSoft48620.2020.9165421\">&#x27E8;10.1109\/NetSoft48620.2020.9165421&#x27E9;<\/a>. <a target=\"_blank\" href=\"https:\/\/laas.hal.science\/hal-02946101v1\">&#x27E8;hal-02946101&#x27E9;<\/a><\/dd>\n<dt class=\"ChampRes\">Acc\u00e8s au texte int\u00e9gral et bibtex<\/dt>\n<dd class=\"ValeurRes Fichier_joint\">\n<a href=\"https:\/\/laas.hal.science\/hal-02946101\/file\/paper_COCO__Netsoft__5pages_ok%20%283%29.pdf\"  target=\"_blank\">\n<img decoding=\"async\" alt=\"https:\/\/laas.hal.science\/hal-02946101\/file\/paper_COCO__Netsoft__5pages_ok%20%283%29.pdf\" src=\"https:\/\/haltools.archives-ouvertes.fr\/images\/Haltools_pdf.png\" border=\"0\" title=\"https:\/\/laas.hal.science\/hal-02946101\/file\/paper_COCO__Netsoft__5pages_ok%20%283%29.pdf\" \/><\/a>\n<span class=\"LienBibtexACoteFulltext\"><a href=\"https:\/\/laas.hal.science\/hal-02946101v1\/bibtex\" target=\"_self\">\n<img decoding=\"async\" alt=\"BibTex\" src=\"https:\/\/haltools.archives-ouvertes.fr\/images\/Haltools_bibtex3.png\" border=\"0\"  title=\"BibTex\" \/><\/a>\n<\/span><\/dd>\n<\/dl>\n<dl class='NoticeRes'>\n<dt class=\"ChampRes\">ref_biblio<\/dt><dd class=\"ValeurRes ref_biblio\">Kokouvi Benoit Nougnanke, Yann Labit. Novel Adaptive Data Collection based on a Confidence Index in SDN. <i>IEEE 17th Annual Consumer Communications & Networking Conference (CCNC 2020)<\/i>, Jan 2020, Las Vegas, United States. pp.1-6, <a target=\"_blank\" href=\"https:\/\/dx.doi.org\/10.1109\/CCNC46108.2020.9045207\">&#x27E8;10.1109\/CCNC46108.2020.9045207&#x27E9;<\/a>. <a target=\"_blank\" href=\"https:\/\/laas.hal.science\/hal-02946094v1\">&#x27E8;hal-02946094&#x27E9;<\/a><\/dd>\n<dt class=\"ChampRes\">Acc\u00e8s au texte int\u00e9gral et bibtex<\/dt>\n<dd class=\"ValeurRes Fichier_joint\">\n<a href=\"https:\/\/laas.hal.science\/hal-02946094\/file\/paper_COCO__CCNC%20%283%29.pdf\"  target=\"_blank\">\n<img decoding=\"async\" alt=\"https:\/\/laas.hal.science\/hal-02946094\/file\/paper_COCO__CCNC%20%283%29.pdf\" src=\"https:\/\/haltools.archives-ouvertes.fr\/images\/Haltools_pdf.png\" border=\"0\" title=\"https:\/\/laas.hal.science\/hal-02946094\/file\/paper_COCO__CCNC%20%283%29.pdf\" \/><\/a>\n<span class=\"LienBibtexACoteFulltext\"><a href=\"https:\/\/laas.hal.science\/hal-02946094v1\/bibtex\" target=\"_self\">\n<img decoding=\"async\" alt=\"BibTex\" src=\"https:\/\/haltools.archives-ouvertes.fr\/images\/Haltools_bibtex3.png\" border=\"0\"  title=\"BibTex\" \/><\/a>\n<\/span><\/dd>\n<\/dl>\n<p class='SousRubrique'>2017<\/p>\n<dl class='NoticeRes'>\n<dt class=\"ChampRes\">ref_biblio<\/dt><dd class=\"ValeurRes ref_biblio\">Lunde Chen, Slim Abdellatif, Pascal Berthou, Kokouvi Benoit Nougnanke, Thierry Gayraud. A Generic And Configurable Topology Discovery Service For Software Defined Wireless Multi-Hop Network. <i>15th ACM International Symposium on Mobility Management and Wireless Access<\/i>, Nov 2017, Miami, United States. 4p. <a target=\"_blank\" href=\"https:\/\/laas.hal.science\/hal-01583905v1\">&#x27E8;hal-01583905&#x27E9;<\/a><\/dd>\n<dt class=\"ChampRes\">Acc\u00e8s au texte int\u00e9gral et bibtex<\/dt>\n<dd class=\"ValeurRes Fichier_joint\">\n<a href=\"https:\/\/laas.hal.science\/hal-01583905\/file\/paper_SDN_topology_short_mobiwac_miami.pdf\"  target=\"_blank\">\n<img decoding=\"async\" alt=\"https:\/\/laas.hal.science\/hal-01583905\/file\/paper_SDN_topology_short_mobiwac_miami.pdf\" src=\"https:\/\/haltools.archives-ouvertes.fr\/images\/Haltools_pdf.png\" border=\"0\" title=\"https:\/\/laas.hal.science\/hal-01583905\/file\/paper_SDN_topology_short_mobiwac_miami.pdf\" \/><\/a>\n<span class=\"LienBibtexACoteFulltext\"><a href=\"https:\/\/laas.hal.science\/hal-01583905v1\/bibtex\" target=\"_self\">\n<img decoding=\"async\" alt=\"BibTex\" src=\"https:\/\/haltools.archives-ouvertes.fr\/images\/Haltools_bibtex3.png\" border=\"0\"  title=\"BibTex\" \/><\/a>\n<\/span><\/dd>\n<\/dl>\n<p class='Rubrique'>Rapport<\/p>\n<p class='SousRubrique'>2017<\/p>\n<dl class='NoticeRes'>\n<dt class=\"ChampRes\">ref_biblio<\/dt><dd class=\"ValeurRes ref_biblio\">Slim Abdellatif, Pascal Berthou, Kokouvi Benoit Nougnanke. Application Driven Networking in Dynamic Environments Cas d'application communications dans un th\u00e9\u00e2 tre d'op\u00e9rations : impl\u00e9mentation, validation et \u00e9valuation R\u00e9f\u00e9rence document. LAAS-CNRS. 2017. <a target=\"_blank\" href=\"https:\/\/laas.hal.science\/hal-01762621v1\">&#x27E8;hal-01762621&#x27E9;<\/a><\/dd>\n<dt class=\"ChampRes\">Acc\u00e8s au texte int\u00e9gral et bibtex<\/dt>\n<dd class=\"ValeurRes Fichier_joint\">\n<a href=\"https:\/\/laas.hal.science\/hal-01762621\/file\/Livrable3.pdf\"  target=\"_blank\">\n<img decoding=\"async\" alt=\"https:\/\/laas.hal.science\/hal-01762621\/file\/Livrable3.pdf\" src=\"https:\/\/haltools.archives-ouvertes.fr\/images\/Haltools_pdf.png\" border=\"0\" title=\"https:\/\/laas.hal.science\/hal-01762621\/file\/Livrable3.pdf\" \/><\/a>\n<span class=\"LienBibtexACoteFulltext\"><a href=\"https:\/\/laas.hal.science\/hal-01762621v1\/bibtex\" target=\"_self\">\n<img decoding=\"async\" alt=\"BibTex\" src=\"https:\/\/haltools.archives-ouvertes.fr\/images\/Haltools_bibtex3.png\" border=\"0\"  title=\"BibTex\" \/><\/a>\n<\/span><\/dd>\n<\/dl>\n<p class='Rubrique'>Th\u00e8se<\/p>\n<p class='SousRubrique'>2021<\/p>\n<dl class='NoticeRes'>\n<dt class=\"ChampRes\">ref_biblio<\/dt><dd class=\"ValeurRes ref_biblio\">Kokouvi Benoit Nougnanke. Towards ML-based Management of Software-Defined Networks. Artificial Intelligence [cs.AI]. Universit\u00e9 Paul Sabatier - Toulouse III, 2021. English. <a target=\"_blank\" href=\"https:\/\/www.theses.fr\/2021TOU30047\">&#x27E8;NNT : 2021TOU30047&#x27E9;<\/a>. <a target=\"_blank\" href=\"https:\/\/theses.hal.science\/tel-03343066v2\">&#x27E8;tel-03343066v2&#x27E9;<\/a><\/dd>\n<dt class=\"ChampRes\">Acc\u00e8s au texte int\u00e9gral et bibtex<\/dt>\n<dd class=\"ValeurRes Fichier_joint\">\n<a href=\"https:\/\/theses.hal.science\/tel-03343066\/file\/2021TOU30047a.pdf\"  target=\"_blank\">\n<img decoding=\"async\" alt=\"https:\/\/theses.hal.science\/tel-03343066\/file\/2021TOU30047a.pdf\" src=\"https:\/\/haltools.archives-ouvertes.fr\/images\/Haltools_pdf.png\" border=\"0\" title=\"https:\/\/theses.hal.science\/tel-03343066\/file\/2021TOU30047a.pdf\" \/><\/a>\n<span class=\"LienBibtexACoteFulltext\"><a href=\"https:\/\/theses.hal.science\/tel-03343066v2\/bibtex\" target=\"_self\">\n<img decoding=\"async\" alt=\"BibTex\" src=\"https:\/\/haltools.archives-ouvertes.fr\/images\/Haltools_bibtex3.png\" border=\"0\"  title=\"BibTex\" \/><\/a>\n<\/span><\/dd>\n<\/dl>\n<\/div>\n\n","protected":false},"excerpt":{"rendered":"","protected":false},"author":4,"featured_media":0,"parent":6590,"menu_order":0,"comment_status":"closed","ping_status":"closed","template":"","meta":{"ocean_post_layout":"","ocean_both_sidebars_style":"","ocean_both_sidebars_content_width":0,"ocean_both_sidebars_sidebars_width":0,"ocean_sidebar":"","ocean_second_sidebar":"","ocean_disable_margins":"enable","ocean_add_body_class":"","ocean_shortcode_before_top_bar":"","ocean_shortcode_after_top_bar":"","ocean_shortcode_before_header":"","ocean_shortcode_after_header":"","ocean_has_shortcode":"","ocean_shortcode_after_title":"","ocean_shortcode_before_footer_widgets":"","ocean_shortcode_after_footer_widgets":"","ocean_shortcode_before_footer_bottom":"","ocean_shortcode_after_footer_bottom":"","ocean_display_top_bar":"default","ocean_display_header":"default","ocean_header_style":"","ocean_center_header_left_menu":"","ocean_custom_header_template":"","ocean_custom_logo":0,"ocean_custom_retina_logo":0,"ocean_custom_logo_max_width":0,"ocean_custom_logo_tablet_max_width":0,"ocean_custom_logo_mobile_max_width":0,"ocean_custom_logo_max_height":0,"ocean_custom_logo_tablet_max_height":0,"ocean_custom_logo_mobile_max_height":0,"ocean_header_custom_menu":"","ocean_menu_typo_font_family":"","ocean_menu_typo_font_subset":"","ocean_menu_typo_font_size":0,"ocean_menu_typo_font_size_tablet":0,"ocean_menu_typo_font_size_mobile":0,"ocean_menu_typo_font_size_unit":"px","ocean_menu_typo_font_weight":"","ocean_menu_typo_font_weight_tablet":"","ocean_menu_typo_font_weight_mobile":"","ocean_menu_typo_transform":"","ocean_menu_typo_transform_tablet":"","ocean_menu_typo_transform_mobile":"","ocean_menu_typo_line_height":0,"ocean_menu_typo_line_height_tablet":0,"ocean_menu_typo_line_height_mobile":0,"ocean_menu_typo_line_height_unit":"","ocean_menu_typo_spacing":0,"ocean_menu_typo_spacing_tablet":0,"ocean_menu_typo_spacing_mobile":0,"ocean_menu_typo_spacing_unit":"","ocean_menu_link_color":"","ocean_menu_link_color_hover":"","ocean_menu_link_color_active":"","ocean_menu_link_background":"","ocean_menu_link_hover_background":"","ocean_menu_link_active_background":"","ocean_menu_social_links_bg":"","ocean_menu_social_hover_links_bg":"","ocean_menu_social_links_color":"","ocean_menu_social_hover_links_color":"","ocean_disable_title":"default","ocean_disable_heading":"default","ocean_post_title":"","ocean_post_subheading":"","ocean_post_title_style":"","ocean_post_title_background_color":"","ocean_post_title_background":0,"ocean_post_title_bg_image_position":"","ocean_post_title_bg_image_attachment":"","ocean_post_title_bg_image_repeat":"","ocean_post_title_bg_image_size":"","ocean_post_title_height":0,"ocean_post_title_bg_overlay":0.5,"ocean_post_title_bg_overlay_color":"","ocean_disable_breadcrumbs":"default","ocean_breadcrumbs_color":"","ocean_breadcrumbs_separator_color":"","ocean_breadcrumbs_links_color":"","ocean_breadcrumbs_links_hover_color":"","ocean_display_footer_widgets":"default","ocean_display_footer_bottom":"default","ocean_custom_footer_template":"","footnotes":""},"class_list":["post-7507","page","type-page","status-publish","hentry","entry"],"_links":{"self":[{"href":"https:\/\/samovar.telecom-sudparis.eu\/index.php\/wp-json\/wp\/v2\/pages\/7507","targetHints":{"allow":["GET"]}}],"collection":[{"href":"https:\/\/samovar.telecom-sudparis.eu\/index.php\/wp-json\/wp\/v2\/pages"}],"about":[{"href":"https:\/\/samovar.telecom-sudparis.eu\/index.php\/wp-json\/wp\/v2\/types\/page"}],"author":[{"embeddable":true,"href":"https:\/\/samovar.telecom-sudparis.eu\/index.php\/wp-json\/wp\/v2\/users\/4"}],"replies":[{"embeddable":true,"href":"https:\/\/samovar.telecom-sudparis.eu\/index.php\/wp-json\/wp\/v2\/comments?post=7507"}],"version-history":[{"count":0,"href":"https:\/\/samovar.telecom-sudparis.eu\/index.php\/wp-json\/wp\/v2\/pages\/7507\/revisions"}],"up":[{"embeddable":true,"href":"https:\/\/samovar.telecom-sudparis.eu\/index.php\/wp-json\/wp\/v2\/pages\/6590"}],"wp:attachment":[{"href":"https:\/\/samovar.telecom-sudparis.eu\/index.php\/wp-json\/wp\/v2\/media?parent=7507"}],"curies":[{"name":"wp","href":"https:\/\/api.w.org\/{rel}","templated":true}]}}