{"id":6802,"date":"2025-02-12T11:58:00","date_gmt":"2025-02-12T10:58:00","guid":{"rendered":"https:\/\/samovar.telecom-sudparis.eu\/index.php\/acmes-translated\/nour-el-houda-yellas-traduit\/"},"modified":"2025-02-12T11:58:00","modified_gmt":"2025-02-12T10:58:00","slug":"nour-el-houda-yellas-traduit","status":"publish","type":"page","link":"https:\/\/samovar.telecom-sudparis.eu\/index.php\/en\/acmes-translated\/nour-el-houda-yellas-traduit\/","title":{"rendered":"Nour El Houda YELLAS (traduit)"},"content":{"rendered":"<div class=\"bandeau-personnel MonLaboUser\"><img decoding=\"async\" src=\"https:\/\/samovar.telecom-sudparis.eu\/wp-content\/uploads\/2025\/02\/nour-el-houda.yellas.jpg\" class=\"wp-image-6 alignleft img-arrondi wp-post-image\" height=\"150\" width=\"150\" alt=\" \" \/><div class=\"adresse\"><p>SAMOVAR - SAMOVAR<br \/>Telecom SudParis<br \/>\r\n9 rue Charles Fourier<br \/>\r\n91011 EVRY CEDEX<\/p><p>Fax : +33 (0) 1 60 76 20 80<\/p><\/div><div class=\"monlaboBlocTexte\"><h1>Nour El Houda <span class=\"MonLabo-lastname\">YELLAS<\/span><\/h1><div class=\"coordonnees\"><em>Ma\u00eetre de Conf\u00e9rences<\/em><br \/><span class=\"team-description\"><a href=\"https:\/\/samovar.telecom-sudparis.eu\/?page_id=2450\" class=\"MonLaboLink\"><span class=\"MonLabo_team_name\">NeSS<\/span><\/a><\/span><\/div><div class=\"coordonnees\"><span class=\"MonLabo-email\">nour-el-houda.yellas[&#64;<span>-Code to remove to avoid SPAM-<\/span>]telecom-sudparis.eu<\/span><\/div><\/div><\/div>\n\n\n\n<p><\/p>\n\n\n\n<div id=\"res_script\">\n<p class='Rubrique'>Article dans une revue<\/p>\n<p class='SousRubrique'>2025<\/p>\n<dl class='NoticeRes'>\n<dt class=\"ChampRes\">ref_biblio<\/dt><dd class=\"ValeurRes ref_biblio\">Maroua Ghamri, Selma Boumerdassi, Aissa Belmeguenai, Nour-El-Houda Yellas. Federated learning for secure in-vehicle communication. <i>Telecom<\/i>, 2025, 6 (3), pp.48. <a target=\"_blank\" href=\"https:\/\/dx.doi.org\/10.3390\/telecom6030048\">&#x27E8;10.3390\/telecom6030048&#x27E9;<\/a>. <a target=\"_blank\" href=\"https:\/\/hal.science\/hal-05462377v1\">&#x27E8;hal-05462377&#x27E9;<\/a><\/dd>\n<dt class=\"ChampRes\">Acc\u00e8s au bibtex<\/dt>\n<dd class=\"ValeurRes LienBibtex\">\n<a href=\"https:\/\/hal.science\/hal-05462377v1\/bibtex\" target=\"_self\">\n<img decoding=\"async\" alt=\"BibTex\" src=\"https:\/\/haltools.archives-ouvertes.fr\/images\/Haltools_bibtex3.png\" border=\"0\"  title=\"BibTex\" \/><\/a>\n<\/dd>\n<\/dl>\n<dl class='NoticeRes'>\n<dt class=\"ChampRes\">ref_biblio<\/dt><dd class=\"ValeurRes ref_biblio\">Nour-El-Houda Yellas, Bernardetta Addis, Selma Boumerdassi, Roberto Riggio, Stefano Secci. Function placement for in-network federated learning. <i>Computer Networks<\/i>, 2025, 256, pp.110900. <a target=\"_blank\" href=\"https:\/\/dx.doi.org\/10.1016\/j.comnet.2024.110900\">&#x27E8;10.1016\/j.comnet.2024.110900&#x27E9;<\/a>. <a target=\"_blank\" href=\"https:\/\/hal.science\/hal-04766732v1\">&#x27E8;hal-04766732&#x27E9;<\/a><\/dd>\n<dt class=\"ChampRes\">Acc\u00e8s au texte int\u00e9gral et bibtex<\/dt>\n<dd class=\"ValeurRes Fichier_joint\">\n<a href=\"https:\/\/hal.science\/hal-04766732\/file\/Function%20Placement%20for%20In-network%20Federated%20Learning.pdf\"  target=\"_blank\">\n<img decoding=\"async\" alt=\"https:\/\/hal.science\/hal-04766732\/file\/Function%20Placement%20for%20In-network%20Federated%20Learning.pdf\" src=\"https:\/\/haltools.archives-ouvertes.fr\/images\/Haltools_pdf.png\" border=\"0\" title=\"https:\/\/hal.science\/hal-04766732\/file\/Function%20Placement%20for%20In-network%20Federated%20Learning.pdf\" \/><\/a>\n<span class=\"LienBibtexACoteFulltext\"><a href=\"https:\/\/hal.science\/hal-04766732v1\/bibtex\" target=\"_self\">\n<img decoding=\"async\" alt=\"BibTex\" src=\"https:\/\/haltools.archives-ouvertes.fr\/images\/Haltools_bibtex3.png\" border=\"0\"  title=\"BibTex\" \/><\/a>\n<\/span><\/dd>\n<\/dl>\n<p class='SousRubrique'>2022<\/p>\n<dl class='NoticeRes'>\n<dt class=\"ChampRes\">ref_biblio<\/dt><dd class=\"ValeurRes ref_biblio\">Nour-El-Houda Yellas, Selma Boumerdassi, Alberto Ceselli, Bilal Maaz, Stefano Secci. Robust Access Point Clustering in Edge Computing Resource Optimization. <i>IEEE Transactions on Network and Service Management<\/i>, 2022, 19 (3), pp.2738 - 2750. <a target=\"_blank\" href=\"https:\/\/dx.doi.org\/10.1109\/TNSM.2022.3186856\">&#x27E8;10.1109\/TNSM.2022.3186856&#x27E9;<\/a>. <a target=\"_blank\" href=\"https:\/\/hal.science\/hal-03719676v1\">&#x27E8;hal-03719676&#x27E9;<\/a><\/dd>\n<dt class=\"ChampRes\">Acc\u00e8s au texte int\u00e9gral et bibtex<\/dt>\n<dd class=\"ValeurRes Fichier_joint\">\n<a href=\"https:\/\/hal.science\/hal-03719676\/file\/Robust%20Access%20Point%20Clustering%20in%20Edge%20Computing%20Resource%20Optimization.pdf\"  target=\"_blank\">\n<img decoding=\"async\" alt=\"https:\/\/hal.science\/hal-03719676\/file\/Robust%20Access%20Point%20Clustering%20in%20Edge%20Computing%20Resource%20Optimization.pdf\" src=\"https:\/\/haltools.archives-ouvertes.fr\/images\/Haltools_pdf.png\" border=\"0\" title=\"https:\/\/hal.science\/hal-03719676\/file\/Robust%20Access%20Point%20Clustering%20in%20Edge%20Computing%20Resource%20Optimization.pdf\" \/><\/a>\n<span class=\"LienBibtexACoteFulltext\"><a href=\"https:\/\/hal.science\/hal-03719676v1\/bibtex\" target=\"_self\">\n<img decoding=\"async\" alt=\"BibTex\" src=\"https:\/\/haltools.archives-ouvertes.fr\/images\/Haltools_bibtex3.png\" border=\"0\"  title=\"BibTex\" \/><\/a>\n<\/span><\/dd>\n<\/dl>\n<p class='Rubrique'>Communication dans un congr\u00e8s<\/p>\n<p class='SousRubrique'>2025<\/p>\n<dl class='NoticeRes'>\n<dt class=\"ChampRes\">ref_biblio<\/dt><dd class=\"ValeurRes ref_biblio\">Omar Houidi, Nour-El-Houda Yellas, Oussama Soualah, Djamal Zeghlache. GPG-VNFE: Towards Foundation Models via Graph Pretraining for Generalizable VNF Embedding. <i>2025 21st International Conference on Network and Service Management (CNSM)<\/i>, IEEE, Oct 2025, Bologna, Italy. pp.1-9, <a target=\"_blank\" href=\"https:\/\/dx.doi.org\/10.23919\/CNSM67658.2025.11297510\">&#x27E8;10.23919\/CNSM67658.2025.11297510&#x27E9;<\/a>. <a target=\"_blank\" href=\"https:\/\/hal.science\/hal-05477294v1\">&#x27E8;hal-05477294&#x27E9;<\/a><\/dd>\n<dt class=\"ChampRes\">Acc\u00e8s au texte int\u00e9gral et bibtex<\/dt>\n<dd class=\"ValeurRes Fichier_joint\">\n<a href=\"https:\/\/hal.science\/hal-05477294\/file\/CNSM2025_Houidi.pdf\"  target=\"_blank\">\n<img decoding=\"async\" alt=\"https:\/\/hal.science\/hal-05477294\/file\/CNSM2025_Houidi.pdf\" src=\"https:\/\/haltools.archives-ouvertes.fr\/images\/Haltools_pdf.png\" border=\"0\" title=\"https:\/\/hal.science\/hal-05477294\/file\/CNSM2025_Houidi.pdf\" \/><\/a>\n<span class=\"LienBibtexACoteFulltext\"><a href=\"https:\/\/hal.science\/hal-05477294v1\/bibtex\" target=\"_self\">\n<img decoding=\"async\" alt=\"BibTex\" src=\"https:\/\/haltools.archives-ouvertes.fr\/images\/Haltools_bibtex3.png\" border=\"0\"  title=\"BibTex\" \/><\/a>\n<\/span><\/dd>\n<\/dl>\n<dl class='NoticeRes'>\n<dt class=\"ChampRes\">ref_biblio<\/dt><dd class=\"ValeurRes ref_biblio\">Elif Ebru Ohri, Qi Liao, Anastasios Giovanidis, Francesca Fossati, Nour-El-Houda Yellas. MetaLore: learning to orchestrate communication and computation for metaverse synchronization. <i>IEEE Global Communications Conference (GLOBECOM)<\/i>, Dec 2025, Taipei, Taiwan. <a target=\"_blank\" href=\"https:\/\/hal.science\/hal-05317622v1\">&#x27E8;hal-05317622&#x27E9;<\/a><\/dd>\n<dt class=\"ChampRes\">Acc\u00e8s au texte int\u00e9gral et bibtex<\/dt>\n<dd class=\"ValeurRes Fichier_joint\">\n<a href=\"https:\/\/hal.science\/hal-05317622\/file\/a793-ohri%20final.pdf\"  target=\"_blank\">\n<img decoding=\"async\" alt=\"https:\/\/hal.science\/hal-05317622\/file\/a793-ohri%20final.pdf\" src=\"https:\/\/haltools.archives-ouvertes.fr\/images\/Haltools_pdf.png\" border=\"0\" title=\"https:\/\/hal.science\/hal-05317622\/file\/a793-ohri%20final.pdf\" \/><\/a>\n<span class=\"LienBibtexACoteFulltext\"><a href=\"https:\/\/hal.science\/hal-05317622v1\/bibtex\" target=\"_self\">\n<img decoding=\"async\" alt=\"BibTex\" src=\"https:\/\/haltools.archives-ouvertes.fr\/images\/Haltools_bibtex3.png\" border=\"0\"  title=\"BibTex\" \/><\/a>\n<\/span><\/dd>\n<\/dl>\n<dl class='NoticeRes'>\n<dt class=\"ChampRes\">ref_biblio<\/dt><dd class=\"ValeurRes ref_biblio\">Nour-El-Houda Yellas, Yann Dujardin, Nancy Perrot. Optimizing edge resource allocation for sustainable and latency-aware applications. <i>11th International Conference on Control, Decision and Information Technologies(CODIT)<\/i>, Jul 2025, Split - Croatia, Croatia. <a target=\"_blank\" href=\"https:\/\/hal.science\/hal-05139835v1\">&#x27E8;hal-05139835&#x27E9;<\/a><\/dd>\n<dt class=\"ChampRes\">Acc\u00e8s au texte int\u00e9gral et bibtex<\/dt>\n<dd class=\"ValeurRes Fichier_joint\">\n<a href=\"https:\/\/hal.science\/hal-05139835\/file\/Energy_aware_VNF_Placement_CameraReady.pdf\"  target=\"_blank\">\n<img decoding=\"async\" alt=\"https:\/\/hal.science\/hal-05139835\/file\/Energy_aware_VNF_Placement_CameraReady.pdf\" src=\"https:\/\/haltools.archives-ouvertes.fr\/images\/Haltools_pdf.png\" border=\"0\" title=\"https:\/\/hal.science\/hal-05139835\/file\/Energy_aware_VNF_Placement_CameraReady.pdf\" \/><\/a>\n<span class=\"LienBibtexACoteFulltext\"><a href=\"https:\/\/hal.science\/hal-05139835v1\/bibtex\" target=\"_self\">\n<img decoding=\"async\" alt=\"BibTex\" src=\"https:\/\/haltools.archives-ouvertes.fr\/images\/Haltools_bibtex3.png\" border=\"0\"  title=\"BibTex\" \/><\/a>\n<\/span><\/dd>\n<\/dl>\n<p class='SousRubrique'>2024<\/p>\n<dl class='NoticeRes'>\n<dt class=\"ChampRes\">ref_biblio<\/dt><dd class=\"ValeurRes ref_biblio\">Patient Ntumba, Nour-El-Houda Yellas, Salah Bin Ruba, Fehmi Ben Abdesslem, Stefano Secci. Data Pipeline System Designs for In-network Learning. <i>20th International Conference on Network and Service ManagemenT<\/i>, Oct 2024, Prague, Czech Republic. <a target=\"_blank\" href=\"https:\/\/dx.doi.org\/10.23919\/CNSM62983.2024.10814613\">&#x27E8;10.23919\/CNSM62983.2024.10814613&#x27E9;<\/a>. <a target=\"_blank\" href=\"https:\/\/hal.science\/hal-04681121v1\">&#x27E8;hal-04681121&#x27E9;<\/a><\/dd>\n<dt class=\"ChampRes\">Acc\u00e8s au texte int\u00e9gral et bibtex<\/dt>\n<dd class=\"ValeurRes Fichier_joint\">\n<a href=\"https:\/\/hal.science\/hal-04681121\/file\/PNtumba_et_al_CNSM_2024_v8.pdf\"  target=\"_blank\">\n<img decoding=\"async\" alt=\"https:\/\/hal.science\/hal-04681121\/file\/PNtumba_et_al_CNSM_2024_v8.pdf\" src=\"https:\/\/haltools.archives-ouvertes.fr\/images\/Haltools_pdf.png\" border=\"0\" title=\"https:\/\/hal.science\/hal-04681121\/file\/PNtumba_et_al_CNSM_2024_v8.pdf\" \/><\/a>\n<span class=\"LienBibtexACoteFulltext\"><a href=\"https:\/\/hal.science\/hal-04681121v1\/bibtex\" target=\"_self\">\n<img decoding=\"async\" alt=\"BibTex\" src=\"https:\/\/haltools.archives-ouvertes.fr\/images\/Haltools_bibtex3.png\" border=\"0\"  title=\"BibTex\" \/><\/a>\n<\/span><\/dd>\n<\/dl>\n<dl class='NoticeRes'>\n<dt class=\"ChampRes\">ref_biblio<\/dt><dd class=\"ValeurRes ref_biblio\">Nour-El-Houda Yellas, \u00c9ric Renault, Selma Boumerdassi. Grubbs Test Based Algorithms to Improve the Efficiency of Blockchain Oracles. <i>2024 International Wireless Communications and Mobile Computing (IWCMC)<\/i>, May 2024, Ayia Napa, Cyprus. pp.1478-1482, <a target=\"_blank\" href=\"https:\/\/dx.doi.org\/10.1109\/IWCMC61514.2024.10592444\">&#x27E8;10.1109\/IWCMC61514.2024.10592444&#x27E9;<\/a>. <a target=\"_blank\" href=\"https:\/\/hal.science\/hal-04680646v1\">&#x27E8;hal-04680646&#x27E9;<\/a><\/dd>\n<dt class=\"ChampRes\">Acc\u00e8s au bibtex<\/dt>\n<dd class=\"ValeurRes LienBibtex\">\n<a href=\"https:\/\/hal.science\/hal-04680646v1\/bibtex\" target=\"_self\">\n<img decoding=\"async\" alt=\"BibTex\" src=\"https:\/\/haltools.archives-ouvertes.fr\/images\/Haltools_bibtex3.png\" border=\"0\"  title=\"BibTex\" \/><\/a>\n<\/dd>\n<\/dl>\n<dl class='NoticeRes'>\n<dt class=\"ChampRes\">ref_biblio<\/dt><dd class=\"ValeurRes ref_biblio\">Nour-El-Houda Yellas, Jeongku Choi, Prosper Chemouil, Stefano Secci, Deep Medhi. Network Slice Robustness with Function Sets. <i>IEEE\/IFIP Network Operations and Management Symposium (NOMS 2024)<\/i>, IEEE, May 2024, S\u00e9oul, South Korea. pp.1-9, <a target=\"_blank\" href=\"https:\/\/dx.doi.org\/10.1109\/NOMS59830.2024.10575871\">&#x27E8;10.1109\/NOMS59830.2024.10575871&#x27E9;<\/a>. <a target=\"_blank\" href=\"https:\/\/hal.science\/hal-04429291v1\">&#x27E8;hal-04429291&#x27E9;<\/a><\/dd>\n<dt class=\"ChampRes\">Acc\u00e8s au texte int\u00e9gral et bibtex<\/dt>\n<dd class=\"ValeurRes Fichier_joint\">\n<a href=\"https:\/\/hal.science\/hal-04429291\/file\/Network_slice_robustness_with_function_sets.pdf\"  target=\"_blank\">\n<img decoding=\"async\" alt=\"https:\/\/hal.science\/hal-04429291\/file\/Network_slice_robustness_with_function_sets.pdf\" src=\"https:\/\/haltools.archives-ouvertes.fr\/images\/Haltools_pdf.png\" border=\"0\" title=\"https:\/\/hal.science\/hal-04429291\/file\/Network_slice_robustness_with_function_sets.pdf\" \/><\/a>\n<span class=\"LienBibtexACoteFulltext\"><a href=\"https:\/\/hal.science\/hal-04429291v1\/bibtex\" target=\"_self\">\n<img decoding=\"async\" alt=\"BibTex\" src=\"https:\/\/haltools.archives-ouvertes.fr\/images\/Haltools_bibtex3.png\" border=\"0\"  title=\"BibTex\" \/><\/a>\n<\/span><\/dd>\n<\/dl>\n<p class='SousRubrique'>2022<\/p>\n<dl class='NoticeRes'>\n<dt class=\"ChampRes\">ref_biblio<\/dt><dd class=\"ValeurRes ref_biblio\">Dung Chi Phung, Nour-El-Houda Yellas, Salah Bin Ruba, Stefano Secci. An Open Dataset for Beyond-5G Data-driven Network Automation Experiments. <i>2022 1st International Conference on 6G Networking (6GNet)<\/i>, Jul 2022, Paris, France. <a target=\"_blank\" href=\"https:\/\/dx.doi.org\/10.1109\/6GNet54646.2022.9830292\">&#x27E8;10.1109\/6GNet54646.2022.9830292&#x27E9;<\/a>. <a target=\"_blank\" href=\"https:\/\/hal.science\/hal-03698732v2\">&#x27E8;hal-03698732v2&#x27E9;<\/a><\/dd>\n<dt class=\"ChampRes\">Acc\u00e8s au texte int\u00e9gral et bibtex<\/dt>\n<dd class=\"ValeurRes Fichier_joint\">\n<a href=\"https:\/\/hal.science\/hal-03698732\/file\/5G_data-5.pdf\"  target=\"_blank\">\n<img decoding=\"async\" alt=\"https:\/\/hal.science\/hal-03698732\/file\/5G_data-5.pdf\" src=\"https:\/\/haltools.archives-ouvertes.fr\/images\/Haltools_pdf.png\" border=\"0\" title=\"https:\/\/hal.science\/hal-03698732\/file\/5G_data-5.pdf\" \/><\/a>\n<span class=\"LienBibtexACoteFulltext\"><a href=\"https:\/\/hal.science\/hal-03698732v2\/bibtex\" target=\"_self\">\n<img decoding=\"async\" alt=\"BibTex\" src=\"https:\/\/haltools.archives-ouvertes.fr\/images\/Haltools_bibtex3.png\" border=\"0\"  title=\"BibTex\" \/><\/a>\n<\/span><\/dd>\n<\/dl>\n<dl class='NoticeRes'>\n<dt class=\"ChampRes\">ref_biblio<\/dt><dd class=\"ValeurRes ref_biblio\">Salah Bin Ruba, Nour-El-Houda Yellas, Stefano Secci. Anomaly Detection for 5G Softwarized Infrastructures with Federated Learning. <i>2022 1st International Conference on 6G Networking (6GNet)<\/i>, Jul 2022, Paris, France. <a target=\"_blank\" href=\"https:\/\/dx.doi.org\/10.1109\/6GNet54646.2022.9830390\">&#x27E8;10.1109\/6GNet54646.2022.9830390&#x27E9;<\/a>. <a target=\"_blank\" href=\"https:\/\/hal.science\/hal-03712114v1\">&#x27E8;hal-03712114&#x27E9;<\/a><\/dd>\n<dt class=\"ChampRes\">Acc\u00e8s au texte int\u00e9gral et bibtex<\/dt>\n<dd class=\"ValeurRes Fichier_joint\">\n<a href=\"https:\/\/hal.science\/hal-03712114\/file\/m21672-bin_ruba%20final.pdf\"  target=\"_blank\">\n<img decoding=\"async\" alt=\"https:\/\/hal.science\/hal-03712114\/file\/m21672-bin_ruba%20final.pdf\" src=\"https:\/\/haltools.archives-ouvertes.fr\/images\/Haltools_pdf.png\" border=\"0\" title=\"https:\/\/hal.science\/hal-03712114\/file\/m21672-bin_ruba%20final.pdf\" \/><\/a>\n<span class=\"LienBibtexACoteFulltext\"><a href=\"https:\/\/hal.science\/hal-03712114v1\/bibtex\" target=\"_self\">\n<img decoding=\"async\" alt=\"BibTex\" src=\"https:\/\/haltools.archives-ouvertes.fr\/images\/Haltools_bibtex3.png\" border=\"0\"  title=\"BibTex\" \/><\/a>\n<\/span><\/dd>\n<\/dl>\n<dl class='NoticeRes'>\n<dt class=\"ChampRes\">ref_biblio<\/dt><dd class=\"ValeurRes ref_biblio\">Nour-El-Houda Yellas, Bernardetta Addis, Roberto Riggio, Stefano Secci. Function Placement and Acceleration for In-Network Federated Learning Services. <i>2022 18th International Conference on Network and Service Management (CNSM)<\/i>, Oct 2022, Thessaloniki, Greece. pp.212-218, <a target=\"_blank\" href=\"https:\/\/dx.doi.org\/10.23919\/CNSM55787.2022.9964625\">&#x27E8;10.23919\/CNSM55787.2022.9964625&#x27E9;<\/a>. <a target=\"_blank\" href=\"https:\/\/hal.science\/hal-03883727v1\">&#x27E8;hal-03883727&#x27E9;<\/a><\/dd>\n<dt class=\"ChampRes\">Acc\u00e8s au texte int\u00e9gral et bibtex<\/dt>\n<dd class=\"ValeurRes Fichier_joint\">\n<a href=\"https:\/\/hal.science\/hal-03883727\/file\/HAL_Function%20Placement%20and%20Acceleration%20for_In-Network%20Federated%20Learning%20Services.pdf\"  target=\"_blank\">\n<img decoding=\"async\" alt=\"https:\/\/hal.science\/hal-03883727\/file\/HAL_Function%20Placement%20and%20Acceleration%20for_In-Network%20Federated%20Learning%20Services.pdf\" src=\"https:\/\/haltools.archives-ouvertes.fr\/images\/Haltools_pdf.png\" border=\"0\" title=\"https:\/\/hal.science\/hal-03883727\/file\/HAL_Function%20Placement%20and%20Acceleration%20for_In-Network%20Federated%20Learning%20Services.pdf\" \/><\/a>\n<span class=\"LienBibtexACoteFulltext\"><a href=\"https:\/\/hal.science\/hal-03883727v1\/bibtex\" target=\"_self\">\n<img decoding=\"async\" alt=\"BibTex\" src=\"https:\/\/haltools.archives-ouvertes.fr\/images\/Haltools_bibtex3.png\" border=\"0\"  title=\"BibTex\" \/><\/a>\n<\/span><\/dd>\n<\/dl>\n<p class='SousRubrique'>2021<\/p>\n<dl class='NoticeRes'>\n<dt class=\"ChampRes\">ref_biblio<\/dt><dd class=\"ValeurRes ref_biblio\">Nour-El-Houda Yellas, Selma Boumerdassi, Alberto Ceselli, Stefano Secci. Complexity-Performance Trade-offs in Robust Access Point Clustering for Edge Computing. <i>17th International Conference on the Design of Reliable Communication Networks (DRCN 2021)<\/i>, Apr 2021, Milan, Italy. <a target=\"_blank\" href=\"https:\/\/dx.doi.org\/10.1109\/DRCN51631.2021.9477332\">&#x27E8;10.1109\/DRCN51631.2021.9477332&#x27E9;<\/a>. <a target=\"_blank\" href=\"https:\/\/hal.science\/hal-03285731v1\">&#x27E8;hal-03285731&#x27E9;<\/a><\/dd>\n<dt class=\"ChampRes\">Acc\u00e8s au texte int\u00e9gral et bibtex<\/dt>\n<dd class=\"ValeurRes Fichier_joint\">\n<a href=\"https:\/\/hal.science\/hal-03285731\/file\/Complexity-Performance%20Trade-offs%20in%20Robust%20Access%20Point%20Clustering%20for%20Edge%20ComputingHAL.pdf\"  target=\"_blank\">\n<img decoding=\"async\" alt=\"https:\/\/hal.science\/hal-03285731\/file\/Complexity-Performance%20Trade-offs%20in%20Robust%20Access%20Point%20Clustering%20for%20Edge%20ComputingHAL.pdf\" src=\"https:\/\/haltools.archives-ouvertes.fr\/images\/Haltools_pdf.png\" border=\"0\" title=\"https:\/\/hal.science\/hal-03285731\/file\/Complexity-Performance%20Trade-offs%20in%20Robust%20Access%20Point%20Clustering%20for%20Edge%20ComputingHAL.pdf\" \/><\/a>\n<span class=\"LienBibtexACoteFulltext\"><a href=\"https:\/\/hal.science\/hal-03285731v1\/bibtex\" target=\"_self\">\n<img decoding=\"async\" alt=\"BibTex\" src=\"https:\/\/haltools.archives-ouvertes.fr\/images\/Haltools_bibtex3.png\" border=\"0\"  title=\"BibTex\" \/><\/a>\n<\/span><\/dd>\n<\/dl>\n<p class='Rubrique'>Th\u00e8se<\/p>\n<p class='SousRubrique'>2023<\/p>\n<dl class='NoticeRes'>\n<dt class=\"ChampRes\">ref_biblio<\/dt><dd class=\"ValeurRes ref_biblio\">Nour-El-Houda Yellas. Multi-criteria Optimization for Resource Allocation in Multi-access Edge Computing. Networking and Internet Architecture [cs.NI]. Hesam Universit\u00e9; Cnam Paris, 2023. English. <a target=\"_blank\" href=\"https:\/\/www.theses.fr\/\">&#x27E8;NNT : &#x27E9;<\/a>. <a target=\"_blank\" href=\"https:\/\/hal.science\/tel-04766847v1\">&#x27E8;tel-04766847&#x27E9;<\/a><\/dd>\n<dt class=\"ChampRes\">Acc\u00e8s au texte int\u00e9gral et bibtex<\/dt>\n<dd class=\"ValeurRes Fichier_joint\">\n<a href=\"https:\/\/hal.science\/tel-04766847\/file\/Nour_thesis2023.pdf\"  target=\"_blank\">\n<img decoding=\"async\" alt=\"https:\/\/hal.science\/tel-04766847\/file\/Nour_thesis2023.pdf\" src=\"https:\/\/haltools.archives-ouvertes.fr\/images\/Haltools_pdf.png\" border=\"0\" title=\"https:\/\/hal.science\/tel-04766847\/file\/Nour_thesis2023.pdf\" \/><\/a>\n<span class=\"LienBibtexACoteFulltext\"><a href=\"https:\/\/hal.science\/tel-04766847v1\/bibtex\" target=\"_self\">\n<img decoding=\"async\" alt=\"BibTex\" src=\"https:\/\/haltools.archives-ouvertes.fr\/images\/Haltools_bibtex3.png\" border=\"0\"  title=\"BibTex\" \/><\/a>\n<\/span><\/dd>\n<\/dl>\n<dl class='NoticeRes'>\n<dt class=\"ChampRes\">ref_biblio<\/dt><dd class=\"ValeurRes ref_biblio\">Nour-El-Houda Yellas. Optimisation multi-crit\u00e8res de l'allocation des ressources de calcul \u00e0 la bordure du r\u00e9seau. Informatique [cs]. HESAM Universit\u00e9, 2023. Fran\u00e7ais. <a target=\"_blank\" href=\"https:\/\/www.theses.fr\/2023HESAC063\">&#x27E8;NNT : 2023HESAC063&#x27E9;<\/a>. <a target=\"_blank\" href=\"https:\/\/theses.hal.science\/tel-04731161v1\">&#x27E8;tel-04731161&#x27E9;<\/a><\/dd>\n<dt class=\"ChampRes\">Acc\u00e8s au texte int\u00e9gral et bibtex<\/dt>\n<dd class=\"ValeurRes Fichier_joint\">\n<a href=\"https:\/\/theses.hal.science\/tel-04731161\/file\/119842_YELLAS_2023_archivage.pdf\"  target=\"_blank\">\n<img decoding=\"async\" alt=\"https:\/\/theses.hal.science\/tel-04731161\/file\/119842_YELLAS_2023_archivage.pdf\" src=\"https:\/\/haltools.archives-ouvertes.fr\/images\/Haltools_pdf.png\" border=\"0\" title=\"https:\/\/theses.hal.science\/tel-04731161\/file\/119842_YELLAS_2023_archivage.pdf\" \/><\/a>\n<span class=\"LienBibtexACoteFulltext\"><a href=\"https:\/\/theses.hal.science\/tel-04731161v1\/bibtex\" target=\"_self\">\n<img decoding=\"async\" alt=\"BibTex\" src=\"https:\/\/haltools.archives-ouvertes.fr\/images\/Haltools_bibtex3.png\" border=\"0\"  title=\"BibTex\" \/><\/a>\n<\/span><\/dd>\n<\/dl>\n<\/div>\n\n","protected":false},"excerpt":{"rendered":"","protected":false},"author":4,"featured_media":0,"parent":6590,"menu_order":0,"comment_status":"closed","ping_status":"closed","template":"","meta":{"ocean_post_layout":"","ocean_both_sidebars_style":"","ocean_both_sidebars_content_width":0,"ocean_both_sidebars_sidebars_width":0,"ocean_sidebar":"","ocean_second_sidebar":"","ocean_disable_margins":"enable","ocean_add_body_class":"","ocean_shortcode_before_top_bar":"","ocean_shortcode_after_top_bar":"","ocean_shortcode_before_header":"","ocean_shortcode_after_header":"","ocean_has_shortcode":"","ocean_shortcode_after_title":"","ocean_shortcode_before_footer_widgets":"","ocean_shortcode_after_footer_widgets":"","ocean_shortcode_before_footer_bottom":"","ocean_shortcode_after_footer_bottom":"","ocean_display_top_bar":"default","ocean_display_header":"default","ocean_header_style":"","ocean_center_header_left_menu":"","ocean_custom_header_template":"","ocean_custom_logo":0,"ocean_custom_retina_logo":0,"ocean_custom_logo_max_width":0,"ocean_custom_logo_tablet_max_width":0,"ocean_custom_logo_mobile_max_width":0,"ocean_custom_logo_max_height":0,"ocean_custom_logo_tablet_max_height":0,"ocean_custom_logo_mobile_max_height":0,"ocean_header_custom_menu":"","ocean_menu_typo_font_family":"","ocean_menu_typo_font_subset":"","ocean_menu_typo_font_size":0,"ocean_menu_typo_font_size_tablet":0,"ocean_menu_typo_font_size_mobile":0,"ocean_menu_typo_font_size_unit":"px","ocean_menu_typo_font_weight":"","ocean_menu_typo_font_weight_tablet":"","ocean_menu_typo_font_weight_mobile":"","ocean_menu_typo_transform":"","ocean_menu_typo_transform_tablet":"","ocean_menu_typo_transform_mobile":"","ocean_menu_typo_line_height":0,"ocean_menu_typo_line_height_tablet":0,"ocean_menu_typo_line_height_mobile":0,"ocean_menu_typo_line_height_unit":"","ocean_menu_typo_spacing":0,"ocean_menu_typo_spacing_tablet":0,"ocean_menu_typo_spacing_mobile":0,"ocean_menu_typo_spacing_unit":"","ocean_menu_link_color":"","ocean_menu_link_color_hover":"","ocean_menu_link_color_active":"","ocean_menu_link_background":"","ocean_menu_link_hover_background":"","ocean_menu_link_active_background":"","ocean_menu_social_links_bg":"","ocean_menu_social_hover_links_bg":"","ocean_menu_social_links_color":"","ocean_menu_social_hover_links_color":"","ocean_disable_title":"default","ocean_disable_heading":"default","ocean_post_title":"","ocean_post_subheading":"","ocean_post_title_style":"","ocean_post_title_background_color":"","ocean_post_title_background":0,"ocean_post_title_bg_image_position":"","ocean_post_title_bg_image_attachment":"","ocean_post_title_bg_image_repeat":"","ocean_post_title_bg_image_size":"","ocean_post_title_height":0,"ocean_post_title_bg_overlay":0.5,"ocean_post_title_bg_overlay_color":"","ocean_disable_breadcrumbs":"default","ocean_breadcrumbs_color":"","ocean_breadcrumbs_separator_color":"","ocean_breadcrumbs_links_color":"","ocean_breadcrumbs_links_hover_color":"","ocean_display_footer_widgets":"default","ocean_display_footer_bottom":"default","ocean_custom_footer_template":"","footnotes":""},"class_list":["post-6802","page","type-page","status-publish","hentry","entry"],"_links":{"self":[{"href":"https:\/\/samovar.telecom-sudparis.eu\/index.php\/wp-json\/wp\/v2\/pages\/6802","targetHints":{"allow":["GET"]}}],"collection":[{"href":"https:\/\/samovar.telecom-sudparis.eu\/index.php\/wp-json\/wp\/v2\/pages"}],"about":[{"href":"https:\/\/samovar.telecom-sudparis.eu\/index.php\/wp-json\/wp\/v2\/types\/page"}],"author":[{"embeddable":true,"href":"https:\/\/samovar.telecom-sudparis.eu\/index.php\/wp-json\/wp\/v2\/users\/4"}],"replies":[{"embeddable":true,"href":"https:\/\/samovar.telecom-sudparis.eu\/index.php\/wp-json\/wp\/v2\/comments?post=6802"}],"version-history":[{"count":0,"href":"https:\/\/samovar.telecom-sudparis.eu\/index.php\/wp-json\/wp\/v2\/pages\/6802\/revisions"}],"up":[{"embeddable":true,"href":"https:\/\/samovar.telecom-sudparis.eu\/index.php\/wp-json\/wp\/v2\/pages\/6590"}],"wp:attachment":[{"href":"https:\/\/samovar.telecom-sudparis.eu\/index.php\/wp-json\/wp\/v2\/media?parent=6802"}],"curies":[{"name":"wp","href":"https:\/\/api.w.org\/{rel}","templated":true}]}}