{"id":6590,"date":"2024-10-07T15:45:37","date_gmt":"2024-10-07T13:45:37","guid":{"rendered":"https:\/\/samovar.telecom-sudparis.eu\/index.php\/acmes-translated\/"},"modified":"2024-10-07T15:45:37","modified_gmt":"2024-10-07T13:45:37","slug":"acmes-translated","status":"publish","type":"page","link":"https:\/\/samovar.telecom-sudparis.eu\/index.php\/en\/acmes-translated\/","title":{"rendered":"ACMES (translated)"},"content":{"rendered":"<h2>ACMES (Algorithmes, Composants, Mod\u00e8les Et Services pour l\u2019informatique r\u00e9partie)<\/h2>\t\t\n\t\t<p><\/p>\n<p>Responsable de l&rsquo;\u00e9quipe: <a href=\"https:\/\/samovar.telecom-sudparis.eu\/index.php\/acmes-2\/walid-gaaloul-2\/\"><i>Walid Gaaloul<\/i><\/a><\/p>\n<p>ACMES est une \u00e9quipe qui m\u00e8ne diverses recherches en informatique sur les sujets suivants : les architectures logicielles (middleware, service, Cloud), la gestion et la fouille des processus m\u00e9tiers, la gestion des donn\u00e9es, la mod\u00e9lisation des raisonnements et l\u2019extraction des connaissances (fouille, apprentissage).<\/p>\n<p>L\u2019\u00e9quipe s\u2019int\u00e9resse principalement \u00e0 trois challenges associ\u00e9s aux caract\u00e9ristiques de ces infrastructures logicielles : (1) la complexit\u00e9 des architectures et des piles logicielles et (2) le caract\u00e8re dynamique des infrastructures et des donn\u00e9es massives et h\u00e9t\u00e9rog\u00e8nes v\u00e9hicul\u00e9es par ces infrastructures (3) la v\u00e9rification, preuve et test de la pile logiciel. Elle est organis\u00e9e en trois grands axes :<\/p>\n<p><strong>G\u00e9nie logiciel et intergiciel<\/strong> : la complexit\u00e9, l\u2019h\u00e9t\u00e9rog\u00e9n\u00e9it\u00e9 et la dynamicit\u00e9 inh\u00e9rente aux infrastructures mat\u00e9rielles et logicielles rendent les codes difficiles \u00e0 \u00e9crire et \u00e0 maintenir. Il devient donc n\u00e9cessaire de proposer de nouveaux intergiciels et mod\u00e8les pour simplifier la conception des applications.<\/p>\n<p><strong>Donn\u00e9es et connaissances<\/strong> : automatiser ou effectuer des pr\u00e9dictions efficaces n\u00e9cessite de collecter et de traiter de grands volumes de donn\u00e9es h\u00e9t\u00e9rog\u00e8nes, et il est donc n\u00e9cessaire de proposer et d\u2019\u00e9tudier de nouveaux algorithmes permettant de collecter et traiter efficacement ces donn\u00e9es.<\/p>\n<p><b>M\u00e9thodes formelles<\/b> :&nbsp;la v\u00e9rification, la preuve formelle, le test et le monitoring des architectures logicielles et leurs domaines applicatifs (syst\u00e8mes complexes et critiques, d\u00e9tection d\u2019intrusion, lignes de produits logiciels) pour garantir leur correction et fiabilit\u00e9.<\/p>\n<p><\/p>\n<p><\/p>\n<p><br><\/p>\n<p><\/p>\n<p><\/p>\n<p><\/p>\n<p><\/p>\n<p><\/p>\n<p><\/p>\n<p><\/p>\n<p><\/p>\t\t\n\t\t\t<a href=\"index.php\/2020\/08\/31\/acmes-les-membres-de-lequipe\/\">\n\t\t\t\t\t\tLes membres de l&rsquo;\u00e9quipe\n\t\t\t\t\t<\/a>\n\t\t\t<a href=\"https:\/\/hal.archives-ouvertes.fr\/TELECOM-SUDPARIS\/search\/index\/?q=rteamStructName_s%3A%22Algorithmes%2C+Composants%2C+Mod%C3%A8les+Et+Services+pour+l%27informatique+r%C3%A9partie%22&#038;sort=producedDate_tdate+desc\">\n\t\t\t\t\t\tLes publications\n\t\t\t\t\t<\/a>\n\t\t\t\t\t\t\t\t\t\t\t\t\t\t\t<img fetchpriority=\"high\" decoding=\"async\" width=\"1024\" height=\"768\" src=\"https:\/\/samovar.telecom-sudparis.eu\/wp-content\/uploads\/2020\/09\/cloudAcmes.png\" alt=\"\" srcset=\"https:\/\/samovar.telecom-sudparis.eu\/wp-content\/uploads\/2020\/09\/cloudAcmes.png 1024w, https:\/\/samovar.telecom-sudparis.eu\/wp-content\/uploads\/2020\/09\/cloudAcmes-300x225.png 300w, https:\/\/samovar.telecom-sudparis.eu\/wp-content\/uploads\/2020\/09\/cloudAcmes-768x576.png 768w\" sizes=\"(max-width: 1024px) 100vw, 1024px\" \/>\t\t\t\t\t\t\t\t\t\t\t\t\t\t\t\n\t\t<h4 style=\"font-variant-ligatures: normal; font-variant-caps: normal; font-family: 'Times New Roman', sans-serif; font-size: 40px; font-style: normal; font-weight: 300; color: #9c5b69;\" spellcheck=\"false\" data-elementor-setting-key=\"title\" data-pen-placeholder=\"\u00c9crivez ici...\" data-lt-tmp-id=\"lt-607254\" data-gramm=\"false\">Actualit\u00e9s<\/h4>\t\t<div class=\"wppsac-wrap wppsac-slick-carousel-wrp wppsac-clearfix \" data-conf=\"{&quot;slides_to_show&quot;:&quot;2&quot;,&quot;slides_to_scroll&quot;:1,&quot;dots&quot;:&quot;true&quot;,&quot;arrows&quot;:&quot;true&quot;,&quot;autoplay&quot;:&quot;true&quot;,&quot;autoplay_interval&quot;:3000,&quot;speed&quot;:500,&quot;rtl&quot;:&quot;false&quot;,&quot;lazyload&quot;:&quot;&quot;}\">\r\n\t\t\t<div id=\"wppsac-post-carousel-1\" class=\"wppsac-post-slider-init wppsac-post-carousel design-1\">\r\n\t\t\t\t<div class=\"wppsac-carousel-slides\">\r\n\t\r\n\t<div class=\"wppsac-post-content-position\">\r\n\t\t\t\t<div class=\"wppsac-post-categories\"><ul class=\"wppsac-post-categories-list\"><li><a href=\"https:\/\/samovar.telecom-sudparis.eu\/index.php\/category\/fractualites-ennews-fr\/\">[fr]Actualit\u00e9s [en]News<\/a><\/li><li><a href=\"https:\/\/samovar.telecom-sudparis.eu\/index.php\/category\/acmes\/seminaire-acmes\/\">SEMINAIRE ACMES<\/a><\/li><\/ul><\/div>\r\n\t\t\r\n\t\t<h2 class=\"wppsac-post-title\">\r\n\t\t\t<a href=\"https:\/\/samovar.telecom-sudparis.eu\/index.php\/2025\/12\/02\/avis-de-soutenance-de-monsieur-eric-behar\/\">AVIS DE SOUTENANCE de Monsieur Eric BEHAR<\/a>\r\n\t\t<\/h2>\r\n\r\n\t\t\t\t<div class=\"wppsac-post-content\">\r\n\t\t\t<div class=\"wppsac-sub-content\">L'Ecole doctorale : Ecole Doctorale de l'Institut Polytechnique de Pariset le Laboratoire de recherche SAMOVAR - Services r\u00e9partis, Architectures, Mod\u00e9lisation,...<\/div>\r\n\r\n\t\t\t\t\t\t<a class=\"wppsac-readmorebtn\" href=\"https:\/\/samovar.telecom-sudparis.eu\/index.php\/2025\/12\/02\/avis-de-soutenance-de-monsieur-eric-behar\/\">Read More<\/a>\r\n\t\t\t\t\t<\/div>\r\n\t\t\t<\/div>\r\n<\/div><div class=\"wppsac-carousel-slides\">\r\n\t\r\n\t<div class=\"wppsac-post-content-position\">\r\n\t\t\t\t<div class=\"wppsac-post-categories\"><ul class=\"wppsac-post-categories-list\"><li><a href=\"https:\/\/samovar.telecom-sudparis.eu\/index.php\/category\/fractualites-ennews-fr\/\">[fr]Actualit\u00e9s [en]News<\/a><\/li><li><a href=\"https:\/\/samovar.telecom-sudparis.eu\/index.php\/category\/acmes\/seminaire-acmes\/\">SEMINAIRE ACMES<\/a><\/li><\/ul><\/div>\r\n\t\t\r\n\t\t<h2 class=\"wppsac-post-title\">\r\n\t\t\t<a href=\"https:\/\/samovar.telecom-sudparis.eu\/index.php\/2025\/11\/12\/new-paper-at-emnlp25-btc-sam\/\">New paper at EMNLP\u201925 \u201cBTC-SAM<\/a>\r\n\t\t<\/h2>\r\n\r\n\t\t\t\t<div class=\"wppsac-post-content\">\r\n\t\t\t<div class=\"wppsac-sub-content\">New paper at EMNLP\u201925 \u201cBTC-SAM: Leveraging LLMs for Generation of Bias Test Cases for Sentiment Analysis Models\u201d from Zsolt T....<\/div>\r\n\r\n\t\t\t\t\t\t<a class=\"wppsac-readmorebtn\" href=\"https:\/\/samovar.telecom-sudparis.eu\/index.php\/2025\/11\/12\/new-paper-at-emnlp25-btc-sam\/\">Read More<\/a>\r\n\t\t\t\t\t<\/div>\r\n\t\t\t<\/div>\r\n<\/div><div class=\"wppsac-carousel-slides\">\r\n\t\r\n\t<div class=\"wppsac-post-content-position\">\r\n\t\t\t\t<div class=\"wppsac-post-categories\"><ul class=\"wppsac-post-categories-list\"><li><a href=\"https:\/\/samovar.telecom-sudparis.eu\/index.php\/category\/fractualites-ennews-fr\/\">[fr]Actualit\u00e9s [en]News<\/a><\/li><li><a href=\"https:\/\/samovar.telecom-sudparis.eu\/index.php\/category\/acmes\/seminaire-acmes\/\">SEMINAIRE ACMES<\/a><\/li><\/ul><\/div>\r\n\t\t\r\n\t\t<h2 class=\"wppsac-post-title\">\r\n\t\t\t<a href=\"https:\/\/samovar.telecom-sudparis.eu\/index.php\/2025\/11\/12\/best-student-paper-award\/\">Best Student Paper Award<\/a>\r\n\t\t<\/h2>\r\n\r\n\t\t\t\t<div class=\"wppsac-post-content\">\r\n\t\t\t<div class=\"wppsac-sub-content\">for the paper entitled: Extracting Object-Centric Event Logs from Incident Data Using Large Language Modelsauthored by:Ahmed Takiy Eddine Hamdi, Marwa...<\/div>\r\n\r\n\t\t\t\t\t\t<a class=\"wppsac-readmorebtn\" href=\"https:\/\/samovar.telecom-sudparis.eu\/index.php\/2025\/11\/12\/best-student-paper-award\/\">Read More<\/a>\r\n\t\t\t\t\t<\/div>\r\n\t\t\t<\/div>\r\n<\/div><div class=\"wppsac-carousel-slides\">\r\n\t\r\n\t<div class=\"wppsac-post-content-position\">\r\n\t\t\t\t<div class=\"wppsac-post-categories\"><ul class=\"wppsac-post-categories-list\"><li><a href=\"https:\/\/samovar.telecom-sudparis.eu\/index.php\/category\/fractualites-ennews-fr\/\">[fr]Actualit\u00e9s [en]News<\/a><\/li><li><a href=\"https:\/\/samovar.telecom-sudparis.eu\/index.php\/category\/acmes\/seminaire-acmes\/\">SEMINAIRE ACMES<\/a><\/li><\/ul><\/div>\r\n\t\t\r\n\t\t<h2 class=\"wppsac-post-title\">\r\n\t\t\t<a href=\"https:\/\/samovar.telecom-sudparis.eu\/index.php\/2025\/06\/03\/avis-de-soutenance-de-monsieur-ali-nour-eldin\/\">AVIS DE SOUTENANCE de Monsieur Ali NOUR ELDIN<\/a>\r\n\t\t<\/h2>\r\n\r\n\t\t\t\t<div class=\"wppsac-post-content\">\r\n\t\t\t<div class=\"wppsac-sub-content\">L'Ecole doctorale : Ecole Doctorale de l'Institut Polytechnique de Pariset le Laboratoire de recherche SAMOVAR - Services r\u00e9partis, Architectures, Mod\u00e9lisation,...<\/div>\r\n\r\n\t\t\t\t\t\t<a class=\"wppsac-readmorebtn\" href=\"https:\/\/samovar.telecom-sudparis.eu\/index.php\/2025\/06\/03\/avis-de-soutenance-de-monsieur-ali-nour-eldin\/\">Read More<\/a>\r\n\t\t\t\t\t<\/div>\r\n\t\t\t<\/div>\r\n<\/div><div class=\"wppsac-carousel-slides\">\r\n\t\r\n\t<div class=\"wppsac-post-content-position\">\r\n\t\t\t\t<div class=\"wppsac-post-categories\"><ul class=\"wppsac-post-categories-list\"><li><a href=\"https:\/\/samovar.telecom-sudparis.eu\/index.php\/category\/fractualites-ennews-fr\/\">[fr]Actualit\u00e9s [en]News<\/a><\/li><li><a href=\"https:\/\/samovar.telecom-sudparis.eu\/index.php\/category\/acmes\/seminaire-acmes\/\">SEMINAIRE ACMES<\/a><\/li><\/ul><\/div>\r\n\t\t\r\n\t\t<h2 class=\"wppsac-post-title\">\r\n\t\t\t<a href=\"https:\/\/samovar.telecom-sudparis.eu\/index.php\/2024\/12\/09\/avis-de-soutenance-de-monsieur-houssam-hajj-hassan\/\">AVIS DE SOUTENANCE de Monsieur Houssam HAJJ HASSAN<\/a>\r\n\t\t<\/h2>\r\n\r\n\t\t\t\t<div class=\"wppsac-post-content\">\r\n\t\t\t<div class=\"wppsac-sub-content\">L'Ecole doctorale : Ecole Doctorale de l'Institut Polytechnique de Pariset le Laboratoire de recherche SAMOVAR - Services r\u00e9partis, Architectures, Mod\u00e9lisation,...<\/div>\r\n\r\n\t\t\t\t\t\t<a class=\"wppsac-readmorebtn\" href=\"https:\/\/samovar.telecom-sudparis.eu\/index.php\/2024\/12\/09\/avis-de-soutenance-de-monsieur-houssam-hajj-hassan\/\">Read More<\/a>\r\n\t\t\t\t\t<\/div>\r\n\t\t\t<\/div>\r\n<\/div><div class=\"wppsac-carousel-slides\">\r\n\t\r\n\t<div class=\"wppsac-post-content-position\">\r\n\t\t\t\t<div class=\"wppsac-post-categories\"><ul class=\"wppsac-post-categories-list\"><li><a href=\"https:\/\/samovar.telecom-sudparis.eu\/index.php\/category\/fractualites-ennews-fr\/\">[fr]Actualit\u00e9s [en]News<\/a><\/li><li><a href=\"https:\/\/samovar.telecom-sudparis.eu\/index.php\/category\/acmes\/seminaire-acmes\/\">SEMINAIRE ACMES<\/a><\/li><\/ul><\/div>\r\n\t\t\r\n\t\t<h2 class=\"wppsac-post-title\">\r\n\t\t\t<a href=\"https:\/\/samovar.telecom-sudparis.eu\/index.php\/2024\/10\/17\/avis-de-soutenance-de-madame-wafaa-mebrek\/\">AVIS DE SOUTENANCE de Madame Wafaa MEBREK<\/a>\r\n\t\t<\/h2>\r\n\r\n\t\t\t\t<div class=\"wppsac-post-content\">\r\n\t\t\t<div class=\"wppsac-sub-content\">L'Ecole doctorale : Ecole Doctorale de l'Institut Polytechnique de Pariset le Laboratoire de recherche SAMOVAR - Services r\u00e9partis, Architectures, Mod\u00e9lisation,...<\/div>\r\n\r\n\t\t\t\t\t\t<a class=\"wppsac-readmorebtn\" href=\"https:\/\/samovar.telecom-sudparis.eu\/index.php\/2024\/10\/17\/avis-de-soutenance-de-madame-wafaa-mebrek\/\">Read More<\/a>\r\n\t\t\t\t\t<\/div>\r\n\t\t\t<\/div>\r\n<\/div><div class=\"wppsac-carousel-slides\">\r\n\t\r\n\t<div class=\"wppsac-post-content-position\">\r\n\t\t\t\t<div class=\"wppsac-post-categories\"><ul class=\"wppsac-post-categories-list\"><li><a href=\"https:\/\/samovar.telecom-sudparis.eu\/index.php\/category\/fractualites-ennews-fr\/\">[fr]Actualit\u00e9s [en]News<\/a><\/li><li><a href=\"https:\/\/samovar.telecom-sudparis.eu\/index.php\/category\/acmes\/seminaire-acmes\/\">SEMINAIRE ACMES<\/a><\/li><\/ul><\/div>\r\n\t\t\r\n\t\t<h2 class=\"wppsac-post-title\">\r\n\t\t\t<a href=\"https:\/\/samovar.telecom-sudparis.eu\/index.php\/2024\/10\/03\/avis-de-soutenance-de-monsieur-ralph-bou-nader\/\">AVIS DE SOUTENANCE de Monsieur Ralph BOU NADER<\/a>\r\n\t\t<\/h2>\r\n\r\n\t\t\t\t<div class=\"wppsac-post-content\">\r\n\t\t\t<div class=\"wppsac-sub-content\">L'Ecole doctorale : Ecole Doctorale de l'Institut Polytechnique de Pariset le Laboratoire de recherche pr\u00e9sentent l\u2019AVIS DE SOUTENANCE de Monsieur...<\/div>\r\n\r\n\t\t\t\t\t\t<a class=\"wppsac-readmorebtn\" href=\"https:\/\/samovar.telecom-sudparis.eu\/index.php\/2024\/10\/03\/avis-de-soutenance-de-monsieur-ralph-bou-nader\/\">Read More<\/a>\r\n\t\t\t\t\t<\/div>\r\n\t\t\t<\/div>\r\n<\/div><div class=\"wppsac-carousel-slides\">\r\n\t\r\n\t<div class=\"wppsac-post-content-position\">\r\n\t\t\t\t<div class=\"wppsac-post-categories\"><ul class=\"wppsac-post-categories-list\"><li><a href=\"https:\/\/samovar.telecom-sudparis.eu\/index.php\/category\/fractualites-ennews-fr\/\">[fr]Actualit\u00e9s [en]News<\/a><\/li><li><a href=\"https:\/\/samovar.telecom-sudparis.eu\/index.php\/category\/acmes\/seminaire-acmes\/\">SEMINAIRE ACMES<\/a><\/li><\/ul><\/div>\r\n\t\t\r\n\t\t<h2 class=\"wppsac-post-title\">\r\n\t\t\t<a href=\"https:\/\/samovar.telecom-sudparis.eu\/index.php\/2024\/10\/03\/avis-de-soutenance-de-monsieur-jeremy-mechouche\/\">AVIS DE SOUTENANCE de Monsieur Jeremy MECHOUCHE<\/a>\r\n\t\t<\/h2>\r\n\r\n\t\t\t\t<div class=\"wppsac-post-content\">\r\n\t\t\t<div class=\"wppsac-sub-content\">L'Ecole doctorale : Ecole Doctorale de l'Institut Polytechnique de Pariset le Laboratoire de recherche SAMOVAR - Services r\u00e9partis, Architectures, Mod\u00e9lisation,...<\/div>\r\n\r\n\t\t\t\t\t\t<a class=\"wppsac-readmorebtn\" href=\"https:\/\/samovar.telecom-sudparis.eu\/index.php\/2024\/10\/03\/avis-de-soutenance-de-monsieur-jeremy-mechouche\/\">Read More<\/a>\r\n\t\t\t\t\t<\/div>\r\n\t\t\t<\/div>\r\n<\/div>\t\t\t<\/div>\r\n\t\t<\/div>\r\n\t","protected":false},"excerpt":{"rendered":"<p>ACMES (Algorithmes, Composants, Mod\u00e8les Et Services pour l\u2019informatique r\u00e9partie) Responsable de l&rsquo;\u00e9quipe: Walid Gaaloul ACMES est une \u00e9quipe qui m\u00e8ne diverses recherches en informatique sur les sujets suivants : les architectures logicielles (middleware, service, Cloud), la gestion et la fouille des processus m\u00e9tiers, la gestion des donn\u00e9es, la mod\u00e9lisation des raisonnements et l\u2019extraction des connaissances [&hellip;]<\/p>\n","protected":false},"author":4,"featured_media":0,"parent":0,"menu_order":0,"comment_status":"closed","ping_status":"closed","template":"","meta":{"ocean_post_layout":"","ocean_both_sidebars_style":"","ocean_both_sidebars_content_width":0,"ocean_both_sidebars_sidebars_width":0,"ocean_sidebar":"","ocean_second_sidebar":"","ocean_disable_margins":"enable","ocean_add_body_class":"","ocean_shortcode_before_top_bar":"","ocean_shortcode_after_top_bar":"","ocean_shortcode_before_header":"","ocean_shortcode_after_header":"","ocean_has_shortcode":"","ocean_shortcode_after_title":"","ocean_shortcode_before_footer_widgets":"","ocean_shortcode_after_footer_widgets":"","ocean_shortcode_before_footer_bottom":"","ocean_shortcode_after_footer_bottom":"","ocean_display_top_bar":"default","ocean_display_header":"default","ocean_header_style":"","ocean_center_header_left_menu":"","ocean_custom_header_template":"","ocean_custom_logo":0,"ocean_custom_retina_logo":0,"ocean_custom_logo_max_width":0,"ocean_custom_logo_tablet_max_width":0,"ocean_custom_logo_mobile_max_width":0,"ocean_custom_logo_max_height":0,"ocean_custom_logo_tablet_max_height":0,"ocean_custom_logo_mobile_max_height":0,"ocean_header_custom_menu":"","ocean_menu_typo_font_family":"","ocean_menu_typo_font_subset":"","ocean_menu_typo_font_size":0,"ocean_menu_typo_font_size_tablet":0,"ocean_menu_typo_font_size_mobile":0,"ocean_menu_typo_font_size_unit":"px","ocean_menu_typo_font_weight":"","ocean_menu_typo_font_weight_tablet":"","ocean_menu_typo_font_weight_mobile":"","ocean_menu_typo_transform":"","ocean_menu_typo_transform_tablet":"","ocean_menu_typo_transform_mobile":"","ocean_menu_typo_line_height":0,"ocean_menu_typo_line_height_tablet":0,"ocean_menu_typo_line_height_mobile":0,"ocean_menu_typo_line_height_unit":"","ocean_menu_typo_spacing":0,"ocean_menu_typo_spacing_tablet":0,"ocean_menu_typo_spacing_mobile":0,"ocean_menu_typo_spacing_unit":"","ocean_menu_link_color":"","ocean_menu_link_color_hover":"","ocean_menu_link_color_active":"","ocean_menu_link_background":"","ocean_menu_link_hover_background":"","ocean_menu_link_active_background":"","ocean_menu_social_links_bg":"","ocean_menu_social_hover_links_bg":"","ocean_menu_social_links_color":"","ocean_menu_social_hover_links_color":"","ocean_disable_title":"default","ocean_disable_heading":"default","ocean_post_title":"","ocean_post_subheading":"","ocean_post_title_style":"","ocean_post_title_background_color":"","ocean_post_title_background":0,"ocean_post_title_bg_image_position":"","ocean_post_title_bg_image_attachment":"","ocean_post_title_bg_image_repeat":"","ocean_post_title_bg_image_size":"","ocean_post_title_height":0,"ocean_post_title_bg_overlay":0.5,"ocean_post_title_bg_overlay_color":"","ocean_disable_breadcrumbs":"default","ocean_breadcrumbs_color":"","ocean_breadcrumbs_separator_color":"","ocean_breadcrumbs_links_color":"","ocean_breadcrumbs_links_hover_color":"","ocean_display_footer_widgets":"default","ocean_display_footer_bottom":"default","ocean_custom_footer_template":"","footnotes":""},"class_list":["post-6590","page","type-page","status-publish","hentry","entry"],"_links":{"self":[{"href":"https:\/\/samovar.telecom-sudparis.eu\/index.php\/wp-json\/wp\/v2\/pages\/6590","targetHints":{"allow":["GET"]}}],"collection":[{"href":"https:\/\/samovar.telecom-sudparis.eu\/index.php\/wp-json\/wp\/v2\/pages"}],"about":[{"href":"https:\/\/samovar.telecom-sudparis.eu\/index.php\/wp-json\/wp\/v2\/types\/page"}],"author":[{"embeddable":true,"href":"https:\/\/samovar.telecom-sudparis.eu\/index.php\/wp-json\/wp\/v2\/users\/4"}],"replies":[{"embeddable":true,"href":"https:\/\/samovar.telecom-sudparis.eu\/index.php\/wp-json\/wp\/v2\/comments?post=6590"}],"version-history":[{"count":0,"href":"https:\/\/samovar.telecom-sudparis.eu\/index.php\/wp-json\/wp\/v2\/pages\/6590\/revisions"}],"wp:attachment":[{"href":"https:\/\/samovar.telecom-sudparis.eu\/index.php\/wp-json\/wp\/v2\/media?parent=6590"}],"curies":[{"name":"wp","href":"https:\/\/api.w.org\/{rel}","templated":true}]}}