{"id":6131,"date":"2023-06-19T14:52:51","date_gmt":"2023-06-19T12:52:51","guid":{"rendered":"https:\/\/samovar.telecom-sudparis.eu\/?page_id=6131"},"modified":"2023-06-19T14:54:47","modified_gmt":"2023-06-19T12:54:47","slug":"benagil-les-membres-de-lequipe","status":"publish","type":"page","link":"https:\/\/samovar.telecom-sudparis.eu\/index.php\/benagil-les-membres-de-lequipe\/","title":{"rendered":"BENAGIL: Les membres de l&rsquo;\u00e9quipe"},"content":{"rendered":"<div class=\"MonLabo MonLabo-persons-list\"><a id=\"team_leader\"><\/a><h1>Chef d\u2019\u00e9quipe<\/h1><ul><li class=\"MonLaboUser\"><div class=\"MonLabo-user-image\"><a href=\"https:\/\/samovar.telecom-sudparis.eu\/?page_id=3421\" class=\"MonLaboLink\"><img decoding=\"async\" src=\"https:\/\/samovar.telecom-sudparis.eu\/wp-content\/uploads\/2022\/07\/Gael-THOMAS.jpg\" class=\"wp-image-8 alignleft img-arrondi wp-post-image\" height=\"70\" width=\"70\" alt=\" \" \/><\/a><\/div><div class=\"MonLabo-user-text\"><a href=\"https:\/\/samovar.telecom-sudparis.eu\/?page_id=3421\" class=\"MonLaboLink\"><strong>Gael <span class=\"MonLabo-lastname\">Thomas<\/span><\/strong><\/a>, <em>Professeur<\/em>, <span class=\"team-description\"><span class=\"MonLabo_team_name\">BENAGIL<\/span><\/span><br \/><div class=\"MonLabo-user-coordonates\"><span class=\"MonLabo-email\">gael.thomas[&#64;<span>-Code to remove to avoid SPAM-<\/span>]telecom-sudparis.eu<\/span><\/div><\/div><\/li><\/ul><\/div><div class=\"MonLabo MonLabo-persons-list\"><a id=\"member\"><\/a><h1>Membres<\/h1><ul><li class=\"MonLaboUser\"><div class=\"MonLabo-user-image\"><a href=\"https:\/\/samovar.telecom-sudparis.eu\/?page_id=3399\" class=\"MonLaboLink\"><img decoding=\"async\" src=\"https:\/\/samovar.telecom-sudparis.eu\/wp-content\/uploads\/2022\/03\/M.Bacou_.php_-150x150.jpg\" class=\"wp-image-8 alignleft img-arrondi wp-post-image\" height=\"70\" width=\"70\" alt=\" \" \/><\/a><\/div><div class=\"MonLabo-user-text\"><a href=\"https:\/\/samovar.telecom-sudparis.eu\/?page_id=3399\" class=\"MonLaboLink\"><strong>Mathieu <span class=\"MonLabo-lastname\">BACOU<\/span><\/strong><\/a>, <em>Ma\u00eetre de Conf\u00e9rences<\/em>, <span class=\"team-description\"><span class=\"MonLabo_team_name\">BENAGIL<\/span><\/span><br \/><div class=\"MonLabo-user-coordonates\"><span class=\"MonLabo-email\">mathieu.bacou[&#64;<span>-Code to remove to avoid SPAM-<\/span>]telecom-sudparis.eu<\/span><\/div><\/div><\/li><li class=\"MonLaboUser\"><div class=\"MonLabo-user-image\"><a href=\"https:\/\/samovar.telecom-sudparis.eu\/?page_id=3408\" class=\"MonLaboLink\"><img decoding=\"async\" src=\"https:\/\/samovar.telecom-sudparis.eu\/wp-content\/uploads\/2022\/07\/Elisabeth-BRUNET.jpg\" class=\"wp-image-8 alignleft img-arrondi wp-post-image\" height=\"70\" width=\"70\" alt=\" \" \/><\/a><\/div><div class=\"MonLabo-user-text\"><a href=\"https:\/\/samovar.telecom-sudparis.eu\/?page_id=3408\" class=\"MonLaboLink\"><strong>Elisabeth <span class=\"MonLabo-lastname\">BRUNET<\/span><\/strong><\/a>, <em>Ma\u00eetre de Conf\u00e9rences<\/em>, <span class=\"team-description\"><span class=\"MonLabo_team_name\">BENAGIL<\/span><\/span><br \/><div class=\"MonLabo-user-coordonates\"><span class=\"MonLabo-email\">Elisabeth.brunet[&#64;<span>-Code to remove to avoid SPAM-<\/span>]telecom-sudparis.eu<\/span><\/div><\/div><\/li><li class=\"MonLaboUser\"><div class=\"MonLabo-user-image\"><a href=\"https:\/\/samovar.telecom-sudparis.eu\/?page_id=4629\" class=\"MonLaboLink\"><img loading=\"lazy\" decoding=\"async\" src=\"https:\/\/samovar.telecom-sudparis.eu\/wp-content\/uploads\/2022\/11\/Valentin-Honore-150x150.jpeg\" class=\"wp-image-8 alignleft img-arrondi wp-post-image\" height=\"70\" width=\"70\" alt=\" \" \/><\/a><\/div><div class=\"MonLabo-user-text\"><a href=\"https:\/\/samovar.telecom-sudparis.eu\/?page_id=4629\" class=\"MonLaboLink\"><strong>Valentin <span class=\"MonLabo-lastname\">DELIS<\/span><\/strong><\/a>, <em>Ma\u00eetre de Conf\u00e9rences<\/em>, <span class=\"team-description\"><span class=\"MonLabo_team_name\">BENAGIL<\/span><\/span><br \/><div class=\"MonLabo-user-coordonates\"><span class=\"MonLabo-email\">valentin.delis[&#64;<span>-Code to remove to avoid SPAM-<\/span>]ensiie.fr<\/span><\/div><\/div><\/li><li class=\"MonLaboUser\"><div class=\"MonLabo-user-image\"><a href=\"https:\/\/samovar.telecom-sudparis.eu\/?page_id=7009\" class=\"MonLaboLink\"><img loading=\"lazy\" decoding=\"async\" src=\"https:\/\/samovar.telecom-sudparis.eu\/wp-content\/uploads\/2025\/12\/Alexandre-NOLIN.jpg\" class=\"wp-image-8 alignleft img-arrondi wp-post-image\" height=\"70\" width=\"70\" alt=\" \" \/><\/a><\/div><div class=\"MonLabo-user-text\"><a href=\"https:\/\/samovar.telecom-sudparis.eu\/?page_id=7009\" class=\"MonLaboLink\"><strong>Alexandre <span class=\"MonLabo-lastname\">NOLIN<\/span><\/strong><\/a>, <em>Ma\u00eetre de Conf\u00e9rences<\/em>, <span class=\"team-description\"><span class=\"MonLabo_team_name\">BENAGIL<\/span><\/span><br \/><div class=\"MonLabo-user-coordonates\"><span class=\"MonLabo-email\">alexandre.nolin[&#64;<span>-Code to remove to avoid SPAM-<\/span>]telecom-sudparis.eu<\/span><\/div><\/div><\/li><li class=\"MonLaboUser\"><div class=\"MonLabo-user-image\"><a href=\"https:\/\/samovar.telecom-sudparis.eu\/?page_id=3419\" class=\"MonLaboLink\"><img loading=\"lazy\" decoding=\"async\" src=\"https:\/\/samovar.telecom-sudparis.eu\/wp-content\/uploads\/2022\/07\/Pierre-SUTRA.jpg\" class=\"wp-image-8 alignleft img-arrondi wp-post-image\" height=\"70\" width=\"70\" alt=\" \" \/><\/a><\/div><div class=\"MonLabo-user-text\"><a href=\"https:\/\/samovar.telecom-sudparis.eu\/?page_id=3419\" class=\"MonLaboLink\"><strong>Pierre <span class=\"MonLabo-lastname\">Sutra<\/span><\/strong><\/a>, <em>Professeur<\/em>, <span class=\"team-description\"><span class=\"MonLabo_team_name\">BENAGIL<\/span><\/span><br \/><div class=\"MonLabo-user-coordonates\"><span class=\"MonLabo-email\">pierre.sutra[&#64;<span>-Code to remove to avoid SPAM-<\/span>]telecom-sudparis.eu<\/span><\/div><\/div><\/li><li class=\"MonLaboUser\"><div class=\"MonLabo-user-image\"><a href=\"https:\/\/samovar.telecom-sudparis.eu\/?page_id=3422\" class=\"MonLaboLink\"><img loading=\"lazy\" decoding=\"async\" src=\"https:\/\/samovar.telecom-sudparis.eu\/wp-content\/uploads\/2022\/07\/F.-Trahay.jpg\" class=\"wp-image-8 alignleft img-arrondi wp-post-image\" height=\"70\" width=\"70\" alt=\" \" \/><\/a><\/div><div class=\"MonLabo-user-text\"><a href=\"https:\/\/samovar.telecom-sudparis.eu\/?page_id=3422\" class=\"MonLaboLink\"><strong>Francois <span class=\"MonLabo-lastname\">Trahay<\/span><\/strong><\/a>, <em>Professeur<\/em>, <span class=\"team-description\"><span class=\"MonLabo_team_name\">BENAGIL<\/span><\/span><br \/><div class=\"MonLabo-user-coordonates\"><span class=\"MonLabo-email\">francois.trahay[&#64;<span>-Code to remove to avoid SPAM-<\/span>]telecom-sudparis.eu<\/span><\/div><\/div><\/li><\/ul><\/div>\n\n\n\n<p><em>Conform\u00e9ment au R\u00e8glement G\u00e9n\u00e9ral europ\u00e9en sur la Protection des Donn\u00e9es, n\u2019apparaissent dans cet annuaire que les personnels ayant donn\u00e9 leur consentement pour l\u2019affichage de leurs donn\u00e9es \u00e0 caract\u00e8re personnel<\/em>. <em>Pour toute question \u00e0 ce sujet, merci de contacter le DPO de TSP \u00e0 l\u2019adresse suivante :<\/em> <a rel=\"noreferrer noopener\" href=\"mailto:dpo@telecom-sudparis.eu&quot;\" target=\"_blank\">dpo@telecom-sudparis.eu<\/a>.<\/p>\n","protected":false},"excerpt":{"rendered":"<p>Conform\u00e9ment au R\u00e8glement G\u00e9n\u00e9ral europ\u00e9en sur la Protection des Donn\u00e9es, n\u2019apparaissent dans cet annuaire que les personnels ayant donn\u00e9 leur consentement pour l\u2019affichage de leurs donn\u00e9es \u00e0 caract\u00e8re personnel. Pour toute question \u00e0 ce sujet, merci de contacter le DPO de TSP \u00e0 l\u2019adresse suivante : dpo@telecom-sudparis.eu.<\/p>\n","protected":false},"author":4,"featured_media":0,"parent":0,"menu_order":0,"comment_status":"closed","ping_status":"closed","template":"","meta":{"ocean_post_layout":"","ocean_both_sidebars_style":"","ocean_both_sidebars_content_width":0,"ocean_both_sidebars_sidebars_width":0,"ocean_sidebar":"0","ocean_second_sidebar":"0","ocean_disable_margins":"enable","ocean_add_body_class":"","ocean_shortcode_before_top_bar":"","ocean_shortcode_after_top_bar":"","ocean_shortcode_before_header":"","ocean_shortcode_after_header":"","ocean_has_shortcode":"","ocean_shortcode_after_title":"","ocean_shortcode_before_footer_widgets":"","ocean_shortcode_after_footer_widgets":"","ocean_shortcode_before_footer_bottom":"","ocean_shortcode_after_footer_bottom":"","ocean_display_top_bar":"default","ocean_display_header":"default","ocean_header_style":"","ocean_center_header_left_menu":"0","ocean_custom_header_template":"0","ocean_custom_logo":0,"ocean_custom_retina_logo":0,"ocean_custom_logo_max_width":0,"ocean_custom_logo_tablet_max_width":0,"ocean_custom_logo_mobile_max_width":0,"ocean_custom_logo_max_height":0,"ocean_custom_logo_tablet_max_height":0,"ocean_custom_logo_mobile_max_height":0,"ocean_header_custom_menu":"0","ocean_menu_typo_font_family":"0","ocean_menu_typo_font_subset":"","ocean_menu_typo_font_size":0,"ocean_menu_typo_font_size_tablet":0,"ocean_menu_typo_font_size_mobile":0,"ocean_menu_typo_font_size_unit":"px","ocean_menu_typo_font_weight":"","ocean_menu_typo_font_weight_tablet":"","ocean_menu_typo_font_weight_mobile":"","ocean_menu_typo_transform":"","ocean_menu_typo_transform_tablet":"","ocean_menu_typo_transform_mobile":"","ocean_menu_typo_line_height":0,"ocean_menu_typo_line_height_tablet":0,"ocean_menu_typo_line_height_mobile":0,"ocean_menu_typo_line_height_unit":"","ocean_menu_typo_spacing":0,"ocean_menu_typo_spacing_tablet":0,"ocean_menu_typo_spacing_mobile":0,"ocean_menu_typo_spacing_unit":"","ocean_menu_link_color":"","ocean_menu_link_color_hover":"","ocean_menu_link_color_active":"","ocean_menu_link_background":"","ocean_menu_link_hover_background":"","ocean_menu_link_active_background":"","ocean_menu_social_links_bg":"","ocean_menu_social_hover_links_bg":"","ocean_menu_social_links_color":"","ocean_menu_social_hover_links_color":"","ocean_disable_title":"default","ocean_disable_heading":"default","ocean_post_title":"","ocean_post_subheading":"","ocean_post_title_style":"","ocean_post_title_background_color":"","ocean_post_title_background":0,"ocean_post_title_bg_image_position":"","ocean_post_title_bg_image_attachment":"","ocean_post_title_bg_image_repeat":"","ocean_post_title_bg_image_size":"","ocean_post_title_height":0,"ocean_post_title_bg_overlay":0.5,"ocean_post_title_bg_overlay_color":"","ocean_disable_breadcrumbs":"default","ocean_breadcrumbs_color":"","ocean_breadcrumbs_separator_color":"","ocean_breadcrumbs_links_color":"","ocean_breadcrumbs_links_hover_color":"","ocean_display_footer_widgets":"default","ocean_display_footer_bottom":"default","ocean_custom_footer_template":"0","footnotes":""},"class_list":["post-6131","page","type-page","status-publish","hentry","entry"],"_links":{"self":[{"href":"https:\/\/samovar.telecom-sudparis.eu\/index.php\/wp-json\/wp\/v2\/pages\/6131","targetHints":{"allow":["GET"]}}],"collection":[{"href":"https:\/\/samovar.telecom-sudparis.eu\/index.php\/wp-json\/wp\/v2\/pages"}],"about":[{"href":"https:\/\/samovar.telecom-sudparis.eu\/index.php\/wp-json\/wp\/v2\/types\/page"}],"author":[{"embeddable":true,"href":"https:\/\/samovar.telecom-sudparis.eu\/index.php\/wp-json\/wp\/v2\/users\/4"}],"replies":[{"embeddable":true,"href":"https:\/\/samovar.telecom-sudparis.eu\/index.php\/wp-json\/wp\/v2\/comments?post=6131"}],"version-history":[{"count":2,"href":"https:\/\/samovar.telecom-sudparis.eu\/index.php\/wp-json\/wp\/v2\/pages\/6131\/revisions"}],"predecessor-version":[{"id":6133,"href":"https:\/\/samovar.telecom-sudparis.eu\/index.php\/wp-json\/wp\/v2\/pages\/6131\/revisions\/6133"}],"wp:attachment":[{"href":"https:\/\/samovar.telecom-sudparis.eu\/index.php\/wp-json\/wp\/v2\/media?parent=6131"}],"curies":[{"name":"wp","href":"https:\/\/api.w.org\/{rel}","templated":true}]}}