{"id":6107,"date":"2023-06-18T11:47:07","date_gmt":"2023-06-18T09:47:07","guid":{"rendered":"https:\/\/samovar.telecom-sudparis.eu\/?page_id=6107"},"modified":"2023-06-18T11:51:22","modified_gmt":"2023-06-18T09:51:22","slug":"istec-les-membres-de-lequipe-2","status":"publish","type":"page","link":"https:\/\/samovar.telecom-sudparis.eu\/index.php\/istec-les-membres-de-lequipe-2\/","title":{"rendered":"ISTeC: Les membres de l&rsquo;\u00e9quipe"},"content":{"rendered":"<div class=\"MonLabo MonLabo-persons-list\"><a id=\"team_leader\"><\/a><h1>Chef d\u2019\u00e9quipe<\/h1><ul><li class=\"MonLaboUser\"><div class=\"MonLabo-user-image\"><a href=\"https:\/\/samovar.telecom-sudparis.eu\/?page_id=3607\" class=\"MonLaboLink\"><img decoding=\"async\" src=\"https:\/\/samovar.telecom-sudparis.eu\/wp-content\/uploads\/2022\/07\/Kamel-MERGHEM.jpg\" class=\"wp-image-8 alignleft img-arrondi wp-post-image\" height=\"70\" width=\"70\" alt=\" \" \/><\/a><\/div><div class=\"MonLabo-user-text\"><a href=\"https:\/\/samovar.telecom-sudparis.eu\/?page_id=3607\" class=\"MonLaboLink\"><strong>Kamel <span class=\"MonLabo-lastname\">MERGHEM<\/span><\/strong><\/a>, <em>Professeur<\/em>, <span class=\"team-description\"><a href=\"https:\/\/samovar.telecom-sudparis.eu\/?page_id=2455\" class=\"MonLaboLink\"><span class=\"MonLabo_team_name\">ISTeC<\/span><\/a><\/span><br \/><div class=\"MonLabo-user-coordonates\"><span class=\"MonLabo-email\">kamel.merghem[&#64;<span>-Code to remove to avoid SPAM-<\/span>]telecom-sudparis.eu<\/span><\/div><\/div><\/li><\/ul><\/div><div class=\"MonLabo MonLabo-persons-list\"><a id=\"member\"><\/a><h1>Membres<\/h1><ul><li class=\"MonLaboUser\"><div class=\"MonLabo-user-image\"><a href=\"https:\/\/samovar.telecom-sudparis.eu\/?page_id=3583\" class=\"MonLaboLink\"><img decoding=\"async\" src=\"https:\/\/samovar.telecom-sudparis.eu\/wp-content\/uploads\/2022\/07\/Idir-Ghalid-ABIB.jpg\" class=\"wp-image-8 alignleft img-arrondi wp-post-image\" height=\"70\" width=\"70\" alt=\" \" \/><\/a><\/div><div class=\"MonLabo-user-text\"><a href=\"https:\/\/samovar.telecom-sudparis.eu\/?page_id=3583\" class=\"MonLaboLink\"><strong>Idir Ghalid <span class=\"MonLabo-lastname\">ABIB<\/span><\/strong><\/a>, <em>Ma\u00eetre de Conf\u00e9rences<\/em>, <span class=\"team-description\"><a href=\"https:\/\/samovar.telecom-sudparis.eu\/?page_id=2455\" class=\"MonLaboLink\"><span class=\"MonLabo_team_name\">ISTeC<\/span><\/a><\/span><br \/><div class=\"MonLabo-user-coordonates\"><span class=\"MonLabo-email\">ghalid.abib[&#64;<span>-Code to remove to avoid SPAM-<\/span>]telecom-sudparis.eu<\/span><\/div><\/div><\/li><li class=\"MonLaboUser\"><div class=\"MonLabo-user-image\"><a href=\"https:\/\/samovar.telecom-sudparis.eu\/?page_id=7500\" class=\"MonLaboLink\"><img decoding=\"async\" src=\"https:\/\/samovar.telecom-sudparis.eu\/wp-content\/uploads\/2026\/02\/BECCARIA-Michele.jpg\" class=\"wp-image-8 alignleft img-arrondi wp-post-image\" height=\"70\" width=\"70\" alt=\" \" \/><\/a><\/div><div class=\"MonLabo-user-text\"><a href=\"https:\/\/samovar.telecom-sudparis.eu\/?page_id=7500\" class=\"MonLaboLink\"><strong>Michele <span class=\"MonLabo-lastname\">BECCARIA<\/span><\/strong><\/a>, <em>Ma\u00eetre de Conf\u00e9rences<\/em>, <span class=\"team-description\"><a href=\"https:\/\/samovar.telecom-sudparis.eu\/?page_id=2455\" class=\"MonLaboLink\"><span class=\"MonLabo_team_name\">ISTeC<\/span><\/a><\/span><br \/><div class=\"MonLabo-user-coordonates\"><span class=\"MonLabo-email\">michele.beccaria{&#64;<span>-Code to remove to avoid SPAM-<\/span>]telecom-sudparis.eu<\/span><\/div><\/div><\/li><li class=\"MonLaboUser\"><div class=\"MonLabo-user-image\"><a href=\"https:\/\/samovar.telecom-sudparis.eu\/?page_id=3584\" class=\"MonLaboLink\"><img loading=\"lazy\" decoding=\"async\" src=\"https:\/\/samovar.telecom-sudparis.eu\/wp-content\/uploads\/2022\/07\/Badr-Eddine-BENKELFAT-150x150.jpg\" class=\"wp-image-8 alignleft img-arrondi wp-post-image\" height=\"70\" width=\"70\" alt=\" \" \/><\/a><\/div><div class=\"MonLabo-user-text\"><a href=\"https:\/\/samovar.telecom-sudparis.eu\/?page_id=3584\" class=\"MonLaboLink\"><strong>Badr-Eddine <span class=\"MonLabo-lastname\">BENKELFAT<\/span><\/strong><\/a>, <em>Professeur \u00c9m\u00e9rite<\/em>, <span class=\"team-description\"><a href=\"https:\/\/samovar.telecom-sudparis.eu\/?page_id=2455\" class=\"MonLaboLink\"><span class=\"MonLabo_team_name\">ISTeC<\/span><\/a><\/span><br \/><div class=\"MonLabo-user-coordonates\"><span class=\"MonLabo-email\">badr-eddine.benkelfat[&#64;<span>-Code to remove to avoid SPAM-<\/span>]telecom-sudparis.eu<\/span><\/div><\/div><\/li><li class=\"MonLaboUser\"><div class=\"MonLabo-user-image\"><a href=\"https:\/\/samovar.telecom-sudparis.eu\/?page_id=7602\" class=\"MonLaboLink\"><img loading=\"lazy\" decoding=\"async\" src=\"https:\/\/samovar.telecom-sudparis.eu\/wp-content\/uploads\/2026\/04\/Yann_Frignac-150x150.jpg\" class=\"wp-image-8 alignleft img-arrondi wp-post-image\" height=\"70\" width=\"70\" alt=\" \" \/><\/a><\/div><div class=\"MonLabo-user-text\"><a href=\"https:\/\/samovar.telecom-sudparis.eu\/?page_id=7602\" class=\"MonLaboLink\"><strong>Yann <span class=\"MonLabo-lastname\">frignac<\/span><\/strong><\/a>, <em>Professeur<\/em>, <span class=\"team-description\"><a href=\"https:\/\/samovar.telecom-sudparis.eu\/?page_id=2455\" class=\"MonLaboLink\"><span class=\"MonLabo_team_name\">ISTeC<\/span><\/a><\/span><br \/><div class=\"MonLabo-user-coordonates\"><span class=\"MonLabo-email\">yann.frignac[&#64;<span>-Code to remove to avoid SPAM-<\/span>]telecom-sudparis.eu<\/span><\/div><\/div><\/li><li class=\"MonLaboUser\"><div class=\"MonLabo-user-image\"><a href=\"https:\/\/samovar.telecom-sudparis.eu\/?page_id=3595\" class=\"MonLaboLink\"><img loading=\"lazy\" decoding=\"async\" src=\"https:\/\/samovar.telecom-sudparis.eu\/wp-content\/uploads\/2022\/09\/Yaneck-GOTTESMAN.jpg\" class=\"wp-image-8 alignleft img-arrondi wp-post-image\" height=\"70\" width=\"70\" alt=\" \" \/><\/a><\/div><div class=\"MonLabo-user-text\"><a href=\"https:\/\/samovar.telecom-sudparis.eu\/?page_id=3595\" class=\"MonLaboLink\"><strong>Yaneck <span class=\"MonLabo-lastname\">GOTTESMAN<\/span><\/strong><\/a>, <em>Professeur<\/em>, <span class=\"team-description\"><a href=\"https:\/\/samovar.telecom-sudparis.eu\/?page_id=2455\" class=\"MonLaboLink\"><span class=\"MonLabo_team_name\">ISTeC<\/span><\/a><\/span><br \/><div class=\"MonLabo-user-coordonates\"><span class=\"MonLabo-email\">yaneck.gottesman[&#64;<span>-Code to remove to avoid SPAM-<\/span>]telecom-sudparis.eu<\/span><\/div><\/div><\/li><li class=\"MonLaboUser\"><div class=\"MonLabo-user-image\"><a href=\"https:\/\/samovar.telecom-sudparis.eu\/?page_id=6600\" class=\"MonLaboLink\"><img loading=\"lazy\" decoding=\"async\" src=\"https:\/\/samovar.telecom-sudparis.eu\/wp-content\/uploads\/2024\/10\/Guillaume-GRACIANI.jpg\" class=\"wp-image-8 alignleft img-arrondi wp-post-image\" height=\"70\" width=\"70\" alt=\" \" \/><\/a><\/div><div class=\"MonLabo-user-text\"><a href=\"https:\/\/samovar.telecom-sudparis.eu\/?page_id=6600\" class=\"MonLaboLink\"><strong>Guillaume <span class=\"MonLabo-lastname\">GRACIANI<\/span><\/strong><\/a>, <em>Ma\u00eetre de Conf\u00e9rences<\/em>, <span class=\"team-description\"><a href=\"https:\/\/samovar.telecom-sudparis.eu\/?page_id=2455\" class=\"MonLaboLink\"><span class=\"MonLabo_team_name\">ISTeC<\/span><\/a><\/span><br \/><div class=\"MonLabo-user-coordonates\"><span class=\"MonLabo-email\">guillaume.graciani&#64;<span>-Code to remove to avoid SPAM-<\/span>telecom-sudparis.eu<\/span><\/div><\/div><\/li><li class=\"MonLaboUser\"><div class=\"MonLabo-user-image\"><a href=\"https:\/\/samovar.telecom-sudparis.eu\/?page_id=6804\" class=\"MonLaboLink\"><img loading=\"lazy\" decoding=\"async\" src=\"https:\/\/samovar.telecom-sudparis.eu\/wp-content\/uploads\/2025\/02\/michael-gide.jabbour-150x150.jpg\" class=\"wp-image-8 alignleft img-arrondi wp-post-image\" height=\"70\" width=\"70\" alt=\" \" \/><\/a><\/div><div class=\"MonLabo-user-text\"><a href=\"https:\/\/samovar.telecom-sudparis.eu\/?page_id=6804\" class=\"MonLaboLink\"><strong>Michael Gide <span class=\"MonLabo-lastname\">JABBOUR<\/span><\/strong><\/a>, <em>Ma\u00eetre de Conf\u00e9rences<\/em>, <span class=\"team-description\"><a href=\"https:\/\/samovar.telecom-sudparis.eu\/?page_id=2455\" class=\"MonLaboLink\"><span class=\"MonLabo_team_name\">ISTeC<\/span><\/a><\/span><br \/><div class=\"MonLabo-user-coordonates\"><span class=\"MonLabo-email\">michael-gide.jabbour[&#64;<span>-Code to remove to avoid SPAM-<\/span>]telecom-sudparis.eu<\/span><\/div><\/div><\/li><li class=\"MonLaboUser\"><div class=\"MonLabo-user-image\"><a href=\"https:\/\/samovar.telecom-sudparis.eu\/?page_id=3599\" class=\"MonLaboLink\"><img loading=\"lazy\" decoding=\"async\" src=\"https:\/\/samovar.telecom-sudparis.eu\/wp-content\/uploads\/2022\/07\/Frederic-LEHMANN.jpg\" class=\"wp-image-8 alignleft img-arrondi wp-post-image\" height=\"70\" width=\"70\" alt=\" \" \/><\/a><\/div><div class=\"MonLabo-user-text\"><a href=\"https:\/\/samovar.telecom-sudparis.eu\/?page_id=3599\" class=\"MonLaboLink\"><strong>Fr\u00e9d\u00e9ric <span class=\"MonLabo-lastname\">LEHMANN<\/span><\/strong><\/a>, <em>Professeur<\/em>, <span class=\"team-description\"><a href=\"https:\/\/samovar.telecom-sudparis.eu\/?page_id=2455\" class=\"MonLaboLink\"><span class=\"MonLabo_team_name\">ISTeC<\/span><\/a><\/span><br \/><div class=\"MonLabo-user-coordonates\"><span class=\"MonLabo-email\">frederic.lehmann[&#64;<span>-Code to remove to avoid SPAM-<\/span>]telecom-sudparis.eu<\/span><\/div><\/div><\/li><li class=\"MonLaboUser\"><div class=\"MonLabo-user-image\"><a href=\"https:\/\/samovar.telecom-sudparis.eu\/?page_id=3601\" class=\"MonLaboLink\"><img loading=\"lazy\" decoding=\"async\" src=\"https:\/\/samovar.telecom-sudparis.eu\/wp-content\/uploads\/2022\/07\/Catherine-LEPERS.jpg\" class=\"wp-image-8 alignleft img-arrondi wp-post-image\" height=\"70\" width=\"70\" alt=\" \" \/><\/a><\/div><div class=\"MonLabo-user-text\"><a href=\"https:\/\/samovar.telecom-sudparis.eu\/?page_id=3601\" class=\"MonLaboLink\"><strong>Catherine <span class=\"MonLabo-lastname\">LEPERS<\/span><\/strong><\/a>, <em>Professeur<\/em>, <span class=\"team-description\"><a href=\"https:\/\/samovar.telecom-sudparis.eu\/?page_id=2455\" class=\"MonLaboLink\"><span class=\"MonLabo_team_name\">ISTeC<\/span><\/a><\/span><br \/><div class=\"MonLabo-user-coordonates\"><span class=\"MonLabo-email\">catherine.lepers[&#64;<span>-Code to remove to avoid SPAM-<\/span>]telecom-sudparis.eu<\/span><\/div><\/div><\/li><li class=\"MonLaboUser\"><div class=\"MonLabo-user-image\"><a href=\"https:\/\/samovar.telecom-sudparis.eu\/?page_id=3603\" class=\"MonLaboLink\"><img loading=\"lazy\" decoding=\"async\" src=\"https:\/\/samovar.telecom-sudparis.eu\/wp-content\/uploads\/2022\/07\/Christine-LETROU.jpg\" class=\"wp-image-8 alignleft img-arrondi wp-post-image\" height=\"70\" width=\"70\" alt=\" \" \/><\/a><\/div><div class=\"MonLabo-user-text\"><a href=\"https:\/\/samovar.telecom-sudparis.eu\/?page_id=3603\" class=\"MonLaboLink\"><strong>Christine <span class=\"MonLabo-lastname\">LETROU<\/span><\/strong><\/a>, <em>Professeure \u00c9m\u00e9rite<\/em>, <span class=\"team-description\"><a href=\"https:\/\/samovar.telecom-sudparis.eu\/?page_id=2455\" class=\"MonLaboLink\"><span class=\"MonLabo_team_name\">ISTeC<\/span><\/a><\/span><br \/><div class=\"MonLabo-user-coordonates\"><span class=\"MonLabo-email\">christine.letrou[&#64;<span>-Code to remove to avoid SPAM-<\/span>]telecom-sudparis.eu<\/span><\/div><\/div><\/li><li class=\"MonLaboUser\"><div class=\"MonLabo-user-image\"><a href=\"https:\/\/samovar.telecom-sudparis.eu\/?page_id=3605\" class=\"MonLaboLink\"><img loading=\"lazy\" decoding=\"async\" src=\"https:\/\/samovar.telecom-sudparis.eu\/wp-content\/uploads\/2022\/07\/Mounia-LOURDIANE.jpg\" class=\"wp-image-8 alignleft img-arrondi wp-post-image\" height=\"70\" width=\"70\" alt=\" \" \/><\/a><\/div><div class=\"MonLabo-user-text\"><a href=\"https:\/\/samovar.telecom-sudparis.eu\/?page_id=3605\" class=\"MonLaboLink\"><strong>Mounia <span class=\"MonLabo-lastname\">Lourdiane<\/span><\/strong><\/a>, <em>Ma\u00eetre de Conf\u00e9rences<\/em>, <span class=\"team-description\"><a href=\"https:\/\/samovar.telecom-sudparis.eu\/?page_id=2455\" class=\"MonLaboLink\"><span class=\"MonLabo_team_name\">ISTeC<\/span><\/a><\/span><br \/><div class=\"MonLabo-user-coordonates\"><span class=\"MonLabo-email\">mounia.lourdiane[&#64;<span>-Code to remove to avoid SPAM-<\/span>]telecom-sudparis.eu<\/span><\/div><\/div><\/li><li class=\"MonLaboUser\"><div class=\"MonLabo-user-image\"><a href=\"https:\/\/samovar.telecom-sudparis.eu\/?page_id=3611\" class=\"MonLaboLink\"><img loading=\"lazy\" decoding=\"async\" src=\"https:\/\/samovar.telecom-sudparis.eu\/wp-content\/uploads\/2022\/07\/Muriel-MULLER.jpg\" class=\"wp-image-8 alignleft img-arrondi wp-post-image\" height=\"70\" width=\"70\" alt=\" \" \/><\/a><\/div><div class=\"MonLabo-user-text\"><a href=\"https:\/\/samovar.telecom-sudparis.eu\/?page_id=3611\" class=\"MonLaboLink\"><strong>Muriel <span class=\"MonLabo-lastname\">MULLER<\/span><\/strong><\/a>, <em>Ma\u00eetre de Conf\u00e9rences<\/em>, <span class=\"team-description\"><a href=\"https:\/\/samovar.telecom-sudparis.eu\/?page_id=2455\" class=\"MonLaboLink\"><span class=\"MonLabo_team_name\">ISTeC<\/span><\/a><\/span><br \/><div class=\"MonLabo-user-coordonates\"><span class=\"MonLabo-email\">muriel.muller[&#64;<span>-Code to remove to avoid SPAM-<\/span>]telecom-sudparis.eu<\/span><\/div><\/div><\/li><li class=\"MonLaboUser\"><div class=\"MonLabo-user-image\"><a href=\"https:\/\/samovar.telecom-sudparis.eu\/?page_id=3488\" class=\"MonLaboLink\"><img loading=\"lazy\" decoding=\"async\" src=\"https:\/\/samovar.telecom-sudparis.eu\/wp-content\/uploads\/2022\/08\/Hoai-Nam-NGUYEN-1-150x150.jpg\" class=\"wp-image-8 alignleft img-arrondi wp-post-image\" height=\"70\" width=\"70\" alt=\" \" \/><\/a><\/div><div class=\"MonLabo-user-text\"><a href=\"https:\/\/samovar.telecom-sudparis.eu\/?page_id=3488\" class=\"MonLaboLink\"><strong>Hoai Nam <span class=\"MonLabo-lastname\">NGUYEN<\/span><\/strong><\/a>, <em>Ma\u00eetre de Conf\u00e9rences<\/em>, <span class=\"team-description\"><a href=\"https:\/\/samovar.telecom-sudparis.eu\/?page_id=2455\" class=\"MonLaboLink\"><span class=\"MonLabo_team_name\">ISTeC<\/span><\/a><\/span><br \/><div class=\"MonLabo-user-coordonates\"><span class=\"MonLabo-email\">hoai-nam.nguyen[&#64;<span>-Code to remove to avoid SPAM-<\/span>]telecom-sudparis.eu<\/span><\/div><\/div><\/li><li class=\"MonLaboUser\"><div class=\"MonLabo-user-image\"><a href=\"https:\/\/samovar.telecom-sudparis.eu\/?page_id=3616\" class=\"MonLaboLink\"><img loading=\"lazy\" decoding=\"async\" src=\"https:\/\/samovar.telecom-sudparis.eu\/wp-content\/uploads\/2022\/07\/Jose-Rubio-Hernan.jpg\" class=\"wp-image-8 alignleft img-arrondi wp-post-image\" height=\"70\" width=\"70\" alt=\" \" \/><\/a><\/div><div class=\"MonLabo-user-text\"><a href=\"https:\/\/samovar.telecom-sudparis.eu\/?page_id=3616\" class=\"MonLaboLink\"><strong>Jose Manuel <span class=\"MonLabo-lastname\">RUBIO HERNAN<\/span><\/strong><\/a>, <em>Ma\u00eetre de Conf\u00e9rences<\/em>, <span class=\"team-description\"><a href=\"https:\/\/samovar.telecom-sudparis.eu\/?page_id=2455\" class=\"MonLaboLink\"><span class=\"MonLabo_team_name\">ISTeC<\/span><\/a><\/span><br \/><div class=\"MonLabo-user-coordonates\"><span class=\"MonLabo-email\">jose.rubio_hernan[&#64;<span>-Code to remove to avoid SPAM-<\/span>]telecom-sudparis.eu<\/span><\/div><\/div><\/li><li class=\"MonLaboUser\"><div class=\"MonLabo-user-image\"><a href=\"https:\/\/samovar.telecom-sudparis.eu\/?page_id=3619\" class=\"MonLaboLink\"><img loading=\"lazy\" decoding=\"async\" src=\"https:\/\/samovar.telecom-sudparis.eu\/wp-content\/uploads\/2022\/07\/Nel-SAMAMA.jpg\" class=\"wp-image-8 alignleft img-arrondi wp-post-image\" height=\"70\" width=\"70\" alt=\" \" \/><\/a><\/div><div class=\"MonLabo-user-text\"><a href=\"https:\/\/samovar.telecom-sudparis.eu\/?page_id=3619\" class=\"MonLaboLink\"><strong>Nel <span class=\"MonLabo-lastname\">SAMAMA<\/span><\/strong><\/a>, <em>Professeur<\/em>, <span class=\"team-description\"><a href=\"https:\/\/samovar.telecom-sudparis.eu\/?page_id=2455\" class=\"MonLaboLink\"><span class=\"MonLabo_team_name\">ISTeC<\/span><\/a><\/span><br \/><div class=\"MonLabo-user-coordonates\"><span class=\"MonLabo-email\">nel.samama[&#64;<span>-Code to remove to avoid SPAM-<\/span>]telecom-sudparis.eu<\/span><\/div><\/div><\/li><li class=\"MonLaboUser\"><div class=\"MonLabo-user-image\"><a href=\"https:\/\/samovar.telecom-sudparis.eu\/?page_id=3621\" class=\"MonLaboLink\"><img loading=\"lazy\" decoding=\"async\" src=\"https:\/\/samovar.telecom-sudparis.eu\/wp-content\/uploads\/2022\/07\/Mireille-Sarkiss.jpg\" class=\"wp-image-8 alignleft img-arrondi wp-post-image\" height=\"70\" width=\"70\" alt=\" \" \/><\/a><\/div><div class=\"MonLabo-user-text\"><a href=\"https:\/\/samovar.telecom-sudparis.eu\/?page_id=3621\" class=\"MonLaboLink\"><strong>Mireille <span class=\"MonLabo-lastname\">SARKISS<\/span><\/strong><\/a>, <em>Ma\u00eetre de Conf\u00e9rences<\/em>, <span class=\"team-description\"><a href=\"https:\/\/samovar.telecom-sudparis.eu\/?page_id=2455\" class=\"MonLaboLink\"><span class=\"MonLabo_team_name\">ISTeC<\/span><\/a><\/span><br \/><div class=\"MonLabo-user-coordonates\"><span class=\"MonLabo-email\">mireille.sarkiss[&#64;<span>-Code to remove to avoid SPAM-<\/span>]telecom-sudparis.eu<\/span><\/div><\/div><\/li><li class=\"MonLaboUser\"><div class=\"MonLabo-user-image\"><a href=\"https:\/\/samovar.telecom-sudparis.eu\/?page_id=3617\" class=\"MonLaboLink\"><img loading=\"lazy\" decoding=\"async\" src=\"https:\/\/samovar.telecom-sudparis.eu\/wp-content\/uploads\/2022\/07\/Thierry-TAILLANDIER-LOIZE.jpg\" class=\"wp-image-8 alignleft img-arrondi wp-post-image\" height=\"70\" width=\"70\" alt=\" \" \/><\/a><\/div><div class=\"MonLabo-user-text\"><a href=\"https:\/\/samovar.telecom-sudparis.eu\/?page_id=3617\" class=\"MonLaboLink\"><strong>Thierry <span class=\"MonLabo-lastname\">TAILLANDIER-LOIZE<\/span><\/strong><\/a>, <em>Ma\u00eetre de Conf\u00e9rences<\/em>, <span class=\"team-description\"><a href=\"https:\/\/samovar.telecom-sudparis.eu\/?page_id=2455\" class=\"MonLaboLink\"><span class=\"MonLabo_team_name\">ISTeC<\/span><\/a><\/span><br \/><div class=\"MonLabo-user-coordonates\"><span class=\"MonLabo-email\">thierry.taillandier-loize[&#64;<span>-Code to remove to avoid SPAM-<\/span>]telecom-sudparis.eu<\/span><\/div><\/div><\/li><li class=\"MonLaboUser\"><div class=\"MonLabo-user-image\"><a href=\"https:\/\/samovar.telecom-sudparis.eu\/?page_id=3623\" class=\"MonLaboLink\"><img loading=\"lazy\" decoding=\"async\" src=\"https:\/\/samovar.telecom-sudparis.eu\/wp-content\/uploads\/2022\/07\/Alexandre-VERVISCH-PICOIS.jpg\" class=\"wp-image-8 alignleft img-arrondi wp-post-image\" height=\"70\" width=\"70\" alt=\" \" \/><\/a><\/div><div class=\"MonLabo-user-text\"><a href=\"https:\/\/samovar.telecom-sudparis.eu\/?page_id=3623\" class=\"MonLaboLink\"><strong>Alexandre <span class=\"MonLabo-lastname\">VERVISCH-PICOIS<\/span><\/strong><\/a>, <em>Directeur d\u2019\u00e9tudes<\/em>, <span class=\"team-description\"><a href=\"https:\/\/samovar.telecom-sudparis.eu\/?page_id=2455\" class=\"MonLaboLink\"><span class=\"MonLabo_team_name\">ISTeC<\/span><\/a><\/span><br \/><div class=\"MonLabo-user-coordonates\"><span class=\"MonLabo-email\">alexandre.vervisch-picois[&#64;<span>-Code to remove to avoid SPAM-<\/span>]telecom-sudparis.eu<\/span><\/div><\/div><\/li><\/ul><\/div>\n\n\n\n<p><em>Conform\u00e9ment au R\u00e8glement G\u00e9n\u00e9ral europ\u00e9en sur la Protection des Donn\u00e9es, n&rsquo;apparaissent dans cet annuaire que les personnels ayant donn\u00e9 leur consentement pour l&rsquo;affichage de leurs donn\u00e9es \u00e0 caract\u00e8re personnel<\/em>. <em>Pour toute question \u00e0 ce sujet, merci de contacter le DPO de TSP \u00e0 l&rsquo;adresse suivante :<\/em> <a rel=\"noreferrer noopener\" href=\"mailto:dpo@telecom-sudparis.eu&quot;\" target=\"_blank\">dpo@telecom-sudparis.eu<\/a>.<\/p>\n","protected":false},"excerpt":{"rendered":"<p>Conform\u00e9ment au R\u00e8glement G\u00e9n\u00e9ral europ\u00e9en sur la Protection des Donn\u00e9es, n&rsquo;apparaissent dans cet annuaire que les personnels ayant donn\u00e9 leur consentement pour l&rsquo;affichage de leurs donn\u00e9es \u00e0 caract\u00e8re personnel. Pour toute question \u00e0 ce sujet, merci de contacter le DPO de TSP \u00e0 l&rsquo;adresse suivante : dpo@telecom-sudparis.eu.<\/p>\n","protected":false},"author":6,"featured_media":0,"parent":0,"menu_order":0,"comment_status":"closed","ping_status":"closed","template":"","meta":{"ocean_post_layout":"","ocean_both_sidebars_style":"","ocean_both_sidebars_content_width":0,"ocean_both_sidebars_sidebars_width":0,"ocean_sidebar":"0","ocean_second_sidebar":"0","ocean_disable_margins":"enable","ocean_add_body_class":"","ocean_shortcode_before_top_bar":"","ocean_shortcode_after_top_bar":"","ocean_shortcode_before_header":"","ocean_shortcode_after_header":"","ocean_has_shortcode":"","ocean_shortcode_after_title":"","ocean_shortcode_before_footer_widgets":"","ocean_shortcode_after_footer_widgets":"","ocean_shortcode_before_footer_bottom":"","ocean_shortcode_after_footer_bottom":"","ocean_display_top_bar":"default","ocean_display_header":"default","ocean_header_style":"","ocean_center_header_left_menu":"0","ocean_custom_header_template":"0","ocean_custom_logo":0,"ocean_custom_retina_logo":0,"ocean_custom_logo_max_width":0,"ocean_custom_logo_tablet_max_width":0,"ocean_custom_logo_mobile_max_width":0,"ocean_custom_logo_max_height":0,"ocean_custom_logo_tablet_max_height":0,"ocean_custom_logo_mobile_max_height":0,"ocean_header_custom_menu":"0","ocean_menu_typo_font_family":"0","ocean_menu_typo_font_subset":"","ocean_menu_typo_font_size":0,"ocean_menu_typo_font_size_tablet":0,"ocean_menu_typo_font_size_mobile":0,"ocean_menu_typo_font_size_unit":"px","ocean_menu_typo_font_weight":"","ocean_menu_typo_font_weight_tablet":"","ocean_menu_typo_font_weight_mobile":"","ocean_menu_typo_transform":"","ocean_menu_typo_transform_tablet":"","ocean_menu_typo_transform_mobile":"","ocean_menu_typo_line_height":0,"ocean_menu_typo_line_height_tablet":0,"ocean_menu_typo_line_height_mobile":0,"ocean_menu_typo_line_height_unit":"","ocean_menu_typo_spacing":0,"ocean_menu_typo_spacing_tablet":0,"ocean_menu_typo_spacing_mobile":0,"ocean_menu_typo_spacing_unit":"","ocean_menu_link_color":"","ocean_menu_link_color_hover":"","ocean_menu_link_color_active":"","ocean_menu_link_background":"","ocean_menu_link_hover_background":"","ocean_menu_link_active_background":"","ocean_menu_social_links_bg":"","ocean_menu_social_hover_links_bg":"","ocean_menu_social_links_color":"","ocean_menu_social_hover_links_color":"","ocean_disable_title":"default","ocean_disable_heading":"default","ocean_post_title":"","ocean_post_subheading":"","ocean_post_title_style":"","ocean_post_title_background_color":"","ocean_post_title_background":0,"ocean_post_title_bg_image_position":"","ocean_post_title_bg_image_attachment":"","ocean_post_title_bg_image_repeat":"","ocean_post_title_bg_image_size":"","ocean_post_title_height":0,"ocean_post_title_bg_overlay":0.5,"ocean_post_title_bg_overlay_color":"","ocean_disable_breadcrumbs":"default","ocean_breadcrumbs_color":"","ocean_breadcrumbs_separator_color":"","ocean_breadcrumbs_links_color":"","ocean_breadcrumbs_links_hover_color":"","ocean_display_footer_widgets":"default","ocean_display_footer_bottom":"default","ocean_custom_footer_template":"0","footnotes":""},"class_list":["post-6107","page","type-page","status-publish","hentry","entry"],"_links":{"self":[{"href":"https:\/\/samovar.telecom-sudparis.eu\/index.php\/wp-json\/wp\/v2\/pages\/6107","targetHints":{"allow":["GET"]}}],"collection":[{"href":"https:\/\/samovar.telecom-sudparis.eu\/index.php\/wp-json\/wp\/v2\/pages"}],"about":[{"href":"https:\/\/samovar.telecom-sudparis.eu\/index.php\/wp-json\/wp\/v2\/types\/page"}],"author":[{"embeddable":true,"href":"https:\/\/samovar.telecom-sudparis.eu\/index.php\/wp-json\/wp\/v2\/users\/6"}],"replies":[{"embeddable":true,"href":"https:\/\/samovar.telecom-sudparis.eu\/index.php\/wp-json\/wp\/v2\/comments?post=6107"}],"version-history":[{"count":2,"href":"https:\/\/samovar.telecom-sudparis.eu\/index.php\/wp-json\/wp\/v2\/pages\/6107\/revisions"}],"predecessor-version":[{"id":6109,"href":"https:\/\/samovar.telecom-sudparis.eu\/index.php\/wp-json\/wp\/v2\/pages\/6107\/revisions\/6109"}],"wp:attachment":[{"href":"https:\/\/samovar.telecom-sudparis.eu\/index.php\/wp-json\/wp\/v2\/media?parent=6107"}],"curies":[{"name":"wp","href":"https:\/\/api.w.org\/{rel}","templated":true}]}}