{"id":5103,"date":"2022-11-18T10:28:56","date_gmt":"2022-11-18T09:28:56","guid":{"rendered":"https:\/\/samovar.telecom-sudparis.eu\/?page_id=5103"},"modified":"2023-06-07T16:24:48","modified_gmt":"2023-06-07T14:24:48","slug":"scn-membres","status":"publish","type":"page","link":"https:\/\/samovar.telecom-sudparis.eu\/index.php\/scn-membres\/","title":{"rendered":"SCN: Les membres de l\u2019\u00e9quipe"},"content":{"rendered":"\n<div class=\"MonLabo MonLabo-persons-list\"><a id=\"team_leader\"><\/a><h1>Chef d\u2019\u00e9quipe<\/h1><ul><li class=\"MonLaboUser\"><div class=\"MonLabo-user-image\"><a href=\"https:\/\/samovar.telecom-sudparis.eu\/?page_id=3560\" class=\"MonLaboLink\"><img decoding=\"async\" src=\"https:\/\/samovar.telecom-sudparis.eu\/wp-content\/uploads\/2022\/10\/Garcia-220x220-1-150x150.jpg\" class=\"wp-image-8 alignleft img-arrondi wp-post-image\" height=\"70\" width=\"70\" alt=\" \" \/><\/a><\/div><div class=\"MonLabo-user-text\"><a href=\"https:\/\/samovar.telecom-sudparis.eu\/?page_id=3560\" class=\"MonLaboLink\"><strong>Joaquin <span class=\"MonLabo-lastname\">GARCIA ALFARO<\/span><\/strong><\/a>, <em>Professeur<\/em>, <span class=\"team-description\"><a href=\"https:\/\/samovar.telecom-sudparis.eu\/?page_id=3763\" class=\"MonLaboLink\"><span class=\"MonLabo_team_name\">SCN<\/span><\/a><\/span><br \/><div class=\"MonLabo-user-coordonates\"><span class=\"MonLabo-email\">joaquin.garcia_alfaro[&#64;<span>-Code to remove to avoid SPAM-<\/span>]telecom-sudparis.eu<\/span><\/div><\/div><\/li><\/ul><\/div><div class=\"MonLabo MonLabo-persons-list\"><a id=\"member\"><\/a><h1>Membres<\/h1><ul><li class=\"MonLaboUser\"><div class=\"MonLabo-user-image\"><a href=\"https:\/\/samovar.telecom-sudparis.eu\/?page_id=3550\" class=\"MonLaboLink\"><img decoding=\"async\" src=\"https:\/\/samovar.telecom-sudparis.eu\/wp-content\/uploads\/2022\/10\/Blanc-220x220-1-150x150.png\" class=\"wp-image-8 alignleft img-arrondi wp-post-image\" height=\"70\" width=\"70\" alt=\" \" \/><\/a><\/div><div class=\"MonLabo-user-text\"><a href=\"https:\/\/samovar.telecom-sudparis.eu\/?page_id=3550\" class=\"MonLaboLink\"><strong>Gregory <span class=\"MonLabo-lastname\">BLANC<\/span><\/strong><\/a>, <em>Ma\u00eetre de Conf\u00e9rences<\/em>, <span class=\"team-description\"><a href=\"https:\/\/samovar.telecom-sudparis.eu\/?page_id=3763\" class=\"MonLaboLink\"><span class=\"MonLabo_team_name\">SCN<\/span><\/a><\/span><br \/><div class=\"MonLabo-user-coordonates\"><span class=\"MonLabo-email\">Gregory.blanc[&#64;<span>-Code to remove to avoid SPAM-<\/span>]telecom-sudparis.eu<\/span><\/div><\/div><\/li><li class=\"MonLaboUser\"><div class=\"MonLabo-user-image\"><a href=\"https:\/\/samovar.telecom-sudparis.eu\/?page_id=3558\" class=\"MonLaboLink\"><img decoding=\"async\" src=\"https:\/\/samovar.telecom-sudparis.eu\/wp-content\/uploads\/2022\/10\/Debar-150x150.jpeg\" class=\"wp-image-8 alignleft img-arrondi wp-post-image\" height=\"70\" width=\"70\" alt=\" \" \/><\/a><\/div><div class=\"MonLabo-user-text\"><a href=\"https:\/\/samovar.telecom-sudparis.eu\/?page_id=3558\" class=\"MonLaboLink\"><strong>Herv\u00e9 <span class=\"MonLabo-lastname\">DEBAR<\/span><\/strong><\/a>, <em>Professeur<\/em>, <span class=\"team-description\"><a href=\"https:\/\/samovar.telecom-sudparis.eu\/?page_id=3763\" class=\"MonLaboLink\"><span class=\"MonLabo_team_name\">SCN<\/span><\/a><\/span><br \/><div class=\"MonLabo-user-coordonates\"><span class=\"MonLabo-email\">Herv\u00e9.debar[&#64;<span>-Code to remove to avoid SPAM-<\/span>]telecom-sudparis.eu<\/span><\/div><\/div><\/li><li class=\"MonLaboUser\"><div class=\"MonLabo-user-image\"><a href=\"https:\/\/samovar.telecom-sudparis.eu\/?page_id=6355\" class=\"MonLaboLink\"><img loading=\"lazy\" decoding=\"async\" src=\"https:\/\/samovar.telecom-sudparis.eu\/wp-content\/uploads\/2025\/02\/badis-150x150.jpg\" class=\"wp-image-8 alignleft img-arrondi wp-post-image\" height=\"70\" width=\"70\" alt=\" \" \/><\/a><\/div><div class=\"MonLabo-user-text\"><a href=\"https:\/\/samovar.telecom-sudparis.eu\/?page_id=6355\" class=\"MonLaboLink\"><strong>Badis <span class=\"MonLabo-lastname\">Hammi<\/span><\/strong><\/a>, <em>Ma\u00eetre de Conf\u00e9rences<\/em>, <span class=\"team-description\"><a href=\"https:\/\/samovar.telecom-sudparis.eu\/?page_id=3763\" class=\"MonLaboLink\"><span class=\"MonLabo_team_name\">SCN<\/span><\/a><\/span><br \/><div class=\"MonLabo-user-coordonates\"><\/div><\/div><\/li><li class=\"MonLaboUser\"><div class=\"MonLabo-user-image\"><a href=\"https:\/\/samovar.telecom-sudparis.eu\/?page_id=3567\" class=\"MonLaboLink\"><img loading=\"lazy\" decoding=\"async\" src=\"https:\/\/samovar.telecom-sudparis.eu\/wp-content\/uploads\/2022\/10\/kaaniche-150x150.jpg\" class=\"wp-image-8 alignleft img-arrondi wp-post-image\" height=\"70\" width=\"70\" alt=\" \" \/><\/a><\/div><div class=\"MonLabo-user-text\"><a href=\"https:\/\/samovar.telecom-sudparis.eu\/?page_id=3567\" class=\"MonLaboLink\"><strong>Nesrine <span class=\"MonLabo-lastname\">KAANICHE<\/span><\/strong><\/a>, <em>Ma\u00eetre de Conf\u00e9rences<\/em>, <span class=\"team-description\"><a href=\"https:\/\/samovar.telecom-sudparis.eu\/?page_id=3763\" class=\"MonLaboLink\"><span class=\"MonLabo_team_name\">SCN<\/span><\/a><\/span><br \/><div class=\"MonLabo-user-coordonates\"><span class=\"MonLabo-email\">kaaniche.nesrine[&#64;<span>-Code to remove to avoid SPAM-<\/span>]telecom-sudparis.eu<\/span><\/div><\/div><\/li><li class=\"MonLaboUser\"><div class=\"MonLabo-user-image\"><a href=\"https:\/\/samovar.telecom-sudparis.eu\/?page_id=3568\" class=\"MonLaboLink\"><img loading=\"lazy\" decoding=\"async\" src=\"https:\/\/samovar.telecom-sudparis.eu\/wp-content\/uploads\/2022\/10\/kiennert-150x150.jpg\" class=\"wp-image-8 alignleft img-arrondi wp-post-image\" height=\"70\" width=\"70\" alt=\" \" \/><\/a><\/div><div class=\"MonLabo-user-text\"><a href=\"https:\/\/samovar.telecom-sudparis.eu\/?page_id=3568\" class=\"MonLaboLink\"><strong>Christophe <span class=\"MonLabo-lastname\">Kiennert<\/span><\/strong><\/a>, <em>Ma\u00eetre de Conf\u00e9rences<\/em>, <span class=\"team-description\"><a href=\"https:\/\/samovar.telecom-sudparis.eu\/?page_id=3763\" class=\"MonLaboLink\"><span class=\"MonLabo_team_name\">SCN<\/span><\/a><\/span><br \/><div class=\"MonLabo-user-coordonates\"><span class=\"MonLabo-email\">Christophe.kiennert[&#64;<span>-Code to remove to avoid SPAM-<\/span>]telecom-sudparis.eu<\/span><\/div><\/div><\/li><li class=\"MonLaboUser\"><div class=\"MonLabo-user-image\"><a href=\"https:\/\/samovar.telecom-sudparis.eu\/?page_id=3570\" class=\"MonLaboLink\"><img loading=\"lazy\" decoding=\"async\" src=\"https:\/\/samovar.telecom-sudparis.eu\/wp-content\/uploads\/2022\/10\/maryline-150x150.jpg\" class=\"wp-image-8 alignleft img-arrondi wp-post-image\" height=\"70\" width=\"70\" alt=\" \" \/><\/a><\/div><div class=\"MonLabo-user-text\"><a href=\"https:\/\/samovar.telecom-sudparis.eu\/?page_id=3570\" class=\"MonLaboLink\"><strong>Maryline <span class=\"MonLabo-lastname\">Laurent<\/span><\/strong><\/a>, <em>Professeur<\/em>, <span class=\"team-description\"><a href=\"https:\/\/samovar.telecom-sudparis.eu\/?page_id=3763\" class=\"MonLaboLink\"><span class=\"MonLabo_team_name\">SCN<\/span><\/a><\/span><br \/><div class=\"MonLabo-user-coordonates\"><span class=\"MonLabo-email\">Maryline.laurent[&#64;<span>-Code to remove to avoid SPAM-<\/span>]telecom-sudparis.eu<\/span><\/div><\/div><\/li><li class=\"MonLaboUser\"><div class=\"MonLabo-user-image\"><a href=\"https:\/\/samovar.telecom-sudparis.eu\/?page_id=3573\" class=\"MonLaboLink\"><img loading=\"lazy\" decoding=\"async\" src=\"https:\/\/samovar.telecom-sudparis.eu\/wp-content\/uploads\/2022\/10\/olivier-150x150.jpg\" class=\"wp-image-8 alignleft img-arrondi wp-post-image\" height=\"70\" width=\"70\" alt=\" \" \/><\/a><\/div><div class=\"MonLabo-user-text\"><a href=\"https:\/\/samovar.telecom-sudparis.eu\/?page_id=3573\" class=\"MonLaboLink\"><strong>Olivier <span class=\"MonLabo-lastname\">LEVILLAIN<\/span><\/strong><\/a>, <em>Ma\u00eetre de Conf\u00e9rences<\/em>, <span class=\"team-description\"><a href=\"https:\/\/samovar.telecom-sudparis.eu\/?page_id=3763\" class=\"MonLaboLink\"><span class=\"MonLabo_team_name\">SCN<\/span><\/a><\/span><br \/><div class=\"MonLabo-user-coordonates\"><span class=\"MonLabo-email\">olivier.levillain[&#64;<span>-Code to remove to avoid SPAM-<\/span>]telecom-sudparis.eu<\/span><\/div><\/div><\/li><li class=\"MonLaboUser\"><div class=\"MonLabo-user-image\"><a href=\"https:\/\/samovar.telecom-sudparis.eu\/?page_id=7506\" class=\"MonLaboLink\"><img loading=\"lazy\" decoding=\"async\" src=\"https:\/\/samovar.telecom-sudparis.eu\/wp-content\/uploads\/2026\/02\/Kokouvi-Benoit-NOUGNANKE.jpg\" class=\"wp-image-8 alignleft img-arrondi wp-post-image\" height=\"70\" width=\"70\" alt=\" \" \/><\/a><\/div><div class=\"MonLabo-user-text\"><a href=\"https:\/\/samovar.telecom-sudparis.eu\/?page_id=7506\" class=\"MonLaboLink\"><strong>Kokouvi Benoit <span class=\"MonLabo-lastname\">NOUGNANKE<\/span><\/strong><\/a>, <em>Ma\u00eetre de Conf\u00e9rences<\/em>, <span class=\"team-description\"><a href=\"https:\/\/samovar.telecom-sudparis.eu\/?page_id=3763\" class=\"MonLaboLink\"><span class=\"MonLabo_team_name\">SCN<\/span><\/a><\/span><br \/><div class=\"MonLabo-user-coordonates\"><span class=\"MonLabo-email\">kokouvi-benoit.nougnanke[&#64;<span>-Code to remove to avoid SPAM-<\/span>]telecom-sudparis.eu<\/span><\/div><\/div><\/li><li class=\"MonLaboUser\"><div class=\"MonLabo-user-image\"><a href=\"https:\/\/samovar.telecom-sudparis.eu\/?page_id=6798\" class=\"MonLaboLink\"><img loading=\"lazy\" decoding=\"async\" src=\"https:\/\/samovar.telecom-sudparis.eu\/wp-content\/uploads\/2025\/02\/opaul-150x150-1.png\" class=\"wp-image-8 alignleft img-arrondi wp-post-image\" height=\"70\" width=\"70\" alt=\" \" \/><\/a><\/div><div class=\"MonLabo-user-text\"><a href=\"https:\/\/samovar.telecom-sudparis.eu\/?page_id=6798\" class=\"MonLaboLink\"><strong>Olivier <span class=\"MonLabo-lastname\">PAUL<\/span><\/strong><\/a>, <em>Ma\u00eetre de Conf\u00e9rences<\/em>, <span class=\"team-description\"><a href=\"https:\/\/samovar.telecom-sudparis.eu\/?page_id=3763\" class=\"MonLaboLink\"><span class=\"MonLabo_team_name\">SCN<\/span><\/a><\/span><br \/><div class=\"MonLabo-user-coordonates\"><span class=\"MonLabo-email\">olivier.paul[&#64;<span>-Code to remove to avoid SPAM-<\/span>]telecom-sudparis.eu<\/span><\/div><\/div><\/li><li class=\"MonLaboUser\"><div class=\"MonLabo-user-image\"><a href=\"https:\/\/samovar.telecom-sudparis.eu\/?page_id=3575\" class=\"MonLaboLink\"><img loading=\"lazy\" decoding=\"async\" src=\"https:\/\/samovar.telecom-sudparis.eu\/wp-content\/uploads\/2022\/10\/totel-150x150.jpg\" class=\"wp-image-8 alignleft img-arrondi wp-post-image\" height=\"70\" width=\"70\" alt=\" \" \/><\/a><\/div><div class=\"MonLabo-user-text\"><a href=\"https:\/\/samovar.telecom-sudparis.eu\/?page_id=3575\" class=\"MonLaboLink\"><strong>Eric <span class=\"MonLabo-lastname\">TOTEL<\/span><\/strong><\/a>, <em>Professeur<\/em>, <span class=\"team-description\"><a href=\"https:\/\/samovar.telecom-sudparis.eu\/?page_id=3763\" class=\"MonLaboLink\"><span class=\"MonLabo_team_name\">SCN<\/span><\/a><\/span><br \/><div class=\"MonLabo-user-coordonates\"><span class=\"MonLabo-email\">eric.totel[&#64;<span>-Code to remove to avoid SPAM-<\/span>]telecom-sudparis.eu<\/span><\/div><\/div><\/li><\/ul><\/div>\n\n\n\n<p><em>Conform\u00e9ment au R\u00e8glement G\u00e9n\u00e9ral europ\u00e9en sur la Protection des Donn\u00e9es, n&rsquo;apparaissent dans cet annuaire que les personnels ayant donn\u00e9 leur consentement pour l&rsquo;affichage de leurs donn\u00e9es \u00e0 caract\u00e8re personnel<\/em>. <em>Pour toute question \u00e0 ce sujet, merci de contacter le DPO de TSP \u00e0 l&rsquo;adresse suivante :<\/em> <a rel=\"noreferrer noopener\" href=\"mailto:dpo@telecom-sudparis.eu&quot;\" target=\"_blank\">dpo@telecom-sudparis.eu<\/a>.<\/p>\n","protected":false},"excerpt":{"rendered":"<p>Conform\u00e9ment au R\u00e8glement G\u00e9n\u00e9ral europ\u00e9en sur la Protection des Donn\u00e9es, n&rsquo;apparaissent dans cet annuaire que les personnels ayant donn\u00e9 leur consentement pour l&rsquo;affichage de leurs donn\u00e9es \u00e0 caract\u00e8re personnel. Pour toute question \u00e0 ce sujet, merci de contacter le DPO de TSP \u00e0 l&rsquo;adresse suivante : dpo@telecom-sudparis.eu.<\/p>\n","protected":false},"author":1,"featured_media":0,"parent":0,"menu_order":0,"comment_status":"closed","ping_status":"closed","template":"","meta":{"ocean_post_layout":"","ocean_both_sidebars_style":"","ocean_both_sidebars_content_width":0,"ocean_both_sidebars_sidebars_width":0,"ocean_sidebar":"0","ocean_second_sidebar":"0","ocean_disable_margins":"enable","ocean_add_body_class":"","ocean_shortcode_before_top_bar":"","ocean_shortcode_after_top_bar":"","ocean_shortcode_before_header":"","ocean_shortcode_after_header":"","ocean_has_shortcode":"","ocean_shortcode_after_title":"","ocean_shortcode_before_footer_widgets":"","ocean_shortcode_after_footer_widgets":"","ocean_shortcode_before_footer_bottom":"","ocean_shortcode_after_footer_bottom":"","ocean_display_top_bar":"default","ocean_display_header":"default","ocean_header_style":"","ocean_center_header_left_menu":"0","ocean_custom_header_template":"0","ocean_custom_logo":0,"ocean_custom_retina_logo":0,"ocean_custom_logo_max_width":0,"ocean_custom_logo_tablet_max_width":0,"ocean_custom_logo_mobile_max_width":0,"ocean_custom_logo_max_height":0,"ocean_custom_logo_tablet_max_height":0,"ocean_custom_logo_mobile_max_height":0,"ocean_header_custom_menu":"0","ocean_menu_typo_font_family":"0","ocean_menu_typo_font_subset":"","ocean_menu_typo_font_size":0,"ocean_menu_typo_font_size_tablet":0,"ocean_menu_typo_font_size_mobile":0,"ocean_menu_typo_font_size_unit":"px","ocean_menu_typo_font_weight":"","ocean_menu_typo_font_weight_tablet":"","ocean_menu_typo_font_weight_mobile":"","ocean_menu_typo_transform":"","ocean_menu_typo_transform_tablet":"","ocean_menu_typo_transform_mobile":"","ocean_menu_typo_line_height":0,"ocean_menu_typo_line_height_tablet":0,"ocean_menu_typo_line_height_mobile":0,"ocean_menu_typo_line_height_unit":"","ocean_menu_typo_spacing":0,"ocean_menu_typo_spacing_tablet":0,"ocean_menu_typo_spacing_mobile":0,"ocean_menu_typo_spacing_unit":"","ocean_menu_link_color":"","ocean_menu_link_color_hover":"","ocean_menu_link_color_active":"","ocean_menu_link_background":"","ocean_menu_link_hover_background":"","ocean_menu_link_active_background":"","ocean_menu_social_links_bg":"","ocean_menu_social_hover_links_bg":"","ocean_menu_social_links_color":"","ocean_menu_social_hover_links_color":"","ocean_disable_title":"default","ocean_disable_heading":"default","ocean_post_title":"","ocean_post_subheading":"","ocean_post_title_style":"","ocean_post_title_background_color":"","ocean_post_title_background":0,"ocean_post_title_bg_image_position":"","ocean_post_title_bg_image_attachment":"","ocean_post_title_bg_image_repeat":"","ocean_post_title_bg_image_size":"","ocean_post_title_height":0,"ocean_post_title_bg_overlay":0.5,"ocean_post_title_bg_overlay_color":"","ocean_disable_breadcrumbs":"default","ocean_breadcrumbs_color":"","ocean_breadcrumbs_separator_color":"","ocean_breadcrumbs_links_color":"","ocean_breadcrumbs_links_hover_color":"","ocean_display_footer_widgets":"default","ocean_display_footer_bottom":"default","ocean_custom_footer_template":"0","footnotes":""},"class_list":["post-5103","page","type-page","status-publish","hentry","entry"],"_links":{"self":[{"href":"https:\/\/samovar.telecom-sudparis.eu\/index.php\/wp-json\/wp\/v2\/pages\/5103","targetHints":{"allow":["GET"]}}],"collection":[{"href":"https:\/\/samovar.telecom-sudparis.eu\/index.php\/wp-json\/wp\/v2\/pages"}],"about":[{"href":"https:\/\/samovar.telecom-sudparis.eu\/index.php\/wp-json\/wp\/v2\/types\/page"}],"author":[{"embeddable":true,"href":"https:\/\/samovar.telecom-sudparis.eu\/index.php\/wp-json\/wp\/v2\/users\/1"}],"replies":[{"embeddable":true,"href":"https:\/\/samovar.telecom-sudparis.eu\/index.php\/wp-json\/wp\/v2\/comments?post=5103"}],"version-history":[{"count":5,"href":"https:\/\/samovar.telecom-sudparis.eu\/index.php\/wp-json\/wp\/v2\/pages\/5103\/revisions"}],"predecessor-version":[{"id":6073,"href":"https:\/\/samovar.telecom-sudparis.eu\/index.php\/wp-json\/wp\/v2\/pages\/5103\/revisions\/6073"}],"wp:attachment":[{"href":"https:\/\/samovar.telecom-sudparis.eu\/index.php\/wp-json\/wp\/v2\/media?parent=5103"}],"curies":[{"name":"wp","href":"https:\/\/api.w.org\/{rel}","templated":true}]}}