{"id":3628,"date":"2022-04-19T15:55:57","date_gmt":"2022-04-19T13:55:57","guid":{"rendered":"https:\/\/samovar2022.int-evry.fr\/index.php\/acmes-2\/roua-touihri-2\/"},"modified":"2024-10-10T14:57:48","modified_gmt":"2024-10-10T12:57:48","slug":"roua-touihri-2","status":"publish","type":"page","link":"https:\/\/samovar.telecom-sudparis.eu\/index.php\/acmes-2\/roua-touihri-2\/","title":{"rendered":"Roua TOUIHRI"},"content":{"rendered":"<p><div class=\"bandeau-personnel MonLaboUser\"><img decoding=\"async\" src=\"https:\/\/samovar.telecom-sudparis.eu\/wp-content\/uploads\/2024\/10\/RouaTOUIHRI-150x150.jpg\" class=\"wp-image-6 alignleft img-arrondi wp-post-image\" height=\"150\" width=\"150\" alt=\" \" \/><div class=\"adresse\"><p>SAMOVAR - SAMOVAR<br \/>Telecom SudParis<br \/>\r\n9 rue Charles Fourier<br \/>\r\n91011 EVRY CEDEX<\/p><p>Fax : +33 (0) 1 60 76 20 80<\/p><\/div><div class=\"monlaboBlocTexte\"><h1>Roua <span class=\"MonLabo-lastname\">TOUIHRI<\/span><\/h1><div class=\"coordonnees\"><em>Ma\u00eetre de Conf\u00e9rences, membre associ\u00e9<\/em><br \/><span class=\"team-description\"><a href=\"https:\/\/samovar.telecom-sudparis.eu\/?page_id=2438\" class=\"MonLaboLink\"><span class=\"MonLabo_team_name\">ACMES<\/span><\/a><\/span><\/div><div class=\"coordonnees\"><span class=\"MonLabo-email\">roua.touihri&#64;<span>-Code to remove to avoid SPAM-<\/span>gmail.com<\/span><\/div><div class=\"external_url\"><h1 style=\"text-align: center;\"><a href=\"https:\/\/www.linkedin.com\/in\/roua-touihri\/\"><button class=\"btn btn-oldstyle\" type=\"button\">Site personnel<\/button><\/a><\/h1><\/div><\/div><\/div>\n<div id=\"res_script\">\n<p class='Rubrique'>Article dans une revue<\/p>\n<p class='SousRubrique'>2022<\/p>\n<dl class='NoticeRes'>\n<dt class=\"ChampRes\">ref_biblio<\/dt><dd class=\"ValeurRes ref_biblio\">Jeremy Mechouche, Roua Touihri, Mohamed Sellami, Walid Gaaloul. Conformance checking for autonomous multi-cloud SLA management and adaptation. <i>Journal of Supercomputing<\/i>, 2022, 78 (11), pp.13004-13039. <a target=\"_blank\" href=\"https:\/\/dx.doi.org\/10.1007\/s11227-022-04363-0\">&#x27E8;10.1007\/s11227-022-04363-0&#x27E9;<\/a>. <a target=\"_blank\" href=\"https:\/\/hal.science\/hal-03613903v1\">&#x27E8;hal-03613903&#x27E9;<\/a><\/dd>\n<dt class=\"ChampRes\">Acc\u00e8s au texte int\u00e9gral et bibtex<\/dt>\n<dd class=\"ValeurRes Fichier_joint\">\n<a href=\"https:\/\/hal.science\/hal-03613903\/file\/Conformance_Checking_for_Autonomous_Multi_Cloud_SLA_management_and_adaptation.pdf\"  target=\"_blank\">\n<img decoding=\"async\" alt=\"https:\/\/hal.science\/hal-03613903\/file\/Conformance_Checking_for_Autonomous_Multi_Cloud_SLA_management_and_adaptation.pdf\" src=\"https:\/\/haltools.archives-ouvertes.fr\/images\/Haltools_pdf.png\" border=\"0\" title=\"https:\/\/hal.science\/hal-03613903\/file\/Conformance_Checking_for_Autonomous_Multi_Cloud_SLA_management_and_adaptation.pdf\" \/><\/a>\n<span class=\"LienBibtexACoteFulltext\"><a href=\"https:\/\/hal.science\/hal-03613903v1\/bibtex\" target=\"_self\">\n<img decoding=\"async\" alt=\"BibTex\" src=\"https:\/\/haltools.archives-ouvertes.fr\/images\/Haltools_bibtex3.png\" border=\"0\"  title=\"BibTex\" \/><\/a>\n<\/span><\/dd>\n<\/dl>\n<p class='Rubrique'>Communication dans un congr\u00e8s<\/p>\n<p class='SousRubrique'>2023<\/p>\n<dl class='NoticeRes'>\n<dt class=\"ChampRes\">ref_biblio<\/dt><dd class=\"ValeurRes ref_biblio\">Jeremy Mechouche, Mohamed Sellami, Zakaria Maamar, Roua Touihri, Walid Gaaloul. Process mining approach for multi-cloud SLA reporting. <i>2023 IEEE International Conference on Big Data (IEEE BigData)<\/i>, Dec 2023, Sorrento (Italie), Italy. <a target=\"_blank\" href=\"https:\/\/hal.science\/hal-04343935v1\">&#x27E8;hal-04343935&#x27E9;<\/a><\/dd>\n<dt class=\"ChampRes\">Acc\u00e8s au texte int\u00e9gral et bibtex<\/dt>\n<dd class=\"ValeurRes Fichier_joint\">\n<a href=\"https:\/\/hal.science\/hal-04343935\/file\/Process_mining_approach_for_Multi_Cloud_SLA_Reporting.pdf\"  target=\"_blank\">\n<img decoding=\"async\" alt=\"https:\/\/hal.science\/hal-04343935\/file\/Process_mining_approach_for_Multi_Cloud_SLA_Reporting.pdf\" src=\"https:\/\/haltools.archives-ouvertes.fr\/images\/Haltools_pdf.png\" border=\"0\" title=\"https:\/\/hal.science\/hal-04343935\/file\/Process_mining_approach_for_Multi_Cloud_SLA_Reporting.pdf\" \/><\/a>\n<span class=\"LienBibtexACoteFulltext\"><a href=\"https:\/\/hal.science\/hal-04343935v1\/bibtex\" target=\"_self\">\n<img decoding=\"async\" alt=\"BibTex\" src=\"https:\/\/haltools.archives-ouvertes.fr\/images\/Haltools_bibtex3.png\" border=\"0\"  title=\"BibTex\" \/><\/a>\n<\/span><\/dd>\n<\/dl>\n<p class='SousRubrique'>2021<\/p>\n<dl class='NoticeRes'>\n<dt class=\"ChampRes\">ref_biblio<\/dt><dd class=\"ValeurRes ref_biblio\">Jeremy Mechouche, Roua Touihri, Mohamed Sellami, Walid Gaaloul. Towards higher-level description of SLA-aware reconfiguration strategies based on state-machine. <i>ICEBE 2021: 17th International Conference on e-Business Engineering<\/i>, Nov 2021, Guangzhou (online), China. pp.1-8, <a target=\"_blank\" href=\"https:\/\/dx.doi.org\/10.1109\/ICEBE52470.2021.00014\">&#x27E8;10.1109\/ICEBE52470.2021.00014&#x27E9;<\/a>. <a target=\"_blank\" href=\"https:\/\/hal.science\/hal-03641853v1\">&#x27E8;hal-03641853&#x27E9;<\/a><\/dd>\n<dt class=\"ChampRes\">Acc\u00e8s au bibtex<\/dt>\n<dd class=\"ValeurRes LienBibtex\">\n<a href=\"https:\/\/hal.science\/hal-03641853v1\/bibtex\" target=\"_self\">\n<img decoding=\"async\" alt=\"BibTex\" src=\"https:\/\/haltools.archives-ouvertes.fr\/images\/Haltools_bibtex3.png\" border=\"0\"  title=\"BibTex\" \/><\/a>\n<\/dd>\n<\/dl>\n<p class='SousRubrique'>2020<\/p>\n<dl class='NoticeRes'>\n<dt class=\"ChampRes\">ref_biblio<\/dt><dd class=\"ValeurRes ref_biblio\">Roua Touihri, Safwan Alwan, Abdulhalim Dandoush, Nadjib Aitsaadi, Cyril Veillon. SDN-Based Batch Flow Routing in CamCube Server-Only Data Center Networks. <i>ICC 2020 - 2020 IEEE International Conference on Communications (ICC)<\/i>, Jun 2020, Dublin, France. pp.1-6, <a target=\"_blank\" href=\"https:\/\/dx.doi.org\/10.1109\/ICC40277.2020.9149245\">&#x27E8;10.1109\/ICC40277.2020.9149245&#x27E9;<\/a>. <a target=\"_blank\" href=\"https:\/\/hal.u-pec.fr\/hal-04590415v1\">&#x27E8;hal-04590415&#x27E9;<\/a><\/dd>\n<dt class=\"ChampRes\">Acc\u00e8s au bibtex<\/dt>\n<dd class=\"ValeurRes LienBibtex\">\n<a href=\"https:\/\/hal.u-pec.fr\/hal-04590415v1\/bibtex\" target=\"_self\">\n<img decoding=\"async\" alt=\"BibTex\" src=\"https:\/\/haltools.archives-ouvertes.fr\/images\/Haltools_bibtex3.png\" border=\"0\"  title=\"BibTex\" \/><\/a>\n<\/dd>\n<\/dl>\n<p class='SousRubrique'>2019<\/p>\n<dl class='NoticeRes'>\n<dt class=\"ChampRes\">ref_biblio<\/dt><dd class=\"ValeurRes ref_biblio\">Roua Touihri, Safwan Alwan, Abdulhalim Dandoush, Nadjib Aitsaadi, Cyril Veillon. CRP: Optimized SDN Routing Protocol in Server-Only CamCube Data-Center Networks. <i>ICC 2019 - 2019 IEEE International Conference on Communications (ICC)<\/i>, May 2019, Shanghai, France. pp.1-6, <a target=\"_blank\" href=\"https:\/\/dx.doi.org\/10.1109\/ICC.2019.8761884\">&#x27E8;10.1109\/ICC.2019.8761884&#x27E9;<\/a>. <a target=\"_blank\" href=\"https:\/\/hal.u-pec.fr\/hal-04590433v1\">&#x27E8;hal-04590433&#x27E9;<\/a><\/dd>\n<dt class=\"ChampRes\">Acc\u00e8s au bibtex<\/dt>\n<dd class=\"ValeurRes LienBibtex\">\n<a href=\"https:\/\/hal.u-pec.fr\/hal-04590433v1\/bibtex\" target=\"_self\">\n<img decoding=\"async\" alt=\"BibTex\" src=\"https:\/\/haltools.archives-ouvertes.fr\/images\/Haltools_bibtex3.png\" border=\"0\"  title=\"BibTex\" \/><\/a>\n<\/dd>\n<\/dl>\n<dl class='NoticeRes'>\n<dt class=\"ChampRes\">ref_biblio<\/dt><dd class=\"ValeurRes ref_biblio\">Roua Touihri, Safwan Alwan, Abdulhalim Dandoush, Nadjib Aitsaadi, Cyril Veillon. M-CRP: Novel Multicast SDN Based Routing Scheme in CamCube Server-Only Datacenter. <i>GLOBECOM 2019 - 2019 IEEE Global Communications Conference<\/i>, Dec 2019, Waikoloa, France. pp.1-6, <a target=\"_blank\" href=\"https:\/\/dx.doi.org\/10.1109\/GLOBECOM38437.2019.9013306\">&#x27E8;10.1109\/GLOBECOM38437.2019.9013306&#x27E9;<\/a>. <a target=\"_blank\" href=\"https:\/\/hal.u-pec.fr\/hal-04590430v1\">&#x27E8;hal-04590430&#x27E9;<\/a><\/dd>\n<dt class=\"ChampRes\">Acc\u00e8s au bibtex<\/dt>\n<dd class=\"ValeurRes LienBibtex\">\n<a href=\"https:\/\/hal.u-pec.fr\/hal-04590430v1\/bibtex\" target=\"_self\">\n<img decoding=\"async\" alt=\"BibTex\" src=\"https:\/\/haltools.archives-ouvertes.fr\/images\/Haltools_bibtex3.png\" border=\"0\"  title=\"BibTex\" \/><\/a>\n<\/dd>\n<\/dl>\n<dl class='NoticeRes'>\n<dt class=\"ChampRes\">ref_biblio<\/dt><dd class=\"ValeurRes ref_biblio\">Roua Touihri, Safwan Alwan, Abdulhalim Dandoush, Nadjib Aitsaadi, Cyril Veillon. Novel Optimized SDN Routing Scheme in CamCube Server Only Data Center Networks. <i>2019 16th IEEE Annual Consumer Communications & Networking Conference (CCNC)<\/i>, Jan 2019, Las Vegas, France. pp.1-2, <a target=\"_blank\" href=\"https:\/\/dx.doi.org\/10.1109\/CCNC.2019.8651677\">&#x27E8;10.1109\/CCNC.2019.8651677&#x27E9;<\/a>. <a target=\"_blank\" href=\"https:\/\/hal.u-pec.fr\/hal-04590421v1\">&#x27E8;hal-04590421&#x27E9;<\/a><\/dd>\n<dt class=\"ChampRes\">Acc\u00e8s au bibtex<\/dt>\n<dd class=\"ValeurRes LienBibtex\">\n<a href=\"https:\/\/hal.u-pec.fr\/hal-04590421v1\/bibtex\" target=\"_self\">\n<img decoding=\"async\" alt=\"BibTex\" src=\"https:\/\/haltools.archives-ouvertes.fr\/images\/Haltools_bibtex3.png\" border=\"0\"  title=\"BibTex\" \/><\/a>\n<\/dd>\n<\/dl>\n<p class='SousRubrique'>2016<\/p>\n<dl class='NoticeRes'>\n<dt class=\"ChampRes\">ref_biblio<\/dt><dd class=\"ValeurRes ref_biblio\">Roua Touihri, Nicolas Turpault, Patrick Raad, Stefano Secci, Fran\u00e7ois Cachereul. Unifying LISP and TRILL control-planes for distributed data-center networking. <i>IEEE\/IFIP Network Operations and Management Symposium (NOMS 2016)<\/i>, Apr 2016, Istanbul, Turkey. <a target=\"_blank\" href=\"https:\/\/dx.doi.org\/10.1109\/NOMS.2016.7502927\">&#x27E8;10.1109\/NOMS.2016.7502927&#x27E9;<\/a>. <a target=\"_blank\" href=\"https:\/\/hal.sorbonne-universite.fr\/hal-01345681v1\">&#x27E8;hal-01345681&#x27E9;<\/a><\/dd>\n<dt class=\"ChampRes\">Acc\u00e8s au bibtex<\/dt>\n<dd class=\"ValeurRes LienBibtex\">\n<a href=\"https:\/\/hal.sorbonne-universite.fr\/hal-01345681v1\/bibtex\" target=\"_self\">\n<img decoding=\"async\" alt=\"BibTex\" src=\"https:\/\/haltools.archives-ouvertes.fr\/images\/Haltools_bibtex3.png\" border=\"0\"  title=\"BibTex\" \/><\/a>\n<\/dd>\n<\/dl>\n<p class='Rubrique'>Th\u00e8se<\/p>\n<p class='SousRubrique'>2021<\/p>\n<dl class='NoticeRes'>\n<dt class=\"ChampRes\">ref_biblio<\/dt><dd class=\"ValeurRes ref_biblio\">Roua Touihri. optimizing routing and resource allocation in sdn-based server only data center networks for private cloud architectures. Hardware Architecture [cs.AR]. Universit\u00e9 Paris-Est, 2021. English. <a target=\"_blank\" href=\"https:\/\/www.theses.fr\/2021PESC0061\">&#x27E8;NNT : 2021PESC0061&#x27E9;<\/a>. <a target=\"_blank\" href=\"https:\/\/theses.hal.science\/tel-03986816v1\">&#x27E8;tel-03986816&#x27E9;<\/a><\/dd>\n<dt class=\"ChampRes\">Acc\u00e8s au texte int\u00e9gral et bibtex<\/dt>\n<dd class=\"ValeurRes Fichier_joint\">\n<a href=\"https:\/\/theses.hal.science\/tel-03986816\/file\/TH2021PESC0061.pdf\"  target=\"_blank\">\n<img decoding=\"async\" alt=\"https:\/\/theses.hal.science\/tel-03986816\/file\/TH2021PESC0061.pdf\" src=\"https:\/\/haltools.archives-ouvertes.fr\/images\/Haltools_pdf.png\" border=\"0\" title=\"https:\/\/theses.hal.science\/tel-03986816\/file\/TH2021PESC0061.pdf\" \/><\/a>\n<span class=\"LienBibtexACoteFulltext\"><a href=\"https:\/\/theses.hal.science\/tel-03986816v1\/bibtex\" target=\"_self\">\n<img decoding=\"async\" alt=\"BibTex\" src=\"https:\/\/haltools.archives-ouvertes.fr\/images\/Haltools_bibtex3.png\" border=\"0\"  title=\"BibTex\" \/><\/a>\n<\/span><\/dd>\n<\/dl>\n<\/div>\n<\/p>\n","protected":false},"excerpt":{"rendered":"","protected":false},"author":4,"featured_media":6612,"parent":2438,"menu_order":0,"comment_status":"closed","ping_status":"closed","template":"","meta":{"ocean_post_layout":"","ocean_both_sidebars_style":"","ocean_both_sidebars_content_width":0,"ocean_both_sidebars_sidebars_width":0,"ocean_sidebar":"","ocean_second_sidebar":"","ocean_disable_margins":"enable","ocean_add_body_class":"","ocean_shortcode_before_top_bar":"","ocean_shortcode_after_top_bar":"","ocean_shortcode_before_header":"","ocean_shortcode_after_header":"","ocean_has_shortcode":"","ocean_shortcode_after_title":"","ocean_shortcode_before_footer_widgets":"","ocean_shortcode_after_footer_widgets":"","ocean_shortcode_before_footer_bottom":"","ocean_shortcode_after_footer_bottom":"","ocean_display_top_bar":"default","ocean_display_header":"default","ocean_header_style":"","ocean_center_header_left_menu":"","ocean_custom_header_template":"","ocean_custom_logo":0,"ocean_custom_retina_logo":0,"ocean_custom_logo_max_width":0,"ocean_custom_logo_tablet_max_width":0,"ocean_custom_logo_mobile_max_width":0,"ocean_custom_logo_max_height":0,"ocean_custom_logo_tablet_max_height":0,"ocean_custom_logo_mobile_max_height":0,"ocean_header_custom_menu":"","ocean_menu_typo_font_family":"","ocean_menu_typo_font_subset":"","ocean_menu_typo_font_size":0,"ocean_menu_typo_font_size_tablet":0,"ocean_menu_typo_font_size_mobile":0,"ocean_menu_typo_font_size_unit":"px","ocean_menu_typo_font_weight":"","ocean_menu_typo_font_weight_tablet":"","ocean_menu_typo_font_weight_mobile":"","ocean_menu_typo_transform":"","ocean_menu_typo_transform_tablet":"","ocean_menu_typo_transform_mobile":"","ocean_menu_typo_line_height":0,"ocean_menu_typo_line_height_tablet":0,"ocean_menu_typo_line_height_mobile":0,"ocean_menu_typo_line_height_unit":"","ocean_menu_typo_spacing":0,"ocean_menu_typo_spacing_tablet":0,"ocean_menu_typo_spacing_mobile":0,"ocean_menu_typo_spacing_unit":"","ocean_menu_link_color":"","ocean_menu_link_color_hover":"","ocean_menu_link_color_active":"","ocean_menu_link_background":"","ocean_menu_link_hover_background":"","ocean_menu_link_active_background":"","ocean_menu_social_links_bg":"","ocean_menu_social_hover_links_bg":"","ocean_menu_social_links_color":"","ocean_menu_social_hover_links_color":"","ocean_disable_title":"default","ocean_disable_heading":"default","ocean_post_title":"","ocean_post_subheading":"","ocean_post_title_style":"","ocean_post_title_background_color":"","ocean_post_title_background":0,"ocean_post_title_bg_image_position":"","ocean_post_title_bg_image_attachment":"","ocean_post_title_bg_image_repeat":"","ocean_post_title_bg_image_size":"","ocean_post_title_height":0,"ocean_post_title_bg_overlay":0.5,"ocean_post_title_bg_overlay_color":"","ocean_disable_breadcrumbs":"default","ocean_breadcrumbs_color":"","ocean_breadcrumbs_separator_color":"","ocean_breadcrumbs_links_color":"","ocean_breadcrumbs_links_hover_color":"","ocean_display_footer_widgets":"default","ocean_display_footer_bottom":"default","ocean_custom_footer_template":"","footnotes":""},"class_list":["post-3628","page","type-page","status-publish","has-post-thumbnail","hentry","entry","has-media"],"_links":{"self":[{"href":"https:\/\/samovar.telecom-sudparis.eu\/index.php\/wp-json\/wp\/v2\/pages\/3628","targetHints":{"allow":["GET"]}}],"collection":[{"href":"https:\/\/samovar.telecom-sudparis.eu\/index.php\/wp-json\/wp\/v2\/pages"}],"about":[{"href":"https:\/\/samovar.telecom-sudparis.eu\/index.php\/wp-json\/wp\/v2\/types\/page"}],"author":[{"embeddable":true,"href":"https:\/\/samovar.telecom-sudparis.eu\/index.php\/wp-json\/wp\/v2\/users\/4"}],"replies":[{"embeddable":true,"href":"https:\/\/samovar.telecom-sudparis.eu\/index.php\/wp-json\/wp\/v2\/comments?post=3628"}],"version-history":[{"count":1,"href":"https:\/\/samovar.telecom-sudparis.eu\/index.php\/wp-json\/wp\/v2\/pages\/3628\/revisions"}],"predecessor-version":[{"id":6613,"href":"https:\/\/samovar.telecom-sudparis.eu\/index.php\/wp-json\/wp\/v2\/pages\/3628\/revisions\/6613"}],"up":[{"embeddable":true,"href":"https:\/\/samovar.telecom-sudparis.eu\/index.php\/wp-json\/wp\/v2\/pages\/2438"}],"wp:featuredmedia":[{"embeddable":true,"href":"https:\/\/samovar.telecom-sudparis.eu\/index.php\/wp-json\/wp\/v2\/media\/6612"}],"wp:attachment":[{"href":"https:\/\/samovar.telecom-sudparis.eu\/index.php\/wp-json\/wp\/v2\/media?parent=3628"}],"curies":[{"name":"wp","href":"https:\/\/api.w.org\/{rel}","templated":true}]}}