{"id":3617,"date":"2022-04-14T17:43:32","date_gmt":"2022-04-14T15:43:32","guid":{"rendered":"https:\/\/samovar2022.int-evry.fr\/index.php\/acmes-2\/thierry-taillandier-loize-2\/"},"modified":"2022-04-14T17:43:50","modified_gmt":"2022-04-14T15:43:50","slug":"thierry-taillandier-loize-2","status":"publish","type":"page","link":"https:\/\/samovar.telecom-sudparis.eu\/index.php\/acmes-2\/thierry-taillandier-loize-2\/","title":{"rendered":"Thierry TAILLANDIER-LOIZE"},"content":{"rendered":"<p><div class=\"bandeau-personnel MonLaboUser\"><img decoding=\"async\" src=\"https:\/\/samovar.telecom-sudparis.eu\/wp-content\/uploads\/2022\/07\/Thierry-TAILLANDIER-LOIZE.jpg\" class=\"wp-image-6 alignleft img-arrondi wp-post-image\" height=\"150\" width=\"150\" alt=\" \" \/><div class=\"adresse\"><p>SAMOVAR - SAMOVAR<br \/>Telecom SudParis<br \/>\r\n9 rue Charles Fourier<br \/>\r\n91011 EVRY CEDEX<\/p><p>Fax : +33 (0) 1 60 76 20 80<\/p><\/div><div class=\"monlaboBlocTexte\"><h1>Thierry <span class=\"MonLabo-lastname\">TAILLANDIER-LOIZE<\/span><\/h1><div class=\"coordonnees\"><em>Ma\u00eetre de Conf\u00e9rences<\/em><br \/><span class=\"team-description\"><a href=\"https:\/\/samovar.telecom-sudparis.eu\/?page_id=2455\" class=\"MonLaboLink\"><span class=\"MonLabo_team_name\">ISTeC<\/span><\/a><\/span><\/div><div class=\"coordonnees\"><span class=\"MonLabo-email\">thierry.taillandier-loize[&#64;<span>-Code to remove to avoid SPAM-<\/span>]telecom-sudparis.eu<\/span><\/div><\/div><\/div>\n<div id=\"res_script\">\n<p class='Rubrique'>Article dans une revue<\/p>\n<p class='SousRubrique'>2019<\/p>\n<dl class='NoticeRes'>\n<dt class=\"ChampRes\">ref_biblio<\/dt><dd class=\"ValeurRes ref_biblio\">C\u00e9line Blache, Genevi\u00e8ve Baudoin, Marc Somson, Thierry Taillandier-Loize, Alexandre Vervisch-Picois, et al.. An evaluation methodology to access the accuracy of a tracking system in the case of horse races description and experimental validation. <i>Annals of Telecommunications - annales des t\u00e9l\u00e9communications<\/i>, 2019, 74 (5-6), pp.287 - 298. <a target=\"_blank\" href=\"https:\/\/dx.doi.org\/10.1007\/s12243-018-0685-9\">&#x27E8;10.1007\/s12243-018-0685-9&#x27E9;<\/a>. <a target=\"_blank\" href=\"https:\/\/hal.science\/hal-01951014v1\">&#x27E8;hal-01951014&#x27E9;<\/a><\/dd>\n<dt class=\"ChampRes\">Acc\u00e8s au bibtex<\/dt>\n<dd class=\"ValeurRes LienBibtex\">\n<a href=\"https:\/\/hal.science\/hal-01951014v1\/bibtex\" target=\"_self\">\n<img decoding=\"async\" alt=\"BibTex\" src=\"https:\/\/haltools.archives-ouvertes.fr\/images\/Haltools_bibtex3.png\" border=\"0\"  title=\"BibTex\" \/><\/a>\n<\/dd>\n<\/dl>\n<p class='SousRubrique'>2018<\/p>\n<dl class='NoticeRes'>\n<dt class=\"ChampRes\">ref_biblio<\/dt><dd class=\"ValeurRes ref_biblio\">Thierry Taillandier-Loize, Francisco Perales, Jacques Baudon, Mehdi Hamamda, Valerij Bocvarski, et al.. Low energy collisions of spin-polarized metastable argon atoms with ground state argon atoms. <i>Journal of Physics B: Atomic, Molecular and Optical Physics<\/i>, 2018, 51 (8), pp.085202-1 - 085202-12. <a target=\"_blank\" href=\"https:\/\/dx.doi.org\/10.1088\/1361-6455\/aab52a\">&#x27E8;10.1088\/1361-6455\/aab52a&#x27E9;<\/a>. <a target=\"_blank\" href=\"https:\/\/hal.science\/hal-01798195v1\">&#x27E8;hal-01798195&#x27E9;<\/a><\/dd>\n<dt class=\"ChampRes\">Acc\u00e8s au bibtex<\/dt>\n<dd class=\"ValeurRes LienBibtex\">\n<a href=\"https:\/\/hal.science\/hal-01798195v1\/bibtex\" target=\"_self\">\n<img decoding=\"async\" alt=\"BibTex\" src=\"https:\/\/haltools.archives-ouvertes.fr\/images\/Haltools_bibtex3.png\" border=\"0\"  title=\"BibTex\" \/><\/a>\n<\/dd>\n<\/dl>\n<p class='SousRubrique'>2016<\/p>\n<dl class='NoticeRes'>\n<dt class=\"ChampRes\">ref_biblio<\/dt><dd class=\"ValeurRes ref_biblio\">Thierry Taillandier-Loize, Syed Abdullah Aljunid, Franck Correia, Nathalie Fabre, Francisco Perales, et al.. A simple velocity-tunable pulsed atomic source of slow metastable argon. <i>Journal of Physics D: Applied Physics<\/i>, 2016, 49 (13-5503), pp.1 - 7. <a target=\"_blank\" href=\"https:\/\/dx.doi.org\/10.1088\/0022-3727\/49\/13\/135503\">&#x27E8;10.1088\/0022-3727\/49\/13\/135503&#x27E9;<\/a>. <a target=\"_blank\" href=\"https:\/\/hal.science\/hal-01283944v1\">&#x27E8;hal-01283944&#x27E9;<\/a><\/dd>\n<dt class=\"ChampRes\">Acc\u00e8s au bibtex<\/dt>\n<dd class=\"ValeurRes LienBibtex\">\n<a href=\"https:\/\/hal.science\/hal-01283944v1\/bibtex\" target=\"_self\">\n<img decoding=\"async\" alt=\"BibTex\" src=\"https:\/\/haltools.archives-ouvertes.fr\/images\/Haltools_bibtex3.png\" border=\"0\"  title=\"BibTex\" \/><\/a>\n<\/dd>\n<\/dl>\n<p class='SousRubrique'>2015<\/p>\n<dl class='NoticeRes'>\n<dt class=\"ChampRes\">ref_biblio<\/dt><dd class=\"ValeurRes ref_biblio\">Mehdi Hamamda, Thierry Taillandier-Loize, Jacques Baudon, Gabriel Dutier, Francisco Perales, et al.. Slowing dynamics of a supersonic beam, simulation and experiments. <i>European Physical Journal: Applied Physics<\/i>, 2015, 71 (3), pp.1 - 9. <a target=\"_blank\" href=\"https:\/\/dx.doi.org\/10.1051\/epjap\/2015150266\">&#x27E8;10.1051\/epjap\/2015150266&#x27E9;<\/a>. <a target=\"_blank\" href=\"https:\/\/hal.science\/hal-01264732v1\">&#x27E8;hal-01264732&#x27E9;<\/a><\/dd>\n<dt class=\"ChampRes\">Acc\u00e8s au bibtex<\/dt>\n<dd class=\"ValeurRes LienBibtex\">\n<a href=\"https:\/\/hal.science\/hal-01264732v1\/bibtex\" target=\"_self\">\n<img decoding=\"async\" alt=\"BibTex\" src=\"https:\/\/haltools.archives-ouvertes.fr\/images\/Haltools_bibtex3.png\" border=\"0\"  title=\"BibTex\" \/><\/a>\n<\/dd>\n<\/dl>\n<p class='SousRubrique'>2014<\/p>\n<dl class='NoticeRes'>\n<dt class=\"ChampRes\">ref_biblio<\/dt><dd class=\"ValeurRes ref_biblio\">Thierry Taillandier-Loize, J. Baudon, G. Dutier, F. Perales, M. Boustimi, et al.. Anisotropic atom-surface interactions in the Casimir-Polder regime. <i>Physical Review A<\/i>, 2014, 89 (5), pp.052514. <a target=\"_blank\" href=\"https:\/\/dx.doi.org\/10.1103\/PhysRevA.89.052514\">&#x27E8;10.1103\/PhysRevA.89.052514&#x27E9;<\/a>. <a target=\"_blank\" href=\"https:\/\/hal.science\/hal-04309352v1\">&#x27E8;hal-04309352&#x27E9;<\/a><\/dd>\n<dt class=\"ChampRes\">Acc\u00e8s au bibtex<\/dt>\n<dd class=\"ValeurRes LienBibtex\">\n<a href=\"https:\/\/arxiv.org\/pdf\/1403.5216\"  target=\"_blank\"><img decoding=\"async\" alt=\"https:\/\/arxiv.org\/pdf\/1403.5216\" src=\"https:\/\/haltools.archives-ouvertes.fr\/images\/arxiv.gif\" border=\"0\" title=\"arXiv PDF\" width=\"16px\" height=\"16px\" \/><\/a>\n<span class=\"LienBibtexACoteFulltext\"><a href=\"https:\/\/hal.science\/hal-04309352v1\/bibtex\" target=\"_self\">\n<img decoding=\"async\" alt=\"BibTex\" src=\"https:\/\/haltools.archives-ouvertes.fr\/images\/Haltools_bibtex3.png\" border=\"0\"  title=\"BibTex\" \/><\/a>\n<\/span><\/dd>\n<\/dl>\n<p class='SousRubrique'>2012<\/p>\n<dl class='NoticeRes'>\n<dt class=\"ChampRes\">ref_biblio<\/dt><dd class=\"ValeurRes ref_biblio\">J. Baudon, M. Hamamda, M. Boustimi, V. Bocvarski, Thierry Taillandier-Loize, et al.. Inelastic transitions of atoms and molecules induced by van der Waals interaction with a surface. <i>Nuclear Instruments and Methods in Physics Research Section B: Beam Interactions with Materials and Atoms<\/i>, 2012, 279, pp.160-164. <a target=\"_blank\" href=\"https:\/\/dx.doi.org\/10.1016\/j.nimb.2011.10.049\">&#x27E8;10.1016\/j.nimb.2011.10.049&#x27E9;<\/a>. <a target=\"_blank\" href=\"https:\/\/hal.science\/hal-04309360v1\">&#x27E8;hal-04309360&#x27E9;<\/a><\/dd>\n<dt class=\"ChampRes\">Acc\u00e8s au bibtex<\/dt>\n<dd class=\"ValeurRes LienBibtex\">\n<a href=\"https:\/\/hal.science\/hal-04309360v1\/bibtex\" target=\"_self\">\n<img decoding=\"async\" alt=\"BibTex\" src=\"https:\/\/haltools.archives-ouvertes.fr\/images\/Haltools_bibtex3.png\" border=\"0\"  title=\"BibTex\" \/><\/a>\n<\/dd>\n<\/dl>\n<dl class='NoticeRes'>\n<dt class=\"ChampRes\">ref_biblio<\/dt><dd class=\"ValeurRes ref_biblio\">M. Hamamda, M. Boustimi, V. Bocvarski, Thierry Taillandier-Loize, G. Dutier, et al.. Atom-surface interaction at the nanometre scale: van der Waals-Zeeman transitions in a magnetic field. <i>EPL - Europhysics Letters<\/i>, 2012, 98 (2), pp.23001. <a target=\"_blank\" href=\"https:\/\/dx.doi.org\/10.1209\/0295-5075\/98\/23001\">&#x27E8;10.1209\/0295-5075\/98\/23001&#x27E9;<\/a>. <a target=\"_blank\" href=\"https:\/\/hal.science\/hal-04309345v1\">&#x27E8;hal-04309345&#x27E9;<\/a><\/dd>\n<dt class=\"ChampRes\">Acc\u00e8s au bibtex<\/dt>\n<dd class=\"ValeurRes LienBibtex\">\n<a href=\"https:\/\/hal.science\/hal-04309345v1\/bibtex\" target=\"_self\">\n<img decoding=\"async\" alt=\"BibTex\" src=\"https:\/\/haltools.archives-ouvertes.fr\/images\/Haltools_bibtex3.png\" border=\"0\"  title=\"BibTex\" \/><\/a>\n<\/dd>\n<\/dl>\n<dl class='NoticeRes'>\n<dt class=\"ChampRes\">ref_biblio<\/dt><dd class=\"ValeurRes ref_biblio\">M. Hamamda, M. Boustimi, F. Correia, J. Baudon, Thierry Taillandier-Loize, et al.. Atom slowing via dispersive optical interactions. <i>Physical Review A<\/i>, 2012, 85 (2), pp.023417. <a target=\"_blank\" href=\"https:\/\/dx.doi.org\/10.1103\/PhysRevA.85.023417\">&#x27E8;10.1103\/PhysRevA.85.023417&#x27E9;<\/a>. <a target=\"_blank\" href=\"https:\/\/hal.science\/hal-04309342v1\">&#x27E8;hal-04309342&#x27E9;<\/a><\/dd>\n<dt class=\"ChampRes\">Acc\u00e8s au bibtex<\/dt>\n<dd class=\"ValeurRes LienBibtex\">\n<a href=\"https:\/\/hal.science\/hal-04309342v1\/bibtex\" target=\"_self\">\n<img decoding=\"async\" alt=\"BibTex\" src=\"https:\/\/haltools.archives-ouvertes.fr\/images\/Haltools_bibtex3.png\" border=\"0\"  title=\"BibTex\" \/><\/a>\n<\/dd>\n<\/dl>\n<dl class='NoticeRes'>\n<dt class=\"ChampRes\">ref_biblio<\/dt><dd class=\"ValeurRes ref_biblio\">Thierry Taillandier-Loize, J. Baudon, M. Hamamda, G. Dutier, V. Bocvarski, et al.. Metaoptics with Nonrelativistic Matter Waves. <i>Advances in OptoElectronics<\/i>, 2012, 2012, pp.1-8. <a target=\"_blank\" href=\"https:\/\/dx.doi.org\/10.1155\/2012\/734306\">&#x27E8;10.1155\/2012\/734306&#x27E9;<\/a>. <a target=\"_blank\" href=\"https:\/\/hal.science\/hal-04309348v1\">&#x27E8;hal-04309348&#x27E9;<\/a><\/dd>\n<dt class=\"ChampRes\">Acc\u00e8s au bibtex<\/dt>\n<dd class=\"ValeurRes LienBibtex\">\n<a href=\"https:\/\/hal.science\/hal-04309348v1\/bibtex\" target=\"_self\">\n<img decoding=\"async\" alt=\"BibTex\" src=\"https:\/\/haltools.archives-ouvertes.fr\/images\/Haltools_bibtex3.png\" border=\"0\"  title=\"BibTex\" \/><\/a>\n<\/dd>\n<\/dl>\n<p class='Rubrique'>Communication dans un congr\u00e8s<\/p>\n<p class='SousRubrique'>2025<\/p>\n<dl class='NoticeRes'>\n<dt class=\"ChampRes\">ref_biblio<\/dt><dd class=\"ValeurRes ref_biblio\">Nel Samama, Jose Rubio-Hernan, Alexandre Vervisch-Picois, Thierry Taillandier-Loize. Antenna structures for resolving ambiguities in the dual-antenna approach and measuring phase differences. <i>Intelligent Computing - Proceedings of the Computing Conference (CompCom)<\/i>, Jun 2025, London, United Kingdom. pp.618-630, <a target=\"_blank\" href=\"https:\/\/dx.doi.org\/10.1007\/978-3-031-92611-2_41\">&#x27E8;10.1007\/978-3-031-92611-2_41&#x27E9;<\/a>. <a target=\"_blank\" href=\"https:\/\/hal.science\/hal-05416802v1\">&#x27E8;hal-05416802&#x27E9;<\/a><\/dd>\n<dt class=\"ChampRes\">Acc\u00e8s au texte int\u00e9gral et bibtex<\/dt>\n<dd class=\"ValeurRes Fichier_joint\">\n<a href=\"https:\/\/hal.science\/hal-05416802\/file\/DualAntenna.pdf\"  target=\"_blank\">\n<img decoding=\"async\" alt=\"https:\/\/hal.science\/hal-05416802\/file\/DualAntenna.pdf\" src=\"https:\/\/haltools.archives-ouvertes.fr\/images\/Haltools_pdf.png\" border=\"0\" title=\"https:\/\/hal.science\/hal-05416802\/file\/DualAntenna.pdf\" \/><\/a>\n<span class=\"LienBibtexACoteFulltext\"><a href=\"https:\/\/hal.science\/hal-05416802v1\/bibtex\" target=\"_self\">\n<img decoding=\"async\" alt=\"BibTex\" src=\"https:\/\/haltools.archives-ouvertes.fr\/images\/Haltools_bibtex3.png\" border=\"0\"  title=\"BibTex\" \/><\/a>\n<\/span><\/dd>\n<\/dl>\n<p class='SousRubrique'>2020<\/p>\n<dl class='NoticeRes'>\n<dt class=\"ChampRes\">ref_biblio<\/dt><dd class=\"ValeurRes ref_biblio\">Nel Samama, Alexandre Vervisch-Picois, Thierry Taillandier-Loize. Single image based method to assess the accuracy of a RTK based horse tracking system. <i>ENC 2020: the European Navigation Conference<\/i>, Nov 2020, Dresden, Germany. <a target=\"_blank\" href=\"https:\/\/hal.science\/hal-03134041v1\">&#x27E8;hal-03134041&#x27E9;<\/a><\/dd>\n<dt class=\"ChampRes\">Acc\u00e8s au bibtex<\/dt>\n<dd class=\"ValeurRes LienBibtex\">\n<a href=\"https:\/\/hal.science\/hal-03134041v1\/bibtex\" target=\"_self\">\n<img decoding=\"async\" alt=\"BibTex\" src=\"https:\/\/haltools.archives-ouvertes.fr\/images\/Haltools_bibtex3.png\" border=\"0\"  title=\"BibTex\" \/><\/a>\n<\/dd>\n<\/dl>\n<p class='SousRubrique'>2018<\/p>\n<dl class='NoticeRes'>\n<dt class=\"ChampRes\">ref_biblio<\/dt><dd class=\"ValeurRes ref_biblio\">Nel Samama, Alexandre Vervisch-Picois, Thierry Taillandier-Loize. Le positionnement en milieux contraints : signaux d'opportunit\u00e9 ou infrastructure sp\u00e9cifique ?. <i>Journ\u00e9es scientifiques URSI \"G\u00e9olocalisation et navigation\"<\/i>, Mar 2018, Meudon, France. pp.107 - 114. <a target=\"_blank\" href=\"https:\/\/hal.science\/hal-01875466v1\">&#x27E8;hal-01875466&#x27E9;<\/a><\/dd>\n<dt class=\"ChampRes\">Acc\u00e8s au bibtex<\/dt>\n<dd class=\"ValeurRes LienBibtex\">\n<a href=\"https:\/\/hal.science\/hal-01875466v1\/bibtex\" target=\"_self\">\n<img decoding=\"async\" alt=\"BibTex\" src=\"https:\/\/haltools.archives-ouvertes.fr\/images\/Haltools_bibtex3.png\" border=\"0\"  title=\"BibTex\" \/><\/a>\n<\/dd>\n<\/dl>\n<p class='SousRubrique'>2017<\/p>\n<dl class='NoticeRes'>\n<dt class=\"ChampRes\">ref_biblio<\/dt><dd class=\"ValeurRes ref_biblio\">Alexandre Vervisch-Picois, Nel Samama, Thierry Taillandier-Loize. Influence of GNSS spoofing on drone in automatic flight mode. <i>ITSNT 2017 : 4th International Symposium of Navigation and Timing<\/i>, Nov 2017, Toulouse, France. pp.1 - 9. <a target=\"_blank\" href=\"https:\/\/hal.science\/hal-01682657v1\">&#x27E8;hal-01682657&#x27E9;<\/a><\/dd>\n<dt class=\"ChampRes\">Acc\u00e8s au bibtex<\/dt>\n<dd class=\"ValeurRes LienBibtex\">\n<a href=\"https:\/\/hal.science\/hal-01682657v1\/bibtex\" target=\"_self\">\n<img decoding=\"async\" alt=\"BibTex\" src=\"https:\/\/haltools.archives-ouvertes.fr\/images\/Haltools_bibtex3.png\" border=\"0\"  title=\"BibTex\" \/><\/a>\n<\/dd>\n<\/dl>\n<p class='SousRubrique'>2016<\/p>\n<dl class='NoticeRes'>\n<dt class=\"ChampRes\">ref_biblio<\/dt><dd class=\"ValeurRes ref_biblio\">Nel Samama, Alexandre Vervisch-Picois, Thierry Taillandier-Loize. A GNSS-based inverted radar for carrier phase absolute indoor positioning purposes : first experimental results with GPS signals. <i>IPIN 2016 : 7th International Conference on Indoor Positioning and Indoor Navigation<\/i>, Oct 2016, Alcala De Henares, Spain. pp.1 - 8, <a target=\"_blank\" href=\"https:\/\/dx.doi.org\/10.1109\/IPIN.2016.7743660\">&#x27E8;10.1109\/IPIN.2016.7743660&#x27E9;<\/a>. <a target=\"_blank\" href=\"https:\/\/hal.science\/hal-01427077v1\">&#x27E8;hal-01427077&#x27E9;<\/a><\/dd>\n<dt class=\"ChampRes\">Acc\u00e8s au bibtex<\/dt>\n<dd class=\"ValeurRes LienBibtex\">\n<a href=\"https:\/\/hal.science\/hal-01427077v1\/bibtex\" target=\"_self\">\n<img decoding=\"async\" alt=\"BibTex\" src=\"https:\/\/haltools.archives-ouvertes.fr\/images\/Haltools_bibtex3.png\" border=\"0\"  title=\"BibTex\" \/><\/a>\n<\/dd>\n<\/dl>\n<dl class='NoticeRes'>\n<dt class=\"ChampRes\">ref_biblio<\/dt><dd class=\"ValeurRes ref_biblio\">Nel Samama, Alexandre Vervisch-Picois, Thierry Taillandier-Loize. A GNSS-like indoor positioning system implementing an inverted radar approach : simulation results with a 6\/7-antenna single transmitter. <i>IPIN 2016 : 7th International Conference on Indoor Positioning and Indoor Navigation<\/i>, Oct 2016, Alcala De Henares, Spain. pp.1 - 8, <a target=\"_blank\" href=\"https:\/\/dx.doi.org\/10.1109\/IPIN.2016.7743661\">&#x27E8;10.1109\/IPIN.2016.7743661&#x27E9;<\/a>. <a target=\"_blank\" href=\"https:\/\/hal.science\/hal-01429799v1\">&#x27E8;hal-01429799&#x27E9;<\/a><\/dd>\n<dt class=\"ChampRes\">Acc\u00e8s au bibtex<\/dt>\n<dd class=\"ValeurRes LienBibtex\">\n<a href=\"https:\/\/hal.science\/hal-01429799v1\/bibtex\" target=\"_self\">\n<img decoding=\"async\" alt=\"BibTex\" src=\"https:\/\/haltools.archives-ouvertes.fr\/images\/Haltools_bibtex3.png\" border=\"0\"  title=\"BibTex\" \/><\/a>\n<\/dd>\n<\/dl>\n<p class='Rubrique'>Th\u00e8se<\/p>\n<p class='SousRubrique'>2014<\/p>\n<dl class='NoticeRes'>\n<dt class=\"ChampRes\">ref_biblio<\/dt><dd class=\"ValeurRes ref_biblio\">Thierry Taillandier-Loize. Jet lent d\u2019atomes d\u2019argon m\u00e9tastables pour l\u2019\u00e9tude de l\u2019\u00e9change de m\u00e9tastabilit\u00e9, des interactions de van der Waals et des milieux d\u2019indice n\u00e9gatif.. Physique Atomique [physics.atom-ph]. Universit\u00e9 Paris-Nord - Paris XIII, 2014. Fran\u00e7ais. <a target=\"_blank\" href=\"https:\/\/www.theses.fr\/2014PA132039\">&#x27E8;NNT : 2014PA132039&#x27E9;<\/a>. <a target=\"_blank\" href=\"https:\/\/theses.hal.science\/tel-01233265v1\">&#x27E8;tel-01233265&#x27E9;<\/a><\/dd>\n<dt class=\"ChampRes\">Acc\u00e8s au texte int\u00e9gral et bibtex<\/dt>\n<dd class=\"ValeurRes Fichier_joint\">\n<a href=\"https:\/\/theses.hal.science\/tel-01233265\/file\/edgalilee_th_Taillandier-Loize.pdf\"  target=\"_blank\">\n<img decoding=\"async\" alt=\"https:\/\/theses.hal.science\/tel-01233265\/file\/edgalilee_th_Taillandier-Loize.pdf\" src=\"https:\/\/haltools.archives-ouvertes.fr\/images\/Haltools_pdf.png\" border=\"0\" title=\"https:\/\/theses.hal.science\/tel-01233265\/file\/edgalilee_th_Taillandier-Loize.pdf\" \/><\/a>\n<span class=\"LienBibtexACoteFulltext\"><a href=\"https:\/\/theses.hal.science\/tel-01233265v1\/bibtex\" target=\"_self\">\n<img decoding=\"async\" alt=\"BibTex\" src=\"https:\/\/haltools.archives-ouvertes.fr\/images\/Haltools_bibtex3.png\" border=\"0\"  title=\"BibTex\" \/><\/a>\n<\/span><\/dd>\n<\/dl>\n<\/div>\n<\/p>\n","protected":false},"excerpt":{"rendered":"","protected":false},"author":4,"featured_media":4261,"parent":2438,"menu_order":0,"comment_status":"closed","ping_status":"closed","template":"","meta":{"ocean_post_layout":"","ocean_both_sidebars_style":"","ocean_both_sidebars_content_width":0,"ocean_both_sidebars_sidebars_width":0,"ocean_sidebar":"0","ocean_second_sidebar":"0","ocean_disable_margins":"enable","ocean_add_body_class":"","ocean_shortcode_before_top_bar":"","ocean_shortcode_after_top_bar":"","ocean_shortcode_before_header":"","ocean_shortcode_after_header":"","ocean_has_shortcode":"","ocean_shortcode_after_title":"","ocean_shortcode_before_footer_widgets":"","ocean_shortcode_after_footer_widgets":"","ocean_shortcode_before_footer_bottom":"","ocean_shortcode_after_footer_bottom":"","ocean_display_top_bar":"default","ocean_display_header":"default","ocean_header_style":"","ocean_center_header_left_menu":"0","ocean_custom_header_template":"0","ocean_custom_logo":0,"ocean_custom_retina_logo":0,"ocean_custom_logo_max_width":0,"ocean_custom_logo_tablet_max_width":0,"ocean_custom_logo_mobile_max_width":0,"ocean_custom_logo_max_height":0,"ocean_custom_logo_tablet_max_height":0,"ocean_custom_logo_mobile_max_height":0,"ocean_header_custom_menu":"0","ocean_menu_typo_font_family":"0","ocean_menu_typo_font_subset":"","ocean_menu_typo_font_size":0,"ocean_menu_typo_font_size_tablet":0,"ocean_menu_typo_font_size_mobile":0,"ocean_menu_typo_font_size_unit":"px","ocean_menu_typo_font_weight":"","ocean_menu_typo_font_weight_tablet":"","ocean_menu_typo_font_weight_mobile":"","ocean_menu_typo_transform":"","ocean_menu_typo_transform_tablet":"","ocean_menu_typo_transform_mobile":"","ocean_menu_typo_line_height":0,"ocean_menu_typo_line_height_tablet":0,"ocean_menu_typo_line_height_mobile":0,"ocean_menu_typo_line_height_unit":"","ocean_menu_typo_spacing":0,"ocean_menu_typo_spacing_tablet":0,"ocean_menu_typo_spacing_mobile":0,"ocean_menu_typo_spacing_unit":"","ocean_menu_link_color":"","ocean_menu_link_color_hover":"","ocean_menu_link_color_active":"","ocean_menu_link_background":"","ocean_menu_link_hover_background":"","ocean_menu_link_active_background":"","ocean_menu_social_links_bg":"","ocean_menu_social_hover_links_bg":"","ocean_menu_social_links_color":"","ocean_menu_social_hover_links_color":"","ocean_disable_title":"default","ocean_disable_heading":"default","ocean_post_title":"","ocean_post_subheading":"","ocean_post_title_style":"","ocean_post_title_background_color":"","ocean_post_title_background":0,"ocean_post_title_bg_image_position":"","ocean_post_title_bg_image_attachment":"","ocean_post_title_bg_image_repeat":"","ocean_post_title_bg_image_size":"","ocean_post_title_height":0,"ocean_post_title_bg_overlay":0.5,"ocean_post_title_bg_overlay_color":"","ocean_disable_breadcrumbs":"default","ocean_breadcrumbs_color":"","ocean_breadcrumbs_separator_color":"","ocean_breadcrumbs_links_color":"","ocean_breadcrumbs_links_hover_color":"","ocean_display_footer_widgets":"default","ocean_display_footer_bottom":"default","ocean_custom_footer_template":"0","footnotes":""},"class_list":["post-3617","page","type-page","status-publish","has-post-thumbnail","hentry","entry","has-media"],"_links":{"self":[{"href":"https:\/\/samovar.telecom-sudparis.eu\/index.php\/wp-json\/wp\/v2\/pages\/3617","targetHints":{"allow":["GET"]}}],"collection":[{"href":"https:\/\/samovar.telecom-sudparis.eu\/index.php\/wp-json\/wp\/v2\/pages"}],"about":[{"href":"https:\/\/samovar.telecom-sudparis.eu\/index.php\/wp-json\/wp\/v2\/types\/page"}],"author":[{"embeddable":true,"href":"https:\/\/samovar.telecom-sudparis.eu\/index.php\/wp-json\/wp\/v2\/users\/4"}],"replies":[{"embeddable":true,"href":"https:\/\/samovar.telecom-sudparis.eu\/index.php\/wp-json\/wp\/v2\/comments?post=3617"}],"version-history":[{"count":1,"href":"https:\/\/samovar.telecom-sudparis.eu\/index.php\/wp-json\/wp\/v2\/pages\/3617\/revisions"}],"predecessor-version":[{"id":3618,"href":"https:\/\/samovar.telecom-sudparis.eu\/index.php\/wp-json\/wp\/v2\/pages\/3617\/revisions\/3618"}],"up":[{"embeddable":true,"href":"https:\/\/samovar.telecom-sudparis.eu\/index.php\/wp-json\/wp\/v2\/pages\/2438"}],"wp:featuredmedia":[{"embeddable":true,"href":"https:\/\/samovar.telecom-sudparis.eu\/index.php\/wp-json\/wp\/v2\/media\/4261"}],"wp:attachment":[{"href":"https:\/\/samovar.telecom-sudparis.eu\/index.php\/wp-json\/wp\/v2\/media?parent=3617"}],"curies":[{"name":"wp","href":"https:\/\/api.w.org\/{rel}","templated":true}]}}