{"id":3523,"date":"2022-04-13T17:25:12","date_gmt":"2022-04-13T15:25:12","guid":{"rendered":"https:\/\/samovar2022.int-evry.fr\/index.php\/acmes-2\/alessandro-maddaloni\/"},"modified":"2022-04-13T17:25:12","modified_gmt":"2022-04-13T15:25:12","slug":"alessandro-maddaloni","status":"publish","type":"page","link":"https:\/\/samovar.telecom-sudparis.eu\/index.php\/acmes-2\/alessandro-maddaloni\/","title":{"rendered":"Alessandro MADDALONI"},"content":{"rendered":"<p><div class=\"bandeau-personnel MonLaboUser\"><img decoding=\"async\" src=\"https:\/\/samovar.telecom-sudparis.eu\/wp-content\/uploads\/2022\/09\/Alessandro-MADDALONI.jpg\" class=\"wp-image-6 alignleft img-arrondi wp-post-image\" height=\"150\" width=\"150\" alt=\" \" \/><div class=\"adresse\"><p>SAMOVAR - SAMOVAR<br \/>Telecom SudParis<br \/>\r\n9 rue Charles Fourier<br \/>\r\n91011 EVRY CEDEX<\/p><p>Fax : +33 (0) 1 60 76 20 80<\/p><\/div><div class=\"monlaboBlocTexte\"><h1>Alessandro <span class=\"MonLabo-lastname\">MADDALONI<\/span><\/h1><div class=\"coordonnees\"><em>Ma\u00eetre de Conf\u00e9rences<\/em><br \/><span class=\"team-description\"><a href=\"https:\/\/samovar.telecom-sudparis.eu\/?page_id=4729\" class=\"MonLaboLink\"><span class=\"MonLabo_team_name\">SOP<\/span><\/a><\/span><\/div><div class=\"coordonnees\"><span class=\"MonLabo-email\">alessandro.maddaloni[&#64;<span>-Code to remove to avoid SPAM-<\/span>]telecom-sudparis.eu<\/span><\/div><\/div><\/div>\n<div id=\"res_script\">\n<p class='Rubrique'>Article dans une revue<\/p>\n<p class='SousRubrique'>2025<\/p>\n<dl class='NoticeRes'>\n<dt class=\"ChampRes\">ref_biblio<\/dt><dd class=\"ValeurRes ref_biblio\">Walid Ben-Ameur, Alessandro Maddaloni. Complexity results for a cops and robber game on directed graphs. <i>Networks<\/i>, 2025, 86 (2), pp.144-156. <a target=\"_blank\" href=\"https:\/\/dx.doi.org\/10.1002\/net.22284\">&#x27E8;10.1002\/net.22284&#x27E9;<\/a>. <a target=\"_blank\" href=\"https:\/\/hal.science\/hal-05281113v1\">&#x27E8;hal-05281113&#x27E9;<\/a><\/dd>\n<dt class=\"ChampRes\">Acc\u00e8s au texte int\u00e9gral et bibtex<\/dt>\n<dd class=\"ValeurRes Fichier_joint\">\n<a href=\"https:\/\/hal.science\/hal-05281113\/file\/2410.04897v1.pdf\"  target=\"_blank\">\n<img decoding=\"async\" alt=\"https:\/\/hal.science\/hal-05281113\/file\/2410.04897v1.pdf\" src=\"https:\/\/haltools.archives-ouvertes.fr\/images\/Haltools_pdf.png\" border=\"0\" title=\"https:\/\/hal.science\/hal-05281113\/file\/2410.04897v1.pdf\" \/><\/a>\n<span class=\"LienBibtexACoteFulltext\"><a href=\"https:\/\/hal.science\/hal-05281113v1\/bibtex\" target=\"_self\">\n<img decoding=\"async\" alt=\"BibTex\" src=\"https:\/\/haltools.archives-ouvertes.fr\/images\/Haltools_bibtex3.png\" border=\"0\"  title=\"BibTex\" \/><\/a>\n<\/span><\/dd>\n<\/dl>\n<p class='SousRubrique'>2024<\/p>\n<dl class='NoticeRes'>\n<dt class=\"ChampRes\">ref_biblio<\/dt><dd class=\"ValeurRes ref_biblio\">Walid Ben-Ameur, Alessandro Maddaloni. A cops and robber game and the meeting time of synchronous directed walks. <i>Networks<\/i>, 2024, <a target=\"_blank\" href=\"https:\/\/dx.doi.org\/10.1002\/net.22234\">&#x27E8;10.1002\/net.22234&#x27E9;<\/a>. <a target=\"_blank\" href=\"https:\/\/hal.science\/hal-04607550v2\">&#x27E8;hal-04607550v2&#x27E9;<\/a><\/dd>\n<dt class=\"ChampRes\">Acc\u00e8s au texte int\u00e9gral et bibtex<\/dt>\n<dd class=\"ValeurRes Fichier_joint\">\n<a href=\"https:\/\/hal.science\/hal-04607550\/file\/Some_pursuit_evasion_games_on_digraphs-7.pdf\"  target=\"_blank\">\n<img decoding=\"async\" alt=\"https:\/\/hal.science\/hal-04607550\/file\/Some_pursuit_evasion_games_on_digraphs-7.pdf\" src=\"https:\/\/haltools.archives-ouvertes.fr\/images\/Haltools_pdf.png\" border=\"0\" title=\"https:\/\/hal.science\/hal-04607550\/file\/Some_pursuit_evasion_games_on_digraphs-7.pdf\" \/><\/a>\n<span class=\"LienBibtexACoteFulltext\"><a href=\"https:\/\/hal.science\/hal-04607550v2\/bibtex\" target=\"_self\">\n<img decoding=\"async\" alt=\"BibTex\" src=\"https:\/\/haltools.archives-ouvertes.fr\/images\/Haltools_bibtex3.png\" border=\"0\"  title=\"BibTex\" \/><\/a>\n<\/span><\/dd>\n<\/dl>\n<p class='SousRubrique'>2023<\/p>\n<dl class='NoticeRes'>\n<dt class=\"ChampRes\">ref_biblio<\/dt><dd class=\"ValeurRes ref_biblio\">Marie-Ange Dahito, Laurent Genest, Alessandro Maddaloni, Jos\u00e9 Neto. A solution method for mixed-variable constrained blackbox optimization problems. <i>Optimization and Engineering<\/i>, 2023, <a target=\"_blank\" href=\"https:\/\/dx.doi.org\/10.1007\/s11081-023-09874-0\">&#x27E8;10.1007\/s11081-023-09874-0&#x27E9;<\/a>. <a target=\"_blank\" href=\"https:\/\/hal.science\/hal-04438239v1\">&#x27E8;hal-04438239&#x27E9;<\/a><\/dd>\n<dt class=\"ChampRes\">Acc\u00e8s au texte int\u00e9gral et bibtex<\/dt>\n<dd class=\"ValeurRes Fichier_joint\">\n<a href=\"https:\/\/hal.science\/hal-04438239\/file\/BOA_OptimizationAndEngineering.pdf\"  target=\"_blank\">\n<img decoding=\"async\" alt=\"https:\/\/hal.science\/hal-04438239\/file\/BOA_OptimizationAndEngineering.pdf\" src=\"https:\/\/haltools.archives-ouvertes.fr\/images\/Haltools_pdf.png\" border=\"0\" title=\"https:\/\/hal.science\/hal-04438239\/file\/BOA_OptimizationAndEngineering.pdf\" \/><\/a>\n<span class=\"LienBibtexACoteFulltext\"><a href=\"https:\/\/hal.science\/hal-04438239v1\/bibtex\" target=\"_self\">\n<img decoding=\"async\" alt=\"BibTex\" src=\"https:\/\/haltools.archives-ouvertes.fr\/images\/Haltools_bibtex3.png\" border=\"0\"  title=\"BibTex\" \/><\/a>\n<\/span><\/dd>\n<\/dl>\n<dl class='NoticeRes'>\n<dt class=\"ChampRes\">ref_biblio<\/dt><dd class=\"ValeurRes ref_biblio\">Ismael Matino, Valentina Colla, Alessandro Maddaloni, Silvia Cateni, Vincenzo Iannino, et al.. Decreasing the use of high-quality make-up water in the steel sector by coupling enhanced sensors circuit with decision and support tool. <i>Water<\/i>, 2023, 15 (18), pp.3208. <a target=\"_blank\" href=\"https:\/\/dx.doi.org\/10.3390\/w15183208\">&#x27E8;10.3390\/w15183208&#x27E9;<\/a>. <a target=\"_blank\" href=\"https:\/\/hal.science\/hal-04261953v1\">&#x27E8;hal-04261953&#x27E9;<\/a><\/dd>\n<dt class=\"ChampRes\">Acc\u00e8s au texte int\u00e9gral et bibtex<\/dt>\n<dd class=\"ValeurRes Fichier_joint\">\n<a href=\"https:\/\/hal.science\/hal-04261953\/file\/water-15-03208-2_removed.pdf\"  target=\"_blank\">\n<img decoding=\"async\" alt=\"https:\/\/hal.science\/hal-04261953\/file\/water-15-03208-2_removed.pdf\" src=\"https:\/\/haltools.archives-ouvertes.fr\/images\/Haltools_pdf.png\" border=\"0\" title=\"https:\/\/hal.science\/hal-04261953\/file\/water-15-03208-2_removed.pdf\" \/><\/a>\n<span class=\"LienBibtexACoteFulltext\"><a href=\"https:\/\/hal.science\/hal-04261953v1\/bibtex\" target=\"_self\">\n<img decoding=\"async\" alt=\"BibTex\" src=\"https:\/\/haltools.archives-ouvertes.fr\/images\/Haltools_bibtex3.png\" border=\"0\"  title=\"BibTex\" \/><\/a>\n<\/span><\/dd>\n<\/dl>\n<p class='SousRubrique'>2022<\/p>\n<dl class='NoticeRes'>\n<dt class=\"ChampRes\">ref_biblio<\/dt><dd class=\"ValeurRes ref_biblio\">Walid Ben-Ameur, Natalia Kushik, Alessandro Maddaloni, Jos\u00e9 Neto, Dimitri Watel. The no-meet matroid. <i>Discrete Applied Mathematics<\/i>, 2022, <a target=\"_blank\" href=\"https:\/\/dx.doi.org\/10.1016\/j.dam.2022.12.008\">&#x27E8;10.1016\/j.dam.2022.12.008&#x27E9;<\/a>. <a target=\"_blank\" href=\"https:\/\/hal.science\/hal-03955928v1\">&#x27E8;hal-03955928&#x27E9;<\/a><\/dd>\n<dt class=\"ChampRes\">Acc\u00e8s au texte int\u00e9gral et bibtex<\/dt>\n<dd class=\"ValeurRes Fichier_joint\">\n<a href=\"https:\/\/hal.science\/hal-03955928\/file\/Revision2.pdf\"  target=\"_blank\">\n<img decoding=\"async\" alt=\"https:\/\/hal.science\/hal-03955928\/file\/Revision2.pdf\" src=\"https:\/\/haltools.archives-ouvertes.fr\/images\/Haltools_pdf.png\" border=\"0\" title=\"https:\/\/hal.science\/hal-03955928\/file\/Revision2.pdf\" \/><\/a>\n<span class=\"LienBibtexACoteFulltext\"><a href=\"https:\/\/hal.science\/hal-03955928v1\/bibtex\" target=\"_self\">\n<img decoding=\"async\" alt=\"BibTex\" src=\"https:\/\/haltools.archives-ouvertes.fr\/images\/Haltools_bibtex3.png\" border=\"0\"  title=\"BibTex\" \/><\/a>\n<\/span><\/dd>\n<\/dl>\n<dl class='NoticeRes'>\n<dt class=\"ChampRes\">ref_biblio<\/dt><dd class=\"ValeurRes ref_biblio\">Vincenzo Iannino, Valentina Colla, Alessandro Maddaloni, Jens Brandenburger, Ahmad Rajabi, et al.. A hybrid approach for improving the flexibility of production scheduling in flat steel industry. <i>Integrated Computer-Aided Engineering<\/i>, 2022, 29 (4), pp.367-387. <a target=\"_blank\" href=\"https:\/\/dx.doi.org\/10.3233\/ICA-220685\">&#x27E8;10.3233\/ICA-220685&#x27E9;<\/a>. <a target=\"_blank\" href=\"https:\/\/hal.science\/hal-03955917v1\">&#x27E8;hal-03955917&#x27E9;<\/a><\/dd>\n<dt class=\"ChampRes\">Acc\u00e8s au texte int\u00e9gral et bibtex<\/dt>\n<dd class=\"ValeurRes Fichier_joint\">\n<a href=\"https:\/\/hal.science\/hal-03955917\/file\/PaperICAE_Iannino_et_al_final_reviewed_v3.pdf\"  target=\"_blank\">\n<img decoding=\"async\" alt=\"https:\/\/hal.science\/hal-03955917\/file\/PaperICAE_Iannino_et_al_final_reviewed_v3.pdf\" src=\"https:\/\/haltools.archives-ouvertes.fr\/images\/Haltools_pdf.png\" border=\"0\" title=\"https:\/\/hal.science\/hal-03955917\/file\/PaperICAE_Iannino_et_al_final_reviewed_v3.pdf\" \/><\/a>\n<span class=\"LienBibtexACoteFulltext\"><a href=\"https:\/\/hal.science\/hal-03955917v1\/bibtex\" target=\"_self\">\n<img decoding=\"async\" alt=\"BibTex\" src=\"https:\/\/haltools.archives-ouvertes.fr\/images\/Haltools_bibtex3.png\" border=\"0\"  title=\"BibTex\" \/><\/a>\n<\/span><\/dd>\n<\/dl>\n<p class='SousRubrique'>2021<\/p>\n<dl class='NoticeRes'>\n<dt class=\"ChampRes\">ref_biblio<\/dt><dd class=\"ValeurRes ref_biblio\">Stefano Dettori, Alessandro Maddaloni, Filippo Galli, Valentina Colla, Federico Bucciarelli, et al.. Steam turbine rotor stress control through nonlinear model predictive control. <i>Energies<\/i>, 2021, la conception et la mise en \u0153uvre du syst\u00e8me de contr\u00f4le pr\u00e9dictif du mod\u00e8le ), 14 (13), pp.3998. <a target=\"_blank\" href=\"https:\/\/dx.doi.org\/10.3390\/en14133998\">&#x27E8;10.3390\/en14133998&#x27E9;<\/a>. <a target=\"_blank\" href=\"https:\/\/hal.science\/hal-03955937v1\">&#x27E8;hal-03955937&#x27E9;<\/a><\/dd>\n<dt class=\"ChampRes\">Acc\u00e8s au texte int\u00e9gral et bibtex<\/dt>\n<dd class=\"ValeurRes Fichier_joint\">\n<a href=\"https:\/\/hal.science\/hal-03955937\/file\/energies-14-03998-v2-2.pdf\"  target=\"_blank\">\n<img decoding=\"async\" alt=\"https:\/\/hal.science\/hal-03955937\/file\/energies-14-03998-v2-2.pdf\" src=\"https:\/\/haltools.archives-ouvertes.fr\/images\/Haltools_pdf.png\" border=\"0\" title=\"https:\/\/hal.science\/hal-03955937\/file\/energies-14-03998-v2-2.pdf\" \/><\/a>\n<span class=\"LienBibtexACoteFulltext\"><a href=\"https:\/\/hal.science\/hal-03955937v1\/bibtex\" target=\"_self\">\n<img decoding=\"async\" alt=\"BibTex\" src=\"https:\/\/haltools.archives-ouvertes.fr\/images\/Haltools_bibtex3.png\" border=\"0\"  title=\"BibTex\" \/><\/a>\n<\/span><\/dd>\n<\/dl>\n<p class='SousRubrique'>2019<\/p>\n<dl class='NoticeRes'>\n<dt class=\"ChampRes\">ref_biblio<\/dt><dd class=\"ValeurRes ref_biblio\">Stefano Dettori, Alessandro Maddaloni, Valentina Colla, Orlando Toscanelli, Federico Bucciarelli, et al.. Nonlinear Model Predictive Control strategy for steam turbine rotor stress. <i>Energy Procedia<\/i>, 2019, Innovative solutions for energy transitions, 158, pp.5653-5658. <a target=\"_blank\" href=\"https:\/\/dx.doi.org\/10.1016\/j.egypro.2019.01.572\">&#x27E8;10.1016\/j.egypro.2019.01.572&#x27E9;<\/a>. <a target=\"_blank\" href=\"https:\/\/hal.science\/hal-03577947v1\">&#x27E8;hal-03577947&#x27E9;<\/a><\/dd>\n<dt class=\"ChampRes\">Acc\u00e8s au texte int\u00e9gral et bibtex<\/dt>\n<dd class=\"ValeurRes Fichier_joint\">\n<a href=\"https:\/\/hal.science\/hal-03577947\/file\/828.pdf\"  target=\"_blank\">\n<img decoding=\"async\" alt=\"https:\/\/hal.science\/hal-03577947\/file\/828.pdf\" src=\"https:\/\/haltools.archives-ouvertes.fr\/images\/Haltools_pdf.png\" border=\"0\" title=\"https:\/\/hal.science\/hal-03577947\/file\/828.pdf\" \/><\/a>\n<span class=\"LienBibtexACoteFulltext\"><a href=\"https:\/\/hal.science\/hal-03577947v1\/bibtex\" target=\"_self\">\n<img decoding=\"async\" alt=\"BibTex\" src=\"https:\/\/haltools.archives-ouvertes.fr\/images\/Haltools_bibtex3.png\" border=\"0\"  title=\"BibTex\" \/><\/a>\n<\/span><\/dd>\n<\/dl>\n<p class='Rubrique'>Communication dans un congr\u00e8s<\/p>\n<p class='SousRubrique'>2025<\/p>\n<dl class='NoticeRes'>\n<dt class=\"ChampRes\">ref_biblio<\/dt><dd class=\"ValeurRes ref_biblio\">Walid Ben-Ameur, Harmender Gahlawat, Alessandro Maddaloni. Hunting a\u00a0rabbit Is hard. <i>The 31st International Computing and Combinatorics Conference (COCOON)<\/i>, Aug 2025, Chengdu, China. pp.165-178, <a target=\"_blank\" href=\"https:\/\/dx.doi.org\/10.1007\/978-981-95-0215-8_13\">&#x27E8;10.1007\/978-981-95-0215-8_13&#x27E9;<\/a>. <a target=\"_blank\" href=\"https:\/\/hal.science\/hal-05281163v1\">&#x27E8;hal-05281163&#x27E9;<\/a><\/dd>\n<dt class=\"ChampRes\">Acc\u00e8s au texte int\u00e9gral et bibtex<\/dt>\n<dd class=\"ValeurRes Fichier_joint\">\n<a href=\"https:\/\/hal.science\/hal-05281163\/file\/2502.15982v1.pdf\"  target=\"_blank\">\n<img decoding=\"async\" alt=\"https:\/\/hal.science\/hal-05281163\/file\/2502.15982v1.pdf\" src=\"https:\/\/haltools.archives-ouvertes.fr\/images\/Haltools_pdf.png\" border=\"0\" title=\"https:\/\/hal.science\/hal-05281163\/file\/2502.15982v1.pdf\" \/><\/a>\n<span class=\"LienBibtexACoteFulltext\"><a href=\"https:\/\/hal.science\/hal-05281163v1\/bibtex\" target=\"_self\">\n<img decoding=\"async\" alt=\"BibTex\" src=\"https:\/\/haltools.archives-ouvertes.fr\/images\/Haltools_bibtex3.png\" border=\"0\"  title=\"BibTex\" \/><\/a>\n<\/span><\/dd>\n<\/dl>\n<p class='SousRubrique'>2021<\/p>\n<dl class='NoticeRes'>\n<dt class=\"ChampRes\">ref_biblio<\/dt><dd class=\"ValeurRes ref_biblio\">Marie-Ange Dahito, Laurent Genest, Jos\u00e9 Neto, Alessandro Maddaloni. On the\u00a0performance of\u00a0the\u00a0ORTHOMADS algorithm on\u00a0continuous and\u00a0mixed-integer optimization problems. <i>OL2A 2021: 1st international conference on Optimization, Learning Algorithms and Applications<\/i>, Jul 2021, Bragan\u00e7a, Portugal. pp.31-47, <a target=\"_blank\" href=\"https:\/\/dx.doi.org\/10.1007\/978-3-030-91885-9_3\">&#x27E8;10.1007\/978-3-030-91885-9_3&#x27E9;<\/a>. <a target=\"_blank\" href=\"https:\/\/hal.science\/hal-03589763v1\">&#x27E8;hal-03589763&#x27E9;<\/a><\/dd>\n<dt class=\"ChampRes\">Acc\u00e8s au texte int\u00e9gral et bibtex<\/dt>\n<dd class=\"ValeurRes Fichier_joint\">\n<a href=\"https:\/\/hal.science\/hal-03589763\/file\/Springer_Lecture_Notes_in_Computer_Science.pdf\"  target=\"_blank\">\n<img decoding=\"async\" alt=\"https:\/\/hal.science\/hal-03589763\/file\/Springer_Lecture_Notes_in_Computer_Science.pdf\" src=\"https:\/\/haltools.archives-ouvertes.fr\/images\/Haltools_pdf.png\" border=\"0\" title=\"https:\/\/hal.science\/hal-03589763\/file\/Springer_Lecture_Notes_in_Computer_Science.pdf\" \/><\/a>\n<span class=\"LienBibtexACoteFulltext\"><a href=\"https:\/\/hal.science\/hal-03589763v1\/bibtex\" target=\"_self\">\n<img decoding=\"async\" alt=\"BibTex\" src=\"https:\/\/haltools.archives-ouvertes.fr\/images\/Haltools_bibtex3.png\" border=\"0\"  title=\"BibTex\" \/><\/a>\n<\/span><\/dd>\n<\/dl>\n<dl class='NoticeRes'>\n<dt class=\"ChampRes\">ref_biblio<\/dt><dd class=\"ValeurRes ref_biblio\">Vincenzo Iannino, Valentina Colla, Alessandro Maddaloni, Jens Brandenburger, Ahmad Rajabi, et al.. Improving the flexibility of production scheduling in flat steel production through standard and AI-based approaches: challenges and perspectives. <i>AIAI 2021: 17th IFIP International Conference on Artificial Intelligence Applications and Innovations<\/i>, Jun 2021, Hersonissos, Crete, Greece. pp.619-632, <a target=\"_blank\" href=\"https:\/\/dx.doi.org\/10.1007\/978-3-030-79150-6_49\">&#x27E8;10.1007\/978-3-030-79150-6_49&#x27E9;<\/a>. <a target=\"_blank\" href=\"https:\/\/inria.hal.science\/hal-03287705v1\">&#x27E8;hal-03287705&#x27E9;<\/a><\/dd>\n<dt class=\"ChampRes\">Acc\u00e8s au texte int\u00e9gral et bibtex<\/dt>\n<dd class=\"ValeurRes Fichier_joint\">\n<a href=\"https:\/\/inria.hal.science\/hal-03287705\/file\/509922_1_En_49_Chapter.pdf\"  target=\"_blank\">\n<img decoding=\"async\" alt=\"https:\/\/inria.hal.science\/hal-03287705\/file\/509922_1_En_49_Chapter.pdf\" src=\"https:\/\/haltools.archives-ouvertes.fr\/images\/Haltools_pdf.png\" border=\"0\" title=\"https:\/\/inria.hal.science\/hal-03287705\/file\/509922_1_En_49_Chapter.pdf\" \/><\/a>\n<span class=\"LienBibtexACoteFulltext\"><a href=\"https:\/\/inria.hal.science\/hal-03287705v1\/bibtex\" target=\"_self\">\n<img decoding=\"async\" alt=\"BibTex\" src=\"https:\/\/haltools.archives-ouvertes.fr\/images\/Haltools_bibtex3.png\" border=\"0\"  title=\"BibTex\" \/><\/a>\n<\/span><\/dd>\n<\/dl>\n<p class='SousRubrique'>2020<\/p>\n<dl class='NoticeRes'>\n<dt class=\"ChampRes\">ref_biblio<\/dt><dd class=\"ValeurRes ref_biblio\">Ismael Matino, Stefano Dettori, Angelo Castellano, Ruben Matino, Claudio Mocci, et al.. Machine learning-based models for supporting optimal exploitation of process Off-gases in integrated steelworks. <i>Cybersecurity workshop by European Steel Technology Platform (ESTEP)<\/i>, Oct 2020, Pisa (IT), Italy. pp.104-118, <a target=\"_blank\" href=\"https:\/\/dx.doi.org\/10.1007\/978-3-030-69367-1_9\">&#x27E8;10.1007\/978-3-030-69367-1_9&#x27E9;<\/a>. <a target=\"_blank\" href=\"https:\/\/hal.science\/hal-04297075v1\">&#x27E8;hal-04297075&#x27E9;<\/a><\/dd>\n<dt class=\"ChampRes\">Acc\u00e8s au texte int\u00e9gral et bibtex<\/dt>\n<dd class=\"ValeurRes Fichier_joint\">\n<a href=\"https:\/\/hal.science\/hal-04297075\/file\/PaperGASNET_ESTEP_AIBD.pdf\"  target=\"_blank\">\n<img decoding=\"async\" alt=\"https:\/\/hal.science\/hal-04297075\/file\/PaperGASNET_ESTEP_AIBD.pdf\" src=\"https:\/\/haltools.archives-ouvertes.fr\/images\/Haltools_pdf.png\" border=\"0\" title=\"https:\/\/hal.science\/hal-04297075\/file\/PaperGASNET_ESTEP_AIBD.pdf\" \/><\/a>\n<span class=\"LienBibtexACoteFulltext\"><a href=\"https:\/\/hal.science\/hal-04297075v1\/bibtex\" target=\"_self\">\n<img decoding=\"async\" alt=\"BibTex\" src=\"https:\/\/haltools.archives-ouvertes.fr\/images\/Haltools_bibtex3.png\" border=\"0\"  title=\"BibTex\" \/><\/a>\n<\/span><\/dd>\n<\/dl>\n<\/div>\n<\/p>\n","protected":false},"excerpt":{"rendered":"","protected":false},"author":4,"featured_media":4433,"parent":2438,"menu_order":0,"comment_status":"closed","ping_status":"closed","template":"","meta":{"ocean_post_layout":"","ocean_both_sidebars_style":"","ocean_both_sidebars_content_width":0,"ocean_both_sidebars_sidebars_width":0,"ocean_sidebar":"","ocean_second_sidebar":"","ocean_disable_margins":"enable","ocean_add_body_class":"","ocean_shortcode_before_top_bar":"","ocean_shortcode_after_top_bar":"","ocean_shortcode_before_header":"","ocean_shortcode_after_header":"","ocean_has_shortcode":"","ocean_shortcode_after_title":"","ocean_shortcode_before_footer_widgets":"","ocean_shortcode_after_footer_widgets":"","ocean_shortcode_before_footer_bottom":"","ocean_shortcode_after_footer_bottom":"","ocean_display_top_bar":"default","ocean_display_header":"default","ocean_header_style":"","ocean_center_header_left_menu":"","ocean_custom_header_template":"","ocean_custom_logo":0,"ocean_custom_retina_logo":0,"ocean_custom_logo_max_width":0,"ocean_custom_logo_tablet_max_width":0,"ocean_custom_logo_mobile_max_width":0,"ocean_custom_logo_max_height":0,"ocean_custom_logo_tablet_max_height":0,"ocean_custom_logo_mobile_max_height":0,"ocean_header_custom_menu":"","ocean_menu_typo_font_family":"","ocean_menu_typo_font_subset":"","ocean_menu_typo_font_size":0,"ocean_menu_typo_font_size_tablet":0,"ocean_menu_typo_font_size_mobile":0,"ocean_menu_typo_font_size_unit":"px","ocean_menu_typo_font_weight":"","ocean_menu_typo_font_weight_tablet":"","ocean_menu_typo_font_weight_mobile":"","ocean_menu_typo_transform":"","ocean_menu_typo_transform_tablet":"","ocean_menu_typo_transform_mobile":"","ocean_menu_typo_line_height":0,"ocean_menu_typo_line_height_tablet":0,"ocean_menu_typo_line_height_mobile":0,"ocean_menu_typo_line_height_unit":"","ocean_menu_typo_spacing":0,"ocean_menu_typo_spacing_tablet":0,"ocean_menu_typo_spacing_mobile":0,"ocean_menu_typo_spacing_unit":"","ocean_menu_link_color":"","ocean_menu_link_color_hover":"","ocean_menu_link_color_active":"","ocean_menu_link_background":"","ocean_menu_link_hover_background":"","ocean_menu_link_active_background":"","ocean_menu_social_links_bg":"","ocean_menu_social_hover_links_bg":"","ocean_menu_social_links_color":"","ocean_menu_social_hover_links_color":"","ocean_disable_title":"default","ocean_disable_heading":"default","ocean_post_title":"","ocean_post_subheading":"","ocean_post_title_style":"","ocean_post_title_background_color":"","ocean_post_title_background":0,"ocean_post_title_bg_image_position":"","ocean_post_title_bg_image_attachment":"","ocean_post_title_bg_image_repeat":"","ocean_post_title_bg_image_size":"","ocean_post_title_height":0,"ocean_post_title_bg_overlay":0.5,"ocean_post_title_bg_overlay_color":"","ocean_disable_breadcrumbs":"default","ocean_breadcrumbs_color":"","ocean_breadcrumbs_separator_color":"","ocean_breadcrumbs_links_color":"","ocean_breadcrumbs_links_hover_color":"","ocean_display_footer_widgets":"default","ocean_display_footer_bottom":"default","ocean_custom_footer_template":"","footnotes":""},"class_list":["post-3523","page","type-page","status-publish","has-post-thumbnail","hentry","entry","has-media"],"_links":{"self":[{"href":"https:\/\/samovar.telecom-sudparis.eu\/index.php\/wp-json\/wp\/v2\/pages\/3523","targetHints":{"allow":["GET"]}}],"collection":[{"href":"https:\/\/samovar.telecom-sudparis.eu\/index.php\/wp-json\/wp\/v2\/pages"}],"about":[{"href":"https:\/\/samovar.telecom-sudparis.eu\/index.php\/wp-json\/wp\/v2\/types\/page"}],"author":[{"embeddable":true,"href":"https:\/\/samovar.telecom-sudparis.eu\/index.php\/wp-json\/wp\/v2\/users\/4"}],"replies":[{"embeddable":true,"href":"https:\/\/samovar.telecom-sudparis.eu\/index.php\/wp-json\/wp\/v2\/comments?post=3523"}],"version-history":[{"count":0,"href":"https:\/\/samovar.telecom-sudparis.eu\/index.php\/wp-json\/wp\/v2\/pages\/3523\/revisions"}],"up":[{"embeddable":true,"href":"https:\/\/samovar.telecom-sudparis.eu\/index.php\/wp-json\/wp\/v2\/pages\/2438"}],"wp:featuredmedia":[{"embeddable":true,"href":"https:\/\/samovar.telecom-sudparis.eu\/index.php\/wp-json\/wp\/v2\/media\/4433"}],"wp:attachment":[{"href":"https:\/\/samovar.telecom-sudparis.eu\/index.php\/wp-json\/wp\/v2\/media?parent=3523"}],"curies":[{"name":"wp","href":"https:\/\/api.w.org\/{rel}","templated":true}]}}