{"id":3411,"date":"2022-03-31T17:45:03","date_gmt":"2022-03-31T15:45:03","guid":{"rendered":"https:\/\/samovar2022.int-evry.fr\/index.php\/acmes-2\/denisse-munante\/"},"modified":"2022-03-31T17:45:03","modified_gmt":"2022-03-31T15:45:03","slug":"denisse-munante","status":"publish","type":"page","link":"https:\/\/samovar.telecom-sudparis.eu\/index.php\/acmes-2\/denisse-munante\/","title":{"rendered":"Denisse MUNANTE"},"content":{"rendered":"<p><div class=\"bandeau-personnel MonLaboUser\"><img decoding=\"async\" src=\"https:\/\/samovar.telecom-sudparis.eu\/wp-content\/uploads\/2022\/07\/Denisse-MUNANTE-ARZAPALO.jpg\" class=\"wp-image-6 alignleft img-arrondi wp-post-image\" height=\"150\" width=\"150\" alt=\" \" \/><div class=\"adresse\"><p>SAMOVAR - SAMOVAR<br \/>Telecom SudParis<br \/>\r\n9 rue Charles Fourier<br \/>\r\n91011 EVRY CEDEX<\/p><p>Fax : +33 (0) 1 60 76 20 80<\/p><\/div><div class=\"monlaboBlocTexte\"><h1>Denisse <span class=\"MonLabo-lastname\">MUNANTE<\/span><\/h1><div class=\"coordonnees\"><em>Ma\u00eetre de Conf\u00e9rences<\/em><br \/><span class=\"team-description\"><a href=\"https:\/\/samovar.telecom-sudparis.eu\/?page_id=2438\" class=\"MonLaboLink\"><span class=\"MonLabo_team_name\">ACMES<\/span><\/a><\/span><\/div><div class=\"coordonnees\"><span class=\"MonLabo-email\">denisse.munante_arzalo[&#64;<span>-Code to remove to avoid SPAM-<\/span>]telecom-sudparis.eu<\/span><\/div><\/div><\/div>\n<div id=\"res_script\">\n<p class='Rubrique'>Article dans une revue<\/p>\n<p class='SousRubrique'>2021<\/p>\n<dl class='NoticeRes'>\n<dt class=\"ChampRes\">ref_biblio<\/dt><dd class=\"ValeurRes ref_biblio\">Fitsum Meshesha Kifetew, Anna Perini, Angelo Susi, Aberto Siena, Denisse Mu\u00f1ante, et al.. Automating user-feedback driven requirements prioritization. <i>Information and Software Technology<\/i>, 2021, 138, pp.106635:1-106635:16. <a target=\"_blank\" href=\"https:\/\/dx.doi.org\/10.1016\/j.infsof.2021.106635\">&#x27E8;10.1016\/j.infsof.2021.106635&#x27E9;<\/a>. <a target=\"_blank\" href=\"https:\/\/hal.science\/hal-03277970v1\">&#x27E8;hal-03277970&#x27E9;<\/a><\/dd>\n<dt class=\"ChampRes\">Acc\u00e8s au bibtex<\/dt>\n<dd class=\"ValeurRes LienBibtex\">\n<a href=\"https:\/\/hal.science\/hal-03277970v1\/bibtex\" target=\"_self\">\n<img decoding=\"async\" alt=\"BibTex\" src=\"https:\/\/haltools.archives-ouvertes.fr\/images\/Haltools_bibtex3.png\" border=\"0\"  title=\"BibTex\" \/><\/a>\n<\/dd>\n<\/dl>\n<p class='Rubrique'>Communication dans un congr\u00e8s<\/p>\n<p class='SousRubrique'>2025<\/p>\n<dl class='NoticeRes'>\n<dt class=\"ChampRes\">ref_biblio<\/dt><dd class=\"ValeurRes ref_biblio\">Nelly Condori-Fern\u00e1ndez, Denisse Mu\u00f1ante, Franci Suni-Lopez, Maya Daneva. Personality, security, and user satisfaction in context-aware applications. <i>the 28th Ibero-American Conference on Software Engineering (CIbSE)<\/i>, May 2025, Ciudad Real, Spain. pp.394-395, <a target=\"_blank\" href=\"https:\/\/dx.doi.org\/10.5753\/cibse.2025.35337\">&#x27E8;10.5753\/cibse.2025.35337&#x27E9;<\/a>. <a target=\"_blank\" href=\"https:\/\/hal.science\/hal-05491294v1\">&#x27E8;hal-05491294&#x27E9;<\/a><\/dd>\n<dt class=\"ChampRes\">Acc\u00e8s au bibtex<\/dt>\n<dd class=\"ValeurRes LienBibtex\">\n<a href=\"https:\/\/hal.science\/hal-05491294v1\/bibtex\" target=\"_self\">\n<img decoding=\"async\" alt=\"BibTex\" src=\"https:\/\/haltools.archives-ouvertes.fr\/images\/Haltools_bibtex3.png\" border=\"0\"  title=\"BibTex\" \/><\/a>\n<\/dd>\n<\/dl>\n<p class='SousRubrique'>2024<\/p>\n<dl class='NoticeRes'>\n<dt class=\"ChampRes\">ref_biblio<\/dt><dd class=\"ValeurRes ref_biblio\">Eros Cede\u00f1o, Ana Aguilera, Denisse Mu\u00f1ante, Jorge Correia, Leonel Guerrero, et al.. An evaluation of the impact of end-to-end query optimization strategies on energy consumption. <i>19th International Conference on Evaluation of Novel Approaches to Software Engineering (ENASE)<\/i>, Apr 2024, Angers, France. pp.657-665, <a target=\"_blank\" href=\"https:\/\/dx.doi.org\/10.5220\/0012708000003687\">&#x27E8;10.5220\/0012708000003687&#x27E9;<\/a>. <a target=\"_blank\" href=\"https:\/\/hal.science\/hal-04719939v1\">&#x27E8;hal-04719939&#x27E9;<\/a><\/dd>\n<dt class=\"ChampRes\">Acc\u00e8s au bibtex<\/dt>\n<dd class=\"ValeurRes LienBibtex\">\n<a href=\"https:\/\/hal.science\/hal-04719939v1\/bibtex\" target=\"_self\">\n<img decoding=\"async\" alt=\"BibTex\" src=\"https:\/\/haltools.archives-ouvertes.fr\/images\/Haltools_bibtex3.png\" border=\"0\"  title=\"BibTex\" \/><\/a>\n<\/dd>\n<\/dl>\n<p class='SousRubrique'>2023<\/p>\n<dl class='NoticeRes'>\n<dt class=\"ChampRes\">ref_biblio<\/dt><dd class=\"ValeurRes ref_biblio\">Denisse Mu\u00f1ante, Anna Perini, Angelo Susi. Exploiting goal-oriented requirements models for increasing energy awareness: a research preview. <i>The 16th International i* Workshop (iStar\u201923)<\/i>, Sep 2023, Hannover, Germany. <a target=\"_blank\" href=\"https:\/\/hal.science\/hal-04425021v1\">&#x27E8;hal-04425021&#x27E9;<\/a><\/dd>\n<dt class=\"ChampRes\">Acc\u00e8s au texte int\u00e9gral et bibtex<\/dt>\n<dd class=\"ValeurRes Fichier_joint\">\n<a href=\"https:\/\/hal.science\/hal-04425021\/file\/iStar23_paper_2.pdf\"  target=\"_blank\">\n<img decoding=\"async\" alt=\"https:\/\/hal.science\/hal-04425021\/file\/iStar23_paper_2.pdf\" src=\"https:\/\/haltools.archives-ouvertes.fr\/images\/Haltools_pdf.png\" border=\"0\" title=\"https:\/\/hal.science\/hal-04425021\/file\/iStar23_paper_2.pdf\" \/><\/a>\n<span class=\"LienBibtexACoteFulltext\"><a href=\"https:\/\/hal.science\/hal-04425021v1\/bibtex\" target=\"_self\">\n<img decoding=\"async\" alt=\"BibTex\" src=\"https:\/\/haltools.archives-ouvertes.fr\/images\/Haltools_bibtex3.png\" border=\"0\"  title=\"BibTex\" \/><\/a>\n<\/span><\/dd>\n<\/dl>\n<p class='SousRubrique'>2022<\/p>\n<dl class='NoticeRes'>\n<dt class=\"ChampRes\">ref_biblio<\/dt><dd class=\"ValeurRes ref_biblio\">Denisse Mu\u00f1ante, Bruno Traverson, Sophie Chabridon, Amel Bouzeghoub. SHORE: a model-driven approach that combines goal, semantic and variability models for Smart HOme self-REconfiguration. <i>MODELSWARD 2022: 10th international conference on Model-Driven Engineering and Software Development<\/i>, Feb 2022, Online, France. pp.328-335, <a target=\"_blank\" href=\"https:\/\/dx.doi.org\/10.5220\/0010907300003119\">&#x27E8;10.5220\/0010907300003119&#x27E9;<\/a>. <a target=\"_blank\" href=\"https:\/\/hal.science\/hal-03610122v1\">&#x27E8;hal-03610122&#x27E9;<\/a><\/dd>\n<dt class=\"ChampRes\">Acc\u00e8s au texte int\u00e9gral et bibtex<\/dt>\n<dd class=\"ValeurRes Fichier_joint\">\n<a href=\"https:\/\/hal.science\/hal-03610122\/file\/main.pdf\"  target=\"_blank\">\n<img decoding=\"async\" alt=\"https:\/\/hal.science\/hal-03610122\/file\/main.pdf\" src=\"https:\/\/haltools.archives-ouvertes.fr\/images\/Haltools_pdf.png\" border=\"0\" title=\"https:\/\/hal.science\/hal-03610122\/file\/main.pdf\" \/><\/a>\n<span class=\"LienBibtexACoteFulltext\"><a href=\"https:\/\/hal.science\/hal-03610122v1\/bibtex\" target=\"_self\">\n<img decoding=\"async\" alt=\"BibTex\" src=\"https:\/\/haltools.archives-ouvertes.fr\/images\/Haltools_bibtex3.png\" border=\"0\"  title=\"BibTex\" \/><\/a>\n<\/span><\/dd>\n<\/dl>\n<p class='SousRubrique'>2021<\/p>\n<dl class='NoticeRes'>\n<dt class=\"ChampRes\">ref_biblio<\/dt><dd class=\"ValeurRes ref_biblio\">Denisse Mu\u00f1ante, Anna Perini, Fitsum Meshesha Kifetew, Angelo Susi. Combining risk and variability modelling for requirements analysis in SAS engineering. <i>RE 2021: 29th International Requirements Engineering Conference<\/i>, Sep 2021, Notre Dame, United States. pp.396-401, <a target=\"_blank\" href=\"https:\/\/dx.doi.org\/10.1109\/RE51729.2021.00044\">&#x27E8;10.1109\/RE51729.2021.00044&#x27E9;<\/a>. <a target=\"_blank\" href=\"https:\/\/hal.science\/hal-03533987v1\">&#x27E8;hal-03533987&#x27E9;<\/a><\/dd>\n<dt class=\"ChampRes\">Acc\u00e8s au bibtex<\/dt>\n<dd class=\"ValeurRes LienBibtex\">\n<a href=\"https:\/\/hal.science\/hal-03533987v1\/bibtex\" target=\"_self\">\n<img decoding=\"async\" alt=\"BibTex\" src=\"https:\/\/haltools.archives-ouvertes.fr\/images\/Haltools_bibtex3.png\" border=\"0\"  title=\"BibTex\" \/><\/a>\n<\/dd>\n<\/dl>\n<p class='SousRubrique'>2020<\/p>\n<dl class='NoticeRes'>\n<dt class=\"ChampRes\">ref_biblio<\/dt><dd class=\"ValeurRes ref_biblio\">Nelly Condori-Fernandez, Franci Suni-Lopez, Denisse Mu\u00f1ante, Maya Daneva. How can personality influence perception on security of context-aware applications?. <i>STAST 2020: International Workshop on Socio-Technical Aspects in Security and Trust<\/i>, Sep 2020, Guilford (online), United Kingdom. pp.3-22, <a target=\"_blank\" href=\"https:\/\/dx.doi.org\/10.1007\/978-3-030-79318-0_1\">&#x27E8;10.1007\/978-3-030-79318-0_1&#x27E9;<\/a>. <a target=\"_blank\" href=\"https:\/\/hal.science\/hal-03277990v1\">&#x27E8;hal-03277990&#x27E9;<\/a><\/dd>\n<dt class=\"ChampRes\">Acc\u00e8s au bibtex<\/dt>\n<dd class=\"ValeurRes LienBibtex\">\n<a href=\"https:\/\/hal.science\/hal-03277990v1\/bibtex\" target=\"_self\">\n<img decoding=\"async\" alt=\"BibTex\" src=\"https:\/\/haltools.archives-ouvertes.fr\/images\/Haltools_bibtex3.png\" border=\"0\"  title=\"BibTex\" \/><\/a>\n<\/dd>\n<\/dl>\n<p class='SousRubrique'>2018<\/p>\n<dl class='NoticeRes'>\n<dt class=\"ChampRes\">ref_biblio<\/dt><dd class=\"ValeurRes ref_biblio\">Denisse Mu\u00f1ante, Fitsum Meshesha Kifetew, Jesus Gorronogoitia, Ronnie Schaniel, Anna Perini, et al.. Model Driven Software Reconfiguration by Exploiting Grammar Based Genetic Programming. <i>8th International Model-Driven Requirements Engineering Workshop (MoDRE)<\/i>, Aug 2018, Banff, Canada. pp.21-25, <a target=\"_blank\" href=\"https:\/\/dx.doi.org\/10.1109\/MoDRE.2018.00009\">&#x27E8;10.1109\/MoDRE.2018.00009&#x27E9;<\/a>. <a target=\"_blank\" href=\"https:\/\/hal.science\/hal-01987217v1\">&#x27E8;hal-01987217&#x27E9;<\/a><\/dd>\n<dt class=\"ChampRes\">Acc\u00e8s au bibtex<\/dt>\n<dd class=\"ValeurRes LienBibtex\">\n<a href=\"https:\/\/hal.science\/hal-01987217v1\/bibtex\" target=\"_self\">\n<img decoding=\"async\" alt=\"BibTex\" src=\"https:\/\/haltools.archives-ouvertes.fr\/images\/Haltools_bibtex3.png\" border=\"0\"  title=\"BibTex\" \/><\/a>\n<\/dd>\n<\/dl>\n<dl class='NoticeRes'>\n<dt class=\"ChampRes\">ref_biblio<\/dt><dd class=\"ValeurRes ref_biblio\">Franci Suni-Lopez, Nelly Condori-Fernandez, Denisse Mu\u00f1ante Arzapalo. End-user perceptions on social sustainability in context-aware applications: Validation of an experiment design. <i>4th International Workshop on Measurement and Metrics for Green and Sustainable Software Systems (MEGSUS)<\/i>, Oct 2018, Oulu, Finland. pp.30-37. <a target=\"_blank\" href=\"https:\/\/hal.science\/hal-01989438v1\">&#x27E8;hal-01989438&#x27E9;<\/a><\/dd>\n<dt class=\"ChampRes\">Acc\u00e8s au bibtex<\/dt>\n<dd class=\"ValeurRes LienBibtex\">\n<a href=\"https:\/\/hal.science\/hal-01989438v1\/bibtex\" target=\"_self\">\n<img decoding=\"async\" alt=\"BibTex\" src=\"https:\/\/haltools.archives-ouvertes.fr\/images\/Haltools_bibtex3.png\" border=\"0\"  title=\"BibTex\" \/><\/a>\n<\/dd>\n<\/dl>\n<p class='SousRubrique'>2014<\/p>\n<dl class='NoticeRes'>\n<dt class=\"ChampRes\">ref_biblio<\/dt><dd class=\"ValeurRes ref_biblio\">Denisse Mu\u00f1ante Arzapalo, Vanea Chiprianov, Laurent Gallon, Philippe Aniorte. A Model-Driven Security Requirements Approach to Deduce Security Policies Based on OrBAC. <i>Information Security and Cryptology - 10th International Conference, Inscrypt 2014, Beijing, China, December 13-15, 2014, Revised Selected Papers<\/i>, Dec 2014, Beijing, China. pp.150--169, <a target=\"_blank\" href=\"https:\/\/dx.doi.org\/10.1007\/978-3-319-16745-9_9\">&#x27E8;10.1007\/978-3-319-16745-9_9&#x27E9;<\/a>. <a target=\"_blank\" href=\"https:\/\/univ-pau.hal.science\/hal-01908073v1\">&#x27E8;hal-01908073&#x27E9;<\/a><\/dd>\n<dt class=\"ChampRes\">Acc\u00e8s au bibtex<\/dt>\n<dd class=\"ValeurRes LienBibtex\">\n<a href=\"https:\/\/univ-pau.hal.science\/hal-01908073v1\/bibtex\" target=\"_self\">\n<img decoding=\"async\" alt=\"BibTex\" src=\"https:\/\/haltools.archives-ouvertes.fr\/images\/Haltools_bibtex3.png\" border=\"0\"  title=\"BibTex\" \/><\/a>\n<\/dd>\n<\/dl>\n<dl class='NoticeRes'>\n<dt class=\"ChampRes\">ref_biblio<\/dt><dd class=\"ValeurRes ref_biblio\">Denisse Mu\u00f1ante, Vanea Chiprianov, Laurent Gallon, Philippe Aniorte. A Review of Security Requirements Engineering Methods with Respect to Risk Analysis and Model-Driven Engineering. <i>International Cross-Domain Conference and Workshop on Availability, Reliability, and Security (CD-ARES)<\/i>, Sep 2014, Fribourg, Switzerland. pp.79-93, <a target=\"_blank\" href=\"https:\/\/dx.doi.org\/10.1007\/978-3-319-10975-6_6\">&#x27E8;10.1007\/978-3-319-10975-6_6&#x27E9;<\/a>. <a target=\"_blank\" href=\"https:\/\/inria.hal.science\/hal-01403987v1\">&#x27E8;hal-01403987&#x27E9;<\/a><\/dd>\n<dt class=\"ChampRes\">Acc\u00e8s au texte int\u00e9gral et bibtex<\/dt>\n<dd class=\"ValeurRes Fichier_joint\">\n<a href=\"https:\/\/inria.hal.science\/hal-01403987\/file\/978-3-319-10975-6_6_Chapter.pdf\"  target=\"_blank\">\n<img decoding=\"async\" alt=\"https:\/\/inria.hal.science\/hal-01403987\/file\/978-3-319-10975-6_6_Chapter.pdf\" src=\"https:\/\/haltools.archives-ouvertes.fr\/images\/Haltools_pdf.png\" border=\"0\" title=\"https:\/\/inria.hal.science\/hal-01403987\/file\/978-3-319-10975-6_6_Chapter.pdf\" \/><\/a>\n<span class=\"LienBibtexACoteFulltext\"><a href=\"https:\/\/inria.hal.science\/hal-01403987v1\/bibtex\" target=\"_self\">\n<img decoding=\"async\" alt=\"BibTex\" src=\"https:\/\/haltools.archives-ouvertes.fr\/images\/Haltools_bibtex3.png\" border=\"0\"  title=\"BibTex\" \/><\/a>\n<\/span><\/dd>\n<\/dl>\n<dl class='NoticeRes'>\n<dt class=\"ChampRes\">ref_biblio<\/dt><dd class=\"ValeurRes ref_biblio\">Denisse Mu\u00f1ante Arzapalo, Vanea Chiprianov, Laurent Gallon, Philippe Aniorte. A model-driven security requirements approach ot deduce security policies based on OrBAC. <i>INSCRYPT 2014 : The 10th International Conference on Information Security and Cryptology<\/i>, Dec 2014, Beijing, China. <a target=\"_blank\" href=\"https:\/\/hal.science\/hal-01092963v1\">&#x27E8;hal-01092963&#x27E9;<\/a><\/dd>\n<dt class=\"ChampRes\">Acc\u00e8s au bibtex<\/dt>\n<dd class=\"ValeurRes LienBibtex\">\n<a href=\"https:\/\/hal.science\/hal-01092963v1\/bibtex\" target=\"_self\">\n<img decoding=\"async\" alt=\"BibTex\" src=\"https:\/\/haltools.archives-ouvertes.fr\/images\/Haltools_bibtex3.png\" border=\"0\"  title=\"BibTex\" \/><\/a>\n<\/dd>\n<\/dl>\n<p class='SousRubrique'>2013<\/p>\n<dl class='NoticeRes'>\n<dt class=\"ChampRes\">ref_biblio<\/dt><dd class=\"ValeurRes ref_biblio\">Denisse Mu\u00f1ante, Laurent Gallon, Philippe Aniorte. An Approach Based on Model-Driven Engineering to Define Security Policies Using Orbac. <i>Availability, Reliability and Security (ARES), 2013 Eighth International Conference On<\/i>, 2013, Unknown, Unknown Region. pp.324-332. <a target=\"_blank\" href=\"https:\/\/univ-pau.hal.science\/hal-01912862v1\">&#x27E8;hal-01912862&#x27E9;<\/a><\/dd>\n<dt class=\"ChampRes\">Acc\u00e8s au bibtex<\/dt>\n<dd class=\"ValeurRes LienBibtex\">\n<a href=\"https:\/\/univ-pau.hal.science\/hal-01912862v1\/bibtex\" target=\"_self\">\n<img decoding=\"async\" alt=\"BibTex\" src=\"https:\/\/haltools.archives-ouvertes.fr\/images\/Haltools_bibtex3.png\" border=\"0\"  title=\"BibTex\" \/><\/a>\n<\/dd>\n<\/dl>\n<dl class='NoticeRes'>\n<dt class=\"ChampRes\">ref_biblio<\/dt><dd class=\"ValeurRes ref_biblio\">Denisse Mu\u00f1ante Arzapalo, Laurent Gallon, Philippe Aniorte. An approach based on Model-driven Engineering to define Security Policies using the access control model OrBAC. <i>FARES 2013 : The Eight International Workshop on Frontiers in Availability, Reliability and Security. In conjonction with the 8th ARES Conference (ARES 2013)<\/i>, Sep 2013, Regensburg, Germany. <a target=\"_blank\" href=\"https:\/\/hal.science\/hal-01092973v1\">&#x27E8;hal-01092973&#x27E9;<\/a><\/dd>\n<dt class=\"ChampRes\">Acc\u00e8s au bibtex<\/dt>\n<dd class=\"ValeurRes LienBibtex\">\n<a href=\"https:\/\/hal.science\/hal-01092973v1\/bibtex\" target=\"_self\">\n<img decoding=\"async\" alt=\"BibTex\" src=\"https:\/\/haltools.archives-ouvertes.fr\/images\/Haltools_bibtex3.png\" border=\"0\"  title=\"BibTex\" \/><\/a>\n<\/dd>\n<\/dl>\n<dl class='NoticeRes'>\n<dt class=\"ChampRes\">ref_biblio<\/dt><dd class=\"ValeurRes ref_biblio\">Denisse Mu\u00f1ante Arzapalo, Laurent Gallon, Philippe Aniorte. MoDELO: a MOdel-Driven sEcurity poLicy approach based on Orbac. <i>SARSSI 2013 : 8\u00e8me conf\u00e9rence sur la S\u00e9curit\u00e9 des Architectures R\u00e9seaux et des Syst\u00e8mes d'Information<\/i>, Sep 2013, Mont de Marsan, France. <a target=\"_blank\" href=\"https:\/\/hal.science\/hal-01092971v1\">&#x27E8;hal-01092971&#x27E9;<\/a><\/dd>\n<dt class=\"ChampRes\">Acc\u00e8s au bibtex<\/dt>\n<dd class=\"ValeurRes LienBibtex\">\n<a href=\"https:\/\/hal.science\/hal-01092971v1\/bibtex\" target=\"_self\">\n<img decoding=\"async\" alt=\"BibTex\" src=\"https:\/\/haltools.archives-ouvertes.fr\/images\/Haltools_bibtex3.png\" border=\"0\"  title=\"BibTex\" \/><\/a>\n<\/dd>\n<\/dl>\n<p class='Rubrique'>Chapitre d'ouvrage<\/p>\n<p class='SousRubrique'>2022<\/p>\n<dl class='NoticeRes'>\n<dt class=\"ChampRes\">ref_biblio<\/dt><dd class=\"ValeurRes ref_biblio\">Chantal Taconet, Thais Batista, Pedro Victor Borges Caldas da Silva, Georgios Bouloukakis, Everton Cavalcante, et al.. Middleware supporting PIS : requirements, solutions, and challenges. Manuele Kirsch Pinheiro; Carine Souveyet; Philippe Roose; Luiz Angelo Steffenel. <i>The Evolution of Pervasive Information Systems<\/i>, <a target=\"_blank\" href=\"https:\/\/link.springer.com\/chapter\/10.1007\/978-3-031-18176-4_4\">Springer International Publishing<\/a>, pp.65-97, 2022, 978-3-031-18175-7. <a target=\"_blank\" href=\"https:\/\/dx.doi.org\/10.1007\/978-3-031-18176-4_4\">&#x27E8;10.1007\/978-3-031-18176-4_4&#x27E9;<\/a>. <a target=\"_blank\" href=\"https:\/\/hal.science\/hal-03920430v1\">&#x27E8;hal-03920430&#x27E9;<\/a><\/dd>\n<dt class=\"ChampRes\">Acc\u00e8s au texte int\u00e9gral et bibtex<\/dt>\n<dd class=\"ValeurRes Fichier_joint\">\n<a href=\"https:\/\/hal.science\/hal-03920430\/file\/main.pdf\"  target=\"_blank\">\n<img decoding=\"async\" alt=\"https:\/\/hal.science\/hal-03920430\/file\/main.pdf\" src=\"https:\/\/haltools.archives-ouvertes.fr\/images\/Haltools_pdf.png\" border=\"0\" title=\"https:\/\/hal.science\/hal-03920430\/file\/main.pdf\" \/><\/a>\n<span class=\"LienBibtexACoteFulltext\"><a href=\"https:\/\/hal.science\/hal-03920430v1\/bibtex\" target=\"_self\">\n<img decoding=\"async\" alt=\"BibTex\" src=\"https:\/\/haltools.archives-ouvertes.fr\/images\/Haltools_bibtex3.png\" border=\"0\"  title=\"BibTex\" \/><\/a>\n<\/span><\/dd>\n<\/dl>\n<\/div>\n<\/p>\n","protected":false},"excerpt":{"rendered":"","protected":false},"author":4,"featured_media":4290,"parent":2438,"menu_order":0,"comment_status":"closed","ping_status":"closed","template":"","meta":{"ocean_post_layout":"","ocean_both_sidebars_style":"","ocean_both_sidebars_content_width":0,"ocean_both_sidebars_sidebars_width":0,"ocean_sidebar":"","ocean_second_sidebar":"","ocean_disable_margins":"enable","ocean_add_body_class":"","ocean_shortcode_before_top_bar":"","ocean_shortcode_after_top_bar":"","ocean_shortcode_before_header":"","ocean_shortcode_after_header":"","ocean_has_shortcode":"","ocean_shortcode_after_title":"","ocean_shortcode_before_footer_widgets":"","ocean_shortcode_after_footer_widgets":"","ocean_shortcode_before_footer_bottom":"","ocean_shortcode_after_footer_bottom":"","ocean_display_top_bar":"default","ocean_display_header":"default","ocean_header_style":"","ocean_center_header_left_menu":"","ocean_custom_header_template":"","ocean_custom_logo":0,"ocean_custom_retina_logo":0,"ocean_custom_logo_max_width":0,"ocean_custom_logo_tablet_max_width":0,"ocean_custom_logo_mobile_max_width":0,"ocean_custom_logo_max_height":0,"ocean_custom_logo_tablet_max_height":0,"ocean_custom_logo_mobile_max_height":0,"ocean_header_custom_menu":"","ocean_menu_typo_font_family":"","ocean_menu_typo_font_subset":"","ocean_menu_typo_font_size":0,"ocean_menu_typo_font_size_tablet":0,"ocean_menu_typo_font_size_mobile":0,"ocean_menu_typo_font_size_unit":"px","ocean_menu_typo_font_weight":"","ocean_menu_typo_font_weight_tablet":"","ocean_menu_typo_font_weight_mobile":"","ocean_menu_typo_transform":"","ocean_menu_typo_transform_tablet":"","ocean_menu_typo_transform_mobile":"","ocean_menu_typo_line_height":0,"ocean_menu_typo_line_height_tablet":0,"ocean_menu_typo_line_height_mobile":0,"ocean_menu_typo_line_height_unit":"","ocean_menu_typo_spacing":0,"ocean_menu_typo_spacing_tablet":0,"ocean_menu_typo_spacing_mobile":0,"ocean_menu_typo_spacing_unit":"","ocean_menu_link_color":"","ocean_menu_link_color_hover":"","ocean_menu_link_color_active":"","ocean_menu_link_background":"","ocean_menu_link_hover_background":"","ocean_menu_link_active_background":"","ocean_menu_social_links_bg":"","ocean_menu_social_hover_links_bg":"","ocean_menu_social_links_color":"","ocean_menu_social_hover_links_color":"","ocean_disable_title":"default","ocean_disable_heading":"default","ocean_post_title":"","ocean_post_subheading":"","ocean_post_title_style":"","ocean_post_title_background_color":"","ocean_post_title_background":0,"ocean_post_title_bg_image_position":"","ocean_post_title_bg_image_attachment":"","ocean_post_title_bg_image_repeat":"","ocean_post_title_bg_image_size":"","ocean_post_title_height":0,"ocean_post_title_bg_overlay":0.5,"ocean_post_title_bg_overlay_color":"","ocean_disable_breadcrumbs":"default","ocean_breadcrumbs_color":"","ocean_breadcrumbs_separator_color":"","ocean_breadcrumbs_links_color":"","ocean_breadcrumbs_links_hover_color":"","ocean_display_footer_widgets":"default","ocean_display_footer_bottom":"default","ocean_custom_footer_template":"","footnotes":""},"class_list":["post-3411","page","type-page","status-publish","has-post-thumbnail","hentry","entry","has-media"],"_links":{"self":[{"href":"https:\/\/samovar.telecom-sudparis.eu\/index.php\/wp-json\/wp\/v2\/pages\/3411","targetHints":{"allow":["GET"]}}],"collection":[{"href":"https:\/\/samovar.telecom-sudparis.eu\/index.php\/wp-json\/wp\/v2\/pages"}],"about":[{"href":"https:\/\/samovar.telecom-sudparis.eu\/index.php\/wp-json\/wp\/v2\/types\/page"}],"author":[{"embeddable":true,"href":"https:\/\/samovar.telecom-sudparis.eu\/index.php\/wp-json\/wp\/v2\/users\/4"}],"replies":[{"embeddable":true,"href":"https:\/\/samovar.telecom-sudparis.eu\/index.php\/wp-json\/wp\/v2\/comments?post=3411"}],"version-history":[{"count":0,"href":"https:\/\/samovar.telecom-sudparis.eu\/index.php\/wp-json\/wp\/v2\/pages\/3411\/revisions"}],"up":[{"embeddable":true,"href":"https:\/\/samovar.telecom-sudparis.eu\/index.php\/wp-json\/wp\/v2\/pages\/2438"}],"wp:featuredmedia":[{"embeddable":true,"href":"https:\/\/samovar.telecom-sudparis.eu\/index.php\/wp-json\/wp\/v2\/media\/4290"}],"wp:attachment":[{"href":"https:\/\/samovar.telecom-sudparis.eu\/index.php\/wp-json\/wp\/v2\/media?parent=3411"}],"curies":[{"name":"wp","href":"https:\/\/api.w.org\/{rel}","templated":true}]}}