{"id":3054,"date":"2020-09-15T10:50:13","date_gmt":"2020-09-15T08:50:13","guid":{"rendered":"https:\/\/samovar2022.int-evry.fr\/?page_id=3054"},"modified":"2022-11-09T16:38:00","modified_gmt":"2022-11-09T15:38:00","slug":"methodes","status":"publish","type":"page","link":"https:\/\/samovar.telecom-sudparis.eu\/index.php\/en\/methodes\/","title":{"rendered":"METHODES"},"content":{"rendered":"\t\t<div data-elementor-type=\"wp-page\" data-elementor-id=\"3054\" class=\"elementor elementor-3054\">\n\t\t\t\t\t\t<section class=\"elementor-section elementor-top-section elementor-element elementor-element-17ff026 elementor-section-boxed elementor-section-height-default elementor-section-height-default\" data-id=\"17ff026\" data-element_type=\"section\">\n\t\t\t\t\t\t<div class=\"elementor-container elementor-column-gap-default\">\n\t\t\t\t\t<div class=\"elementor-column elementor-col-50 elementor-top-column elementor-element elementor-element-ae161db\" data-id=\"ae161db\" data-element_type=\"column\">\n\t\t\t<div class=\"elementor-widget-wrap elementor-element-populated\">\n\t\t\t\t\t\t<div class=\"elementor-element elementor-element-598e3f8 elementor-widget elementor-widget-heading\" data-id=\"598e3f8\" data-element_type=\"widget\" data-widget_type=\"heading.default\">\n\t\t\t\t<div class=\"elementor-widget-container\">\n\t\t\t\t\t<h2 class=\"elementor-heading-title elementor-size-default\">Methods and models for networks<\/h2>\t\t\t\t<\/div>\n\t\t\t\t<\/div>\n\t\t\t\t<div class=\"elementor-element elementor-element-592aab2 elementor-widget elementor-widget-text-editor\" data-id=\"592aab2\" data-element_type=\"widget\" data-widget_type=\"text-editor.default\">\n\t\t\t\t<div class=\"elementor-widget-container\">\n\t\t\t\t\t\t\t\t\t<p><\/p>\n<div id=\"content\" class=\"site-content clr\">\n<article class=\"single-page-article clr\">\n<div class=\"entry clr\">\n<p>Team leader: <a href=\"https:\/\/samovar.telecom-sudparis.eu\/index.php\/acmes-2\/tijani-chahed-2\/\">Tijani CHAHED<\/a><\/p>\n<p>The scientific topics of METHODES are at the intersection between networks, computer science and applied mathematics including modelisation,\u00a0\u00a0 performance evaluation, optimisation, test and validation, and simulation.<\/p>\n<p>METHODES is doing fundamental research with an applicative aspect mainly related to networks.<\/p>\n<p>Polyedric methods, stochastic bounds, formal methods, robust optimisation, queing theory, graph theory, game theory and aggregation methods are examples of fundamental research.<\/p>\n<p>Traffic engineering for mobile networks, architecture evaluation of future access networks and optical networks, sensor network simulation, test for adhoc networks and web services, clustering of sensor networks and robust routing are part of the applicative research done by METHODES.<\/p>\n<\/div>\n<\/article>\n<\/div>\n<p><\/p>\n<p><\/p>\n<p><\/p>\n<p><\/p>\n<p><\/p>\n<p><\/p>\t\t\t\t\t\t\t\t<\/div>\n\t\t\t\t<\/div>\n\t\t\t\t<section class=\"elementor-section elementor-inner-section elementor-element elementor-element-edd19b4 elementor-section-boxed elementor-section-height-default elementor-section-height-default\" data-id=\"edd19b4\" data-element_type=\"section\">\n\t\t\t\t\t\t<div class=\"elementor-container elementor-column-gap-default\">\n\t\t\t\t\t<div class=\"elementor-column elementor-col-50 elementor-inner-column elementor-element elementor-element-6e645f3\" data-id=\"6e645f3\" data-element_type=\"column\">\n\t\t\t<div class=\"elementor-widget-wrap elementor-element-populated\">\n\t\t\t\t\t\t<div class=\"elementor-element elementor-element-6629e63 elementor-align-center elementor-widget elementor-widget-button\" data-id=\"6629e63\" data-element_type=\"widget\" data-widget_type=\"button.default\">\n\t\t\t\t<div class=\"elementor-widget-container\">\n\t\t\t\t\t\t\t\t\t<div class=\"elementor-button-wrapper\">\n\t\t\t\t\t<a class=\"elementor-button elementor-button-link elementor-size-sm\" href=\"index.php\/en\/methodes-team-members\/\">\n\t\t\t\t\t\t<span class=\"elementor-button-content-wrapper\">\n\t\t\t\t\t\t\t\t\t<span class=\"elementor-button-text\">Team members<\/span>\n\t\t\t\t\t<\/span>\n\t\t\t\t\t<\/a>\n\t\t\t\t<\/div>\n\t\t\t\t\t\t\t\t<\/div>\n\t\t\t\t<\/div>\n\t\t\t\t\t<\/div>\n\t\t<\/div>\n\t\t\t\t<div class=\"elementor-column elementor-col-50 elementor-inner-column elementor-element elementor-element-1c0c2ca\" data-id=\"1c0c2ca\" data-element_type=\"column\">\n\t\t\t<div class=\"elementor-widget-wrap elementor-element-populated\">\n\t\t\t\t\t\t<div class=\"elementor-element elementor-element-92e96cd elementor-align-center elementor-widget elementor-widget-button\" data-id=\"92e96cd\" data-element_type=\"widget\" data-widget_type=\"button.default\">\n\t\t\t\t<div class=\"elementor-widget-container\">\n\t\t\t\t\t\t\t\t\t<div class=\"elementor-button-wrapper\">\n\t\t\t\t\t<a class=\"elementor-button elementor-button-link elementor-size-sm\" href=\"https:\/\/hal.archives-ouvertes.fr\/TELECOM-SUDPARIS\/search\/index\/?q=rteamStructName_s%3A%22M%C3%A9thodes+et+mod%C3%A8les+pour+les+r%C3%A9seaux%22&#038;sort=producedDate_tdate+desc\">\n\t\t\t\t\t\t<span class=\"elementor-button-content-wrapper\">\n\t\t\t\t\t\t\t\t\t<span class=\"elementor-button-text\">Publications<\/span>\n\t\t\t\t\t<\/span>\n\t\t\t\t\t<\/a>\n\t\t\t\t<\/div>\n\t\t\t\t\t\t\t\t<\/div>\n\t\t\t\t<\/div>\n\t\t\t\t\t<\/div>\n\t\t<\/div>\n\t\t\t\t\t<\/div>\n\t\t<\/section>\n\t\t\t\t\t<\/div>\n\t\t<\/div>\n\t\t\t\t<div class=\"elementor-column elementor-col-50 elementor-top-column elementor-element elementor-element-c653f4a\" data-id=\"c653f4a\" data-element_type=\"column\">\n\t\t\t<div class=\"elementor-widget-wrap elementor-element-populated\">\n\t\t\t\t\t\t<div class=\"elementor-element elementor-element-defc811 elementor-widget elementor-widget-image\" data-id=\"defc811\" data-element_type=\"widget\" data-widget_type=\"image.default\">\n\t\t\t\t<div class=\"elementor-widget-container\">\n\t\t\t\t\t\t\t\t\t\t\t\t\t\t\t<img fetchpriority=\"high\" decoding=\"async\" width=\"1024\" height=\"768\" src=\"https:\/\/samovar.telecom-sudparis.eu\/wp-content\/uploads\/2020\/09\/captureCloudMethodes.png\" class=\"attachment-large size-large wp-image-3007\" alt=\"\" srcset=\"https:\/\/samovar.telecom-sudparis.eu\/wp-content\/uploads\/2020\/09\/captureCloudMethodes.png 1024w, https:\/\/samovar.telecom-sudparis.eu\/wp-content\/uploads\/2020\/09\/captureCloudMethodes-300x225.png 300w, https:\/\/samovar.telecom-sudparis.eu\/wp-content\/uploads\/2020\/09\/captureCloudMethodes-768x576.png 768w\" sizes=\"(max-width: 1024px) 100vw, 1024px\" \/>\t\t\t\t\t\t\t\t\t\t\t\t\t\t\t<\/div>\n\t\t\t\t<\/div>\n\t\t\t\t<div class=\"elementor-element elementor-element-0b18a30 elementor-widget elementor-widget-wp-widget-recent-posts-widget-with-thumbnails\" data-id=\"0b18a30\" data-element_type=\"widget\" data-widget_type=\"wp-widget-recent-posts-widget-with-thumbnails.default\">\n\t\t\t\t<div class=\"elementor-widget-container\">\n\t\t\t\t\t\n<div id=\"rpwwt-wp-widget-recent-posts-widget-with-thumbnails\" class=\"rpwwt-widget\">\r\n<h5>Actualit\u00e9s et faits marquants<\/h5>\n\t<ul>\r\n\t\t<li><a href=\"https:\/\/samovar.telecom-sudparis.eu\/index.php\/2023\/02\/02\/seminaire-methodes-presente-par-le-prof-marc-frappier\/\"><img loading=\"lazy\" decoding=\"async\" width=\"75\" height=\"75\" src=\"https:\/\/samovar2022.int-evry.fr\/wp-content\/plugins\/recent-posts-widget-with-thumbnails\/default_thumb.gif\" class=\"attachment-75x75\" alt=\"\" loading=\"lazy\" \/><span class=\"rpwwt-post-title\"><strong>S\u00e9minaire M\u00e9thodes pr\u00e9sent\u00e9 par le prof. Marc Frappier<\/strong><\/span><\/a><div class=\"rpwwt-post-excerpt\">Quand\u00a0: Le jeudi 9 f\u00e9vrier 2023, \u00e0 14h00O\u00f9\u00a0: En salle C06, \u00e0 T\u00e9l\u00e9com SudParis, 9 rue Charles Fourrier, Evry ou en webconf <a href=\"https:\/\/samovar.telecom-sudparis.eu\/index.php\/2023\/02\/02\/seminaire-methodes-presente-par-le-prof-marc-frappier\/\" class=\"rpwwt-post-excerpt-more\">Lire la suite [..]<\/a><\/div><\/li>\r\n\t\t<li><a href=\"https:\/\/samovar.telecom-sudparis.eu\/index.php\/2022\/12\/05\/avis-de-soutenance-de-madame-nathalie-naddeh\/\"><img loading=\"lazy\" decoding=\"async\" width=\"75\" height=\"75\" src=\"https:\/\/samovar2022.int-evry.fr\/wp-content\/plugins\/recent-posts-widget-with-thumbnails\/default_thumb.gif\" class=\"attachment-75x75\" alt=\"\" loading=\"lazy\" \/><span class=\"rpwwt-post-title\">AVIS DE SOUTENANCE de Madame Nathalie NADDEH<\/span><\/a><div class=\"rpwwt-post-excerpt\">L&rsquo;Ecole doctorale : Ecole Doctorale de l&rsquo;Institut Polytechnique de Paris et le Laboratoire de recherche SAMOVAR <a href=\"https:\/\/samovar.telecom-sudparis.eu\/index.php\/2022\/12\/05\/avis-de-soutenance-de-madame-nathalie-naddeh\/\" class=\"rpwwt-post-excerpt-more\">Lire la suite [..]<\/a><\/div><\/li>\r\n\t\t<li><a href=\"https:\/\/samovar.telecom-sudparis.eu\/index.php\/2022\/09\/07\/soutenance-hdr-n-kushik-15-09-2022-a-10h30-palaiseau\/\"><img loading=\"lazy\" decoding=\"async\" width=\"75\" height=\"75\" src=\"https:\/\/samovar2022.int-evry.fr\/wp-content\/plugins\/recent-posts-widget-with-thumbnails\/default_thumb.gif\" class=\"attachment-75x75\" alt=\"\" loading=\"lazy\" \/><span class=\"rpwwt-post-title\">Soutenance HDR, N. Kushik, 15\/09\/2022 \u00e0 10h30, Palaiseau<\/span><\/a><div class=\"rpwwt-post-excerpt\">Avec IP Paris, d\u00e9partement IDIA intitul\u00e9e: &nbsp;\u00ab\u00a0Contributions to model based test generation and monitoring strategies <a href=\"https:\/\/samovar.telecom-sudparis.eu\/index.php\/2022\/09\/07\/soutenance-hdr-n-kushik-15-09-2022-a-10h30-palaiseau\/\" class=\"rpwwt-post-excerpt-more\">Lire la suite [..]<\/a><\/div><\/li>\r\n\t\t<li><a href=\"https:\/\/samovar.telecom-sudparis.eu\/index.php\/2022\/05\/30\/seminaire-methodes-presente-par-josu-doncel-vicente-le-vendredi-3-juin-2022-a-11h00-en-g09-2\/\"><img loading=\"lazy\" decoding=\"async\" width=\"75\" height=\"75\" src=\"https:\/\/samovar2022.int-evry.fr\/wp-content\/plugins\/recent-posts-widget-with-thumbnails\/default_thumb.gif\" class=\"attachment-75x75\" alt=\"\" loading=\"lazy\" \/><span class=\"rpwwt-post-title\">S\u00e9minaire M\u00e9thodes pr\u00e9sent\u00e9 par Josu Doncel Vicente, le vendredi 3 juin 2022 \u00e0 11h00 en G09<\/span><\/a><div class=\"rpwwt-post-excerpt\">Quand&nbsp;: Le vendredi 3 juin 2022, \u00e0 11h00O\u00f9&nbsp;: En G09, \u00e0 T\u00e9l\u00e9com SudParis, 9 rue Charles Fourrier, EvryTitre&nbsp;: <a href=\"https:\/\/samovar.telecom-sudparis.eu\/index.php\/2022\/05\/30\/seminaire-methodes-presente-par-josu-doncel-vicente-le-vendredi-3-juin-2022-a-11h00-en-g09-2\/\" class=\"rpwwt-post-excerpt-more\">Lire la suite [..]<\/a><\/div><\/li>\r\n\t\t<li><a href=\"https:\/\/samovar.telecom-sudparis.eu\/index.php\/2022\/05\/30\/seminaire-methodes-presente-par-josu-doncel-vicente-le-vendredi-3-juin-2022-a-11h00-en-g09\/\"><img decoding=\"async\" width=\"75\" height=\"75\" src=\"https:\/\/samovar.telecom-sudparis.eu\/wp-content\/uploads\/2022\/05\/Josu-Doncel-150x150.jpg\" class=\"attachment-75x75 size-75x75 wp-post-image\" alt=\"\" srcset=\"https:\/\/samovar.telecom-sudparis.eu\/wp-content\/uploads\/2022\/05\/Josu-Doncel-150x150.jpg 150w, https:\/\/samovar.telecom-sudparis.eu\/wp-content\/uploads\/2022\/05\/Josu-Doncel.jpg 171w\" sizes=\"(max-width: 75px) 100vw, 75px\" \/><span class=\"rpwwt-post-title\">S\u00e9minaire M\u00e9thodes pr\u00e9sent\u00e9 par Josu Doncel Vicente, le vendredi 3 juin 2022 \u00e0 11h00 en G09<\/span><\/a><div class=\"rpwwt-post-excerpt\">Quand&nbsp;: Le vendredi 3 juin 2022, \u00e0 11h00O\u00f9&nbsp;: En G09, \u00e0 T\u00e9l\u00e9com SudParis, 9 rue Charles Fourrier, EvryTitre&nbsp;: <a href=\"https:\/\/samovar.telecom-sudparis.eu\/index.php\/2022\/05\/30\/seminaire-methodes-presente-par-josu-doncel-vicente-le-vendredi-3-juin-2022-a-11h00-en-g09\/\" class=\"rpwwt-post-excerpt-more\">Lire la suite [..]<\/a><\/div><\/li>\r\n\t<\/ul>\r\n<\/div><!-- .rpwwt-widget -->\r\n\t\t\t\t<\/div>\n\t\t\t\t<\/div>\n\t\t\t\t\t<\/div>\n\t\t<\/div>\n\t\t\t\t\t<\/div>\n\t\t<\/section>\n\t\t\t\t<\/div>\n\t\t","protected":false},"excerpt":{"rendered":"<p>Methods and models for networks Team leader: Tijani CHAHED The scientific topics of METHODES are at the intersection between networks, computer science and applied mathematics including modelisation,\u00a0\u00a0 performance evaluation, optimisation, test and validation, and simulation. METHODES is doing fundamental research with an applicative aspect mainly related to networks. Polyedric methods, stochastic bounds, formal methods, robust [&hellip;]<\/p>\n","protected":false},"author":1,"featured_media":0,"parent":0,"menu_order":0,"comment_status":"closed","ping_status":"closed","template":"","meta":{"ocean_post_layout":"","ocean_both_sidebars_style":"","ocean_both_sidebars_content_width":0,"ocean_both_sidebars_sidebars_width":0,"ocean_sidebar":"0","ocean_second_sidebar":"0","ocean_disable_margins":"enable","ocean_add_body_class":"","ocean_shortcode_before_top_bar":"","ocean_shortcode_after_top_bar":"","ocean_shortcode_before_header":"","ocean_shortcode_after_header":"","ocean_has_shortcode":"","ocean_shortcode_after_title":"","ocean_shortcode_before_footer_widgets":"","ocean_shortcode_after_footer_widgets":"","ocean_shortcode_before_footer_bottom":"","ocean_shortcode_after_footer_bottom":"","ocean_display_top_bar":"default","ocean_display_header":"default","ocean_header_style":"","ocean_center_header_left_menu":"0","ocean_custom_header_template":"0","ocean_custom_logo":0,"ocean_custom_retina_logo":0,"ocean_custom_logo_max_width":0,"ocean_custom_logo_tablet_max_width":0,"ocean_custom_logo_mobile_max_width":0,"ocean_custom_logo_max_height":0,"ocean_custom_logo_tablet_max_height":0,"ocean_custom_logo_mobile_max_height":0,"ocean_header_custom_menu":"0","ocean_menu_typo_font_family":"0","ocean_menu_typo_font_subset":"","ocean_menu_typo_font_size":0,"ocean_menu_typo_font_size_tablet":0,"ocean_menu_typo_font_size_mobile":0,"ocean_menu_typo_font_size_unit":"px","ocean_menu_typo_font_weight":"","ocean_menu_typo_font_weight_tablet":"","ocean_menu_typo_font_weight_mobile":"","ocean_menu_typo_transform":"","ocean_menu_typo_transform_tablet":"","ocean_menu_typo_transform_mobile":"","ocean_menu_typo_line_height":0,"ocean_menu_typo_line_height_tablet":0,"ocean_menu_typo_line_height_mobile":0,"ocean_menu_typo_line_height_unit":"","ocean_menu_typo_spacing":0,"ocean_menu_typo_spacing_tablet":0,"ocean_menu_typo_spacing_mobile":0,"ocean_menu_typo_spacing_unit":"","ocean_menu_link_color":"","ocean_menu_link_color_hover":"","ocean_menu_link_color_active":"","ocean_menu_link_background":"","ocean_menu_link_hover_background":"","ocean_menu_link_active_background":"","ocean_menu_social_links_bg":"","ocean_menu_social_hover_links_bg":"","ocean_menu_social_links_color":"","ocean_menu_social_hover_links_color":"","ocean_disable_title":"default","ocean_disable_heading":"default","ocean_post_title":"","ocean_post_subheading":"","ocean_post_title_style":"","ocean_post_title_background_color":"","ocean_post_title_background":0,"ocean_post_title_bg_image_position":"","ocean_post_title_bg_image_attachment":"","ocean_post_title_bg_image_repeat":"","ocean_post_title_bg_image_size":"","ocean_post_title_height":0,"ocean_post_title_bg_overlay":0.5,"ocean_post_title_bg_overlay_color":"","ocean_disable_breadcrumbs":"default","ocean_breadcrumbs_color":"","ocean_breadcrumbs_separator_color":"","ocean_breadcrumbs_links_color":"","ocean_breadcrumbs_links_hover_color":"","ocean_display_footer_widgets":"default","ocean_display_footer_bottom":"default","ocean_custom_footer_template":"0","footnotes":""},"class_list":["post-3054","page","type-page","status-publish","hentry","entry","has-media"],"_links":{"self":[{"href":"https:\/\/samovar.telecom-sudparis.eu\/index.php\/wp-json\/wp\/v2\/pages\/3054","targetHints":{"allow":["GET"]}}],"collection":[{"href":"https:\/\/samovar.telecom-sudparis.eu\/index.php\/wp-json\/wp\/v2\/pages"}],"about":[{"href":"https:\/\/samovar.telecom-sudparis.eu\/index.php\/wp-json\/wp\/v2\/types\/page"}],"author":[{"embeddable":true,"href":"https:\/\/samovar.telecom-sudparis.eu\/index.php\/wp-json\/wp\/v2\/users\/1"}],"replies":[{"embeddable":true,"href":"https:\/\/samovar.telecom-sudparis.eu\/index.php\/wp-json\/wp\/v2\/comments?post=3054"}],"version-history":[{"count":16,"href":"https:\/\/samovar.telecom-sudparis.eu\/index.php\/wp-json\/wp\/v2\/pages\/3054\/revisions"}],"predecessor-version":[{"id":4986,"href":"https:\/\/samovar.telecom-sudparis.eu\/index.php\/wp-json\/wp\/v2\/pages\/3054\/revisions\/4986"}],"wp:attachment":[{"href":"https:\/\/samovar.telecom-sudparis.eu\/index.php\/wp-json\/wp\/v2\/media?parent=3054"}],"curies":[{"name":"wp","href":"https:\/\/api.w.org\/{rel}","templated":true}]}}