{"id":3047,"date":"2020-09-15T10:36:17","date_gmt":"2020-09-15T08:36:17","guid":{"rendered":"https:\/\/samovar2022.int-evry.fr\/?page_id=3047"},"modified":"2022-11-09T16:34:46","modified_gmt":"2022-11-09T15:34:46","slug":"armedia-3","status":"publish","type":"page","link":"https:\/\/samovar.telecom-sudparis.eu\/index.php\/en\/armedia-3\/","title":{"rendered":"ARMEDIA"},"content":{"rendered":"\t\t<div data-elementor-type=\"wp-page\" data-elementor-id=\"3047\" class=\"elementor elementor-3047\">\n\t\t\t\t\t\t<section class=\"elementor-section elementor-top-section elementor-element elementor-element-17ff026 elementor-section-boxed elementor-section-height-default elementor-section-height-default\" data-id=\"17ff026\" data-element_type=\"section\">\n\t\t\t\t\t\t<div class=\"elementor-container elementor-column-gap-default\">\n\t\t\t\t\t<div class=\"elementor-column elementor-col-50 elementor-top-column elementor-element elementor-element-ae161db\" data-id=\"ae161db\" data-element_type=\"column\">\n\t\t\t<div class=\"elementor-widget-wrap elementor-element-populated\">\n\t\t\t\t\t\t<div class=\"elementor-element elementor-element-598e3f8 elementor-widget elementor-widget-heading\" data-id=\"598e3f8\" data-element_type=\"widget\" data-widget_type=\"heading.default\">\n\t\t\t\t<div class=\"elementor-widget-container\">\n\t\t\t\t\t<h2 class=\"elementor-heading-title elementor-size-default\">ARMEDIA (Applied Research for (multi)Media Enrichment, Diffusion, Interaction and Analysis)<\/h2>\t\t\t\t<\/div>\n\t\t\t\t<\/div>\n\t\t\t\t<div class=\"elementor-element elementor-element-592aab2 elementor-widget elementor-widget-text-editor\" data-id=\"592aab2\" data-element_type=\"widget\" data-widget_type=\"text-editor.default\">\n\t\t\t\t<div class=\"elementor-widget-container\">\n\t\t\t\t\t\t\t\t\t<p><\/p>\n<p>Team leader: <em><a href=\"https:\/\/samovar.telecom-sudparis.eu\/index.php\/acmes-2\/catalin-fetita-2\/\">Catalin FETITA<\/a><\/em><\/p>\n\n<p><\/p>\n<p><\/p>\n<p><\/p>\n<p><\/p>\n<p>ARMEDIA uses mathematical and statistical methods for the analysis and the modelisation of multimedia contents. The scientific topics are structured in three axis:<\/p>\n<p><\/p>\n<p><\/p>\n<ul class=\"wp-block-list\">\n<li>image, sound and vision ;<\/li>\n<li>modelisation, exchange and content enrichment;<\/li>\n<li>interaction and adaptive interfaces<\/li>\n<\/ul>\n<p><\/p>\n<p><\/p>\n<p>Its activities cover research in health and assistive technologies for disabled people, analysis, interpretation and scene recognition inside video, multimedia indexing and mining, transmission, adaptation and content protection, virtual and augmented reality and 3D graphics modelisation.<\/p>\n<p><\/p>\n<p><\/p>\n<p><\/p>\n<p><\/p>\n<p><\/p>\n<p><\/p>\n<p><\/p>\n<p><\/p>\t\t\t\t\t\t\t\t<\/div>\n\t\t\t\t<\/div>\n\t\t\t\t<section class=\"elementor-section elementor-inner-section elementor-element elementor-element-edd19b4 elementor-section-boxed elementor-section-height-default elementor-section-height-default\" data-id=\"edd19b4\" data-element_type=\"section\">\n\t\t\t\t\t\t<div class=\"elementor-container elementor-column-gap-default\">\n\t\t\t\t\t<div class=\"elementor-column elementor-col-50 elementor-inner-column elementor-element elementor-element-6e645f3\" data-id=\"6e645f3\" data-element_type=\"column\">\n\t\t\t<div class=\"elementor-widget-wrap elementor-element-populated\">\n\t\t\t\t\t\t<div class=\"elementor-element elementor-element-6629e63 elementor-align-center elementor-widget elementor-widget-button\" data-id=\"6629e63\" data-element_type=\"widget\" data-widget_type=\"button.default\">\n\t\t\t\t<div class=\"elementor-widget-container\">\n\t\t\t\t\t\t\t\t\t<div class=\"elementor-button-wrapper\">\n\t\t\t\t\t<a class=\"elementor-button elementor-button-link elementor-size-sm\" href=\"https:\/\/samovar2022.int-evry.fr\/?page_id=4514&#038;preview=true\">\n\t\t\t\t\t\t<span class=\"elementor-button-content-wrapper\">\n\t\t\t\t\t\t\t\t\t<span class=\"elementor-button-text\">Team members<\/span>\n\t\t\t\t\t<\/span>\n\t\t\t\t\t<\/a>\n\t\t\t\t<\/div>\n\t\t\t\t\t\t\t\t<\/div>\n\t\t\t\t<\/div>\n\t\t\t\t\t<\/div>\n\t\t<\/div>\n\t\t\t\t<div class=\"elementor-column elementor-col-50 elementor-inner-column elementor-element elementor-element-1c0c2ca\" data-id=\"1c0c2ca\" data-element_type=\"column\">\n\t\t\t<div class=\"elementor-widget-wrap elementor-element-populated\">\n\t\t\t\t\t\t<div class=\"elementor-element elementor-element-92e96cd elementor-align-center elementor-widget elementor-widget-button\" data-id=\"92e96cd\" data-element_type=\"widget\" data-widget_type=\"button.default\">\n\t\t\t\t<div class=\"elementor-widget-container\">\n\t\t\t\t\t\t\t\t\t<div class=\"elementor-button-wrapper\">\n\t\t\t\t\t<a class=\"elementor-button elementor-button-link elementor-size-sm\" href=\"https:\/\/samovar2022.int-evry.fr\/index.php\/armedia-les-publications\/\">\n\t\t\t\t\t\t<span class=\"elementor-button-content-wrapper\">\n\t\t\t\t\t\t\t\t\t<span class=\"elementor-button-text\">Publications<\/span>\n\t\t\t\t\t<\/span>\n\t\t\t\t\t<\/a>\n\t\t\t\t<\/div>\n\t\t\t\t\t\t\t\t<\/div>\n\t\t\t\t<\/div>\n\t\t\t\t\t<\/div>\n\t\t<\/div>\n\t\t\t\t\t<\/div>\n\t\t<\/section>\n\t\t\t\t\t<\/div>\n\t\t<\/div>\n\t\t\t\t<div class=\"elementor-column elementor-col-50 elementor-top-column elementor-element elementor-element-c653f4a\" data-id=\"c653f4a\" data-element_type=\"column\">\n\t\t\t<div class=\"elementor-widget-wrap elementor-element-populated\">\n\t\t\t\t\t\t<div class=\"elementor-element elementor-element-17adc50 elementor-widget elementor-widget-image\" data-id=\"17adc50\" data-element_type=\"widget\" data-widget_type=\"image.default\">\n\t\t\t\t<div class=\"elementor-widget-container\">\n\t\t\t\t\t\t\t\t\t\t\t\t\t\t\t<img fetchpriority=\"high\" decoding=\"async\" width=\"1024\" height=\"768\" src=\"https:\/\/samovar.telecom-sudparis.eu\/wp-content\/uploads\/2020\/09\/captureCloudArmedia1-1.png\" class=\"attachment-large size-large wp-image-2997\" alt=\"\" srcset=\"https:\/\/samovar.telecom-sudparis.eu\/wp-content\/uploads\/2020\/09\/captureCloudArmedia1-1.png 1024w, https:\/\/samovar.telecom-sudparis.eu\/wp-content\/uploads\/2020\/09\/captureCloudArmedia1-1-300x225.png 300w, https:\/\/samovar.telecom-sudparis.eu\/wp-content\/uploads\/2020\/09\/captureCloudArmedia1-1-768x576.png 768w\" sizes=\"(max-width: 1024px) 100vw, 1024px\" \/>\t\t\t\t\t\t\t\t\t\t\t\t\t\t\t<\/div>\n\t\t\t\t<\/div>\n\t\t\t\t<div class=\"elementor-element elementor-element-0b18a30 elementor-widget elementor-widget-wp-widget-recent-posts-widget-with-thumbnails\" data-id=\"0b18a30\" data-element_type=\"widget\" data-widget_type=\"wp-widget-recent-posts-widget-with-thumbnails.default\">\n\t\t\t\t<div class=\"elementor-widget-container\">\n\t\t\t\t\t\n<div id=\"rpwwt-wp-widget-recent-posts-widget-with-thumbnails\" class=\"rpwwt-widget\">\r\n<h5>Actualit\u00e9s et faits marquants<\/h5>\n\t<ul>\r\n\t\t<li><a href=\"https:\/\/samovar.telecom-sudparis.eu\/index.php\/2025\/02\/11\/avis-de-soutenance-de-madame-hajar-hammouch\/\"><img loading=\"lazy\" decoding=\"async\" width=\"75\" height=\"75\" src=\"https:\/\/samovar2022.int-evry.fr\/wp-content\/plugins\/recent-posts-widget-with-thumbnails\/default_thumb.gif\" class=\"attachment-75x75\" alt=\"\" loading=\"lazy\" \/><span class=\"rpwwt-post-title\">AVIS DE SOUTENANCE de Madame Hajar HAMMOUCH<\/span><\/a><div class=\"rpwwt-post-excerpt\">L&rsquo;Ecole doctorale : Ecole Doctorale de l&rsquo;Institut Polytechnique de Paris et le Laboratoire de recherche SAMOVAR <a href=\"https:\/\/samovar.telecom-sudparis.eu\/index.php\/2025\/02\/11\/avis-de-soutenance-de-madame-hajar-hammouch\/\" class=\"rpwwt-post-excerpt-more\">Lire la suite [..]<\/a><\/div><\/li>\r\n\t\t<li><a href=\"https:\/\/samovar.telecom-sudparis.eu\/index.php\/2022\/05\/30\/seminaire-armedia-presente-par-noe-zhang-le-24-06-2021-a-14h00\/\"><img loading=\"lazy\" decoding=\"async\" width=\"75\" height=\"75\" src=\"https:\/\/samovar2022.int-evry.fr\/wp-content\/plugins\/recent-posts-widget-with-thumbnails\/default_thumb.gif\" class=\"attachment-75x75\" alt=\"\" loading=\"lazy\" \/><span class=\"rpwwt-post-title\">S\u00e9minaire ARMEDIA pr\u00e9sent\u00e9 par No\u00e9 Zhang, le 24\/06\/2021 \u00e0 14h00<\/span><\/a><div class=\"rpwwt-post-excerpt\">S\u00e9minaire ARMEDIA pr\u00e9sent\u00e9 par No\u00e9 Zhang, Master student, EPH department, Telecom SudParis Quand&nbsp;: Jeudi 24 juin 2021 \u00e0 <a href=\"https:\/\/samovar.telecom-sudparis.eu\/index.php\/2022\/05\/30\/seminaire-armedia-presente-par-noe-zhang-le-24-06-2021-a-14h00\/\" class=\"rpwwt-post-excerpt-more\">Lire la suite [..]<\/a><\/div><\/li>\r\n\t\t<li><a href=\"https:\/\/samovar.telecom-sudparis.eu\/index.php\/2020\/06\/22\/seminaire-armedia-par-c-fetita-le-25-6-20-a-14h00-idiopathic-interstitial-pneumonia-and-covid-19\/\"><img loading=\"lazy\" decoding=\"async\" width=\"75\" height=\"75\" src=\"https:\/\/samovar2022.int-evry.fr\/wp-content\/plugins\/recent-posts-widget-with-thumbnails\/default_thumb.gif\" class=\"attachment-75x75\" alt=\"\" loading=\"lazy\" \/><span class=\"rpwwt-post-title\">S\u00e9minaire ARMEDIA par C Fetita le 25\/6\/20 \u00e0 14h00 : idiopathic interstitial pneumonia and COVID-19<\/span><\/a><div class=\"rpwwt-post-excerpt\">L&rsquo;\u00e9quipe ARMEDIA vous convie \u00e0 un s\u00e9minaire dans la th\u00e9matique \u00ab\u00a0IDIA et sant\u00e9\u00a0\u00bb le jeudi 25 juin \u00e0 14h00. <a href=\"https:\/\/samovar.telecom-sudparis.eu\/index.php\/2020\/06\/22\/seminaire-armedia-par-c-fetita-le-25-6-20-a-14h00-idiopathic-interstitial-pneumonia-and-covid-19\/\" class=\"rpwwt-post-excerpt-more\">Lire la suite [..]<\/a><\/div><\/li>\r\n\t\t<li><a href=\"https:\/\/samovar.telecom-sudparis.eu\/index.php\/2019\/10\/31\/samovar-armedia-seminaire-armedia-jeudi-7-novembre-deep-active-learning-with-rationales\/\"><img loading=\"lazy\" decoding=\"async\" width=\"75\" height=\"75\" src=\"https:\/\/samovar2022.int-evry.fr\/wp-content\/plugins\/recent-posts-widget-with-thumbnails\/default_thumb.gif\" class=\"attachment-75x75\" alt=\"\" loading=\"lazy\" \/><span class=\"rpwwt-post-title\">[samovar-armedia] s\u00e9minaire ARMEDIA jeudi 7 novembre: Deep Active Learning with Rationales<\/span><\/a><div class=\"rpwwt-post-excerpt\">L&rsquo;\u00e9quipe ARMEDIA organise un s\u00e9minaire autour de l&rsquo;IA le jeudi 7 novembre \u00e0 14h en salle H218 (b\u00e2timent Etoile, <a href=\"https:\/\/samovar.telecom-sudparis.eu\/index.php\/2019\/10\/31\/samovar-armedia-seminaire-armedia-jeudi-7-novembre-deep-active-learning-with-rationales\/\" class=\"rpwwt-post-excerpt-more\">Lire la suite [..]<\/a><\/div><\/li>\r\n\t\t<li><a href=\"https:\/\/samovar.telecom-sudparis.eu\/index.php\/2019\/05\/23\/seminaire-armedia-presente-par-enrique-aragones-rua-de-leuven-29-05-2019-a-14h\/\"><img decoding=\"async\" width=\"71\" height=\"75\" src=\"https:\/\/samovar.telecom-sudparis.eu\/wp-content\/uploads\/2019\/05\/enrique-argones_rua-141x150.jpg\" class=\"attachment-75x75 size-75x75 wp-post-image\" alt=\"enrique-argones_rua.jpg\" \/><span class=\"rpwwt-post-title\">S\u00e9minaire Armedia pr\u00e9sent\u00e9 par Enrique Aragones Rua de Leuven, 29\/05\/2019 \u00e0 14h<\/span><\/a><div class=\"rpwwt-post-excerpt\">Un s\u00e9minaire de l&rsquo;\u00e9quipe Armedia est organis\u00e9 par Dijana Petrovska le mercredi 29 mai 2019 \u00e0 14h avec un intervenant <a href=\"https:\/\/samovar.telecom-sudparis.eu\/index.php\/2019\/05\/23\/seminaire-armedia-presente-par-enrique-aragones-rua-de-leuven-29-05-2019-a-14h\/\" class=\"rpwwt-post-excerpt-more\">Lire la suite [..]<\/a><\/div><\/li>\r\n\t<\/ul>\r\n<\/div><!-- .rpwwt-widget -->\r\n\t\t\t\t<\/div>\n\t\t\t\t<\/div>\n\t\t\t\t\t<\/div>\n\t\t<\/div>\n\t\t\t\t\t<\/div>\n\t\t<\/section>\n\t\t\t\t<\/div>\n\t\t","protected":false},"excerpt":{"rendered":"<p>ARMEDIA (Applied Research for (multi)Media Enrichment, Diffusion, Interaction and Analysis) Team leader: Catalin FETITA ARMEDIA uses mathematical and statistical methods for the analysis and the modelisation of multimedia contents. The scientific topics are structured in three axis: image, sound and vision ; modelisation, exchange and content enrichment; interaction and adaptive interfaces Its activities cover research [&hellip;]<\/p>\n","protected":false},"author":1,"featured_media":0,"parent":0,"menu_order":0,"comment_status":"closed","ping_status":"closed","template":"","meta":{"ocean_post_layout":"","ocean_both_sidebars_style":"","ocean_both_sidebars_content_width":0,"ocean_both_sidebars_sidebars_width":0,"ocean_sidebar":"0","ocean_second_sidebar":"0","ocean_disable_margins":"enable","ocean_add_body_class":"","ocean_shortcode_before_top_bar":"","ocean_shortcode_after_top_bar":"","ocean_shortcode_before_header":"","ocean_shortcode_after_header":"","ocean_has_shortcode":"","ocean_shortcode_after_title":"","ocean_shortcode_before_footer_widgets":"","ocean_shortcode_after_footer_widgets":"","ocean_shortcode_before_footer_bottom":"","ocean_shortcode_after_footer_bottom":"","ocean_display_top_bar":"default","ocean_display_header":"default","ocean_header_style":"","ocean_center_header_left_menu":"0","ocean_custom_header_template":"0","ocean_custom_logo":0,"ocean_custom_retina_logo":0,"ocean_custom_logo_max_width":0,"ocean_custom_logo_tablet_max_width":0,"ocean_custom_logo_mobile_max_width":0,"ocean_custom_logo_max_height":0,"ocean_custom_logo_tablet_max_height":0,"ocean_custom_logo_mobile_max_height":0,"ocean_header_custom_menu":"0","ocean_menu_typo_font_family":"0","ocean_menu_typo_font_subset":"","ocean_menu_typo_font_size":0,"ocean_menu_typo_font_size_tablet":0,"ocean_menu_typo_font_size_mobile":0,"ocean_menu_typo_font_size_unit":"px","ocean_menu_typo_font_weight":"","ocean_menu_typo_font_weight_tablet":"","ocean_menu_typo_font_weight_mobile":"","ocean_menu_typo_transform":"","ocean_menu_typo_transform_tablet":"","ocean_menu_typo_transform_mobile":"","ocean_menu_typo_line_height":0,"ocean_menu_typo_line_height_tablet":0,"ocean_menu_typo_line_height_mobile":0,"ocean_menu_typo_line_height_unit":"","ocean_menu_typo_spacing":0,"ocean_menu_typo_spacing_tablet":0,"ocean_menu_typo_spacing_mobile":0,"ocean_menu_typo_spacing_unit":"","ocean_menu_link_color":"","ocean_menu_link_color_hover":"","ocean_menu_link_color_active":"","ocean_menu_link_background":"","ocean_menu_link_hover_background":"","ocean_menu_link_active_background":"","ocean_menu_social_links_bg":"","ocean_menu_social_hover_links_bg":"","ocean_menu_social_links_color":"","ocean_menu_social_hover_links_color":"","ocean_disable_title":"default","ocean_disable_heading":"default","ocean_post_title":"","ocean_post_subheading":"","ocean_post_title_style":"","ocean_post_title_background_color":"","ocean_post_title_background":0,"ocean_post_title_bg_image_position":"","ocean_post_title_bg_image_attachment":"","ocean_post_title_bg_image_repeat":"","ocean_post_title_bg_image_size":"","ocean_post_title_height":0,"ocean_post_title_bg_overlay":0.5,"ocean_post_title_bg_overlay_color":"","ocean_disable_breadcrumbs":"default","ocean_breadcrumbs_color":"","ocean_breadcrumbs_separator_color":"","ocean_breadcrumbs_links_color":"","ocean_breadcrumbs_links_hover_color":"","ocean_display_footer_widgets":"default","ocean_display_footer_bottom":"default","ocean_custom_footer_template":"0","footnotes":""},"class_list":["post-3047","page","type-page","status-publish","hentry","entry","has-media"],"_links":{"self":[{"href":"https:\/\/samovar.telecom-sudparis.eu\/index.php\/wp-json\/wp\/v2\/pages\/3047","targetHints":{"allow":["GET"]}}],"collection":[{"href":"https:\/\/samovar.telecom-sudparis.eu\/index.php\/wp-json\/wp\/v2\/pages"}],"about":[{"href":"https:\/\/samovar.telecom-sudparis.eu\/index.php\/wp-json\/wp\/v2\/types\/page"}],"author":[{"embeddable":true,"href":"https:\/\/samovar.telecom-sudparis.eu\/index.php\/wp-json\/wp\/v2\/users\/1"}],"replies":[{"embeddable":true,"href":"https:\/\/samovar.telecom-sudparis.eu\/index.php\/wp-json\/wp\/v2\/comments?post=3047"}],"version-history":[{"count":17,"href":"https:\/\/samovar.telecom-sudparis.eu\/index.php\/wp-json\/wp\/v2\/pages\/3047\/revisions"}],"predecessor-version":[{"id":4980,"href":"https:\/\/samovar.telecom-sudparis.eu\/index.php\/wp-json\/wp\/v2\/pages\/3047\/revisions\/4980"}],"wp:attachment":[{"href":"https:\/\/samovar.telecom-sudparis.eu\/index.php\/wp-json\/wp\/v2\/media?parent=3047"}],"curies":[{"name":"wp","href":"https:\/\/api.w.org\/{rel}","templated":true}]}}