{"id":2772,"date":"2020-09-04T13:21:22","date_gmt":"2020-09-04T11:21:22","guid":{"rendered":"https:\/\/samovar2022.int-evry.fr\/?page_id=2772"},"modified":"2022-11-17T15:10:05","modified_gmt":"2022-11-17T14:10:05","slug":"formation","status":"publish","type":"page","link":"https:\/\/samovar.telecom-sudparis.eu\/index.php\/formation\/","title":{"rendered":"Formation"},"content":{"rendered":"\t\t<div data-elementor-type=\"wp-page\" data-elementor-id=\"2772\" class=\"elementor elementor-2772\">\n\t\t\t\t\t\t<section class=\"elementor-section elementor-top-section elementor-element elementor-element-2827f4e7 elementor-section-boxed elementor-section-height-default elementor-section-height-default\" data-id=\"2827f4e7\" data-element_type=\"section\">\n\t\t\t\t\t\t<div class=\"elementor-container elementor-column-gap-default\">\n\t\t\t\t\t<div class=\"elementor-column elementor-col-100 elementor-top-column elementor-element elementor-element-29d3cc85\" data-id=\"29d3cc85\" data-element_type=\"column\">\n\t\t\t<div class=\"elementor-widget-wrap elementor-element-populated\">\n\t\t\t\t\t\t<div class=\"elementor-element elementor-element-5e8f1c01 elementor-widget elementor-widget-text-editor\" data-id=\"5e8f1c01\" data-element_type=\"widget\" data-widget_type=\"text-editor.default\">\n\t\t\t\t<div class=\"elementor-widget-container\">\n\t\t\t\t\t\t\t\t\t<p><\/p>\n<h2 class=\"wp-block-heading\">Ecoles doctorales<\/h2>\n<p><\/p>\n<p><\/p>\n<figure class=\"wp-block-table\">\n<table class=\"has-subtle-pale-blue-background-color has-fixed-layout has-background\">\n<tbody>\n<tr>\n<td><a href=\"https:\/\/www.ip-paris.fr\/education\/doctorat\/ecole-doctorale-ip-paris\" target=\"_blank\" rel=\"noopener\">ED IP Paris<\/a><\/td>\n<td><a href=\"https:\/\/www.ip-paris.fr\/education\/doctorat\/ecole-doctorale-de-mathematiques-hadamard\" target=\"_blank\" rel=\"noopener\">ED Math\u00e9matique Hadamart<\/a><\/td>\n<\/tr>\n<\/tbody>\n<\/table>\n<\/figure>\n<p><\/p>\n<p><\/p>\n<p>Les doctorants de Samovar sont inscrits dans les \u00e9coles doctorales de l&rsquo;institut polytechnique de Paris, \u00e0 savoir ED IP Paris pour tous les domaines scientifiques hors math\u00e9matique et ED MH pour les math\u00e9matiques. Au sein de l&rsquo;ED IP Paris, Amel Bouzeghoub (ACMES) est co-responsable du domaine IDIA (Informatique, Donn\u00e9es, IA) et Fr\u00e9d\u00e9ric Lehmann est co-responsable du domaine ICE (Information, Communication, Electronique).<\/p>\n<p><\/p>\n<p><\/p>\n<h2 class=\"wp-block-heading\">Masters<\/h2>\n<p><\/p>\n<p><\/p>\n<figure class=\"wp-block-table\">\n<table class=\"has-subtle-pale-blue-background-color has-fixed-layout has-background\">\n<tbody>\n<tr>\n<td><a href=\"https:\/\/www.ip-paris.fr\/master\/ingenierie-information-communications\/\"><strong>Master E3A<\/strong><\/a><\/td>\n<td><a href=\"https:\/\/www.universite-paris-saclay.fr\/formation\/master\/electronique-energie-electrique-automatique\/m2-multimedia-networking\" target=\"_blank\" rel=\"noopener\"><strong>Multimedia networking &#8211; MN<\/strong><\/a><\/td>\n<\/tr>\n<tr>\n<td>\u00a0<\/td>\n<td><a href=\"https:\/\/www.ip-paris.fr\/education\/masters\/mention-electronique-energie-electrique-et-automatique-e3a\/master-year-2-machine-learning-communications-and-security\" target=\"_blank\" rel=\"noopener\"><strong>Machine learning, communications and security &#8211; MICAS<\/strong><\/a><\/td>\n<\/tr>\n<tr>\n<td>\u00a0<\/td>\n<td><strong><a href=\"https:\/\/www.ip-paris.fr\/education\/masters\/mention-electronique-energie-electrique-et-automatique-e3a\/master-2-traitement-de-linformation-et-exploitation-des-donnees\" target=\"_blank\" rel=\"noopener\">Traitement de l&rsquo;information &amp; exploitation des donn\u00e9es &#8211; TRIED<\/a><\/strong><\/td>\n<\/tr>\n<tr>\n<td>\u00a0<\/td>\n<td><a href=\"https:\/\/www.ip-paris.fr\/education\/masters\/mention-electronique-energie-electrique-et-automatique-e3a\/master-year-2-virtual-augmented-reality\" target=\"_blank\" rel=\"noopener\"><strong>Virtual and augmented reality &#8211; VAR<\/strong><\/a><\/td>\n<\/tr>\n<tr>\n<td>\u00a0<\/td>\n<td><a href=\"https:\/\/www.ip-paris.fr\/education\/masters\/mention-electronique-energie-electrique-et-automatique-e3a\/master-year-2-optical-networks-and-photonic-systems\" target=\"_blank\" rel=\"noopener\"><strong>Optonic networks and photonic systems &#8211; ROSP<\/strong><\/a><\/td>\n<\/tr>\n<tr>\n<td>\u00a0<\/td>\n<td><a href=\"https:\/\/www.ip-paris.fr\/education\/masters\/mention-electronique-energie-electrique-et-automatique-e3a\/master-2-systemes-radio\" target=\"_blank\" rel=\"noopener\"><strong>Radio systems &#8211; RS<\/strong><\/a><\/td>\n<\/tr>\n<tr>\n<td><a href=\"https:\/\/www.ip-paris.fr\/master\/informatique\/\">Master informatique<\/a><\/td>\n<td><a href=\"https:\/\/www.ip-paris.fr\/education\/masters\/mention-informatique\/master-year-2-computer-science-networks\" target=\"_blank\" rel=\"noopener\"><strong>Computer science for networks &#8211; CSN<\/strong><\/a><\/td>\n<\/tr>\n<tr>\n<td>\u00a0<\/td>\n<td><a href=\"https:\/\/www.ip-paris.fr\/education\/masters\/mention-informatique\/master-year-1-cybersecurity\" target=\"_blank\" rel=\"noopener\"><strong>Cybersecurity &#8211; CS<\/strong><\/a><\/td>\n<\/tr>\n<tr>\n<td>\u00a0<\/td>\n<td><a href=\"https:\/\/www.ip-paris.fr\/education\/masters\/mention-informatique\/master-year-2-data-and-artificial-intelligence\" target=\"_blank\" rel=\"noopener\">Data &amp; artificial intelligence &#8211; DAI<\/a><\/td>\n<\/tr>\n<tr>\n<td>\u00a0<\/td>\n<td><a href=\"https:\/\/www.ip-paris.fr\/education\/masters\/mention-informatique\/master-year-1-high-performance-data-analytics\" target=\"_blank\" rel=\"noopener\"><strong>High performance data analytics<\/strong><strong>&#8211; HPDA<\/strong><\/a><\/td>\n<\/tr>\n<tr>\n<td>\u00a0<\/td>\n<td><a href=\"https:\/\/www.ip-paris.fr\/education\/masters\/mention-informatique\/master-year-2-interaction-graphics-design\" target=\"_blank\" rel=\"noopener\">Interaction, graphics and design &#8211; IGD<\/a><\/td>\n<\/tr>\n<tr>\n<td>\u00a0<\/td>\n<td>\n<p class=\"titre-page\"><a href=\"https:\/\/www.ip-paris.fr\/education\/masters\/mention-mathematiques-et-applications\/master-year-2-optimization\" target=\"_blank\" rel=\"noopener\"><span class=\"field field--name-title field--type-string field--label-hidden\">Optimization<\/span><\/a><\/p>\n<\/td>\n<\/tr>\n<tr>\n<td>\u00a0<\/td>\n<td><a href=\"https:\/\/www.ip-paris.fr\/education\/masters\/mention-informatique\/master-year-2-parallel-and-distributed-systems\" target=\"_blank\" rel=\"noopener\"><strong>Parallel and distributed systems<\/strong> &#8211; PDS<\/a><\/td>\n<\/tr>\n<tr>\n<td><a href=\"https:\/\/www.ip-paris.fr\/master\/mathematiques-statistiques\/\">master math\u00e9matique appliqu\u00e9e, statistiques<\/a><\/td>\n<td><a href=\"https:\/\/www.ip-paris.fr\/education\/masters\/mention-mathematiques-appliquees-statistiques\/master-year-2-data-science\" target=\"_blank\" rel=\"noopener\">Data science &#8211; DS<\/a><\/td>\n<\/tr>\n<\/tbody>\n<\/table>\n<\/figure>\n<p><\/p>\n<p><\/p>\n<p>Les membres de Samovar sont tr\u00e8s impliqu\u00e9s dans l&rsquo;offre de masters construite \u00e0 l&rsquo;institut polytechnique de Paris.<\/p>\n<p><\/p>\n<p><\/p>\n<p>Le tableau ci dessus r\u00e9sume les contributions de Samovar \u00e0 l&rsquo;offre master. Les formations en gras sont (co)-coordonn\u00e9es par des membres de Samovar, dans les autres cas les membres de Samovar sont responsables de modules d&rsquo;enseignement. Trois mentions sont couvertes, E3A, informatique et math\u00e9matique appliqu\u00e9e, statistiques. Chacune d&rsquo;elle comprend diff\u00e9rents parcours qui peuvent \u00eatre sur le M2 uniquement (cas de des mentions E3A et math\u00e9matique appliqu\u00e9e, statistiques) ou sur le M1-M2 (cas de la mention informatique).<\/p>\n<p><\/p>\n<p><\/p>\n<p>Samovar participe \u00e9galement aux<a href=\"https:\/\/www.ip-paris.fr\/phd-track\/\"> phd tracks<\/a> de IP Paris. Ce sont des programmes sur 5 ans int\u00e9grant master et doctorat et s&rsquo;adressant \u00e0 des \u00e9tudiants \u00e0 fort potentiel, issus de licences et ayant une vocation pr\u00e9coce pour la recherche. Chaque grand domaine scientifique comprend au moins un <a href=\"https:\/\/www.ip-paris.fr\/education\/phd-track\">phd track<\/a>.<\/p>\n<p><\/p>\n<p><\/p>\n<p><\/p>\t\t\t\t\t\t\t\t<\/div>\n\t\t\t\t<\/div>\n\t\t\t\t\t<\/div>\n\t\t<\/div>\n\t\t\t\t\t<\/div>\n\t\t<\/section>\n\t\t\t\t<\/div>\n\t\t","protected":false},"excerpt":{"rendered":"<p>Ecoles doctorales ED IP Paris ED Math\u00e9matique Hadamart Les doctorants de Samovar sont inscrits dans les \u00e9coles doctorales de l&rsquo;institut polytechnique de Paris, \u00e0 savoir ED IP Paris pour tous les domaines scientifiques hors math\u00e9matique et ED MH pour les math\u00e9matiques. Au sein de l&rsquo;ED IP Paris, Amel Bouzeghoub (ACMES) est co-responsable du domaine IDIA [&hellip;]<\/p>\n","protected":false},"author":1,"featured_media":0,"parent":0,"menu_order":0,"comment_status":"closed","ping_status":"closed","template":"","meta":{"ocean_post_layout":"","ocean_both_sidebars_style":"","ocean_both_sidebars_content_width":0,"ocean_both_sidebars_sidebars_width":0,"ocean_sidebar":"0","ocean_second_sidebar":"0","ocean_disable_margins":"enable","ocean_add_body_class":"","ocean_shortcode_before_top_bar":"","ocean_shortcode_after_top_bar":"","ocean_shortcode_before_header":"","ocean_shortcode_after_header":"","ocean_has_shortcode":"","ocean_shortcode_after_title":"","ocean_shortcode_before_footer_widgets":"","ocean_shortcode_after_footer_widgets":"","ocean_shortcode_before_footer_bottom":"","ocean_shortcode_after_footer_bottom":"","ocean_display_top_bar":"default","ocean_display_header":"default","ocean_header_style":"","ocean_center_header_left_menu":"0","ocean_custom_header_template":"0","ocean_custom_logo":0,"ocean_custom_retina_logo":0,"ocean_custom_logo_max_width":0,"ocean_custom_logo_tablet_max_width":0,"ocean_custom_logo_mobile_max_width":0,"ocean_custom_logo_max_height":0,"ocean_custom_logo_tablet_max_height":0,"ocean_custom_logo_mobile_max_height":0,"ocean_header_custom_menu":"0","ocean_menu_typo_font_family":"0","ocean_menu_typo_font_subset":"","ocean_menu_typo_font_size":0,"ocean_menu_typo_font_size_tablet":0,"ocean_menu_typo_font_size_mobile":0,"ocean_menu_typo_font_size_unit":"px","ocean_menu_typo_font_weight":"","ocean_menu_typo_font_weight_tablet":"","ocean_menu_typo_font_weight_mobile":"","ocean_menu_typo_transform":"","ocean_menu_typo_transform_tablet":"","ocean_menu_typo_transform_mobile":"","ocean_menu_typo_line_height":0,"ocean_menu_typo_line_height_tablet":0,"ocean_menu_typo_line_height_mobile":0,"ocean_menu_typo_line_height_unit":"","ocean_menu_typo_spacing":0,"ocean_menu_typo_spacing_tablet":0,"ocean_menu_typo_spacing_mobile":0,"ocean_menu_typo_spacing_unit":"","ocean_menu_link_color":"","ocean_menu_link_color_hover":"","ocean_menu_link_color_active":"","ocean_menu_link_background":"","ocean_menu_link_hover_background":"","ocean_menu_link_active_background":"","ocean_menu_social_links_bg":"","ocean_menu_social_hover_links_bg":"","ocean_menu_social_links_color":"","ocean_menu_social_hover_links_color":"","ocean_disable_title":"default","ocean_disable_heading":"default","ocean_post_title":"","ocean_post_subheading":"","ocean_post_title_style":"","ocean_post_title_background_color":"","ocean_post_title_background":0,"ocean_post_title_bg_image_position":"","ocean_post_title_bg_image_attachment":"","ocean_post_title_bg_image_repeat":"","ocean_post_title_bg_image_size":"","ocean_post_title_height":0,"ocean_post_title_bg_overlay":0.5,"ocean_post_title_bg_overlay_color":"","ocean_disable_breadcrumbs":"default","ocean_breadcrumbs_color":"","ocean_breadcrumbs_separator_color":"","ocean_breadcrumbs_links_color":"","ocean_breadcrumbs_links_hover_color":"","ocean_display_footer_widgets":"default","ocean_display_footer_bottom":"default","ocean_custom_footer_template":"0","footnotes":""},"class_list":["post-2772","page","type-page","status-publish","hentry","entry"],"_links":{"self":[{"href":"https:\/\/samovar.telecom-sudparis.eu\/index.php\/wp-json\/wp\/v2\/pages\/2772","targetHints":{"allow":["GET"]}}],"collection":[{"href":"https:\/\/samovar.telecom-sudparis.eu\/index.php\/wp-json\/wp\/v2\/pages"}],"about":[{"href":"https:\/\/samovar.telecom-sudparis.eu\/index.php\/wp-json\/wp\/v2\/types\/page"}],"author":[{"embeddable":true,"href":"https:\/\/samovar.telecom-sudparis.eu\/index.php\/wp-json\/wp\/v2\/users\/1"}],"replies":[{"embeddable":true,"href":"https:\/\/samovar.telecom-sudparis.eu\/index.php\/wp-json\/wp\/v2\/comments?post=2772"}],"version-history":[{"count":111,"href":"https:\/\/samovar.telecom-sudparis.eu\/index.php\/wp-json\/wp\/v2\/pages\/2772\/revisions"}],"predecessor-version":[{"id":5062,"href":"https:\/\/samovar.telecom-sudparis.eu\/index.php\/wp-json\/wp\/v2\/pages\/2772\/revisions\/5062"}],"wp:attachment":[{"href":"https:\/\/samovar.telecom-sudparis.eu\/index.php\/wp-json\/wp\/v2\/media?parent=2772"}],"curies":[{"name":"wp","href":"https:\/\/api.w.org\/{rel}","templated":true}]}}