{"id":2727,"date":"2020-08-31T10:34:00","date_gmt":"2020-08-31T08:34:00","guid":{"rendered":"https:\/\/samovar2022.int-evry.fr\/?page_id=2727"},"modified":"2026-02-11T19:00:09","modified_gmt":"2026-02-11T18:00:09","slug":"seminaires-samovar","status":"publish","type":"page","link":"https:\/\/samovar.telecom-sudparis.eu\/index.php\/seminaires-samovar\/","title":{"rendered":"S\u00e9minaires SAMOVAR"},"content":{"rendered":"\t\t<div data-elementor-type=\"wp-page\" data-elementor-id=\"2727\" class=\"elementor elementor-2727\">\n\t\t\t\t\t\t<section class=\"elementor-section elementor-top-section elementor-element elementor-element-2340a49 elementor-section-boxed elementor-section-height-default elementor-section-height-default\" data-id=\"2340a49\" data-element_type=\"section\">\n\t\t\t\t\t\t<div class=\"elementor-container elementor-column-gap-default\">\n\t\t\t\t\t<div class=\"elementor-column elementor-col-100 elementor-top-column elementor-element elementor-element-0ac7c5f\" data-id=\"0ac7c5f\" data-element_type=\"column\">\n\t\t\t<div class=\"elementor-widget-wrap\">\n\t\t\t\t\t\t\t<\/div>\n\t\t<\/div>\n\t\t\t\t\t<\/div>\n\t\t<\/section>\n\t\t\t\t<section class=\"elementor-section elementor-top-section elementor-element elementor-element-dbd01b5 elementor-section-boxed elementor-section-height-default elementor-section-height-default\" data-id=\"dbd01b5\" data-element_type=\"section\">\n\t\t\t\t\t\t<div class=\"elementor-container elementor-column-gap-default\">\n\t\t\t\t\t<div class=\"elementor-column elementor-col-100 elementor-top-column elementor-element elementor-element-708eae0\" data-id=\"708eae0\" data-element_type=\"column\">\n\t\t\t<div class=\"elementor-widget-wrap elementor-element-populated\">\n\t\t\t\t\t\t<div class=\"elementor-element elementor-element-43ac599 elementor-widget elementor-widget-shortcode\" data-id=\"43ac599\" data-element_type=\"widget\" data-widget_type=\"shortcode.default\">\n\t\t\t\t<div class=\"elementor-widget-container\">\n\t\t\t\t\t\t\t<div class=\"elementor-shortcode\">\t\t<div class=\"wppsac-wrap wppsac-slick-carousel-wrp wppsac-clearfix \" data-conf=\"{&quot;slides_to_show&quot;:&quot;2&quot;,&quot;slides_to_scroll&quot;:1,&quot;dots&quot;:&quot;true&quot;,&quot;arrows&quot;:&quot;true&quot;,&quot;autoplay&quot;:&quot;true&quot;,&quot;autoplay_interval&quot;:3000,&quot;speed&quot;:500,&quot;rtl&quot;:&quot;false&quot;,&quot;lazyload&quot;:&quot;&quot;}\">\r\n\t\t\t<div id=\"wppsac-post-carousel-1\" class=\"wppsac-post-slider-init wppsac-post-carousel design-1\">\r\n\t\t\t\t<div class=\"wppsac-carousel-slides\">\r\n\t\r\n\t<div class=\"wppsac-post-content-position\">\r\n\t\t\t\t<div class=\"wppsac-post-categories\"><ul class=\"wppsac-post-categories-list\"><li><a href=\"https:\/\/samovar.telecom-sudparis.eu\/index.php\/category\/fractualites-ennews-fr\/\">[fr]Actualit\u00e9s [en]News<\/a><\/li><li><a href=\"https:\/\/samovar.telecom-sudparis.eu\/index.php\/category\/acmes\/seminaire-acmes\/\">SEMINAIRE ACMES<\/a><\/li><\/ul><\/div>\r\n\t\t\r\n\t\t<h2 class=\"wppsac-post-title\">\r\n\t\t\t<a href=\"https:\/\/samovar.telecom-sudparis.eu\/index.php\/2026\/04\/27\/seminaire-acmes-presente-par-le-pr-ali-ouni-e-lab-stil-le-22-05-2026\/\">S\u00e9minaire ACMES pr\u00e9sent\u00e9 par le Pr. Ali Ouni, Lab. (STIL) le 22\/05\/2026<\/a>\r\n\t\t<\/h2>\r\n\r\n\t\t\t\t<div class=\"wppsac-post-content\">\r\n\t\t\t<div class=\"wppsac-sub-content\">Quand: le vendredi 22 mai \u00e0 10h00 O\u00f9: C06, Evry Title: Agentic AI in Software Engineering: From Automation Gains to...<\/div>\r\n\r\n\t\t\t\t\t\t<a class=\"wppsac-readmorebtn\" href=\"https:\/\/samovar.telecom-sudparis.eu\/index.php\/2026\/04\/27\/seminaire-acmes-presente-par-le-pr-ali-ouni-e-lab-stil-le-22-05-2026\/\">Read More<\/a>\r\n\t\t\t\t\t<\/div>\r\n\t\t\t<\/div>\r\n<\/div><div class=\"wppsac-carousel-slides\">\r\n\t\r\n\t<div class=\"wppsac-post-content-position\">\r\n\t\t\t\t<div class=\"wppsac-post-categories\"><ul class=\"wppsac-post-categories-list\"><li><a href=\"https:\/\/samovar.telecom-sudparis.eu\/index.php\/category\/fractualites-ennews-fr\/\">[fr]Actualit\u00e9s [en]News<\/a><\/li><li><a href=\"https:\/\/samovar.telecom-sudparis.eu\/index.php\/category\/scn\/seminaire-scn\/\">SEMINAIRE SCN<\/a><\/li><\/ul><\/div>\r\n\t\t\r\n\t\t<h2 class=\"wppsac-post-title\">\r\n\t\t\t<a href=\"https:\/\/samovar.telecom-sudparis.eu\/index.php\/2026\/04\/17\/workshop-critics-2026-7-mai-2026-a-palaiseau-sur-la-ml-de-samovar\/\">Workshop CRITICS 2026, 7 mai 2026, \u00e0 Palaiseau sur la ML de SAMOVAR<\/a>\r\n\t\t<\/h2>\r\n\r\n\t\t\t\t<div class=\"wppsac-post-content\">\r\n\t\t\t<div class=\"wppsac-sub-content\">Le jeudi 7 mai 2026, l\u2019\u00e9quipe SCN organise \u00e0 Nano-INNOV le workshop suivant, en collaboration avec SystemX et le centre...<\/div>\r\n\r\n\t\t\t\t\t\t<a class=\"wppsac-readmorebtn\" href=\"https:\/\/samovar.telecom-sudparis.eu\/index.php\/2026\/04\/17\/workshop-critics-2026-7-mai-2026-a-palaiseau-sur-la-ml-de-samovar\/\">Read More<\/a>\r\n\t\t\t\t\t<\/div>\r\n\t\t\t<\/div>\r\n<\/div><div class=\"wppsac-carousel-slides\">\r\n\t\r\n\t<div class=\"wppsac-post-content-position\">\r\n\t\t\t\t<div class=\"wppsac-post-categories\"><ul class=\"wppsac-post-categories-list\"><li><a href=\"https:\/\/samovar.telecom-sudparis.eu\/index.php\/category\/fractualites-ennews-fr\/\">[fr]Actualit\u00e9s [en]News<\/a><\/li><li><a href=\"https:\/\/samovar.telecom-sudparis.eu\/index.php\/category\/sop\/seminaire-sop\/\">S\u00e9minaire SOP<\/a><\/li><\/ul><\/div>\r\n\t\t\r\n\t\t<h2 class=\"wppsac-post-title\">\r\n\t\t\t<a href=\"https:\/\/samovar.telecom-sudparis.eu\/index.php\/2026\/03\/16\/seminaire-sop-special-trucs-methodes-et-astuces\/\">S\u00e9minaire SOP sp\u00e9cial \u00ab Trucs, m\u00e9thodes et astuces \u00bb<\/a>\r\n\t\t<\/h2>\r\n\r\n\t\t\t\t<div class=\"wppsac-post-content\">\r\n\t\t\t<div class=\"wppsac-sub-content\">Quand: le mardi 31 mars entre 13h30 et 16h00 O\u00f9: Salle A001-002, campus d'Evry S\u00e9minaire SOP \u00ab&nbsp;Trucs, astuces et m\u00e9thodes&nbsp;\u00bb...<\/div>\r\n\r\n\t\t\t\t\t\t<a class=\"wppsac-readmorebtn\" href=\"https:\/\/samovar.telecom-sudparis.eu\/index.php\/2026\/03\/16\/seminaire-sop-special-trucs-methodes-et-astuces\/\">Read More<\/a>\r\n\t\t\t\t\t<\/div>\r\n\t\t\t<\/div>\r\n<\/div><div class=\"wppsac-carousel-slides\">\r\n\t\r\n\t<div class=\"wppsac-post-content-position\">\r\n\t\t\t\t<div class=\"wppsac-post-categories\"><ul class=\"wppsac-post-categories-list\"><li><a href=\"https:\/\/samovar.telecom-sudparis.eu\/index.php\/category\/fractualites-ennews-fr\/\">[fr]Actualit\u00e9s [en]News<\/a><\/li><li><a href=\"https:\/\/samovar.telecom-sudparis.eu\/index.php\/category\/ness\/seminaires-ness-2013-fr\/\">S\u00e9minaires NeSS<\/a><\/li><\/ul><\/div>\r\n\t\t\r\n\t\t<h2 class=\"wppsac-post-title\">\r\n\t\t\t<a href=\"https:\/\/samovar.telecom-sudparis.eu\/index.php\/2026\/02\/23\/avis-de-soutenance-de-monsieur-guanlin-li\/\">AVIS DE SOUTENANCE de Monsieur Guanlin LI<\/a>\r\n\t\t<\/h2>\r\n\r\n\t\t\t\t<div class=\"wppsac-post-content\">\r\n\t\t\t<div class=\"wppsac-sub-content\">L'Ecole doctorale : Ecole Doctorale de l'Institut Polytechnique de Pariset le Laboratoire de recherche SAMOVAR - Services r\u00e9partis, Architectures, Mod\u00e9lisation,...<\/div>\r\n\r\n\t\t\t\t\t\t<a class=\"wppsac-readmorebtn\" href=\"https:\/\/samovar.telecom-sudparis.eu\/index.php\/2026\/02\/23\/avis-de-soutenance-de-monsieur-guanlin-li\/\">Read More<\/a>\r\n\t\t\t\t\t<\/div>\r\n\t\t\t<\/div>\r\n<\/div><div class=\"wppsac-carousel-slides\">\r\n\t\r\n\t<div class=\"wppsac-post-content-position\">\r\n\t\t\t\t<div class=\"wppsac-post-categories\"><ul class=\"wppsac-post-categories-list\"><li><a href=\"https:\/\/samovar.telecom-sudparis.eu\/index.php\/category\/fra-la-une-enin-the-headlines-fr\/\">[fr]\u00c0 la une [en]In the headlines<\/a><\/li><li><a href=\"https:\/\/samovar.telecom-sudparis.eu\/index.php\/category\/fractualites-ennews-fr\/\">[fr]Actualit\u00e9s [en]News<\/a><\/li><li><a href=\"https:\/\/samovar.telecom-sudparis.eu\/index.php\/category\/animation-de-la-recherche\/journee-des-doctorants-2026\/\">Journ\u00e9e des doctorants 2026<\/a><\/li><li><a href=\"https:\/\/samovar.telecom-sudparis.eu\/index.php\/category\/seminaires-transversaux-fr\/\">S\u00e9minaires transversaux<\/a><\/li><\/ul><\/div>\r\n\t\t\r\n\t\t<h2 class=\"wppsac-post-title\">\r\n\t\t\t<a href=\"https:\/\/samovar.telecom-sudparis.eu\/index.php\/2026\/02\/11\/journee-doctorants-samovar-samovar-phd-day-2\/\">Journ\u00e9e doctorants Samovar\/ Samovar PhD day<\/a>\r\n\t\t<\/h2>\r\n\r\n\t\t\t\t<div class=\"wppsac-post-content\">\r\n\t\t\t<div class=\"wppsac-sub-content\">La 8\u00e9me \u00e9dition de la journ\u00e9e des doctorants Samovar aura lieu le jeudi 19 f\u00e9vrier 2026, \u00e0 partir de 13\u00a0h\u00a000,...<\/div>\r\n\r\n\t\t\t\t\t\t<a class=\"wppsac-readmorebtn\" href=\"https:\/\/samovar.telecom-sudparis.eu\/index.php\/2026\/02\/11\/journee-doctorants-samovar-samovar-phd-day-2\/\">Read More<\/a>\r\n\t\t\t\t\t<\/div>\r\n\t\t\t<\/div>\r\n<\/div><div class=\"wppsac-carousel-slides\">\r\n\t\r\n\t<div class=\"wppsac-post-content-position\">\r\n\t\t\t\t<div class=\"wppsac-post-categories\"><ul class=\"wppsac-post-categories-list\"><li><a href=\"https:\/\/samovar.telecom-sudparis.eu\/index.php\/category\/fractualites-ennews-fr\/\">[fr]Actualit\u00e9s [en]News<\/a><\/li><li><a href=\"https:\/\/samovar.telecom-sudparis.eu\/index.php\/category\/ness\/seminaires-ness-2013-fr\/\">S\u00e9minaires NeSS<\/a><\/li><\/ul><\/div>\r\n\t\t\r\n\t\t<h2 class=\"wppsac-post-title\">\r\n\t\t\t<a href=\"https:\/\/samovar.telecom-sudparis.eu\/index.php\/2026\/02\/05\/avis-de-soutenance-de-madame-razieh-chalehchaleh\/\">AVIS DE SOUTENANCE de Madame Razieh CHALEHCHALEH<\/a>\r\n\t\t<\/h2>\r\n\r\n\t\t\t\t<div class=\"wppsac-post-content\">\r\n\t\t\t<div class=\"wppsac-sub-content\">L'Ecole doctorale : Ecole Doctorale de l'Institut Polytechnique de Pariset le Laboratoire de recherche SAMOVAR - Services r\u00e9partis, Architectures, Mod\u00e9lisation,...<\/div>\r\n\r\n\t\t\t\t\t\t<a class=\"wppsac-readmorebtn\" href=\"https:\/\/samovar.telecom-sudparis.eu\/index.php\/2026\/02\/05\/avis-de-soutenance-de-madame-razieh-chalehchaleh\/\">Read More<\/a>\r\n\t\t\t\t\t<\/div>\r\n\t\t\t<\/div>\r\n<\/div><div class=\"wppsac-carousel-slides\">\r\n\t\r\n\t<div class=\"wppsac-post-content-position\">\r\n\t\t\t\t<div class=\"wppsac-post-categories\"><ul class=\"wppsac-post-categories-list\"><li><a href=\"https:\/\/samovar.telecom-sudparis.eu\/index.php\/category\/fractualites-ennews-fr\/\">[fr]Actualit\u00e9s [en]News<\/a><\/li><li><a href=\"https:\/\/samovar.telecom-sudparis.eu\/index.php\/category\/scn\/seminaire-scn\/\">SEMINAIRE SCN<\/a><\/li><\/ul><\/div>\r\n\t\t\r\n\t\t<h2 class=\"wppsac-post-title\">\r\n\t\t\t<a href=\"https:\/\/samovar.telecom-sudparis.eu\/index.php\/2025\/12\/05\/avis-de-soutenance-de-madame-sara-chennoufi\/\">AVIS DE SOUTENANCE de Madame Sara CHENNOUFI<\/a>\r\n\t\t<\/h2>\r\n\r\n\t\t\t\t<div class=\"wppsac-post-content\">\r\n\t\t\t<div class=\"wppsac-sub-content\">L'Ecole doctorale : Ecole Doctorale de l'Institut Polytechnique de Pariset le Laboratoire de recherche SAMOVAR - Services r\u00e9partis, Architectures, Mod\u00e9lisation,...<\/div>\r\n\r\n\t\t\t\t\t\t<a class=\"wppsac-readmorebtn\" href=\"https:\/\/samovar.telecom-sudparis.eu\/index.php\/2025\/12\/05\/avis-de-soutenance-de-madame-sara-chennoufi\/\">Read More<\/a>\r\n\t\t\t\t\t<\/div>\r\n\t\t\t<\/div>\r\n<\/div><div class=\"wppsac-carousel-slides\">\r\n\t\r\n\t<div class=\"wppsac-post-content-position\">\r\n\t\t\t\t<div class=\"wppsac-post-categories\"><ul class=\"wppsac-post-categories-list\"><li><a href=\"https:\/\/samovar.telecom-sudparis.eu\/index.php\/category\/fractualites-ennews-fr\/\">[fr]Actualit\u00e9s [en]News<\/a><\/li><li><a href=\"https:\/\/samovar.telecom-sudparis.eu\/index.php\/category\/acmes\/seminaire-acmes\/\">SEMINAIRE ACMES<\/a><\/li><\/ul><\/div>\r\n\t\t\r\n\t\t<h2 class=\"wppsac-post-title\">\r\n\t\t\t<a href=\"https:\/\/samovar.telecom-sudparis.eu\/index.php\/2025\/12\/02\/avis-de-soutenance-de-monsieur-eric-behar\/\">AVIS DE SOUTENANCE de Monsieur Eric BEHAR<\/a>\r\n\t\t<\/h2>\r\n\r\n\t\t\t\t<div class=\"wppsac-post-content\">\r\n\t\t\t<div class=\"wppsac-sub-content\">L'Ecole doctorale : Ecole Doctorale de l'Institut Polytechnique de Pariset le Laboratoire de recherche SAMOVAR - Services r\u00e9partis, Architectures, Mod\u00e9lisation,...<\/div>\r\n\r\n\t\t\t\t\t\t<a class=\"wppsac-readmorebtn\" href=\"https:\/\/samovar.telecom-sudparis.eu\/index.php\/2025\/12\/02\/avis-de-soutenance-de-monsieur-eric-behar\/\">Read More<\/a>\r\n\t\t\t\t\t<\/div>\r\n\t\t\t<\/div>\r\n<\/div>\t\t\t<\/div>\r\n\t\t<\/div>\r\n\t<\/div>\n\t\t\t\t\t\t<\/div>\n\t\t\t\t<\/div>\n\t\t\t\t\t<\/div>\n\t\t<\/div>\n\t\t\t\t\t<\/div>\n\t\t<\/section>\n\t\t\t\t<section class=\"elementor-section elementor-top-section elementor-element elementor-element-e2032e3 elementor-section-boxed elementor-section-height-default elementor-section-height-default\" data-id=\"e2032e3\" data-element_type=\"section\">\n\t\t\t\t\t\t<div class=\"elementor-container elementor-column-gap-default\">\n\t\t\t\t\t<div class=\"elementor-column elementor-col-100 elementor-top-column elementor-element elementor-element-592016a\" data-id=\"592016a\" data-element_type=\"column\">\n\t\t\t<div class=\"elementor-widget-wrap elementor-element-populated\">\n\t\t\t\t\t\t<div class=\"elementor-element elementor-element-daae2ee elementor-widget elementor-widget-heading\" data-id=\"daae2ee\" data-element_type=\"widget\" data-widget_type=\"heading.default\">\n\t\t\t\t<div class=\"elementor-widget-container\">\n\t\t\t\t\t<h2 class=\"elementor-heading-title elementor-size-default\"><a href=\"https:\/\/samdoc.wp.imt.fr\/sessions-a-venir\/\">SAMOVAR PhD students seminar <\/a><\/h2>\t\t\t\t<\/div>\n\t\t\t\t<\/div>\n\t\t\t\t\t<\/div>\n\t\t<\/div>\n\t\t\t\t\t<\/div>\n\t\t<\/section>\n\t\t\t\t<section class=\"elementor-section elementor-top-section elementor-element elementor-element-62671b4 elementor-section-boxed elementor-section-height-default elementor-section-height-default\" data-id=\"62671b4\" data-element_type=\"section\">\n\t\t\t\t\t\t<div class=\"elementor-container elementor-column-gap-default\">\n\t\t\t\t\t<div class=\"elementor-column elementor-col-100 elementor-top-column elementor-element elementor-element-7ba0d79\" data-id=\"7ba0d79\" data-element_type=\"column\">\n\t\t\t<div class=\"elementor-widget-wrap elementor-element-populated\">\n\t\t\t\t\t\t<div class=\"elementor-element elementor-element-30588f0 elementor-widget elementor-widget-text-editor\" data-id=\"30588f0\" data-element_type=\"widget\" data-widget_type=\"text-editor.default\">\n\t\t\t\t<div class=\"elementor-widget-container\">\n\t\t\t\t\t\t\t\t\t<h2 class=\"single-post-title entry-title\"><a href=\"https:\/\/samovar.telecom-sudparis.eu\/index.php\/2026\/02\/11\/journee-doctorants-samovar-samovar-phd-day-2\/\" target=\"_blank\" rel=\"noopener\">Journ\u00e9e doctorants Samovar le 19\/02\/2026 Samovar PhD day<\/a><\/h2><h1>\u00a0<\/h1>\t\t\t\t\t\t\t\t<\/div>\n\t\t\t\t<\/div>\n\t\t\t\t\t<\/div>\n\t\t<\/div>\n\t\t\t\t\t<\/div>\n\t\t<\/section>\n\t\t\t\t<\/div>\n\t\t","protected":false},"excerpt":{"rendered":"<p>SAMOVAR PhD students seminar Journ\u00e9e doctorants Samovar le 19\/02\/2026 Samovar PhD day \u00a0<\/p>\n","protected":false},"author":1,"featured_media":0,"parent":0,"menu_order":0,"comment_status":"closed","ping_status":"closed","template":"","meta":{"ocean_post_layout":"","ocean_both_sidebars_style":"","ocean_both_sidebars_content_width":0,"ocean_both_sidebars_sidebars_width":0,"ocean_sidebar":"0","ocean_second_sidebar":"0","ocean_disable_margins":"enable","ocean_add_body_class":"","ocean_shortcode_before_top_bar":"","ocean_shortcode_after_top_bar":"","ocean_shortcode_before_header":"","ocean_shortcode_after_header":"","ocean_has_shortcode":"","ocean_shortcode_after_title":"","ocean_shortcode_before_footer_widgets":"","ocean_shortcode_after_footer_widgets":"","ocean_shortcode_before_footer_bottom":"","ocean_shortcode_after_footer_bottom":"","ocean_display_top_bar":"default","ocean_display_header":"default","ocean_header_style":"","ocean_center_header_left_menu":"0","ocean_custom_header_template":"0","ocean_custom_logo":0,"ocean_custom_retina_logo":0,"ocean_custom_logo_max_width":0,"ocean_custom_logo_tablet_max_width":0,"ocean_custom_logo_mobile_max_width":0,"ocean_custom_logo_max_height":0,"ocean_custom_logo_tablet_max_height":0,"ocean_custom_logo_mobile_max_height":0,"ocean_header_custom_menu":"0","ocean_menu_typo_font_family":"0","ocean_menu_typo_font_subset":"","ocean_menu_typo_font_size":0,"ocean_menu_typo_font_size_tablet":0,"ocean_menu_typo_font_size_mobile":0,"ocean_menu_typo_font_size_unit":"px","ocean_menu_typo_font_weight":"","ocean_menu_typo_font_weight_tablet":"","ocean_menu_typo_font_weight_mobile":"","ocean_menu_typo_transform":"","ocean_menu_typo_transform_tablet":"","ocean_menu_typo_transform_mobile":"","ocean_menu_typo_line_height":0,"ocean_menu_typo_line_height_tablet":0,"ocean_menu_typo_line_height_mobile":0,"ocean_menu_typo_line_height_unit":"","ocean_menu_typo_spacing":0,"ocean_menu_typo_spacing_tablet":0,"ocean_menu_typo_spacing_mobile":0,"ocean_menu_typo_spacing_unit":"","ocean_menu_link_color":"","ocean_menu_link_color_hover":"","ocean_menu_link_color_active":"","ocean_menu_link_background":"","ocean_menu_link_hover_background":"","ocean_menu_link_active_background":"","ocean_menu_social_links_bg":"","ocean_menu_social_hover_links_bg":"","ocean_menu_social_links_color":"","ocean_menu_social_hover_links_color":"","ocean_disable_title":"default","ocean_disable_heading":"default","ocean_post_title":"","ocean_post_subheading":"","ocean_post_title_style":"","ocean_post_title_background_color":"","ocean_post_title_background":0,"ocean_post_title_bg_image_position":"","ocean_post_title_bg_image_attachment":"","ocean_post_title_bg_image_repeat":"","ocean_post_title_bg_image_size":"","ocean_post_title_height":0,"ocean_post_title_bg_overlay":0.5,"ocean_post_title_bg_overlay_color":"","ocean_disable_breadcrumbs":"default","ocean_breadcrumbs_color":"","ocean_breadcrumbs_separator_color":"","ocean_breadcrumbs_links_color":"","ocean_breadcrumbs_links_hover_color":"","ocean_display_footer_widgets":"default","ocean_display_footer_bottom":"default","ocean_custom_footer_template":"0","footnotes":""},"class_list":["post-2727","page","type-page","status-publish","hentry","entry"],"_links":{"self":[{"href":"https:\/\/samovar.telecom-sudparis.eu\/index.php\/wp-json\/wp\/v2\/pages\/2727","targetHints":{"allow":["GET"]}}],"collection":[{"href":"https:\/\/samovar.telecom-sudparis.eu\/index.php\/wp-json\/wp\/v2\/pages"}],"about":[{"href":"https:\/\/samovar.telecom-sudparis.eu\/index.php\/wp-json\/wp\/v2\/types\/page"}],"author":[{"embeddable":true,"href":"https:\/\/samovar.telecom-sudparis.eu\/index.php\/wp-json\/wp\/v2\/users\/1"}],"replies":[{"embeddable":true,"href":"https:\/\/samovar.telecom-sudparis.eu\/index.php\/wp-json\/wp\/v2\/comments?post=2727"}],"version-history":[{"count":71,"href":"https:\/\/samovar.telecom-sudparis.eu\/index.php\/wp-json\/wp\/v2\/pages\/2727\/revisions"}],"predecessor-version":[{"id":7146,"href":"https:\/\/samovar.telecom-sudparis.eu\/index.php\/wp-json\/wp\/v2\/pages\/2727\/revisions\/7146"}],"wp:attachment":[{"href":"https:\/\/samovar.telecom-sudparis.eu\/index.php\/wp-json\/wp\/v2\/media?parent=2727"}],"curies":[{"name":"wp","href":"https:\/\/api.w.org\/{rel}","templated":true}]}}