{"id":2438,"date":"2020-08-10T13:30:15","date_gmt":"2020-08-10T11:30:15","guid":{"rendered":"https:\/\/samovar2022.int-evry.fr\/?page_id=2438"},"modified":"2025-01-08T18:03:04","modified_gmt":"2025-01-08T17:03:04","slug":"acmes-2","status":"publish","type":"page","link":"https:\/\/samovar.telecom-sudparis.eu\/index.php\/acmes-2\/","title":{"rendered":"ACMES"},"content":{"rendered":"\t\t<div data-elementor-type=\"wp-page\" data-elementor-id=\"2438\" class=\"elementor elementor-2438\">\n\t\t\t\t\t\t<section class=\"elementor-section elementor-top-section elementor-element elementor-element-17ff026 elementor-section-boxed elementor-section-height-default elementor-section-height-default\" data-id=\"17ff026\" data-element_type=\"section\">\n\t\t\t\t\t\t<div class=\"elementor-container elementor-column-gap-default\">\n\t\t\t\t\t<div class=\"elementor-column elementor-col-50 elementor-top-column elementor-element elementor-element-ae161db\" data-id=\"ae161db\" data-element_type=\"column\">\n\t\t\t<div class=\"elementor-widget-wrap elementor-element-populated\">\n\t\t\t\t\t\t<div class=\"elementor-element elementor-element-598e3f8 elementor-widget elementor-widget-heading\" data-id=\"598e3f8\" data-element_type=\"widget\" data-widget_type=\"heading.default\">\n\t\t\t\t<div class=\"elementor-widget-container\">\n\t\t\t\t\t<h2 class=\"elementor-heading-title elementor-size-default\">ACMES (Algorithmes, Composants, Mod\u00e8les Et Services pour l\u2019informatique r\u00e9partie)<\/h2>\t\t\t\t<\/div>\n\t\t\t\t<\/div>\n\t\t\t\t<div class=\"elementor-element elementor-element-592aab2 elementor-widget elementor-widget-text-editor\" data-id=\"592aab2\" data-element_type=\"widget\" data-widget_type=\"text-editor.default\">\n\t\t\t\t<div class=\"elementor-widget-container\">\n\t\t\t\t\t\t\t\t\t<p><\/p>\n<p>Responsable de l&rsquo;\u00e9quipe: <a href=\"https:\/\/samovar.telecom-sudparis.eu\/index.php\/acmes-2\/walid-gaaloul-2\/\"><i>Walid Gaaloul<\/i><\/a><\/p>\n<p>ACMES est une \u00e9quipe qui m\u00e8ne diverses recherches en informatique sur les sujets suivants : les architectures logicielles (middleware, service, Cloud), la gestion et la fouille des processus m\u00e9tiers, la gestion des donn\u00e9es, la mod\u00e9lisation des raisonnements et l\u2019extraction des connaissances (fouille, apprentissage).<\/p>\n<p>L\u2019\u00e9quipe s\u2019int\u00e9resse principalement \u00e0 trois challenges associ\u00e9s aux caract\u00e9ristiques de ces infrastructures logicielles : (1) la complexit\u00e9 des architectures et des piles logicielles et (2) le caract\u00e8re dynamique des infrastructures et des donn\u00e9es massives et h\u00e9t\u00e9rog\u00e8nes v\u00e9hicul\u00e9es par ces infrastructures (3) la v\u00e9rification, preuve et test de la pile logiciel. Elle est organis\u00e9e en trois grands axes :<\/p>\n<p><strong>G\u00e9nie logiciel et intergiciel<\/strong> : la complexit\u00e9, l\u2019h\u00e9t\u00e9rog\u00e9n\u00e9it\u00e9 et la dynamicit\u00e9 inh\u00e9rente aux infrastructures mat\u00e9rielles et logicielles rendent les codes difficiles \u00e0 \u00e9crire et \u00e0 maintenir. Il devient donc n\u00e9cessaire de proposer de nouveaux intergiciels et mod\u00e8les pour simplifier la conception des applications.<\/p>\n<p><strong>Donn\u00e9es et connaissances<\/strong> : automatiser ou effectuer des pr\u00e9dictions efficaces n\u00e9cessite de collecter et de traiter de grands volumes de donn\u00e9es h\u00e9t\u00e9rog\u00e8nes, et il est donc n\u00e9cessaire de proposer et d\u2019\u00e9tudier de nouveaux algorithmes permettant de collecter et traiter efficacement ces donn\u00e9es.<\/p>\n<p><b>M\u00e9thodes formelles<\/b> :&nbsp;la v\u00e9rification, la preuve formelle, le test et le monitoring des architectures logicielles et leurs domaines applicatifs (syst\u00e8mes complexes et critiques, d\u00e9tection d\u2019intrusion, lignes de produits logiciels) pour garantir leur correction et fiabilit\u00e9.<\/p>\n<p><\/p>\n<p><\/p>\n<p><br><\/p>\n<p><\/p>\n<p><\/p>\n<p><\/p>\n<p><\/p>\n<p><\/p>\n<p><\/p>\n<p><\/p>\n<p><\/p>\t\t\t\t\t\t\t\t<\/div>\n\t\t\t\t<\/div>\n\t\t\t\t<section class=\"elementor-section elementor-inner-section elementor-element elementor-element-edd19b4 elementor-section-boxed elementor-section-height-default elementor-section-height-default\" data-id=\"edd19b4\" data-element_type=\"section\">\n\t\t\t\t\t\t<div class=\"elementor-container elementor-column-gap-default\">\n\t\t\t\t\t<div class=\"elementor-column elementor-col-50 elementor-inner-column elementor-element elementor-element-6e645f3\" data-id=\"6e645f3\" data-element_type=\"column\">\n\t\t\t<div class=\"elementor-widget-wrap elementor-element-populated\">\n\t\t\t\t\t\t<div class=\"elementor-element elementor-element-6629e63 elementor-align-center elementor-widget elementor-widget-button\" data-id=\"6629e63\" data-element_type=\"widget\" data-widget_type=\"button.default\">\n\t\t\t\t<div class=\"elementor-widget-container\">\n\t\t\t\t\t\t\t\t\t<div class=\"elementor-button-wrapper\">\n\t\t\t\t\t<a class=\"elementor-button elementor-button-link elementor-size-sm\" href=\"index.php\/2020\/08\/31\/acmes-les-membres-de-lequipe\/\">\n\t\t\t\t\t\t<span class=\"elementor-button-content-wrapper\">\n\t\t\t\t\t\t\t\t\t<span class=\"elementor-button-text\">Les membres de l'\u00e9quipe<\/span>\n\t\t\t\t\t<\/span>\n\t\t\t\t\t<\/a>\n\t\t\t\t<\/div>\n\t\t\t\t\t\t\t\t<\/div>\n\t\t\t\t<\/div>\n\t\t\t\t\t<\/div>\n\t\t<\/div>\n\t\t\t\t<div class=\"elementor-column elementor-col-50 elementor-inner-column elementor-element elementor-element-1c0c2ca\" data-id=\"1c0c2ca\" data-element_type=\"column\">\n\t\t\t<div class=\"elementor-widget-wrap elementor-element-populated\">\n\t\t\t\t\t\t<div class=\"elementor-element elementor-element-92e96cd elementor-align-center elementor-widget elementor-widget-button\" data-id=\"92e96cd\" data-element_type=\"widget\" data-widget_type=\"button.default\">\n\t\t\t\t<div class=\"elementor-widget-container\">\n\t\t\t\t\t\t\t\t\t<div class=\"elementor-button-wrapper\">\n\t\t\t\t\t<a class=\"elementor-button elementor-button-link elementor-size-sm\" href=\"https:\/\/hal.science\/TELECOM-SUDPARIS\/search\/index\/?q=%2A&#038;rows=30&#038;structId_i=442703\">\n\t\t\t\t\t\t<span class=\"elementor-button-content-wrapper\">\n\t\t\t\t\t\t\t\t\t<span class=\"elementor-button-text\">Les publications<\/span>\n\t\t\t\t\t<\/span>\n\t\t\t\t\t<\/a>\n\t\t\t\t<\/div>\n\t\t\t\t\t\t\t\t<\/div>\n\t\t\t\t<\/div>\n\t\t\t\t\t<\/div>\n\t\t<\/div>\n\t\t\t\t\t<\/div>\n\t\t<\/section>\n\t\t\t\t\t<\/div>\n\t\t<\/div>\n\t\t\t\t<div class=\"elementor-column elementor-col-50 elementor-top-column elementor-element elementor-element-c653f4a\" data-id=\"c653f4a\" data-element_type=\"column\">\n\t\t\t<div class=\"elementor-widget-wrap elementor-element-populated\">\n\t\t\t\t\t\t<div class=\"elementor-element elementor-element-11e1d62 elementor-widget elementor-widget-image\" data-id=\"11e1d62\" data-element_type=\"widget\" data-widget_type=\"image.default\">\n\t\t\t\t<div class=\"elementor-widget-container\">\n\t\t\t\t\t\t\t\t\t\t\t\t\t\t\t<img fetchpriority=\"high\" decoding=\"async\" width=\"1024\" height=\"768\" src=\"https:\/\/samovar.telecom-sudparis.eu\/wp-content\/uploads\/2020\/09\/cloudAcmes.png\" class=\"attachment-large size-large wp-image-3008\" alt=\"\" srcset=\"https:\/\/samovar.telecom-sudparis.eu\/wp-content\/uploads\/2020\/09\/cloudAcmes.png 1024w, https:\/\/samovar.telecom-sudparis.eu\/wp-content\/uploads\/2020\/09\/cloudAcmes-300x225.png 300w, https:\/\/samovar.telecom-sudparis.eu\/wp-content\/uploads\/2020\/09\/cloudAcmes-768x576.png 768w\" sizes=\"(max-width: 1024px) 100vw, 1024px\" \/>\t\t\t\t\t\t\t\t\t\t\t\t\t\t\t<\/div>\n\t\t\t\t<\/div>\n\t\t\t\t<div class=\"elementor-element elementor-element-74d222d elementor-widget elementor-widget-text-editor\" data-id=\"74d222d\" data-element_type=\"widget\" data-widget_type=\"text-editor.default\">\n\t\t\t\t<div class=\"elementor-widget-container\">\n\t\t\t\t\t\t\t\t\t<h4 class=\"elementor-heading-title elementor-size-default elementor-inline-editing pen\" style=\"font-variant-ligatures: normal; font-variant-caps: normal; font-family: 'Times New Roman', sans-serif; font-size: 40px; font-style: normal; font-weight: 300; color: #9c5b69;\" spellcheck=\"false\" data-elementor-setting-key=\"title\" data-pen-placeholder=\"\u00c9crivez ici...\" data-lt-tmp-id=\"lt-607254\" data-gramm=\"false\">Actualit\u00e9s<\/h4>\t\t\t\t\t\t\t\t<\/div>\n\t\t\t\t<\/div>\n\t\t\t\t<div class=\"elementor-element elementor-element-e7b1243 elementor-widget elementor-widget-shortcode\" data-id=\"e7b1243\" data-element_type=\"widget\" data-widget_type=\"shortcode.default\">\n\t\t\t\t<div class=\"elementor-widget-container\">\n\t\t\t\t\t\t\t<div class=\"elementor-shortcode\">\t\t<div class=\"wppsac-wrap wppsac-slick-carousel-wrp wppsac-clearfix \" data-conf=\"{&quot;slides_to_show&quot;:&quot;2&quot;,&quot;slides_to_scroll&quot;:1,&quot;dots&quot;:&quot;true&quot;,&quot;arrows&quot;:&quot;true&quot;,&quot;autoplay&quot;:&quot;true&quot;,&quot;autoplay_interval&quot;:3000,&quot;speed&quot;:500,&quot;rtl&quot;:&quot;false&quot;,&quot;lazyload&quot;:&quot;&quot;}\">\r\n\t\t\t<div id=\"wppsac-post-carousel-1\" class=\"wppsac-post-slider-init wppsac-post-carousel design-1\">\r\n\t\t\t\t<div class=\"wppsac-carousel-slides\">\r\n\t\r\n\t<div class=\"wppsac-post-content-position\">\r\n\t\t\t\t<div class=\"wppsac-post-categories\"><ul class=\"wppsac-post-categories-list\"><li><a href=\"https:\/\/samovar.telecom-sudparis.eu\/index.php\/category\/fractualites-ennews-fr\/\">[fr]Actualit\u00e9s [en]News<\/a><\/li><li><a href=\"https:\/\/samovar.telecom-sudparis.eu\/index.php\/category\/acmes\/seminaire-acmes\/\">SEMINAIRE ACMES<\/a><\/li><\/ul><\/div>\r\n\t\t\r\n\t\t<h2 class=\"wppsac-post-title\">\r\n\t\t\t<a href=\"https:\/\/samovar.telecom-sudparis.eu\/index.php\/2026\/04\/27\/seminaire-acmes-presente-par-le-pr-ali-ouni-e-lab-stil-le-22-05-2026\/\">S\u00e9minaire ACMES pr\u00e9sent\u00e9 par le Pr. Ali Ouni, Lab. (STIL) le 22\/05\/2026<\/a>\r\n\t\t<\/h2>\r\n\r\n\t\t\t\t<div class=\"wppsac-post-content\">\r\n\t\t\t<div class=\"wppsac-sub-content\">Quand: le vendredi 22 mai \u00e0 10h00 O\u00f9: C06, Evry Title: Agentic AI in Software Engineering: From Automation Gains to...<\/div>\r\n\r\n\t\t\t\t\t\t<a class=\"wppsac-readmorebtn\" href=\"https:\/\/samovar.telecom-sudparis.eu\/index.php\/2026\/04\/27\/seminaire-acmes-presente-par-le-pr-ali-ouni-e-lab-stil-le-22-05-2026\/\">Read More<\/a>\r\n\t\t\t\t\t<\/div>\r\n\t\t\t<\/div>\r\n<\/div><div class=\"wppsac-carousel-slides\">\r\n\t\r\n\t<div class=\"wppsac-post-content-position\">\r\n\t\t\t\t<div class=\"wppsac-post-categories\"><ul class=\"wppsac-post-categories-list\"><li><a href=\"https:\/\/samovar.telecom-sudparis.eu\/index.php\/category\/fractualites-ennews-fr\/\">[fr]Actualit\u00e9s [en]News<\/a><\/li><li><a href=\"https:\/\/samovar.telecom-sudparis.eu\/index.php\/category\/acmes\/seminaire-acmes\/\">SEMINAIRE ACMES<\/a><\/li><\/ul><\/div>\r\n\t\t\r\n\t\t<h2 class=\"wppsac-post-title\">\r\n\t\t\t<a href=\"https:\/\/samovar.telecom-sudparis.eu\/index.php\/2025\/12\/02\/avis-de-soutenance-de-monsieur-eric-behar\/\">AVIS DE SOUTENANCE de Monsieur Eric BEHAR<\/a>\r\n\t\t<\/h2>\r\n\r\n\t\t\t\t<div class=\"wppsac-post-content\">\r\n\t\t\t<div class=\"wppsac-sub-content\">L'Ecole doctorale : Ecole Doctorale de l'Institut Polytechnique de Pariset le Laboratoire de recherche SAMOVAR - Services r\u00e9partis, Architectures, Mod\u00e9lisation,...<\/div>\r\n\r\n\t\t\t\t\t\t<a class=\"wppsac-readmorebtn\" href=\"https:\/\/samovar.telecom-sudparis.eu\/index.php\/2025\/12\/02\/avis-de-soutenance-de-monsieur-eric-behar\/\">Read More<\/a>\r\n\t\t\t\t\t<\/div>\r\n\t\t\t<\/div>\r\n<\/div><div class=\"wppsac-carousel-slides\">\r\n\t\r\n\t<div class=\"wppsac-post-content-position\">\r\n\t\t\t\t<div class=\"wppsac-post-categories\"><ul class=\"wppsac-post-categories-list\"><li><a href=\"https:\/\/samovar.telecom-sudparis.eu\/index.php\/category\/fractualites-ennews-fr\/\">[fr]Actualit\u00e9s [en]News<\/a><\/li><li><a href=\"https:\/\/samovar.telecom-sudparis.eu\/index.php\/category\/acmes\/seminaire-acmes\/\">SEMINAIRE ACMES<\/a><\/li><\/ul><\/div>\r\n\t\t\r\n\t\t<h2 class=\"wppsac-post-title\">\r\n\t\t\t<a href=\"https:\/\/samovar.telecom-sudparis.eu\/index.php\/2025\/11\/12\/new-paper-at-emnlp25-btc-sam\/\">New paper at EMNLP\u201925 \u201cBTC-SAM<\/a>\r\n\t\t<\/h2>\r\n\r\n\t\t\t\t<div class=\"wppsac-post-content\">\r\n\t\t\t<div class=\"wppsac-sub-content\">New paper at EMNLP\u201925 \u201cBTC-SAM: Leveraging LLMs for Generation of Bias Test Cases for Sentiment Analysis Models\u201d from Zsolt T....<\/div>\r\n\r\n\t\t\t\t\t\t<a class=\"wppsac-readmorebtn\" href=\"https:\/\/samovar.telecom-sudparis.eu\/index.php\/2025\/11\/12\/new-paper-at-emnlp25-btc-sam\/\">Read More<\/a>\r\n\t\t\t\t\t<\/div>\r\n\t\t\t<\/div>\r\n<\/div><div class=\"wppsac-carousel-slides\">\r\n\t\r\n\t<div class=\"wppsac-post-content-position\">\r\n\t\t\t\t<div class=\"wppsac-post-categories\"><ul class=\"wppsac-post-categories-list\"><li><a href=\"https:\/\/samovar.telecom-sudparis.eu\/index.php\/category\/fractualites-ennews-fr\/\">[fr]Actualit\u00e9s [en]News<\/a><\/li><li><a href=\"https:\/\/samovar.telecom-sudparis.eu\/index.php\/category\/acmes\/seminaire-acmes\/\">SEMINAIRE ACMES<\/a><\/li><\/ul><\/div>\r\n\t\t\r\n\t\t<h2 class=\"wppsac-post-title\">\r\n\t\t\t<a href=\"https:\/\/samovar.telecom-sudparis.eu\/index.php\/2025\/11\/12\/best-student-paper-award\/\">Best Student Paper Award<\/a>\r\n\t\t<\/h2>\r\n\r\n\t\t\t\t<div class=\"wppsac-post-content\">\r\n\t\t\t<div class=\"wppsac-sub-content\">for the paper entitled: Extracting Object-Centric Event Logs from Incident Data Using Large Language Modelsauthored by:Ahmed Takiy Eddine Hamdi, Marwa...<\/div>\r\n\r\n\t\t\t\t\t\t<a class=\"wppsac-readmorebtn\" href=\"https:\/\/samovar.telecom-sudparis.eu\/index.php\/2025\/11\/12\/best-student-paper-award\/\">Read More<\/a>\r\n\t\t\t\t\t<\/div>\r\n\t\t\t<\/div>\r\n<\/div><div class=\"wppsac-carousel-slides\">\r\n\t\r\n\t<div class=\"wppsac-post-content-position\">\r\n\t\t\t\t<div class=\"wppsac-post-categories\"><ul class=\"wppsac-post-categories-list\"><li><a href=\"https:\/\/samovar.telecom-sudparis.eu\/index.php\/category\/fractualites-ennews-fr\/\">[fr]Actualit\u00e9s [en]News<\/a><\/li><li><a href=\"https:\/\/samovar.telecom-sudparis.eu\/index.php\/category\/acmes\/seminaire-acmes\/\">SEMINAIRE ACMES<\/a><\/li><\/ul><\/div>\r\n\t\t\r\n\t\t<h2 class=\"wppsac-post-title\">\r\n\t\t\t<a href=\"https:\/\/samovar.telecom-sudparis.eu\/index.php\/2025\/06\/03\/avis-de-soutenance-de-monsieur-ali-nour-eldin\/\">AVIS DE SOUTENANCE de Monsieur Ali NOUR ELDIN<\/a>\r\n\t\t<\/h2>\r\n\r\n\t\t\t\t<div class=\"wppsac-post-content\">\r\n\t\t\t<div class=\"wppsac-sub-content\">L'Ecole doctorale : Ecole Doctorale de l'Institut Polytechnique de Pariset le Laboratoire de recherche SAMOVAR - Services r\u00e9partis, Architectures, Mod\u00e9lisation,...<\/div>\r\n\r\n\t\t\t\t\t\t<a class=\"wppsac-readmorebtn\" href=\"https:\/\/samovar.telecom-sudparis.eu\/index.php\/2025\/06\/03\/avis-de-soutenance-de-monsieur-ali-nour-eldin\/\">Read More<\/a>\r\n\t\t\t\t\t<\/div>\r\n\t\t\t<\/div>\r\n<\/div><div class=\"wppsac-carousel-slides\">\r\n\t\r\n\t<div class=\"wppsac-post-content-position\">\r\n\t\t\t\t<div class=\"wppsac-post-categories\"><ul class=\"wppsac-post-categories-list\"><li><a href=\"https:\/\/samovar.telecom-sudparis.eu\/index.php\/category\/fractualites-ennews-fr\/\">[fr]Actualit\u00e9s [en]News<\/a><\/li><li><a href=\"https:\/\/samovar.telecom-sudparis.eu\/index.php\/category\/acmes\/seminaire-acmes\/\">SEMINAIRE ACMES<\/a><\/li><\/ul><\/div>\r\n\t\t\r\n\t\t<h2 class=\"wppsac-post-title\">\r\n\t\t\t<a href=\"https:\/\/samovar.telecom-sudparis.eu\/index.php\/2024\/12\/09\/avis-de-soutenance-de-monsieur-houssam-hajj-hassan\/\">AVIS DE SOUTENANCE de Monsieur Houssam HAJJ HASSAN<\/a>\r\n\t\t<\/h2>\r\n\r\n\t\t\t\t<div class=\"wppsac-post-content\">\r\n\t\t\t<div class=\"wppsac-sub-content\">L'Ecole doctorale : Ecole Doctorale de l'Institut Polytechnique de Pariset le Laboratoire de recherche SAMOVAR - Services r\u00e9partis, Architectures, Mod\u00e9lisation,...<\/div>\r\n\r\n\t\t\t\t\t\t<a class=\"wppsac-readmorebtn\" href=\"https:\/\/samovar.telecom-sudparis.eu\/index.php\/2024\/12\/09\/avis-de-soutenance-de-monsieur-houssam-hajj-hassan\/\">Read More<\/a>\r\n\t\t\t\t\t<\/div>\r\n\t\t\t<\/div>\r\n<\/div><div class=\"wppsac-carousel-slides\">\r\n\t\r\n\t<div class=\"wppsac-post-content-position\">\r\n\t\t\t\t<div class=\"wppsac-post-categories\"><ul class=\"wppsac-post-categories-list\"><li><a href=\"https:\/\/samovar.telecom-sudparis.eu\/index.php\/category\/fractualites-ennews-fr\/\">[fr]Actualit\u00e9s [en]News<\/a><\/li><li><a href=\"https:\/\/samovar.telecom-sudparis.eu\/index.php\/category\/acmes\/seminaire-acmes\/\">SEMINAIRE ACMES<\/a><\/li><\/ul><\/div>\r\n\t\t\r\n\t\t<h2 class=\"wppsac-post-title\">\r\n\t\t\t<a href=\"https:\/\/samovar.telecom-sudparis.eu\/index.php\/2024\/10\/17\/avis-de-soutenance-de-madame-wafaa-mebrek\/\">AVIS DE SOUTENANCE de Madame Wafaa MEBREK<\/a>\r\n\t\t<\/h2>\r\n\r\n\t\t\t\t<div class=\"wppsac-post-content\">\r\n\t\t\t<div class=\"wppsac-sub-content\">L'Ecole doctorale : Ecole Doctorale de l'Institut Polytechnique de Pariset le Laboratoire de recherche SAMOVAR - Services r\u00e9partis, Architectures, Mod\u00e9lisation,...<\/div>\r\n\r\n\t\t\t\t\t\t<a class=\"wppsac-readmorebtn\" href=\"https:\/\/samovar.telecom-sudparis.eu\/index.php\/2024\/10\/17\/avis-de-soutenance-de-madame-wafaa-mebrek\/\">Read More<\/a>\r\n\t\t\t\t\t<\/div>\r\n\t\t\t<\/div>\r\n<\/div><div class=\"wppsac-carousel-slides\">\r\n\t\r\n\t<div class=\"wppsac-post-content-position\">\r\n\t\t\t\t<div class=\"wppsac-post-categories\"><ul class=\"wppsac-post-categories-list\"><li><a href=\"https:\/\/samovar.telecom-sudparis.eu\/index.php\/category\/fractualites-ennews-fr\/\">[fr]Actualit\u00e9s [en]News<\/a><\/li><li><a href=\"https:\/\/samovar.telecom-sudparis.eu\/index.php\/category\/acmes\/seminaire-acmes\/\">SEMINAIRE ACMES<\/a><\/li><\/ul><\/div>\r\n\t\t\r\n\t\t<h2 class=\"wppsac-post-title\">\r\n\t\t\t<a href=\"https:\/\/samovar.telecom-sudparis.eu\/index.php\/2024\/10\/03\/avis-de-soutenance-de-monsieur-ralph-bou-nader\/\">AVIS DE SOUTENANCE de Monsieur Ralph BOU NADER<\/a>\r\n\t\t<\/h2>\r\n\r\n\t\t\t\t<div class=\"wppsac-post-content\">\r\n\t\t\t<div class=\"wppsac-sub-content\">L'Ecole doctorale : Ecole Doctorale de l'Institut Polytechnique de Pariset le Laboratoire de recherche pr\u00e9sentent l\u2019AVIS DE SOUTENANCE de Monsieur...<\/div>\r\n\r\n\t\t\t\t\t\t<a class=\"wppsac-readmorebtn\" href=\"https:\/\/samovar.telecom-sudparis.eu\/index.php\/2024\/10\/03\/avis-de-soutenance-de-monsieur-ralph-bou-nader\/\">Read More<\/a>\r\n\t\t\t\t\t<\/div>\r\n\t\t\t<\/div>\r\n<\/div>\t\t\t<\/div>\r\n\t\t<\/div>\r\n\t<\/div>\n\t\t\t\t\t\t<\/div>\n\t\t\t\t<\/div>\n\t\t\t\t\t<\/div>\n\t\t<\/div>\n\t\t\t\t\t<\/div>\n\t\t<\/section>\n\t\t\t\t<section class=\"elementor-section elementor-top-section elementor-element elementor-element-82b487e elementor-section-boxed elementor-section-height-default elementor-section-height-default\" data-id=\"82b487e\" data-element_type=\"section\">\n\t\t\t\t\t\t<div class=\"elementor-container elementor-column-gap-default\">\n\t\t\t\t\t<div class=\"elementor-column elementor-col-100 elementor-top-column elementor-element elementor-element-86892fd\" data-id=\"86892fd\" data-element_type=\"column\">\n\t\t\t<div class=\"elementor-widget-wrap elementor-element-populated\">\n\t\t\t\t\t\t\t<\/div>\n\t\t<\/div>\n\t\t\t\t\t<\/div>\n\t\t<\/section>\n\t\t\t\t<section class=\"elementor-section elementor-top-section elementor-element elementor-element-e7a9ea8 elementor-section-boxed elementor-section-height-default elementor-section-height-default\" data-id=\"e7a9ea8\" data-element_type=\"section\">\n\t\t\t\t\t\t<div class=\"elementor-container elementor-column-gap-default\">\n\t\t\t\t\t<div class=\"elementor-column elementor-col-100 elementor-top-column elementor-element elementor-element-0d0026f\" data-id=\"0d0026f\" data-element_type=\"column\">\n\t\t\t<div class=\"elementor-widget-wrap elementor-element-populated\">\n\t\t\t\t\t\t<section class=\"elementor-section elementor-inner-section elementor-element elementor-element-b632d16 elementor-section-boxed elementor-section-height-default elementor-section-height-default\" data-id=\"b632d16\" data-element_type=\"section\">\n\t\t\t\t\t\t<div class=\"elementor-container elementor-column-gap-default\">\n\t\t\t\t\t<div class=\"elementor-column elementor-col-50 elementor-inner-column elementor-element elementor-element-0773a57\" data-id=\"0773a57\" data-element_type=\"column\">\n\t\t\t<div class=\"elementor-widget-wrap\">\n\t\t\t\t\t\t\t<\/div>\n\t\t<\/div>\n\t\t\t\t<div class=\"elementor-column elementor-col-50 elementor-inner-column elementor-element elementor-element-daba719\" data-id=\"daba719\" data-element_type=\"column\">\n\t\t\t<div class=\"elementor-widget-wrap\">\n\t\t\t\t\t\t\t<\/div>\n\t\t<\/div>\n\t\t\t\t\t<\/div>\n\t\t<\/section>\n\t\t\t\t\t<\/div>\n\t\t<\/div>\n\t\t\t\t\t<\/div>\n\t\t<\/section>\n\t\t\t\t<\/div>\n\t\t","protected":false},"excerpt":{"rendered":"<p>ACMES (Algorithmes, Composants, Mod\u00e8les Et Services pour l\u2019informatique r\u00e9partie) Responsable de l&rsquo;\u00e9quipe: Walid Gaaloul ACMES est une \u00e9quipe qui m\u00e8ne diverses recherches en informatique sur les sujets suivants : les architectures logicielles (middleware, service, Cloud), la gestion et la fouille des processus m\u00e9tiers, la gestion des donn\u00e9es, la mod\u00e9lisation des raisonnements et l\u2019extraction des connaissances [&hellip;]<\/p>\n","protected":false},"author":1,"featured_media":0,"parent":0,"menu_order":0,"comment_status":"closed","ping_status":"closed","template":"","meta":{"ocean_post_layout":"","ocean_both_sidebars_style":"","ocean_both_sidebars_content_width":0,"ocean_both_sidebars_sidebars_width":0,"ocean_sidebar":"0","ocean_second_sidebar":"0","ocean_disable_margins":"enable","ocean_add_body_class":"","ocean_shortcode_before_top_bar":"","ocean_shortcode_after_top_bar":"","ocean_shortcode_before_header":"","ocean_shortcode_after_header":"","ocean_has_shortcode":"","ocean_shortcode_after_title":"","ocean_shortcode_before_footer_widgets":"","ocean_shortcode_after_footer_widgets":"","ocean_shortcode_before_footer_bottom":"","ocean_shortcode_after_footer_bottom":"","ocean_display_top_bar":"default","ocean_display_header":"default","ocean_header_style":"","ocean_center_header_left_menu":"0","ocean_custom_header_template":"0","ocean_custom_logo":0,"ocean_custom_retina_logo":0,"ocean_custom_logo_max_width":0,"ocean_custom_logo_tablet_max_width":0,"ocean_custom_logo_mobile_max_width":0,"ocean_custom_logo_max_height":0,"ocean_custom_logo_tablet_max_height":0,"ocean_custom_logo_mobile_max_height":0,"ocean_header_custom_menu":"0","ocean_menu_typo_font_family":"0","ocean_menu_typo_font_subset":"","ocean_menu_typo_font_size":0,"ocean_menu_typo_font_size_tablet":0,"ocean_menu_typo_font_size_mobile":0,"ocean_menu_typo_font_size_unit":"px","ocean_menu_typo_font_weight":"","ocean_menu_typo_font_weight_tablet":"","ocean_menu_typo_font_weight_mobile":"","ocean_menu_typo_transform":"","ocean_menu_typo_transform_tablet":"","ocean_menu_typo_transform_mobile":"","ocean_menu_typo_line_height":0,"ocean_menu_typo_line_height_tablet":0,"ocean_menu_typo_line_height_mobile":0,"ocean_menu_typo_line_height_unit":"","ocean_menu_typo_spacing":0,"ocean_menu_typo_spacing_tablet":0,"ocean_menu_typo_spacing_mobile":0,"ocean_menu_typo_spacing_unit":"","ocean_menu_link_color":"","ocean_menu_link_color_hover":"","ocean_menu_link_color_active":"","ocean_menu_link_background":"","ocean_menu_link_hover_background":"","ocean_menu_link_active_background":"","ocean_menu_social_links_bg":"","ocean_menu_social_hover_links_bg":"","ocean_menu_social_links_color":"","ocean_menu_social_hover_links_color":"","ocean_disable_title":"default","ocean_disable_heading":"default","ocean_post_title":"","ocean_post_subheading":"","ocean_post_title_style":"","ocean_post_title_background_color":"","ocean_post_title_background":0,"ocean_post_title_bg_image_position":"","ocean_post_title_bg_image_attachment":"","ocean_post_title_bg_image_repeat":"","ocean_post_title_bg_image_size":"","ocean_post_title_height":0,"ocean_post_title_bg_overlay":0.5,"ocean_post_title_bg_overlay_color":"","ocean_disable_breadcrumbs":"default","ocean_breadcrumbs_color":"","ocean_breadcrumbs_separator_color":"","ocean_breadcrumbs_links_color":"","ocean_breadcrumbs_links_hover_color":"","ocean_display_footer_widgets":"default","ocean_display_footer_bottom":"default","ocean_custom_footer_template":"0","footnotes":""},"class_list":["post-2438","page","type-page","status-publish","hentry","entry"],"_links":{"self":[{"href":"https:\/\/samovar.telecom-sudparis.eu\/index.php\/wp-json\/wp\/v2\/pages\/2438","targetHints":{"allow":["GET"]}}],"collection":[{"href":"https:\/\/samovar.telecom-sudparis.eu\/index.php\/wp-json\/wp\/v2\/pages"}],"about":[{"href":"https:\/\/samovar.telecom-sudparis.eu\/index.php\/wp-json\/wp\/v2\/types\/page"}],"author":[{"embeddable":true,"href":"https:\/\/samovar.telecom-sudparis.eu\/index.php\/wp-json\/wp\/v2\/users\/1"}],"replies":[{"embeddable":true,"href":"https:\/\/samovar.telecom-sudparis.eu\/index.php\/wp-json\/wp\/v2\/comments?post=2438"}],"version-history":[{"count":136,"href":"https:\/\/samovar.telecom-sudparis.eu\/index.php\/wp-json\/wp\/v2\/pages\/2438\/revisions"}],"predecessor-version":[{"id":6757,"href":"https:\/\/samovar.telecom-sudparis.eu\/index.php\/wp-json\/wp\/v2\/pages\/2438\/revisions\/6757"}],"wp:attachment":[{"href":"https:\/\/samovar.telecom-sudparis.eu\/index.php\/wp-json\/wp\/v2\/media?parent=2438"}],"curies":[{"name":"wp","href":"https:\/\/api.w.org\/{rel}","templated":true}]}}