{"id":1366,"date":"2020-07-03T15:57:58","date_gmt":"2020-07-03T13:57:58","guid":{"rendered":"https:\/\/samovar2022.int-evry.fr\/?page_id=1366"},"modified":"2022-09-05T16:00:01","modified_gmt":"2022-09-05T14:00:01","slug":"venir-a-samovar","status":"publish","type":"page","link":"https:\/\/samovar.telecom-sudparis.eu\/index.php\/venir-a-samovar\/","title":{"rendered":"Venir \u00e0 SAMOVAR"},"content":{"rendered":"\t\t<div data-elementor-type=\"wp-page\" data-elementor-id=\"1366\" class=\"elementor elementor-1366\">\n\t\t\t\t\t\t<section class=\"elementor-section elementor-top-section elementor-element elementor-element-28b1aef3 elementor-section-boxed elementor-section-height-default elementor-section-height-default\" data-id=\"28b1aef3\" data-element_type=\"section\">\n\t\t\t\t\t\t<div class=\"elementor-container elementor-column-gap-default\">\n\t\t\t\t\t<div class=\"elementor-column elementor-col-100 elementor-top-column elementor-element elementor-element-68fee22c\" data-id=\"68fee22c\" data-element_type=\"column\">\n\t\t\t<div class=\"elementor-widget-wrap elementor-element-populated\">\n\t\t\t\t\t\t<div class=\"elementor-element elementor-element-920cf4e elementor-widget elementor-widget-google_maps\" data-id=\"920cf4e\" data-element_type=\"widget\" data-widget_type=\"google_maps.default\">\n\t\t\t\t<div class=\"elementor-widget-container\">\n\t\t\t\t\t\t\t<div class=\"elementor-custom-embed\">\n\t\t\t<iframe loading=\"lazy\"\n\t\t\t\t\tsrc=\"https:\/\/maps.google.com\/maps?q=9%20rue%20Charles%20Fourrier%2091011%20Evry&#038;t=m&#038;z=14&#038;output=embed&#038;iwloc=near\"\n\t\t\t\t\ttitle=\"9 rue Charles Fourrier 91011 Evry\"\n\t\t\t\t\taria-label=\"9 rue Charles Fourrier 91011 Evry\"\n\t\t\t><\/iframe>\n\t\t<\/div>\n\t\t\t\t\t\t<\/div>\n\t\t\t\t<\/div>\n\t\t\t\t<div class=\"elementor-element elementor-element-4041d0d6 elementor-widget elementor-widget-text-editor\" data-id=\"4041d0d6\" data-element_type=\"widget\" data-widget_type=\"text-editor.default\">\n\t\t\t\t<div class=\"elementor-widget-container\">\n\t\t\t\t\t\t\t\t\t<p><\/p>\n<p>L&rsquo;Unit\u00e9 Mixte de Recherche SAMOVAR est h\u00e9berg\u00e9e dans les locaux de <strong>TELECOM Sudparis<\/strong> (TSP).<\/p>\n<p><\/p>\n<ul>\n<li>Une partie des membres du laboratoire est sur le site d&rsquo;Evry  :<br>9 rue Charles Fourier<br>91011 EVRY<\/li>\n<\/ul>\n<p><\/p>\n<p style=\"padding-left: 40px;\">Voir en ligne : <a href=\"https:\/\/www.telecom-sudparis.eu\/nous-situer\/\">informations d\u00e9taill\u00e9es d&rsquo;acc\u00e8s sur le site de T\u00e9l\u00e9com SudParis<\/a>.<\/p>\n<p><\/p>\n<ul>\n<li>Une autre partie des membres du laboratoire Samovar est pr\u00e9sent sur le plateau de Saclay<br>19 place Marguerite Perey,<br>91120 Palaiseau.<\/li>\n<\/ul>\n<p><\/p>\n<p style=\"padding-left: 40px;\">2 acc\u00e8s sont possibles en transport en commun :<\/p>\n<p><\/p>\n<blockquote class=\"wp-block-quote is-layout-flow wp-block-quote-is-layout-flow\" style=\"padding-left: 40px;\">\n<p style=\"padding-left: 40px;\"><strong>Gare de Massy-Palaiseau RER B<\/strong><br>Plan de la gare de Massy Palaiseau et des arr\u00eats de bus<br>A la gare, prendre le Bus TransEssonne 91.06 ou 91.10<br>Descendre \u00e0 l\u2019arr\u00eat : Ferme de la Vauve<br><a href=\"http:\/\/www.albatrans.net\/les-lignes-les-horaires\/\">Horaires des bus Transessonne<\/a><\/p>\n<p style=\"padding-left: 40px;\"><strong>Gare de Loz\u00e8re RER B<\/strong><br>Itin\u00e9raire pi\u00e9ton d\u2019au moins 20 minutes (300 marches environ)<br><a href=\"https:\/\/gargantua.polytechnique.fr\/siatel-web\/linkto\/mICYYYSJ8NY\">Plan de la gare de Loz\u00e8re<\/a>.<br>Prendre les escaliers en direction de l\u2019\u00c9cole polytechnique et marcher jusqu\u2019\u00e0 T\u00e9l\u00e9com SudParis<\/p>\n<\/blockquote>\n<p><\/p>\t\t\t\t\t\t\t\t<\/div>\n\t\t\t\t<\/div>\n\t\t\t\t<div class=\"elementor-element elementor-element-6c7de21 elementor-widget elementor-widget-google_maps\" data-id=\"6c7de21\" data-element_type=\"widget\" data-widget_type=\"google_maps.default\">\n\t\t\t\t<div class=\"elementor-widget-container\">\n\t\t\t\t\t\t\t<div class=\"elementor-custom-embed\">\n\t\t\t<iframe loading=\"lazy\"\n\t\t\t\t\tsrc=\"https:\/\/maps.google.com\/maps?q=19%20place%20marguerite%20Perey%2091120%20&#038;t=m&#038;z=13&#038;output=embed&#038;iwloc=near\"\n\t\t\t\t\ttitle=\"19 place marguerite Perey 91120 \"\n\t\t\t\t\taria-label=\"19 place marguerite Perey 91120 \"\n\t\t\t><\/iframe>\n\t\t<\/div>\n\t\t\t\t\t\t<\/div>\n\t\t\t\t<\/div>\n\t\t\t\t\t<\/div>\n\t\t<\/div>\n\t\t\t\t\t<\/div>\n\t\t<\/section>\n\t\t\t\t<\/div>\n\t\t","protected":false},"excerpt":{"rendered":"<p>L&rsquo;Unit\u00e9 Mixte de Recherche SAMOVAR est h\u00e9berg\u00e9e dans les locaux de TELECOM Sudparis (TSP). Une partie des membres du laboratoire est sur le site d&rsquo;Evry :9 rue Charles Fourier91011 EVRY Voir en ligne : informations d\u00e9taill\u00e9es d&rsquo;acc\u00e8s sur le site de T\u00e9l\u00e9com SudParis. Une autre partie des membres du laboratoire Samovar est pr\u00e9sent sur le [&hellip;]<\/p>\n","protected":false},"author":1,"featured_media":0,"parent":0,"menu_order":0,"comment_status":"closed","ping_status":"closed","template":"","meta":{"ocean_post_layout":"","ocean_both_sidebars_style":"","ocean_both_sidebars_content_width":0,"ocean_both_sidebars_sidebars_width":0,"ocean_sidebar":"0","ocean_second_sidebar":"0","ocean_disable_margins":"enable","ocean_add_body_class":"","ocean_shortcode_before_top_bar":"","ocean_shortcode_after_top_bar":"","ocean_shortcode_before_header":"","ocean_shortcode_after_header":"","ocean_has_shortcode":"","ocean_shortcode_after_title":"","ocean_shortcode_before_footer_widgets":"","ocean_shortcode_after_footer_widgets":"","ocean_shortcode_before_footer_bottom":"","ocean_shortcode_after_footer_bottom":"","ocean_display_top_bar":"default","ocean_display_header":"default","ocean_header_style":"","ocean_center_header_left_menu":"0","ocean_custom_header_template":"0","ocean_custom_logo":0,"ocean_custom_retina_logo":0,"ocean_custom_logo_max_width":0,"ocean_custom_logo_tablet_max_width":0,"ocean_custom_logo_mobile_max_width":0,"ocean_custom_logo_max_height":0,"ocean_custom_logo_tablet_max_height":0,"ocean_custom_logo_mobile_max_height":0,"ocean_header_custom_menu":"0","ocean_menu_typo_font_family":"0","ocean_menu_typo_font_subset":"","ocean_menu_typo_font_size":0,"ocean_menu_typo_font_size_tablet":0,"ocean_menu_typo_font_size_mobile":0,"ocean_menu_typo_font_size_unit":"px","ocean_menu_typo_font_weight":"","ocean_menu_typo_font_weight_tablet":"","ocean_menu_typo_font_weight_mobile":"","ocean_menu_typo_transform":"","ocean_menu_typo_transform_tablet":"","ocean_menu_typo_transform_mobile":"","ocean_menu_typo_line_height":0,"ocean_menu_typo_line_height_tablet":0,"ocean_menu_typo_line_height_mobile":0,"ocean_menu_typo_line_height_unit":"","ocean_menu_typo_spacing":0,"ocean_menu_typo_spacing_tablet":0,"ocean_menu_typo_spacing_mobile":0,"ocean_menu_typo_spacing_unit":"","ocean_menu_link_color":"","ocean_menu_link_color_hover":"","ocean_menu_link_color_active":"","ocean_menu_link_background":"","ocean_menu_link_hover_background":"","ocean_menu_link_active_background":"","ocean_menu_social_links_bg":"","ocean_menu_social_hover_links_bg":"","ocean_menu_social_links_color":"","ocean_menu_social_hover_links_color":"","ocean_disable_title":"default","ocean_disable_heading":"default","ocean_post_title":"","ocean_post_subheading":"","ocean_post_title_style":"","ocean_post_title_background_color":"","ocean_post_title_background":0,"ocean_post_title_bg_image_position":"","ocean_post_title_bg_image_attachment":"","ocean_post_title_bg_image_repeat":"","ocean_post_title_bg_image_size":"","ocean_post_title_height":0,"ocean_post_title_bg_overlay":0.5,"ocean_post_title_bg_overlay_color":"","ocean_disable_breadcrumbs":"default","ocean_breadcrumbs_color":"","ocean_breadcrumbs_separator_color":"","ocean_breadcrumbs_links_color":"","ocean_breadcrumbs_links_hover_color":"","ocean_display_footer_widgets":"default","ocean_display_footer_bottom":"default","ocean_custom_footer_template":"0","footnotes":""},"class_list":["post-1366","page","type-page","status-publish","hentry","entry"],"_links":{"self":[{"href":"https:\/\/samovar.telecom-sudparis.eu\/index.php\/wp-json\/wp\/v2\/pages\/1366","targetHints":{"allow":["GET"]}}],"collection":[{"href":"https:\/\/samovar.telecom-sudparis.eu\/index.php\/wp-json\/wp\/v2\/pages"}],"about":[{"href":"https:\/\/samovar.telecom-sudparis.eu\/index.php\/wp-json\/wp\/v2\/types\/page"}],"author":[{"embeddable":true,"href":"https:\/\/samovar.telecom-sudparis.eu\/index.php\/wp-json\/wp\/v2\/users\/1"}],"replies":[{"embeddable":true,"href":"https:\/\/samovar.telecom-sudparis.eu\/index.php\/wp-json\/wp\/v2\/comments?post=1366"}],"version-history":[{"count":26,"href":"https:\/\/samovar.telecom-sudparis.eu\/index.php\/wp-json\/wp\/v2\/pages\/1366\/revisions"}],"predecessor-version":[{"id":4322,"href":"https:\/\/samovar.telecom-sudparis.eu\/index.php\/wp-json\/wp\/v2\/pages\/1366\/revisions\/4322"}],"wp:attachment":[{"href":"https:\/\/samovar.telecom-sudparis.eu\/index.php\/wp-json\/wp\/v2\/media?parent=1366"}],"curies":[{"name":"wp","href":"https:\/\/api.w.org\/{rel}","templated":true}]}}